{"id":121,"date":"2015-09-10T15:21:33","date_gmt":"2015-09-10T14:21:33","guid":{"rendered":"http:\/\/localhost\/1stbolting\/?page_id=121"},"modified":"2025-05-26T14:34:10","modified_gmt":"2025-05-26T13:34:10","slug":"first-bolting","status":"publish","type":"page","link":"https:\/\/www.1bolting.com\/fr\/presentation\/first-bolting\/","title":{"rendered":"Pr\u00e9sentation"},"content":{"rendered":"<h1>Pr\u00e9sentation de First Bolting<\/h1>\n<h2>Forte d&rsquo;une large exp\u00e9rience internationale dans le serrage industriel, l&rsquo;\u00e9quipe de First Bolting vous accompagne dans tous vos besoins en serrage contr\u00f4l\u00e9 et outillage hydraulique<\/h2>\n<p><img decoding=\"async\" class=\"alignleft wp-image-269\" style=\"padding-right: 10px;\" src=\"https:\/\/www.1bolting.com\/wp-content\/uploads\/2015\/09\/1st-bolting-voiture.jpeg\" alt=\"Pick-up d'intervention de First Bolting\" width=\"400\" height=\"265\" srcset=\"https:\/\/www.1bolting.com\/wp-content\/uploads\/2015\/09\/1st-bolting-voiture.jpeg 543w, https:\/\/www.1bolting.com\/wp-content\/uploads\/2015\/09\/1st-bolting-voiture-300x199.jpeg 300w\" sizes=\"(max-width: 400px) 100vw, 400px\" \/><\/p>\n<p>Nous vous proposons <strong>des solutions \u00ab\u00a0cl\u00e9 en main\u00a0\u00bb<\/strong> pour tous vos projets, chantiers ou lignes de production. Pour cela nous nous sommes associ\u00e9s avec <strong>les meilleures marques<\/strong> du march\u00e9 et nous nous effor\u00e7ons de toujours r\u00e9pondre \u00e0 vos besoins et exigences et cela <strong>24h\/24<\/strong> et <strong>7j\/7<\/strong>.<\/p>\n<p>Quels que soient vos besoins, <a href=\"https:\/\/www.1bolting.com\/fr\/outils-de-serrage\/\">achat<\/a>, <a href=\"https:\/\/www.1bolting.com\/fr\/location-materiel-de-serrage-industriel\/\">location<\/a>, <a href=\"https:\/\/www.1bolting.com\/fr\/services\/maintenance-reparation-controle-et-calibration-outils-de-serrage\/\">maintenance<\/a>, <a href=\"https:\/\/www.1bolting.com\/fr\/services\/maintenance-reparation-controle-et-calibration-outils-de-serrage\/\">\u00e9talonnage<\/a>, <a href=\"https:\/\/www.1bolting.com\/fr\/services\/formation-serrage-controle\/\">formation<\/a> ou consulting, <strong>faites confiance \u00e0 1st Bolting<\/strong>.<\/p>\n<p>En 2025, notre soci\u00e9t\u00e9 a obtenu la certification <strong data-start=\"124\" data-end=\"136\">ISO 9001<\/strong>, garantissant la qualit\u00e9 et l&rsquo;am\u00e9lioration continue de nos processus. Cet engagement refl\u00e8te notre volont\u00e9 d&rsquo;offrir des services et produits toujours plus fiables et performants.<\/p>\n<h2>Nos gages de qualit\u00e9<\/h2>\n<p><a href=\"https:\/\/www.1bolting.com\/wp-content\/uploads\/2025\/03\/firstbotling_iso_fr_page-0001.jpg\"><img decoding=\"async\" class=\"alignnone wp-image-7280 \" src=\"https:\/\/www.1bolting.com\/wp-content\/uploads\/2025\/03\/firstbotling_iso_fr_page-0001-724x1024.jpg\" alt=\"\" width=\"319\" height=\"451\" srcset=\"https:\/\/www.1bolting.com\/wp-content\/uploads\/2025\/03\/firstbotling_iso_fr_page-0001-724x1024.jpg 724w, https:\/\/www.1bolting.com\/wp-content\/uploads\/2025\/03\/firstbotling_iso_fr_page-0001-212x300.jpg 212w, https:\/\/www.1bolting.com\/wp-content\/uploads\/2025\/03\/firstbotling_iso_fr_page-0001-768x1086.jpg 768w, https:\/\/www.1bolting.com\/wp-content\/uploads\/2025\/03\/firstbotling_iso_fr_page-0001-1086x1536.jpg 1086w, https:\/\/www.1bolting.com\/wp-content\/uploads\/2025\/03\/firstbotling_iso_fr_page-0001.jpg 1241w\" sizes=\"(max-width: 319px) 100vw, 319px\" \/><\/a><a href=\"https:\/\/www.1bolting.com\/wp-content\/uploads\/2025\/05\/firstbolting_-vca_fr-1_page-0001.jpg\"><img decoding=\"async\" class=\"alignnone wp-image-7336\" src=\"https:\/\/www.1bolting.com\/wp-content\/uploads\/2025\/05\/firstbolting_-vca_fr-1_page-0001-724x1024.jpg\" alt=\"\" width=\"327\" height=\"462\" srcset=\"https:\/\/www.1bolting.com\/wp-content\/uploads\/2025\/05\/firstbolting_-vca_fr-1_page-0001-724x1024.jpg 724w, https:\/\/www.1bolting.com\/wp-content\/uploads\/2025\/05\/firstbolting_-vca_fr-1_page-0001-212x300.jpg 212w, https:\/\/www.1bolting.com\/wp-content\/uploads\/2025\/05\/firstbolting_-vca_fr-1_page-0001-768x1086.jpg 768w, https:\/\/www.1bolting.com\/wp-content\/uploads\/2025\/05\/firstbolting_-vca_fr-1_page-0001-1086x1536.jpg 1086w, https:\/\/www.1bolting.com\/wp-content\/uploads\/2025\/05\/firstbolting_-vca_fr-1_page-0001.jpg 1241w\" sizes=\"(max-width: 327px) 100vw, 327px\" \/><\/a><\/p>\n<p>&nbsp;<\/p>\n","protected":false},"excerpt":{"rendered":"<p>Pr\u00e9sentation de First Bolting Forte d&rsquo;une large exp\u00e9rience internationale dans le serrage industriel, l&rsquo;\u00e9quipe de First Bolting vous accompagne dans tous vos besoins en serrage contr\u00f4l\u00e9 et outillage hydraulique Nous vous proposons des solutions \u00ab\u00a0cl\u00e9 en main\u00a0\u00bb pour tous vos projets, chantiers ou lignes de production. Pour cela nous nous sommes associ\u00e9s avec les meilleures &hellip; <a href=\"https:\/\/www.1bolting.com\/fr\/presentation\/first-bolting\/\">Continued<\/a><\/p>\n","protected":false},"author":6,"featured_media":0,"parent":19,"menu_order":0,"comment_status":"closed","ping_status":"closed","template":"sub-nav-page-text-libre.php","meta":{"_acf_changed":false,"footnotes":""},"class_list":["post-121","page","type-page","status-publish","hentry"],"acf":[],"yoast_head":"<!-- This site is optimized with the Yoast SEO plugin v27.4 - https:\/\/yoast.com\/product\/yoast-seo-wordpress\/ -->\n<title>Pr\u00e9sentation de First Bolting - 1st Bolting<\/title>\n<meta name=\"description\" content=\"First Bolting est une soci\u00e9t\u00e9 belge sp\u00e9cialis\u00e9e dans la vente, la location, la maintenance... de mat\u00e9riel de serrage industriel. Disponible 24h\/24 et 7j\/7.\" \/>\n<meta name=\"robots\" content=\"index, follow, max-snippet:-1, max-image-preview:large, max-video-preview:-1\" \/>\n<link rel=\"canonical\" href=\"https:\/\/www.1bolting.com\/fr\/presentation\/first-bolting\/\" \/>\n<meta property=\"og:locale\" content=\"fr_FR\" \/>\n<meta property=\"og:type\" content=\"article\" \/>\n<meta property=\"og:title\" content=\"Pr\u00e9sentation de First Bolting - 1st Bolting\" \/>\n<meta property=\"og:description\" content=\"First Bolting est une soci\u00e9t\u00e9 belge sp\u00e9cialis\u00e9e dans la vente, la location, la maintenance... de mat\u00e9riel de serrage industriel. Disponible 24h\/24 et 7j\/7.\" \/>\n<meta property=\"og:url\" content=\"https:\/\/www.1bolting.com\/fr\/presentation\/first-bolting\/\" \/>\n<meta property=\"og:site_name\" content=\"1st Bolting\" \/>\n<meta property=\"article:modified_time\" content=\"2025-05-26T13:34:10+00:00\" \/>\n<meta property=\"og:image\" content=\"https:\/\/www.1bolting.com\/wp-content\/uploads\/2015\/09\/1st-bolting-voiture.jpeg\" \/>\n\t<meta property=\"og:image:width\" content=\"543\" \/>\n\t<meta property=\"og:image:height\" content=\"360\" \/>\n\t<meta property=\"og:image:type\" content=\"image\/jpeg\" \/>\n<meta name=\"twitter:card\" content=\"summary_large_image\" \/>\n<meta name=\"twitter:label1\" content=\"Dur\u00e9e de lecture estim\u00e9e\" \/>\n\t<meta name=\"twitter:data1\" content=\"2 minutes\" \/>\n<script type=\"application\/ld+json\" class=\"yoast-schema-graph\">{\"@context\":\"https:\\\/\\\/schema.org\",\"@graph\":[{\"@type\":\"WebPage\",\"@id\":\"https:\\\/\\\/www.1bolting.com\\\/fr\\\/presentation\\\/first-bolting\\\/\",\"url\":\"https:\\\/\\\/www.1bolting.com\\\/fr\\\/presentation\\\/first-bolting\\\/\",\"name\":\"Pr\u00e9sentation de First Bolting - 1st Bolting\",\"isPartOf\":{\"@id\":\"https:\\\/\\\/www.1bolting.com\\\/fr\\\/#website\"},\"primaryImageOfPage\":{\"@id\":\"https:\\\/\\\/www.1bolting.com\\\/fr\\\/presentation\\\/first-bolting\\\/#primaryimage\"},\"image\":{\"@id\":\"https:\\\/\\\/www.1bolting.com\\\/fr\\\/presentation\\\/first-bolting\\\/#primaryimage\"},\"thumbnailUrl\":\"https:\\\/\\\/www.1bolting.com\\\/wp-content\\\/uploads\\\/2015\\\/09\\\/1st-bolting-voiture.jpeg\",\"datePublished\":\"2015-09-10T14:21:33+00:00\",\"dateModified\":\"2025-05-26T13:34:10+00:00\",\"description\":\"First Bolting est une soci\u00e9t\u00e9 belge sp\u00e9cialis\u00e9e dans la vente, la location, la maintenance... de mat\u00e9riel de serrage industriel. Disponible 24h\\\/24 et 7j\\\/7.\",\"breadcrumb\":{\"@id\":\"https:\\\/\\\/www.1bolting.com\\\/fr\\\/presentation\\\/first-bolting\\\/#breadcrumb\"},\"inLanguage\":\"fr-FR\",\"potentialAction\":[{\"@type\":\"ReadAction\",\"target\":[\"https:\\\/\\\/www.1bolting.com\\\/fr\\\/presentation\\\/first-bolting\\\/\"]}]},{\"@type\":\"ImageObject\",\"inLanguage\":\"fr-FR\",\"@id\":\"https:\\\/\\\/www.1bolting.com\\\/fr\\\/presentation\\\/first-bolting\\\/#primaryimage\",\"url\":\"https:\\\/\\\/www.1bolting.com\\\/wp-content\\\/uploads\\\/2015\\\/09\\\/1st-bolting-voiture.jpeg\",\"contentUrl\":\"https:\\\/\\\/www.1bolting.com\\\/wp-content\\\/uploads\\\/2015\\\/09\\\/1st-bolting-voiture.jpeg\"},{\"@type\":\"BreadcrumbList\",\"@id\":\"https:\\\/\\\/www.1bolting.com\\\/fr\\\/presentation\\\/first-bolting\\\/#breadcrumb\",\"itemListElement\":[{\"@type\":\"ListItem\",\"position\":1,\"name\":\"Accueil\",\"item\":\"https:\\\/\\\/www.1bolting.com\\\/fr\\\/\"},{\"@type\":\"ListItem\",\"position\":2,\"name\":\"Pr\u00e9sentation\",\"item\":\"https:\\\/\\\/www.1bolting.com\\\/fr\\\/presentation\\\/\"},{\"@type\":\"ListItem\",\"position\":3,\"name\":\"Pr\u00e9sentation\"}]},{\"@type\":\"WebSite\",\"@id\":\"https:\\\/\\\/www.1bolting.com\\\/fr\\\/#website\",\"url\":\"https:\\\/\\\/www.1bolting.com\\\/fr\\\/\",\"name\":\"1st Bolting\",\"description\":\"Sp\u00e9cialiste en solutions de serrage\",\"publisher\":{\"@id\":\"https:\\\/\\\/www.1bolting.com\\\/fr\\\/#organization\"},\"potentialAction\":[{\"@type\":\"SearchAction\",\"target\":{\"@type\":\"EntryPoint\",\"urlTemplate\":\"https:\\\/\\\/www.1bolting.com\\\/fr\\\/?s={search_term_string}\"},\"query-input\":{\"@type\":\"PropertyValueSpecification\",\"valueRequired\":true,\"valueName\":\"search_term_string\"}}],\"inLanguage\":\"fr-FR\"},{\"@type\":\"Organization\",\"@id\":\"https:\\\/\\\/www.1bolting.com\\\/fr\\\/#organization\",\"name\":\"First Bolting\",\"url\":\"https:\\\/\\\/www.1bolting.com\\\/fr\\\/\",\"logo\":{\"@type\":\"ImageObject\",\"inLanguage\":\"fr-FR\",\"@id\":\"https:\\\/\\\/www.1bolting.com\\\/fr\\\/#\\\/schema\\\/logo\\\/image\\\/\",\"url\":\"https:\\\/\\\/www.1bolting.com\\\/wp-content\\\/uploads\\\/2020\\\/11\\\/logo-flyer.png\",\"contentUrl\":\"https:\\\/\\\/www.1bolting.com\\\/wp-content\\\/uploads\\\/2020\\\/11\\\/logo-flyer.png\",\"width\":300,\"height\":180,\"caption\":\"First Bolting\"},\"image\":{\"@id\":\"https:\\\/\\\/www.1bolting.com\\\/fr\\\/#\\\/schema\\\/logo\\\/image\\\/\"}}]}<\/script>\n<!-- \/ Yoast SEO plugin. -->","yoast_head_json":{"title":"Pr\u00e9sentation de First Bolting - 1st Bolting","description":"First Bolting est une soci\u00e9t\u00e9 belge sp\u00e9cialis\u00e9e dans la vente, la location, la maintenance... de mat\u00e9riel de serrage industriel. Disponible 24h\/24 et 7j\/7.","robots":{"index":"index","follow":"follow","max-snippet":"max-snippet:-1","max-image-preview":"max-image-preview:large","max-video-preview":"max-video-preview:-1"},"canonical":"https:\/\/www.1bolting.com\/fr\/presentation\/first-bolting\/","og_locale":"fr_FR","og_type":"article","og_title":"Pr\u00e9sentation de First Bolting - 1st Bolting","og_description":"First Bolting est une soci\u00e9t\u00e9 belge sp\u00e9cialis\u00e9e dans la vente, la location, la maintenance... de mat\u00e9riel de serrage industriel. Disponible 24h\/24 et 7j\/7.","og_url":"https:\/\/www.1bolting.com\/fr\/presentation\/first-bolting\/","og_site_name":"1st Bolting","article_modified_time":"2025-05-26T13:34:10+00:00","og_image":[{"width":543,"height":360,"url":"https:\/\/www.1bolting.com\/wp-content\/uploads\/2015\/09\/1st-bolting-voiture.jpeg","type":"image\/jpeg"}],"twitter_card":"summary_large_image","twitter_misc":{"Dur\u00e9e de lecture estim\u00e9e":"2 minutes"},"schema":{"@context":"https:\/\/schema.org","@graph":[{"@type":"WebPage","@id":"https:\/\/www.1bolting.com\/fr\/presentation\/first-bolting\/","url":"https:\/\/www.1bolting.com\/fr\/presentation\/first-bolting\/","name":"Pr\u00e9sentation de First Bolting - 1st Bolting","isPartOf":{"@id":"https:\/\/www.1bolting.com\/fr\/#website"},"primaryImageOfPage":{"@id":"https:\/\/www.1bolting.com\/fr\/presentation\/first-bolting\/#primaryimage"},"image":{"@id":"https:\/\/www.1bolting.com\/fr\/presentation\/first-bolting\/#primaryimage"},"thumbnailUrl":"https:\/\/www.1bolting.com\/wp-content\/uploads\/2015\/09\/1st-bolting-voiture.jpeg","datePublished":"2015-09-10T14:21:33+00:00","dateModified":"2025-05-26T13:34:10+00:00","description":"First Bolting est une soci\u00e9t\u00e9 belge sp\u00e9cialis\u00e9e dans la vente, la location, la maintenance... de mat\u00e9riel de serrage industriel. Disponible 24h\/24 et 7j\/7.","breadcrumb":{"@id":"https:\/\/www.1bolting.com\/fr\/presentation\/first-bolting\/#breadcrumb"},"inLanguage":"fr-FR","potentialAction":[{"@type":"ReadAction","target":["https:\/\/www.1bolting.com\/fr\/presentation\/first-bolting\/"]}]},{"@type":"ImageObject","inLanguage":"fr-FR","@id":"https:\/\/www.1bolting.com\/fr\/presentation\/first-bolting\/#primaryimage","url":"https:\/\/www.1bolting.com\/wp-content\/uploads\/2015\/09\/1st-bolting-voiture.jpeg","contentUrl":"https:\/\/www.1bolting.com\/wp-content\/uploads\/2015\/09\/1st-bolting-voiture.jpeg"},{"@type":"BreadcrumbList","@id":"https:\/\/www.1bolting.com\/fr\/presentation\/first-bolting\/#breadcrumb","itemListElement":[{"@type":"ListItem","position":1,"name":"Accueil","item":"https:\/\/www.1bolting.com\/fr\/"},{"@type":"ListItem","position":2,"name":"Pr\u00e9sentation","item":"https:\/\/www.1bolting.com\/fr\/presentation\/"},{"@type":"ListItem","position":3,"name":"Pr\u00e9sentation"}]},{"@type":"WebSite","@id":"https:\/\/www.1bolting.com\/fr\/#website","url":"https:\/\/www.1bolting.com\/fr\/","name":"1st Bolting","description":"Sp\u00e9cialiste en solutions de serrage","publisher":{"@id":"https:\/\/www.1bolting.com\/fr\/#organization"},"potentialAction":[{"@type":"SearchAction","target":{"@type":"EntryPoint","urlTemplate":"https:\/\/www.1bolting.com\/fr\/?s={search_term_string}"},"query-input":{"@type":"PropertyValueSpecification","valueRequired":true,"valueName":"search_term_string"}}],"inLanguage":"fr-FR"},{"@type":"Organization","@id":"https:\/\/www.1bolting.com\/fr\/#organization","name":"First Bolting","url":"https:\/\/www.1bolting.com\/fr\/","logo":{"@type":"ImageObject","inLanguage":"fr-FR","@id":"https:\/\/www.1bolting.com\/fr\/#\/schema\/logo\/image\/","url":"https:\/\/www.1bolting.com\/wp-content\/uploads\/2020\/11\/logo-flyer.png","contentUrl":"https:\/\/www.1bolting.com\/wp-content\/uploads\/2020\/11\/logo-flyer.png","width":300,"height":180,"caption":"First Bolting"},"image":{"@id":"https:\/\/www.1bolting.com\/fr\/#\/schema\/logo\/image\/"}}]}},"_links":{"self":[{"href":"https:\/\/www.1bolting.com\/fr\/wp-json\/wp\/v2\/pages\/121","targetHints":{"allow":["GET"]}}],"collection":[{"href":"https:\/\/www.1bolting.com\/fr\/wp-json\/wp\/v2\/pages"}],"about":[{"href":"https:\/\/www.1bolting.com\/fr\/wp-json\/wp\/v2\/types\/page"}],"author":[{"embeddable":true,"href":"https:\/\/www.1bolting.com\/fr\/wp-json\/wp\/v2\/users\/6"}],"replies":[{"embeddable":true,"href":"https:\/\/www.1bolting.com\/fr\/wp-json\/wp\/v2\/comments?post=121"}],"version-history":[{"count":31,"href":"https:\/\/www.1bolting.com\/fr\/wp-json\/wp\/v2\/pages\/121\/revisions"}],"predecessor-version":[{"id":7364,"href":"https:\/\/www.1bolting.com\/fr\/wp-json\/wp\/v2\/pages\/121\/revisions\/7364"}],"up":[{"embeddable":true,"href":"https:\/\/www.1bolting.com\/fr\/wp-json\/wp\/v2\/pages\/19"}],"wp:attachment":[{"href":"https:\/\/www.1bolting.com\/fr\/wp-json\/wp\/v2\/media?parent=121"}],"curies":[{"name":"wp","href":"https:\/\/api.w.org\/{rel}","templated":true}]}}