{"id":125,"date":"2015-09-10T15:22:01","date_gmt":"2015-09-10T14:22:01","guid":{"rendered":"http:\/\/localhost\/1stbolting\/?page_id=125"},"modified":"2015-10-19T10:55:39","modified_gmt":"2015-10-19T09:55:39","slug":"nos-valeurs","status":"publish","type":"page","link":"https:\/\/www.1bolting.com\/fr\/presentation\/nos-valeurs\/","title":{"rendered":"Nos valeurs"},"content":{"rendered":"<h1>Les valeurs de 1st Bolting<\/h1>\n<p>Depuis pr\u00e8s de 15 ans, nous avons toujours privil\u00e9gi\u00e9 l\u2019attention au client et l\u2019accompagnement sur Site.<\/p>\n<p>Notre culture de la comp\u00e9tence de l\u2019assemblage nous a conduit \u00e0 travailler aupr\u00e8s des meilleurs et \u00e0 mettre en avant la productivit\u00e9 et la s\u00e9curit\u00e9 avant tout.<\/p>\n<p>Nous disons ce que nous pensons, nous faisons ce que nous disons.<\/p>\n<p>Be smart, Think FIRST\u00a0!<\/p>\n","protected":false},"excerpt":{"rendered":"<p>Les valeurs de 1st Bolting Depuis pr\u00e8s de 15 ans, nous avons toujours privil\u00e9gi\u00e9 l\u2019attention au client et l\u2019accompagnement sur Site. Notre culture de la comp\u00e9tence de l\u2019assemblage nous a conduit \u00e0 travailler aupr\u00e8s des meilleurs et \u00e0 mettre en avant la productivit\u00e9 et la s\u00e9curit\u00e9 avant tout. Nous disons ce que nous pensons, nous &hellip; <a href=\"https:\/\/www.1bolting.com\/fr\/presentation\/nos-valeurs\/\">Continued<\/a><\/p>\n","protected":false},"author":6,"featured_media":0,"parent":19,"menu_order":0,"comment_status":"closed","ping_status":"closed","template":"sub-nav-page-text-libre.php","meta":{"_acf_changed":false,"footnotes":""},"class_list":["post-125","page","type-page","status-publish","hentry"],"acf":[],"yoast_head":"<!-- This site is optimized with the Yoast SEO plugin v27.4 - https:\/\/yoast.com\/product\/yoast-seo-wordpress\/ -->\n<title>Nos valeurs - 1st Bolting<\/title>\n<meta name=\"robots\" content=\"index, follow, max-snippet:-1, max-image-preview:large, max-video-preview:-1\" \/>\n<link rel=\"canonical\" href=\"https:\/\/www.1bolting.com\/fr\/presentation\/nos-valeurs\/\" \/>\n<meta property=\"og:locale\" content=\"fr_FR\" \/>\n<meta property=\"og:type\" content=\"article\" \/>\n<meta property=\"og:title\" content=\"Nos valeurs - 1st Bolting\" \/>\n<meta property=\"og:description\" content=\"Les valeurs de 1st Bolting Depuis pr\u00e8s de 15 ans, nous avons toujours privil\u00e9gi\u00e9 l\u2019attention au client et l\u2019accompagnement sur Site. Notre culture de la comp\u00e9tence de l\u2019assemblage nous a conduit \u00e0 travailler aupr\u00e8s des meilleurs et \u00e0 mettre en avant la productivit\u00e9 et la s\u00e9curit\u00e9 avant tout. Nous disons ce que nous pensons, nous &hellip; Continued\" \/>\n<meta property=\"og:url\" content=\"https:\/\/www.1bolting.com\/fr\/presentation\/nos-valeurs\/\" \/>\n<meta property=\"og:site_name\" content=\"1st Bolting\" \/>\n<meta property=\"article:modified_time\" content=\"2015-10-19T09:55:39+00:00\" \/>\n<meta name=\"twitter:card\" content=\"summary_large_image\" \/>\n<script type=\"application\/ld+json\" class=\"yoast-schema-graph\">{\"@context\":\"https:\\\/\\\/schema.org\",\"@graph\":[{\"@type\":\"WebPage\",\"@id\":\"https:\\\/\\\/www.1bolting.com\\\/fr\\\/presentation\\\/nos-valeurs\\\/\",\"url\":\"https:\\\/\\\/www.1bolting.com\\\/fr\\\/presentation\\\/nos-valeurs\\\/\",\"name\":\"Nos valeurs - 1st Bolting\",\"isPartOf\":{\"@id\":\"https:\\\/\\\/www.1bolting.com\\\/fr\\\/#website\"},\"datePublished\":\"2015-09-10T14:22:01+00:00\",\"dateModified\":\"2015-10-19T09:55:39+00:00\",\"breadcrumb\":{\"@id\":\"https:\\\/\\\/www.1bolting.com\\\/fr\\\/presentation\\\/nos-valeurs\\\/#breadcrumb\"},\"inLanguage\":\"fr-FR\",\"potentialAction\":[{\"@type\":\"ReadAction\",\"target\":[\"https:\\\/\\\/www.1bolting.com\\\/fr\\\/presentation\\\/nos-valeurs\\\/\"]}]},{\"@type\":\"BreadcrumbList\",\"@id\":\"https:\\\/\\\/www.1bolting.com\\\/fr\\\/presentation\\\/nos-valeurs\\\/#breadcrumb\",\"itemListElement\":[{\"@type\":\"ListItem\",\"position\":1,\"name\":\"Accueil\",\"item\":\"https:\\\/\\\/www.1bolting.com\\\/fr\\\/\"},{\"@type\":\"ListItem\",\"position\":2,\"name\":\"Pr\u00e9sentation\",\"item\":\"https:\\\/\\\/www.1bolting.com\\\/fr\\\/presentation\\\/\"},{\"@type\":\"ListItem\",\"position\":3,\"name\":\"Nos valeurs\"}]},{\"@type\":\"WebSite\",\"@id\":\"https:\\\/\\\/www.1bolting.com\\\/fr\\\/#website\",\"url\":\"https:\\\/\\\/www.1bolting.com\\\/fr\\\/\",\"name\":\"1st Bolting\",\"description\":\"Sp\u00e9cialiste en solutions de serrage\",\"publisher\":{\"@id\":\"https:\\\/\\\/www.1bolting.com\\\/fr\\\/#organization\"},\"potentialAction\":[{\"@type\":\"SearchAction\",\"target\":{\"@type\":\"EntryPoint\",\"urlTemplate\":\"https:\\\/\\\/www.1bolting.com\\\/fr\\\/?s={search_term_string}\"},\"query-input\":{\"@type\":\"PropertyValueSpecification\",\"valueRequired\":true,\"valueName\":\"search_term_string\"}}],\"inLanguage\":\"fr-FR\"},{\"@type\":\"Organization\",\"@id\":\"https:\\\/\\\/www.1bolting.com\\\/fr\\\/#organization\",\"name\":\"First Bolting\",\"url\":\"https:\\\/\\\/www.1bolting.com\\\/fr\\\/\",\"logo\":{\"@type\":\"ImageObject\",\"inLanguage\":\"fr-FR\",\"@id\":\"https:\\\/\\\/www.1bolting.com\\\/fr\\\/#\\\/schema\\\/logo\\\/image\\\/\",\"url\":\"https:\\\/\\\/www.1bolting.com\\\/wp-content\\\/uploads\\\/2020\\\/11\\\/logo-flyer.png\",\"contentUrl\":\"https:\\\/\\\/www.1bolting.com\\\/wp-content\\\/uploads\\\/2020\\\/11\\\/logo-flyer.png\",\"width\":300,\"height\":180,\"caption\":\"First Bolting\"},\"image\":{\"@id\":\"https:\\\/\\\/www.1bolting.com\\\/fr\\\/#\\\/schema\\\/logo\\\/image\\\/\"}}]}<\/script>\n<!-- \/ Yoast SEO plugin. -->","yoast_head_json":{"title":"Nos valeurs - 1st Bolting","robots":{"index":"index","follow":"follow","max-snippet":"max-snippet:-1","max-image-preview":"max-image-preview:large","max-video-preview":"max-video-preview:-1"},"canonical":"https:\/\/www.1bolting.com\/fr\/presentation\/nos-valeurs\/","og_locale":"fr_FR","og_type":"article","og_title":"Nos valeurs - 1st Bolting","og_description":"Les valeurs de 1st Bolting Depuis pr\u00e8s de 15 ans, nous avons toujours privil\u00e9gi\u00e9 l\u2019attention au client et l\u2019accompagnement sur Site. Notre culture de la comp\u00e9tence de l\u2019assemblage nous a conduit \u00e0 travailler aupr\u00e8s des meilleurs et \u00e0 mettre en avant la productivit\u00e9 et la s\u00e9curit\u00e9 avant tout. Nous disons ce que nous pensons, nous &hellip; Continued","og_url":"https:\/\/www.1bolting.com\/fr\/presentation\/nos-valeurs\/","og_site_name":"1st Bolting","article_modified_time":"2015-10-19T09:55:39+00:00","twitter_card":"summary_large_image","schema":{"@context":"https:\/\/schema.org","@graph":[{"@type":"WebPage","@id":"https:\/\/www.1bolting.com\/fr\/presentation\/nos-valeurs\/","url":"https:\/\/www.1bolting.com\/fr\/presentation\/nos-valeurs\/","name":"Nos valeurs - 1st Bolting","isPartOf":{"@id":"https:\/\/www.1bolting.com\/fr\/#website"},"datePublished":"2015-09-10T14:22:01+00:00","dateModified":"2015-10-19T09:55:39+00:00","breadcrumb":{"@id":"https:\/\/www.1bolting.com\/fr\/presentation\/nos-valeurs\/#breadcrumb"},"inLanguage":"fr-FR","potentialAction":[{"@type":"ReadAction","target":["https:\/\/www.1bolting.com\/fr\/presentation\/nos-valeurs\/"]}]},{"@type":"BreadcrumbList","@id":"https:\/\/www.1bolting.com\/fr\/presentation\/nos-valeurs\/#breadcrumb","itemListElement":[{"@type":"ListItem","position":1,"name":"Accueil","item":"https:\/\/www.1bolting.com\/fr\/"},{"@type":"ListItem","position":2,"name":"Pr\u00e9sentation","item":"https:\/\/www.1bolting.com\/fr\/presentation\/"},{"@type":"ListItem","position":3,"name":"Nos valeurs"}]},{"@type":"WebSite","@id":"https:\/\/www.1bolting.com\/fr\/#website","url":"https:\/\/www.1bolting.com\/fr\/","name":"1st Bolting","description":"Sp\u00e9cialiste en solutions de serrage","publisher":{"@id":"https:\/\/www.1bolting.com\/fr\/#organization"},"potentialAction":[{"@type":"SearchAction","target":{"@type":"EntryPoint","urlTemplate":"https:\/\/www.1bolting.com\/fr\/?s={search_term_string}"},"query-input":{"@type":"PropertyValueSpecification","valueRequired":true,"valueName":"search_term_string"}}],"inLanguage":"fr-FR"},{"@type":"Organization","@id":"https:\/\/www.1bolting.com\/fr\/#organization","name":"First Bolting","url":"https:\/\/www.1bolting.com\/fr\/","logo":{"@type":"ImageObject","inLanguage":"fr-FR","@id":"https:\/\/www.1bolting.com\/fr\/#\/schema\/logo\/image\/","url":"https:\/\/www.1bolting.com\/wp-content\/uploads\/2020\/11\/logo-flyer.png","contentUrl":"https:\/\/www.1bolting.com\/wp-content\/uploads\/2020\/11\/logo-flyer.png","width":300,"height":180,"caption":"First Bolting"},"image":{"@id":"https:\/\/www.1bolting.com\/fr\/#\/schema\/logo\/image\/"}}]}},"_links":{"self":[{"href":"https:\/\/www.1bolting.com\/fr\/wp-json\/wp\/v2\/pages\/125","targetHints":{"allow":["GET"]}}],"collection":[{"href":"https:\/\/www.1bolting.com\/fr\/wp-json\/wp\/v2\/pages"}],"about":[{"href":"https:\/\/www.1bolting.com\/fr\/wp-json\/wp\/v2\/types\/page"}],"author":[{"embeddable":true,"href":"https:\/\/www.1bolting.com\/fr\/wp-json\/wp\/v2\/users\/6"}],"replies":[{"embeddable":true,"href":"https:\/\/www.1bolting.com\/fr\/wp-json\/wp\/v2\/comments?post=125"}],"version-history":[{"count":5,"href":"https:\/\/www.1bolting.com\/fr\/wp-json\/wp\/v2\/pages\/125\/revisions"}],"predecessor-version":[{"id":783,"href":"https:\/\/www.1bolting.com\/fr\/wp-json\/wp\/v2\/pages\/125\/revisions\/783"}],"up":[{"embeddable":true,"href":"https:\/\/www.1bolting.com\/fr\/wp-json\/wp\/v2\/pages\/19"}],"wp:attachment":[{"href":"https:\/\/www.1bolting.com\/fr\/wp-json\/wp\/v2\/media?parent=125"}],"curies":[{"name":"wp","href":"https:\/\/api.w.org\/{rel}","templated":true}]}}