{"id":136,"date":"2015-09-11T07:43:48","date_gmt":"2015-09-11T06:43:48","guid":{"rendered":"http:\/\/localhost\/1stbolting\/?page_id=136"},"modified":"2022-11-08T14:35:45","modified_gmt":"2022-11-08T13:35:45","slug":"mentions-legales","status":"publish","type":"page","link":"https:\/\/www.1bolting.com\/fr\/mentions-legales\/","title":{"rendered":"Mentions l\u00e9gales"},"content":{"rendered":"<div style=\"margin: 20px;\">\n<h2>Vous \u00eates actuellement connect\u00e9 \u00e0 www.1bolting.com, site internet exploit\u00e9 par la SPRL First Bolting, dont voici les coordonn\u00e9es :<\/h2>\n<p><strong>SPRL First Bolting<\/strong><br \/>\nSi\u00e8ge social : Avenue Newton, 8 &#8211; 1300 &#8211; Wavre &#8211; Belgique<br \/>\nNum\u00e9ro d\u2019entreprise : 0631.792.177<br \/>\nNum\u00e9ro de TVA : BE-0631.792.177<br \/>\nT\u00e9l\u00e9phone : <a href=\"tel:+32 2 358 19 33\">+32 2 358 19 33<\/a><br \/>\nEmail : <a href=\"mailto:info@1bolting.com\">info@1bolting.com<\/a><\/p>\n<h3>A propos des cookies<\/h3>\n<p>A chacune de vos premi\u00e8res visites, vous verrez s&rsquo;afficher un bandeau d&rsquo;information en bas de votre \u00e9cran \u00e0 propos des cookies que nous utilisons. Vous pouvez d\u00e9cider si vous acceptez ou non d&rsquo;activer les cookies consid\u00e9r\u00e9s comme \u00e9tant non n\u00e9cessaires. La raison pour laquelle nous utilisons des cookies est expliqu\u00e9 dans le tableau ci-dessous :<br \/>\n<table class=\"wt-cli-element cookielawinfo-row-cat-table cookielawinfo-classic\"><thead><tr><th scope=\"col\" class=\"cookielawinfo-column-1\">Cookie<\/th><th scope=\"col\" class=\"cookielawinfo-column-2\">Type<\/th><th scope=\"col\" class=\"cookielawinfo-column-3\">Dur\u00e9e<\/th><th scope=\"col\" class=\"cookielawinfo-column-4\">Description<\/th><\/tr><\/thead><tbody><tr class=\"cookielawinfo-row\"><td class=\"cookielawinfo-column-1\">_ga<\/td><td class=\"cookielawinfo-column-2\">1<\/td><td class=\"cookielawinfo-column-3\">2 years<\/td><td class=\"cookielawinfo-column-4\">This cookie is installed by Google Analytics. The cookie is used to calculate visitor, session, campaign data and keep track of site usage for the site''s analytics report. The cookies store information anonymously and assign a randomly generated number to identify unique visitors.<\/td><\/tr><tr class=\"cookielawinfo-row\"><td class=\"cookielawinfo-column-1\">_gat<\/td><td class=\"cookielawinfo-column-2\">1<\/td><td class=\"cookielawinfo-column-3\">1 minute<\/td><td class=\"cookielawinfo-column-4\">This cookies is installed by Google Universal Analytics to throttle the request rate to limit the colllection of data on high traffic sites.<\/td><\/tr><tr class=\"cookielawinfo-row\"><td class=\"cookielawinfo-column-1\">_gcl_au<\/td><td class=\"cookielawinfo-column-2\">1<\/td><td class=\"cookielawinfo-column-3\">3 months<\/td><td class=\"cookielawinfo-column-4\">This cookie is used by Google Analytics to understand user interaction with the website.<\/td><\/tr><tr class=\"cookielawinfo-row\"><td class=\"cookielawinfo-column-1\">_gid<\/td><td class=\"cookielawinfo-column-2\">1<\/td><td class=\"cookielawinfo-column-3\">1 day<\/td><td class=\"cookielawinfo-column-4\">This cookie is installed by Google Analytics. The cookie is used to store information of how visitors use a website and helps in creating an analytics report of how the wbsite is doing. The data collected including the number visitors, the source where they have come from, and the pages viisted in an anonymous form.<\/td><\/tr><tr class=\"cookielawinfo-row\"><td class=\"cookielawinfo-column-1\">_GRECAPTCHA<\/td><td class=\"cookielawinfo-column-2\">1<\/td><td class=\"cookielawinfo-column-3\">5 months 27 days<\/td><td class=\"cookielawinfo-column-4\">This cookie is set by Google. In addition to certain standard Google cookies, reCAPTCHA sets a necessary cookie (_GRECAPTCHA) when executed for the purpose of providing its risk analysis.<\/td><\/tr><tr class=\"cookielawinfo-row\"><td class=\"cookielawinfo-column-1\">CONSENT<\/td><td class=\"cookielawinfo-column-2\">0<\/td><td class=\"cookielawinfo-column-3\">16 years 10 months 5 days 10 hours 5 minutes<\/td><td class=\"cookielawinfo-column-4\">No description<\/td><\/tr><tr class=\"cookielawinfo-row\"><td class=\"cookielawinfo-column-1\">cookielawinfo-checkbox-necessary<\/td><td class=\"cookielawinfo-column-2\">1<\/td><td class=\"cookielawinfo-column-3\">1 year<\/td><td class=\"cookielawinfo-column-4\">This cookie is set by GDPR Cookie Consent plugin. The cookies is used to store the user consent for the cookies in the category \"Necessary\".<\/td><\/tr><tr class=\"cookielawinfo-row\"><td class=\"cookielawinfo-column-1\">cookielawinfo-checkbox-non-necessary<\/td><td class=\"cookielawinfo-column-2\">1<\/td><td class=\"cookielawinfo-column-3\">1 year<\/td><td class=\"cookielawinfo-column-4\">This cookie is set by GDPR Cookie Consent plugin. The cookies is used to store the user consent for the cookies in the category \"Non-necessary\".<\/td><\/tr><tr class=\"cookielawinfo-row\"><td class=\"cookielawinfo-column-1\">IDE<\/td><td class=\"cookielawinfo-column-2\">1<\/td><td class=\"cookielawinfo-column-3\">1 year 24 days<\/td><td class=\"cookielawinfo-column-4\">Used by Google DoubleClick and stores information about how the user uses the website and any other advertisement before visiting the website. This is used to present users with ads that are relevant to them according to the user profile.<\/td><\/tr><tr class=\"cookielawinfo-row\"><td class=\"cookielawinfo-column-1\">test_cookie<\/td><td class=\"cookielawinfo-column-2\">1<\/td><td class=\"cookielawinfo-column-3\">15 minutes<\/td><td class=\"cookielawinfo-column-4\">This cookie is set by doubleclick.net. The purpose of the cookie is to determine if the user''s browser supports cookies.<\/td><\/tr><tr class=\"cookielawinfo-row\"><td class=\"cookielawinfo-column-1\">viewed_cookie_policy<\/td><td class=\"cookielawinfo-column-2\">1<\/td><td class=\"cookielawinfo-column-3\">1 year<\/td><td class=\"cookielawinfo-column-4\">The cookie is set by the GDPR Cookie Consent plugin and is used to store whether or not user has consented to the use of cookies. It does not store any personal data.<\/td><\/tr><tr class=\"cookielawinfo-row\"><td class=\"cookielawinfo-column-1\">VISITOR_INFO1_LIVE<\/td><td class=\"cookielawinfo-column-2\">1<\/td><td class=\"cookielawinfo-column-3\">5 months 27 days<\/td><td class=\"cookielawinfo-column-4\">This cookie is set by Youtube. Used to track the information of the embedded YouTube videos on a website.<\/td><\/tr><tr class=\"cookielawinfo-row\"><td class=\"cookielawinfo-column-1\">YSC<\/td><td class=\"cookielawinfo-column-2\">1<\/td><td class=\"cookielawinfo-column-3\">session<\/td><td class=\"cookielawinfo-column-4\">This cookies is set by Youtube and is used to track the views of embedded videos.<\/td><\/tr><\/tbody><\/table><\/p>\n<\/div>\n","protected":false},"excerpt":{"rendered":"<p>Vous \u00eates actuellement connect\u00e9 \u00e0 www.1bolting.com, site internet exploit\u00e9 par la SPRL First Bolting, dont voici les coordonn\u00e9es : SPRL First Bolting Si\u00e8ge social : Avenue Newton, 8 &#8211; 1300 &#8211; Wavre &#8211; Belgique Num\u00e9ro d\u2019entreprise : 0631.792.177 Num\u00e9ro de TVA : BE-0631.792.177 T\u00e9l\u00e9phone : +32 2 358 19 33 Email : info@1bolting.com A propos &hellip; <a href=\"https:\/\/www.1bolting.com\/fr\/mentions-legales\/\">Continued<\/a><\/p>\n","protected":false},"author":6,"featured_media":0,"parent":0,"menu_order":0,"comment_status":"closed","ping_status":"closed","template":"","meta":{"_acf_changed":false,"footnotes":""},"class_list":["post-136","page","type-page","status-publish","hentry"],"acf":[],"yoast_head":"<!-- This site is optimized with the Yoast SEO plugin v27.4 - https:\/\/yoast.com\/product\/yoast-seo-wordpress\/ -->\n<title>Mentions l\u00e9gales - 1st Bolting<\/title>\n<meta name=\"robots\" content=\"index, follow, max-snippet:-1, max-image-preview:large, max-video-preview:-1\" \/>\n<link rel=\"canonical\" href=\"https:\/\/www.1bolting.com\/fr\/mentions-legales\/\" \/>\n<meta property=\"og:locale\" content=\"fr_FR\" \/>\n<meta property=\"og:type\" content=\"article\" \/>\n<meta property=\"og:title\" content=\"Mentions l\u00e9gales - 1st Bolting\" \/>\n<meta property=\"og:description\" content=\"Vous \u00eates actuellement connect\u00e9 \u00e0 www.1bolting.com, site internet exploit\u00e9 par la SPRL First Bolting, dont voici les coordonn\u00e9es : SPRL First Bolting Si\u00e8ge social : Avenue Newton, 8 &#8211; 1300 &#8211; Wavre &#8211; Belgique Num\u00e9ro d\u2019entreprise : 0631.792.177 Num\u00e9ro de TVA : BE-0631.792.177 T\u00e9l\u00e9phone : +32 2 358 19 33 Email : info@1bolting.com A propos &hellip; Continued\" \/>\n<meta property=\"og:url\" content=\"https:\/\/www.1bolting.com\/fr\/mentions-legales\/\" \/>\n<meta property=\"og:site_name\" content=\"1st Bolting\" \/>\n<meta property=\"article:modified_time\" content=\"2022-11-08T13:35:45+00:00\" \/>\n<meta name=\"twitter:card\" content=\"summary_large_image\" \/>\n<meta name=\"twitter:label1\" content=\"Dur\u00e9e de lecture estim\u00e9e\" \/>\n\t<meta name=\"twitter:data1\" content=\"1 minute\" \/>\n<script type=\"application\/ld+json\" class=\"yoast-schema-graph\">{\"@context\":\"https:\\\/\\\/schema.org\",\"@graph\":[{\"@type\":\"WebPage\",\"@id\":\"https:\\\/\\\/www.1bolting.com\\\/fr\\\/mentions-legales\\\/\",\"url\":\"https:\\\/\\\/www.1bolting.com\\\/fr\\\/mentions-legales\\\/\",\"name\":\"Mentions l\u00e9gales - 1st Bolting\",\"isPartOf\":{\"@id\":\"https:\\\/\\\/www.1bolting.com\\\/fr\\\/#website\"},\"datePublished\":\"2015-09-11T06:43:48+00:00\",\"dateModified\":\"2022-11-08T13:35:45+00:00\",\"breadcrumb\":{\"@id\":\"https:\\\/\\\/www.1bolting.com\\\/fr\\\/mentions-legales\\\/#breadcrumb\"},\"inLanguage\":\"fr-FR\",\"potentialAction\":[{\"@type\":\"ReadAction\",\"target\":[\"https:\\\/\\\/www.1bolting.com\\\/fr\\\/mentions-legales\\\/\"]}]},{\"@type\":\"BreadcrumbList\",\"@id\":\"https:\\\/\\\/www.1bolting.com\\\/fr\\\/mentions-legales\\\/#breadcrumb\",\"itemListElement\":[{\"@type\":\"ListItem\",\"position\":1,\"name\":\"Accueil\",\"item\":\"https:\\\/\\\/www.1bolting.com\\\/fr\\\/\"},{\"@type\":\"ListItem\",\"position\":2,\"name\":\"Mentions l\u00e9gales\"}]},{\"@type\":\"WebSite\",\"@id\":\"https:\\\/\\\/www.1bolting.com\\\/fr\\\/#website\",\"url\":\"https:\\\/\\\/www.1bolting.com\\\/fr\\\/\",\"name\":\"1st Bolting\",\"description\":\"Sp\u00e9cialiste en solutions de serrage\",\"publisher\":{\"@id\":\"https:\\\/\\\/www.1bolting.com\\\/fr\\\/#organization\"},\"potentialAction\":[{\"@type\":\"SearchAction\",\"target\":{\"@type\":\"EntryPoint\",\"urlTemplate\":\"https:\\\/\\\/www.1bolting.com\\\/fr\\\/?s={search_term_string}\"},\"query-input\":{\"@type\":\"PropertyValueSpecification\",\"valueRequired\":true,\"valueName\":\"search_term_string\"}}],\"inLanguage\":\"fr-FR\"},{\"@type\":\"Organization\",\"@id\":\"https:\\\/\\\/www.1bolting.com\\\/fr\\\/#organization\",\"name\":\"First Bolting\",\"url\":\"https:\\\/\\\/www.1bolting.com\\\/fr\\\/\",\"logo\":{\"@type\":\"ImageObject\",\"inLanguage\":\"fr-FR\",\"@id\":\"https:\\\/\\\/www.1bolting.com\\\/fr\\\/#\\\/schema\\\/logo\\\/image\\\/\",\"url\":\"https:\\\/\\\/www.1bolting.com\\\/wp-content\\\/uploads\\\/2020\\\/11\\\/logo-flyer.png\",\"contentUrl\":\"https:\\\/\\\/www.1bolting.com\\\/wp-content\\\/uploads\\\/2020\\\/11\\\/logo-flyer.png\",\"width\":300,\"height\":180,\"caption\":\"First Bolting\"},\"image\":{\"@id\":\"https:\\\/\\\/www.1bolting.com\\\/fr\\\/#\\\/schema\\\/logo\\\/image\\\/\"}}]}<\/script>\n<!-- \/ Yoast SEO plugin. -->","yoast_head_json":{"title":"Mentions l\u00e9gales - 1st Bolting","robots":{"index":"index","follow":"follow","max-snippet":"max-snippet:-1","max-image-preview":"max-image-preview:large","max-video-preview":"max-video-preview:-1"},"canonical":"https:\/\/www.1bolting.com\/fr\/mentions-legales\/","og_locale":"fr_FR","og_type":"article","og_title":"Mentions l\u00e9gales - 1st Bolting","og_description":"Vous \u00eates actuellement connect\u00e9 \u00e0 www.1bolting.com, site internet exploit\u00e9 par la SPRL First Bolting, dont voici les coordonn\u00e9es : SPRL First Bolting Si\u00e8ge social : Avenue Newton, 8 &#8211; 1300 &#8211; Wavre &#8211; Belgique Num\u00e9ro d\u2019entreprise : 0631.792.177 Num\u00e9ro de TVA : BE-0631.792.177 T\u00e9l\u00e9phone : +32 2 358 19 33 Email : info@1bolting.com A propos &hellip; Continued","og_url":"https:\/\/www.1bolting.com\/fr\/mentions-legales\/","og_site_name":"1st Bolting","article_modified_time":"2022-11-08T13:35:45+00:00","twitter_card":"summary_large_image","twitter_misc":{"Dur\u00e9e de lecture estim\u00e9e":"1 minute"},"schema":{"@context":"https:\/\/schema.org","@graph":[{"@type":"WebPage","@id":"https:\/\/www.1bolting.com\/fr\/mentions-legales\/","url":"https:\/\/www.1bolting.com\/fr\/mentions-legales\/","name":"Mentions l\u00e9gales - 1st Bolting","isPartOf":{"@id":"https:\/\/www.1bolting.com\/fr\/#website"},"datePublished":"2015-09-11T06:43:48+00:00","dateModified":"2022-11-08T13:35:45+00:00","breadcrumb":{"@id":"https:\/\/www.1bolting.com\/fr\/mentions-legales\/#breadcrumb"},"inLanguage":"fr-FR","potentialAction":[{"@type":"ReadAction","target":["https:\/\/www.1bolting.com\/fr\/mentions-legales\/"]}]},{"@type":"BreadcrumbList","@id":"https:\/\/www.1bolting.com\/fr\/mentions-legales\/#breadcrumb","itemListElement":[{"@type":"ListItem","position":1,"name":"Accueil","item":"https:\/\/www.1bolting.com\/fr\/"},{"@type":"ListItem","position":2,"name":"Mentions l\u00e9gales"}]},{"@type":"WebSite","@id":"https:\/\/www.1bolting.com\/fr\/#website","url":"https:\/\/www.1bolting.com\/fr\/","name":"1st Bolting","description":"Sp\u00e9cialiste en solutions de serrage","publisher":{"@id":"https:\/\/www.1bolting.com\/fr\/#organization"},"potentialAction":[{"@type":"SearchAction","target":{"@type":"EntryPoint","urlTemplate":"https:\/\/www.1bolting.com\/fr\/?s={search_term_string}"},"query-input":{"@type":"PropertyValueSpecification","valueRequired":true,"valueName":"search_term_string"}}],"inLanguage":"fr-FR"},{"@type":"Organization","@id":"https:\/\/www.1bolting.com\/fr\/#organization","name":"First Bolting","url":"https:\/\/www.1bolting.com\/fr\/","logo":{"@type":"ImageObject","inLanguage":"fr-FR","@id":"https:\/\/www.1bolting.com\/fr\/#\/schema\/logo\/image\/","url":"https:\/\/www.1bolting.com\/wp-content\/uploads\/2020\/11\/logo-flyer.png","contentUrl":"https:\/\/www.1bolting.com\/wp-content\/uploads\/2020\/11\/logo-flyer.png","width":300,"height":180,"caption":"First Bolting"},"image":{"@id":"https:\/\/www.1bolting.com\/fr\/#\/schema\/logo\/image\/"}}]}},"_links":{"self":[{"href":"https:\/\/www.1bolting.com\/fr\/wp-json\/wp\/v2\/pages\/136","targetHints":{"allow":["GET"]}}],"collection":[{"href":"https:\/\/www.1bolting.com\/fr\/wp-json\/wp\/v2\/pages"}],"about":[{"href":"https:\/\/www.1bolting.com\/fr\/wp-json\/wp\/v2\/types\/page"}],"author":[{"embeddable":true,"href":"https:\/\/www.1bolting.com\/fr\/wp-json\/wp\/v2\/users\/6"}],"replies":[{"embeddable":true,"href":"https:\/\/www.1bolting.com\/fr\/wp-json\/wp\/v2\/comments?post=136"}],"version-history":[{"count":7,"href":"https:\/\/www.1bolting.com\/fr\/wp-json\/wp\/v2\/pages\/136\/revisions"}],"predecessor-version":[{"id":6188,"href":"https:\/\/www.1bolting.com\/fr\/wp-json\/wp\/v2\/pages\/136\/revisions\/6188"}],"wp:attachment":[{"href":"https:\/\/www.1bolting.com\/fr\/wp-json\/wp\/v2\/media?parent=136"}],"curies":[{"name":"wp","href":"https:\/\/api.w.org\/{rel}","templated":true}]}}