{"id":2760,"date":"2020-10-29T22:34:31","date_gmt":"2020-10-29T21:34:31","guid":{"rendered":"https:\/\/www.1bolting.com\/?page_id=2760"},"modified":"2021-05-18T12:48:48","modified_gmt":"2021-05-18T11:48:48","slug":"contre-cle","status":"publish","type":"page","link":"https:\/\/www.1bolting.com\/fr\/outils-de-serrage\/contre-cle\/","title":{"rendered":"Contre-cl\u00e9"},"content":{"rendered":"<h1>Contre-cl\u00e9<\/h1>\n<div class=\"fiche-vente-location\">\n<div class=\"fiche-vente\">Disponible \u00e0 la vente<\/div>\n<div class=\"fiche-location\">Disponible \u00e0 la location<\/div>\n<\/div>\n<h2>La contre-cl\u00e9 BUW permet d\u2019emp\u00eacher \u00e0 l\u2019\u00e9crou oppos\u00e9 de tourner en m\u00eame temps que la vis ou la tige. Plus de risque de se coincer les doigts ou d\u2019utiliser une masse pour d\u00e9bloquer la cl\u00e9 \u00e0 frapper !<\/h2>\n<h3>Un outil pratique et robuste<\/h3>\n<p>Nos contre-cl\u00e9s fonctionnent en addition de nos <a href=\"https:\/\/www.1bolting.com\/fr\/outils-de-serrage\/\" target=\"_blank\" rel=\"noopener noreferrer\">outils de serrage industriel<\/a>. Elles sont fabriqu\u00e9es dans un acier renforc\u00e9, avec un minimum de pi\u00e8ces en mouvement. Cela leur permet de durer des ann\u00e9es sans le moindre signe d&rsquo;usure.<\/p>\n<p>Cette <strong>contre-cl\u00e9<\/strong> se s\u00e9curise ou se d\u00e9bloque facilement gr\u00e2ce \u00e0 la vis de pression.<br \/>\nTous nos mod\u00e8les BUW sont pourvus d\u2019aimants qui aident \u00e0 la maintenir en place. Ils peuvent \u00e9galement \u00eatre s\u00e9curis\u00e9s par un fil d\u2019acier pour \u00e9viter les chutes accidentelles.<\/p>\n<p>La contre-cl\u00e9 est \u00e0 la fois simple et ing\u00e9nieuse. C&rsquo;est l\u2019outil parfait en conjonction avec nos <a href=\"https:\/\/www.1bolting.com\/fr\/outils-de-serrage\/cles-hydrauliques\/\" target=\"_blank\" rel=\"noopener noreferrer\">cl\u00e9s hydrauliques RT &amp; RTX<\/a> ou nos <a href=\"https:\/\/www.1bolting.com\/fr\/outils-de-serrage\/visseuse-dynamometrique\/\" target=\"_blank\" rel=\"noopener noreferrer\">visseuses dynamom\u00e9triques<\/a>.<\/p>\n<h3>Nos contre-cl\u00e9s sont disponibles dans toutes les tailles d&rsquo;\u00e9crous<\/h3>\n<p>Toutes les tailles sont possibles, sur simple demande, de 19 \u00e0 195mm. Contactez-nous !<\/p>\n","protected":false},"excerpt":{"rendered":"<p>Contre-cl\u00e9 Disponible \u00e0 la vente Disponible \u00e0 la location La contre-cl\u00e9 BUW permet d\u2019emp\u00eacher \u00e0 l\u2019\u00e9crou oppos\u00e9 de tourner en m\u00eame temps que la vis ou la tige. Plus de risque de se coincer les doigts ou d\u2019utiliser une masse pour d\u00e9bloquer la cl\u00e9 \u00e0 frapper ! Un outil pratique et robuste Nos contre-cl\u00e9s fonctionnent &hellip; <a href=\"https:\/\/www.1bolting.com\/fr\/outils-de-serrage\/contre-cle\/\">Continued<\/a><\/p>\n","protected":false},"author":5,"featured_media":0,"parent":7,"menu_order":0,"comment_status":"closed","ping_status":"closed","template":"sub-nav-page-produit.php","meta":{"_acf_changed":false,"footnotes":""},"class_list":["post-2760","page","type-page","status-publish","hentry","product_type-product"],"acf":[],"yoast_head":"<!-- This site is optimized with the Yoast SEO plugin v27.4 - https:\/\/yoast.com\/product\/yoast-seo-wordpress\/ -->\n<title>Contre-Cl\u00e9 - Sp\u00e9cialistes en Serrage Industriel<\/title>\n<meta name=\"description\" content=\"Contre-cl\u00e9 en vente et \u00e0 la location, disponibilit\u00e9 rapide ! La contre-cl\u00e9 emp\u00eache l\u2019\u00e9crou oppos\u00e9 de tourner en m\u00eame temps que la vis ou la tige.\" \/>\n<meta name=\"robots\" content=\"index, follow, max-snippet:-1, max-image-preview:large, max-video-preview:-1\" \/>\n<link rel=\"canonical\" href=\"https:\/\/www.1bolting.com\/fr\/outils-de-serrage\/contre-cle\/\" \/>\n<meta property=\"og:locale\" content=\"fr_FR\" \/>\n<meta property=\"og:type\" content=\"article\" \/>\n<meta property=\"og:title\" content=\"Contre-Cl\u00e9 - Sp\u00e9cialistes en Serrage Industriel\" \/>\n<meta property=\"og:description\" content=\"Contre-cl\u00e9 en vente et \u00e0 la location, disponibilit\u00e9 rapide ! La contre-cl\u00e9 emp\u00eache l\u2019\u00e9crou oppos\u00e9 de tourner en m\u00eame temps que la vis ou la tige.\" \/>\n<meta property=\"og:url\" content=\"https:\/\/www.1bolting.com\/fr\/outils-de-serrage\/contre-cle\/\" \/>\n<meta property=\"og:site_name\" content=\"1st Bolting\" \/>\n<meta property=\"article:modified_time\" content=\"2021-05-18T11:48:48+00:00\" \/>\n<meta name=\"twitter:card\" content=\"summary_large_image\" \/>\n<meta name=\"twitter:label1\" content=\"Dur\u00e9e de lecture estim\u00e9e\" \/>\n\t<meta name=\"twitter:data1\" content=\"1 minute\" \/>\n<script type=\"application\/ld+json\" class=\"yoast-schema-graph\">{\"@context\":\"https:\\\/\\\/schema.org\",\"@graph\":[{\"@type\":\"WebPage\",\"@id\":\"https:\\\/\\\/www.1bolting.com\\\/fr\\\/outils-de-serrage\\\/contre-cle\\\/\",\"url\":\"https:\\\/\\\/www.1bolting.com\\\/fr\\\/outils-de-serrage\\\/contre-cle\\\/\",\"name\":\"Contre-Cl\u00e9 - Sp\u00e9cialistes en Serrage Industriel\",\"isPartOf\":{\"@id\":\"https:\\\/\\\/www.1bolting.com\\\/fr\\\/#website\"},\"datePublished\":\"2020-10-29T21:34:31+00:00\",\"dateModified\":\"2021-05-18T11:48:48+00:00\",\"description\":\"Contre-cl\u00e9 en vente et \u00e0 la location, disponibilit\u00e9 rapide ! La contre-cl\u00e9 emp\u00eache l\u2019\u00e9crou oppos\u00e9 de tourner en m\u00eame temps que la vis ou la tige.\",\"breadcrumb\":{\"@id\":\"https:\\\/\\\/www.1bolting.com\\\/fr\\\/outils-de-serrage\\\/contre-cle\\\/#breadcrumb\"},\"inLanguage\":\"fr-FR\",\"potentialAction\":[{\"@type\":\"ReadAction\",\"target\":[\"https:\\\/\\\/www.1bolting.com\\\/fr\\\/outils-de-serrage\\\/contre-cle\\\/\"]}]},{\"@type\":\"BreadcrumbList\",\"@id\":\"https:\\\/\\\/www.1bolting.com\\\/fr\\\/outils-de-serrage\\\/contre-cle\\\/#breadcrumb\",\"itemListElement\":[{\"@type\":\"ListItem\",\"position\":1,\"name\":\"Accueil\",\"item\":\"https:\\\/\\\/www.1bolting.com\\\/fr\\\/\"},{\"@type\":\"ListItem\",\"position\":2,\"name\":\"Outils de Serrage\",\"item\":\"https:\\\/\\\/www.1bolting.com\\\/fr\\\/outils-de-serrage\\\/\"},{\"@type\":\"ListItem\",\"position\":3,\"name\":\"Contre-cl\u00e9\"}]},{\"@type\":\"WebSite\",\"@id\":\"https:\\\/\\\/www.1bolting.com\\\/fr\\\/#website\",\"url\":\"https:\\\/\\\/www.1bolting.com\\\/fr\\\/\",\"name\":\"1st Bolting\",\"description\":\"Sp\u00e9cialiste en solutions de serrage\",\"publisher\":{\"@id\":\"https:\\\/\\\/www.1bolting.com\\\/fr\\\/#organization\"},\"potentialAction\":[{\"@type\":\"SearchAction\",\"target\":{\"@type\":\"EntryPoint\",\"urlTemplate\":\"https:\\\/\\\/www.1bolting.com\\\/fr\\\/?s={search_term_string}\"},\"query-input\":{\"@type\":\"PropertyValueSpecification\",\"valueRequired\":true,\"valueName\":\"search_term_string\"}}],\"inLanguage\":\"fr-FR\"},{\"@type\":\"Organization\",\"@id\":\"https:\\\/\\\/www.1bolting.com\\\/fr\\\/#organization\",\"name\":\"First Bolting\",\"url\":\"https:\\\/\\\/www.1bolting.com\\\/fr\\\/\",\"logo\":{\"@type\":\"ImageObject\",\"inLanguage\":\"fr-FR\",\"@id\":\"https:\\\/\\\/www.1bolting.com\\\/fr\\\/#\\\/schema\\\/logo\\\/image\\\/\",\"url\":\"https:\\\/\\\/www.1bolting.com\\\/wp-content\\\/uploads\\\/2020\\\/11\\\/logo-flyer.png\",\"contentUrl\":\"https:\\\/\\\/www.1bolting.com\\\/wp-content\\\/uploads\\\/2020\\\/11\\\/logo-flyer.png\",\"width\":300,\"height\":180,\"caption\":\"First Bolting\"},\"image\":{\"@id\":\"https:\\\/\\\/www.1bolting.com\\\/fr\\\/#\\\/schema\\\/logo\\\/image\\\/\"}}]}<\/script>\n<!-- \/ Yoast SEO plugin. -->","yoast_head_json":{"title":"Contre-Cl\u00e9 - Sp\u00e9cialistes en Serrage Industriel","description":"Contre-cl\u00e9 en vente et \u00e0 la location, disponibilit\u00e9 rapide ! La contre-cl\u00e9 emp\u00eache l\u2019\u00e9crou oppos\u00e9 de tourner en m\u00eame temps que la vis ou la tige.","robots":{"index":"index","follow":"follow","max-snippet":"max-snippet:-1","max-image-preview":"max-image-preview:large","max-video-preview":"max-video-preview:-1"},"canonical":"https:\/\/www.1bolting.com\/fr\/outils-de-serrage\/contre-cle\/","og_locale":"fr_FR","og_type":"article","og_title":"Contre-Cl\u00e9 - Sp\u00e9cialistes en Serrage Industriel","og_description":"Contre-cl\u00e9 en vente et \u00e0 la location, disponibilit\u00e9 rapide ! La contre-cl\u00e9 emp\u00eache l\u2019\u00e9crou oppos\u00e9 de tourner en m\u00eame temps que la vis ou la tige.","og_url":"https:\/\/www.1bolting.com\/fr\/outils-de-serrage\/contre-cle\/","og_site_name":"1st Bolting","article_modified_time":"2021-05-18T11:48:48+00:00","twitter_card":"summary_large_image","twitter_misc":{"Dur\u00e9e de lecture estim\u00e9e":"1 minute"},"schema":{"@context":"https:\/\/schema.org","@graph":[{"@type":"WebPage","@id":"https:\/\/www.1bolting.com\/fr\/outils-de-serrage\/contre-cle\/","url":"https:\/\/www.1bolting.com\/fr\/outils-de-serrage\/contre-cle\/","name":"Contre-Cl\u00e9 - Sp\u00e9cialistes en Serrage Industriel","isPartOf":{"@id":"https:\/\/www.1bolting.com\/fr\/#website"},"datePublished":"2020-10-29T21:34:31+00:00","dateModified":"2021-05-18T11:48:48+00:00","description":"Contre-cl\u00e9 en vente et \u00e0 la location, disponibilit\u00e9 rapide ! La contre-cl\u00e9 emp\u00eache l\u2019\u00e9crou oppos\u00e9 de tourner en m\u00eame temps que la vis ou la tige.","breadcrumb":{"@id":"https:\/\/www.1bolting.com\/fr\/outils-de-serrage\/contre-cle\/#breadcrumb"},"inLanguage":"fr-FR","potentialAction":[{"@type":"ReadAction","target":["https:\/\/www.1bolting.com\/fr\/outils-de-serrage\/contre-cle\/"]}]},{"@type":"BreadcrumbList","@id":"https:\/\/www.1bolting.com\/fr\/outils-de-serrage\/contre-cle\/#breadcrumb","itemListElement":[{"@type":"ListItem","position":1,"name":"Accueil","item":"https:\/\/www.1bolting.com\/fr\/"},{"@type":"ListItem","position":2,"name":"Outils de Serrage","item":"https:\/\/www.1bolting.com\/fr\/outils-de-serrage\/"},{"@type":"ListItem","position":3,"name":"Contre-cl\u00e9"}]},{"@type":"WebSite","@id":"https:\/\/www.1bolting.com\/fr\/#website","url":"https:\/\/www.1bolting.com\/fr\/","name":"1st Bolting","description":"Sp\u00e9cialiste en solutions de serrage","publisher":{"@id":"https:\/\/www.1bolting.com\/fr\/#organization"},"potentialAction":[{"@type":"SearchAction","target":{"@type":"EntryPoint","urlTemplate":"https:\/\/www.1bolting.com\/fr\/?s={search_term_string}"},"query-input":{"@type":"PropertyValueSpecification","valueRequired":true,"valueName":"search_term_string"}}],"inLanguage":"fr-FR"},{"@type":"Organization","@id":"https:\/\/www.1bolting.com\/fr\/#organization","name":"First Bolting","url":"https:\/\/www.1bolting.com\/fr\/","logo":{"@type":"ImageObject","inLanguage":"fr-FR","@id":"https:\/\/www.1bolting.com\/fr\/#\/schema\/logo\/image\/","url":"https:\/\/www.1bolting.com\/wp-content\/uploads\/2020\/11\/logo-flyer.png","contentUrl":"https:\/\/www.1bolting.com\/wp-content\/uploads\/2020\/11\/logo-flyer.png","width":300,"height":180,"caption":"First Bolting"},"image":{"@id":"https:\/\/www.1bolting.com\/fr\/#\/schema\/logo\/image\/"}}]}},"_links":{"self":[{"href":"https:\/\/www.1bolting.com\/fr\/wp-json\/wp\/v2\/pages\/2760","targetHints":{"allow":["GET"]}}],"collection":[{"href":"https:\/\/www.1bolting.com\/fr\/wp-json\/wp\/v2\/pages"}],"about":[{"href":"https:\/\/www.1bolting.com\/fr\/wp-json\/wp\/v2\/types\/page"}],"author":[{"embeddable":true,"href":"https:\/\/www.1bolting.com\/fr\/wp-json\/wp\/v2\/users\/5"}],"replies":[{"embeddable":true,"href":"https:\/\/www.1bolting.com\/fr\/wp-json\/wp\/v2\/comments?post=2760"}],"version-history":[{"count":17,"href":"https:\/\/www.1bolting.com\/fr\/wp-json\/wp\/v2\/pages\/2760\/revisions"}],"predecessor-version":[{"id":4955,"href":"https:\/\/www.1bolting.com\/fr\/wp-json\/wp\/v2\/pages\/2760\/revisions\/4955"}],"up":[{"embeddable":true,"href":"https:\/\/www.1bolting.com\/fr\/wp-json\/wp\/v2\/pages\/7"}],"wp:attachment":[{"href":"https:\/\/www.1bolting.com\/fr\/wp-json\/wp\/v2\/media?parent=2760"}],"curies":[{"name":"wp","href":"https:\/\/api.w.org\/{rel}","templated":true}]}}