{"id":289,"date":"2015-09-25T08:26:40","date_gmt":"2015-09-25T07:26:40","guid":{"rendered":"http:\/\/1stbolting.superstrong-studio.be\/?page_id=289"},"modified":"2022-01-18T09:40:42","modified_gmt":"2022-01-18T08:40:42","slug":"cle-hydraulique","status":"publish","type":"page","link":"https:\/\/www.1bolting.com\/fr\/outils-de-serrage\/cle-hydraulique\/","title":{"rendered":"Cl\u00e9s hydrauliques RT &#038; RTX"},"content":{"rendered":"<h1>Cl\u00e9s hydrauliques<\/h1>\n<div class=\"fiche-vente-location\">\n<div class=\"fiche-vente\">Disponible \u00e0 la vente<\/div>\n<div class=\"fiche-location\">Disponible \u00e0 la location<\/div>\n<\/div>\n<h2>Les cl\u00e9s hydrauliques RT (\u00e0 carr\u00e9 conducteur) et RTX (\u00e0 cassettes) sont un standard haut de gamme utilis\u00e9 dans plus de 60 pays dans le monde<\/h2>\n<div class=\"fiche-partenaire\"><center>Partenaire de<\/center><img decoding=\"async\" class=\"aligncenter size-full wp-image-2995\" src=\"https:\/\/www.1bolting.com\/wp-content\/uploads\/2020\/11\/logo-atlas-cop-co-partenaire-first-bolting.png\" alt=\"Logo d'Atlas Copco partenaire de First Bolting\" width=\"100\" height=\"48\" \/><\/div>\n<p>First Bolting est L&rsquo;expert du <strong>serrage<\/strong> industriel. Nous avons une gamme compl\u00e8te de cl\u00e9s hydrauliques de serrage\/desserrage pour toutes applications : les cl\u00e9s hydrauliques RT avec douilles \u00e0 choc et les cl\u00e9s hydrauliques RTX avec cartouches hexagonales \u00e0 rochet.<\/p>\n<p>La cl\u00e9 hydraulique est destin\u00e9e \u00e0 serrer ou desserrer au couple les \u00e9crous, avec une grande pr\u00e9cision. Ces mod\u00e8les de chez Atlas Copco sont des outils de r\u00e9f\u00e9rence, et sont appr\u00e9ci\u00e9s pour leur robustesse, leur puissance et leur pr\u00e9cision \u00e0 +\/-3%.<\/p>\n<h3>Caract\u00e9ristiques des cl\u00e9s hydrauliques RT et RTX<\/h3>\n<ul>\n<li>Pr\u00e9cision \u00e0 +\/-3%<\/li>\n<li>De 100 \u00e0 71 000 Nm<\/li>\n<li>Mod\u00e8les \u00e0 carr\u00e9 conducteur (1\/2&Prime; \u00e0 2-1\/2&Prime;) et cassettes hexagonales (3\/4&Prime; \u00e0 6-1\/2&Prime;)<\/li>\n<li>Rayon minimal pour un acc\u00e8s maximal\u00a0!<\/li>\n<li>Carrosserie en aluminium de qualit\u00e9 a\u00e9ronautique<\/li>\n<\/ul>\n<p>Nous avons en permanence plus de 2000 cl\u00e9s en stock, disponibles \u00e0 la vente et \u00e0 la location. Nous disposons \u00e9galement d&rsquo;une large gamme d\u2019accessoires.<\/p>\n<h3>La s\u00e9rie RT, une cl\u00e9 compacte<\/h3>\n<p>Cette s\u00e9rie offre une puissance de serrage remarquable ! Elle est compos\u00e9e de 9 mod\u00e8les de 75 Nm \u00e0 71 000 Nm.<\/p>\n<p>Le bras de r\u00e9action cannel\u00e9 rend la <strong>cl\u00e9 hydraulique<\/strong> RT plus compacte et permet au bras d&rsquo;avoir un point de r\u00e9action optimal pour un maximum de s\u00e9curit\u00e9.<\/p>\n<p>Elle est \u00e9quip\u00e9e de leviers de d\u00e9sengagements ext\u00e9rieurs permettant un d\u00e9blocage de la cl\u00e9 imm\u00e9diat.<\/p>\n<p>Sa carrosserie en aluminium int\u00e8gre un syst\u00e8me \u00e0 ressort absorbant l&rsquo;\u00e9nergie cin\u00e9tique. Ses pi\u00e8ces internes sont en acier Vascomax.<\/p>\n<p>Le carr\u00e9 conducteur cannel\u00e9 distribue la charge uniform\u00e9ment sur 360\u00b0. Le couple de serrage est pr\u00e9cis et le carr\u00e9 r\u00e9siste a des contraintes maximales.<\/p>\n<p>Nos cl\u00e9s hydrauliques RT sont livr\u00e9es avec un certificat d&rsquo;\u00e9talonnage raccord\u00e9 au r\u00e9seau M.L.A. pour vous garantir une parfaite tra\u00e7abilit\u00e9 internationale.<\/p>\n<h3>La s\u00e9rie RTX, pour un serrage contr\u00f4l\u00e9 de grande pr\u00e9cision<\/h3>\n<p>La plus grande gamme d&rsquo;hexagones au monde !<\/p>\n<p>Les cl\u00e9s hydrauliques RTX avec cartouches hexagonales sont con\u00e7ues pour effectuer du <strong>serrage contr\u00f4l\u00e9<\/strong> avec une pr\u00e9cision <strong>dynamom\u00e9trique<\/strong> de +\/- 3 %.<\/p>\n<p>La flexibilit\u00e9 est parfaite, entre puissance et c\u00f4te sur plat. L&rsquo;engagement de la cassette est automatique.<\/p>\n<p>La cl\u00e9 RTX dispose du plus faible rayon de sa cat\u00e9gorie ! Ce qui permet une op\u00e9ration dans les espaces les plus confin\u00e9s, les plus exigus. L\u00e0 o\u00f9 une cl\u00e9 \u00e0 frapper ne passe pas, les cl\u00e9s hydrauliques RTX se faufilent !<\/p>\n<p>Le design du swivel permet une op\u00e9ration s\u00fbre \u00e0 100%.<\/p>\n<p>Les cl\u00e9s hydrauliques RTX sont tout sp\u00e9cialement con\u00e7ues pour les brides API-6A et tous les \u00e9quipements en p\u00e9trochimie avec des tiges B7-8UN.<\/p>\n<p>En compl\u00e9ment, nous vous proposons des <a href=\"https:\/\/www.1bolting.com\/fr\/outils-de-serrage\/contre-cle\/\" target=\"_blank\" rel=\"noopener noreferrer\">contre-cl\u00e9s<\/a> pour des \u00e9crous de 19 \u00e0 195mm. C&rsquo;est l&rsquo;accessoire id\u00e9al pour emp\u00eacher \u00e0 l\u2019\u00e9crou oppos\u00e9 de tourner en m\u00eame temps que la vis ou la tige.<\/p>\n<p>Nous disposons \u00e9galement du plus grand stock de <a href=\"https:\/\/www.1bolting.com\/fr\/outils-de-serrage\/douilles-a-chocs\/\">douilles \u00e0 chocs<\/a> de Belgique et de France, pour accompagner vos cl\u00e9s hydrauliques.<\/p>\n<h4>Contactez-nous pour toute demande de prix.<\/h4>\n<div class=\"youtube\"><iframe src=\"https:\/\/www.youtube.com\/embed\/JftqHlLR5nE?rel=0\" width=\"560\" height=\"315\" frameborder=\"0\" allowfullscreen=\"allowfullscreen\"><span style=\"display: inline-block; width: 0px; overflow: hidden; line-height: 0;\" data-mce-type=\"bookmark\" class=\"mce_SELRES_start\">\ufeff<\/span><\/iframe><\/div>\n","protected":false},"excerpt":{"rendered":"<p>Cl\u00e9s hydrauliques Disponible \u00e0 la vente Disponible \u00e0 la location Les cl\u00e9s hydrauliques RT (\u00e0 carr\u00e9 conducteur) et RTX (\u00e0 cassettes) sont un standard haut de gamme utilis\u00e9 dans plus de 60 pays dans le monde Partenaire de First Bolting est L&rsquo;expert du serrage industriel. Nous avons une gamme compl\u00e8te de cl\u00e9s hydrauliques de serrage\/desserrage &hellip; <a href=\"https:\/\/www.1bolting.com\/fr\/outils-de-serrage\/cle-hydraulique\/\">Continued<\/a><\/p>\n","protected":false},"author":6,"featured_media":0,"parent":7,"menu_order":1,"comment_status":"closed","ping_status":"closed","template":"sub-nav-page-produit.php","meta":{"_acf_changed":false,"footnotes":""},"class_list":["post-289","page","type-page","status-publish","hentry","product_type-product"],"acf":[],"yoast_head":"<!-- This site is optimized with the Yoast SEO plugin v27.4 - https:\/\/yoast.com\/product\/yoast-seo-wordpress\/ -->\n<title>Cl\u00e9 Hydraulique - Sp\u00e9cialistes en Serrage Industriel<\/title>\n<meta name=\"description\" content=\"Besoin de cl\u00e9 hydraulique ? + 2000 cl\u00e9s hydrauliques dynamom\u00e9triques RT et RTX (Atlas Copco) en stock. Vente et location. Puissance de serrage allant de 100 \u00e0 71000 Nm.\" \/>\n<meta name=\"robots\" content=\"index, follow, max-snippet:-1, max-image-preview:large, max-video-preview:-1\" \/>\n<link rel=\"canonical\" href=\"https:\/\/www.1bolting.com\/fr\/outils-de-serrage\/cle-hydraulique\/\" \/>\n<meta property=\"og:locale\" content=\"fr_FR\" \/>\n<meta property=\"og:type\" content=\"article\" \/>\n<meta property=\"og:title\" content=\"Cl\u00e9 Hydraulique - Sp\u00e9cialistes en Serrage Industriel\" \/>\n<meta property=\"og:description\" content=\"Besoin de cl\u00e9 hydraulique ? + 2000 cl\u00e9s hydrauliques dynamom\u00e9triques RT et RTX (Atlas Copco) en stock. Vente et location. Puissance de serrage allant de 100 \u00e0 71000 Nm.\" \/>\n<meta property=\"og:url\" content=\"https:\/\/www.1bolting.com\/fr\/outils-de-serrage\/cle-hydraulique\/\" \/>\n<meta property=\"og:site_name\" content=\"1st Bolting\" \/>\n<meta property=\"article:modified_time\" content=\"2022-01-18T08:40:42+00:00\" \/>\n<meta property=\"og:image\" content=\"https:\/\/www.1bolting.com\/wp-content\/uploads\/2020\/11\/logo-atlas-cop-co-partenaire-first-bolting.png\" \/>\n<meta name=\"twitter:card\" content=\"summary_large_image\" \/>\n<meta name=\"twitter:label1\" content=\"Dur\u00e9e de lecture estim\u00e9e\" \/>\n\t<meta name=\"twitter:data1\" content=\"3 minutes\" \/>\n<script type=\"application\/ld+json\" class=\"yoast-schema-graph\">{\"@context\":\"https:\\\/\\\/schema.org\",\"@graph\":[{\"@type\":\"WebPage\",\"@id\":\"https:\\\/\\\/www.1bolting.com\\\/fr\\\/outils-de-serrage\\\/cle-hydraulique\\\/\",\"url\":\"https:\\\/\\\/www.1bolting.com\\\/fr\\\/outils-de-serrage\\\/cle-hydraulique\\\/\",\"name\":\"Cl\u00e9 Hydraulique - Sp\u00e9cialistes en Serrage Industriel\",\"isPartOf\":{\"@id\":\"https:\\\/\\\/www.1bolting.com\\\/fr\\\/#website\"},\"primaryImageOfPage\":{\"@id\":\"https:\\\/\\\/www.1bolting.com\\\/fr\\\/outils-de-serrage\\\/cle-hydraulique\\\/#primaryimage\"},\"image\":{\"@id\":\"https:\\\/\\\/www.1bolting.com\\\/fr\\\/outils-de-serrage\\\/cle-hydraulique\\\/#primaryimage\"},\"thumbnailUrl\":\"https:\\\/\\\/www.1bolting.com\\\/wp-content\\\/uploads\\\/2020\\\/11\\\/logo-atlas-cop-co-partenaire-first-bolting.png\",\"datePublished\":\"2015-09-25T07:26:40+00:00\",\"dateModified\":\"2022-01-18T08:40:42+00:00\",\"description\":\"Besoin de cl\u00e9 hydraulique ? + 2000 cl\u00e9s hydrauliques dynamom\u00e9triques RT et RTX (Atlas Copco) en stock. Vente et location. Puissance de serrage allant de 100 \u00e0 71000 Nm.\",\"breadcrumb\":{\"@id\":\"https:\\\/\\\/www.1bolting.com\\\/fr\\\/outils-de-serrage\\\/cle-hydraulique\\\/#breadcrumb\"},\"inLanguage\":\"fr-FR\",\"potentialAction\":[{\"@type\":\"ReadAction\",\"target\":[\"https:\\\/\\\/www.1bolting.com\\\/fr\\\/outils-de-serrage\\\/cle-hydraulique\\\/\"]}]},{\"@type\":\"ImageObject\",\"inLanguage\":\"fr-FR\",\"@id\":\"https:\\\/\\\/www.1bolting.com\\\/fr\\\/outils-de-serrage\\\/cle-hydraulique\\\/#primaryimage\",\"url\":\"https:\\\/\\\/www.1bolting.com\\\/wp-content\\\/uploads\\\/2020\\\/11\\\/logo-atlas-cop-co-partenaire-first-bolting.png\",\"contentUrl\":\"https:\\\/\\\/www.1bolting.com\\\/wp-content\\\/uploads\\\/2020\\\/11\\\/logo-atlas-cop-co-partenaire-first-bolting.png\"},{\"@type\":\"BreadcrumbList\",\"@id\":\"https:\\\/\\\/www.1bolting.com\\\/fr\\\/outils-de-serrage\\\/cle-hydraulique\\\/#breadcrumb\",\"itemListElement\":[{\"@type\":\"ListItem\",\"position\":1,\"name\":\"Accueil\",\"item\":\"https:\\\/\\\/www.1bolting.com\\\/fr\\\/\"},{\"@type\":\"ListItem\",\"position\":2,\"name\":\"Outils de Serrage\",\"item\":\"https:\\\/\\\/www.1bolting.com\\\/fr\\\/outils-de-serrage\\\/\"},{\"@type\":\"ListItem\",\"position\":3,\"name\":\"Cl\u00e9s hydrauliques RT &#038; RTX\"}]},{\"@type\":\"WebSite\",\"@id\":\"https:\\\/\\\/www.1bolting.com\\\/fr\\\/#website\",\"url\":\"https:\\\/\\\/www.1bolting.com\\\/fr\\\/\",\"name\":\"1st Bolting\",\"description\":\"Sp\u00e9cialiste en solutions de serrage\",\"publisher\":{\"@id\":\"https:\\\/\\\/www.1bolting.com\\\/fr\\\/#organization\"},\"potentialAction\":[{\"@type\":\"SearchAction\",\"target\":{\"@type\":\"EntryPoint\",\"urlTemplate\":\"https:\\\/\\\/www.1bolting.com\\\/fr\\\/?s={search_term_string}\"},\"query-input\":{\"@type\":\"PropertyValueSpecification\",\"valueRequired\":true,\"valueName\":\"search_term_string\"}}],\"inLanguage\":\"fr-FR\"},{\"@type\":\"Organization\",\"@id\":\"https:\\\/\\\/www.1bolting.com\\\/fr\\\/#organization\",\"name\":\"First Bolting\",\"url\":\"https:\\\/\\\/www.1bolting.com\\\/fr\\\/\",\"logo\":{\"@type\":\"ImageObject\",\"inLanguage\":\"fr-FR\",\"@id\":\"https:\\\/\\\/www.1bolting.com\\\/fr\\\/#\\\/schema\\\/logo\\\/image\\\/\",\"url\":\"https:\\\/\\\/www.1bolting.com\\\/wp-content\\\/uploads\\\/2020\\\/11\\\/logo-flyer.png\",\"contentUrl\":\"https:\\\/\\\/www.1bolting.com\\\/wp-content\\\/uploads\\\/2020\\\/11\\\/logo-flyer.png\",\"width\":300,\"height\":180,\"caption\":\"First Bolting\"},\"image\":{\"@id\":\"https:\\\/\\\/www.1bolting.com\\\/fr\\\/#\\\/schema\\\/logo\\\/image\\\/\"}}]}<\/script>\n<!-- \/ Yoast SEO plugin. -->","yoast_head_json":{"title":"Cl\u00e9 Hydraulique - Sp\u00e9cialistes en Serrage Industriel","description":"Besoin de cl\u00e9 hydraulique ? + 2000 cl\u00e9s hydrauliques dynamom\u00e9triques RT et RTX (Atlas Copco) en stock. Vente et location. Puissance de serrage allant de 100 \u00e0 71000 Nm.","robots":{"index":"index","follow":"follow","max-snippet":"max-snippet:-1","max-image-preview":"max-image-preview:large","max-video-preview":"max-video-preview:-1"},"canonical":"https:\/\/www.1bolting.com\/fr\/outils-de-serrage\/cle-hydraulique\/","og_locale":"fr_FR","og_type":"article","og_title":"Cl\u00e9 Hydraulique - Sp\u00e9cialistes en Serrage Industriel","og_description":"Besoin de cl\u00e9 hydraulique ? + 2000 cl\u00e9s hydrauliques dynamom\u00e9triques RT et RTX (Atlas Copco) en stock. Vente et location. Puissance de serrage allant de 100 \u00e0 71000 Nm.","og_url":"https:\/\/www.1bolting.com\/fr\/outils-de-serrage\/cle-hydraulique\/","og_site_name":"1st Bolting","article_modified_time":"2022-01-18T08:40:42+00:00","og_image":[{"url":"https:\/\/www.1bolting.com\/wp-content\/uploads\/2020\/11\/logo-atlas-cop-co-partenaire-first-bolting.png","type":"","width":"","height":""}],"twitter_card":"summary_large_image","twitter_misc":{"Dur\u00e9e de lecture estim\u00e9e":"3 minutes"},"schema":{"@context":"https:\/\/schema.org","@graph":[{"@type":"WebPage","@id":"https:\/\/www.1bolting.com\/fr\/outils-de-serrage\/cle-hydraulique\/","url":"https:\/\/www.1bolting.com\/fr\/outils-de-serrage\/cle-hydraulique\/","name":"Cl\u00e9 Hydraulique - Sp\u00e9cialistes en Serrage Industriel","isPartOf":{"@id":"https:\/\/www.1bolting.com\/fr\/#website"},"primaryImageOfPage":{"@id":"https:\/\/www.1bolting.com\/fr\/outils-de-serrage\/cle-hydraulique\/#primaryimage"},"image":{"@id":"https:\/\/www.1bolting.com\/fr\/outils-de-serrage\/cle-hydraulique\/#primaryimage"},"thumbnailUrl":"https:\/\/www.1bolting.com\/wp-content\/uploads\/2020\/11\/logo-atlas-cop-co-partenaire-first-bolting.png","datePublished":"2015-09-25T07:26:40+00:00","dateModified":"2022-01-18T08:40:42+00:00","description":"Besoin de cl\u00e9 hydraulique ? + 2000 cl\u00e9s hydrauliques dynamom\u00e9triques RT et RTX (Atlas Copco) en stock. Vente et location. Puissance de serrage allant de 100 \u00e0 71000 Nm.","breadcrumb":{"@id":"https:\/\/www.1bolting.com\/fr\/outils-de-serrage\/cle-hydraulique\/#breadcrumb"},"inLanguage":"fr-FR","potentialAction":[{"@type":"ReadAction","target":["https:\/\/www.1bolting.com\/fr\/outils-de-serrage\/cle-hydraulique\/"]}]},{"@type":"ImageObject","inLanguage":"fr-FR","@id":"https:\/\/www.1bolting.com\/fr\/outils-de-serrage\/cle-hydraulique\/#primaryimage","url":"https:\/\/www.1bolting.com\/wp-content\/uploads\/2020\/11\/logo-atlas-cop-co-partenaire-first-bolting.png","contentUrl":"https:\/\/www.1bolting.com\/wp-content\/uploads\/2020\/11\/logo-atlas-cop-co-partenaire-first-bolting.png"},{"@type":"BreadcrumbList","@id":"https:\/\/www.1bolting.com\/fr\/outils-de-serrage\/cle-hydraulique\/#breadcrumb","itemListElement":[{"@type":"ListItem","position":1,"name":"Accueil","item":"https:\/\/www.1bolting.com\/fr\/"},{"@type":"ListItem","position":2,"name":"Outils de Serrage","item":"https:\/\/www.1bolting.com\/fr\/outils-de-serrage\/"},{"@type":"ListItem","position":3,"name":"Cl\u00e9s hydrauliques RT &#038; RTX"}]},{"@type":"WebSite","@id":"https:\/\/www.1bolting.com\/fr\/#website","url":"https:\/\/www.1bolting.com\/fr\/","name":"1st Bolting","description":"Sp\u00e9cialiste en solutions de serrage","publisher":{"@id":"https:\/\/www.1bolting.com\/fr\/#organization"},"potentialAction":[{"@type":"SearchAction","target":{"@type":"EntryPoint","urlTemplate":"https:\/\/www.1bolting.com\/fr\/?s={search_term_string}"},"query-input":{"@type":"PropertyValueSpecification","valueRequired":true,"valueName":"search_term_string"}}],"inLanguage":"fr-FR"},{"@type":"Organization","@id":"https:\/\/www.1bolting.com\/fr\/#organization","name":"First Bolting","url":"https:\/\/www.1bolting.com\/fr\/","logo":{"@type":"ImageObject","inLanguage":"fr-FR","@id":"https:\/\/www.1bolting.com\/fr\/#\/schema\/logo\/image\/","url":"https:\/\/www.1bolting.com\/wp-content\/uploads\/2020\/11\/logo-flyer.png","contentUrl":"https:\/\/www.1bolting.com\/wp-content\/uploads\/2020\/11\/logo-flyer.png","width":300,"height":180,"caption":"First Bolting"},"image":{"@id":"https:\/\/www.1bolting.com\/fr\/#\/schema\/logo\/image\/"}}]}},"_links":{"self":[{"href":"https:\/\/www.1bolting.com\/fr\/wp-json\/wp\/v2\/pages\/289","targetHints":{"allow":["GET"]}}],"collection":[{"href":"https:\/\/www.1bolting.com\/fr\/wp-json\/wp\/v2\/pages"}],"about":[{"href":"https:\/\/www.1bolting.com\/fr\/wp-json\/wp\/v2\/types\/page"}],"author":[{"embeddable":true,"href":"https:\/\/www.1bolting.com\/fr\/wp-json\/wp\/v2\/users\/6"}],"replies":[{"embeddable":true,"href":"https:\/\/www.1bolting.com\/fr\/wp-json\/wp\/v2\/comments?post=289"}],"version-history":[{"count":76,"href":"https:\/\/www.1bolting.com\/fr\/wp-json\/wp\/v2\/pages\/289\/revisions"}],"predecessor-version":[{"id":5227,"href":"https:\/\/www.1bolting.com\/fr\/wp-json\/wp\/v2\/pages\/289\/revisions\/5227"}],"up":[{"embeddable":true,"href":"https:\/\/www.1bolting.com\/fr\/wp-json\/wp\/v2\/pages\/7"}],"wp:attachment":[{"href":"https:\/\/www.1bolting.com\/fr\/wp-json\/wp\/v2\/media?parent=289"}],"curies":[{"name":"wp","href":"https:\/\/api.w.org\/{rel}","templated":true}]}}