{"id":320,"date":"2015-09-25T09:31:16","date_gmt":"2015-09-25T08:31:16","guid":{"rendered":"http:\/\/1stbolting.superstrong-studio.be\/?page_id=320"},"modified":"2021-09-10T15:52:37","modified_gmt":"2021-09-10T14:52:37","slug":"visseuse-pneumatique-industrielle","status":"publish","type":"page","link":"https:\/\/www.1bolting.com\/fr\/outils-de-serrage\/visseuse-pneumatique-industrielle\/","title":{"rendered":"Visseuses pneumatiques RTP"},"content":{"rendered":"<h1>Visseuses pneumatiques industrielles<\/h1>\n<div class=\"fiche-vente-location\">\n<div class=\"fiche-vente\">Disponible \u00e0 la vente<\/div>\n<div class=\"fiche-location\">Disponible \u00e0 la location<\/div>\n<\/div>\n<h2>Vous serrez ou desserrez des tiges et vis de grosses dimensions ? Adoptez ces visseuses pneumatiques industrielles l\u00e9g\u00e8res et compactes d\u2019Atlas Copco qui vous permettront d&rsquo;accro\u00eetre votre productivit\u00e9. Le serrage contr\u00f4l\u00e9 \u00e0 port\u00e9e de votre main jusque 8100 Nm !<\/h2>\n<p>La <strong>boulonneuse pneumatique<\/strong> RTP est con\u00e7ue pour des applications de boulonnage li\u00e9es aux brides et d&rsquo;autres applications de boulonnage, comme par exemple les secteurs du p\u00e9trole et du gaz, de la production d&rsquo;\u00e9lectricit\u00e9 et de l&rsquo;\u00e9nergie \u00e9olienne.<\/p>\n<p>Atlas Copco a mis \u00e0 profit dans ces visseuses RTP des d\u00e9cennies d\u2019exp\u00e9riences en moteurs air et boitiers d\u00e9multiplicateur.<\/p>\n<p>Un couple \u00e9lev\u00e9 et une longue dur\u00e9e de vie dans un design compact donnent au mod\u00e8le RTP une longueur d\u2019avance. Efficaces et ergonomiques, ces <strong>visseuses pneumatiques industrielles<\/strong> augmentent votre productivit\u00e9 en toute s\u00e9curit\u00e9.<\/p>\n<p>Ces mod\u00e8les sont pr\u00e9vus pour des boulons de 20 \u00e0 52mm.<\/p>\n<p>Nous proposons \u00e9galement des accessoires optionnels, tels que bras de suspension ou de r\u00e9action, protections de g\u00e2chette, pivots multiflex&#8230; Par ailleurs, notre catalogue comprend des kits de service.<\/p>\n<h3>Pourquoi choisir nos visseuses pneumatiques industrielles ?<\/h3>\n<ul>\n<li>Excellente accessibilit\u00e9<\/li>\n<li>Haute pr\u00e9cision<\/li>\n<li>Flexible et s\u00fbre<\/li>\n<li>Ergonomique et facile d\u2019utilisation<\/li>\n<\/ul>\n<p>Retrouvez ci-dessous les sp\u00e9cifications techniques des produits disponibles, afin de vous aider dans votre choix. N&rsquo;h\u00e9sitez pas \u00e0 nous contacter pour tout conseil.<\/p>\n","protected":false},"excerpt":{"rendered":"<p>Visseuses pneumatiques industrielles Disponible \u00e0 la vente Disponible \u00e0 la location Vous serrez ou desserrez des tiges et vis de grosses dimensions ? Adoptez ces visseuses pneumatiques industrielles l\u00e9g\u00e8res et compactes d\u2019Atlas Copco qui vous permettront d&rsquo;accro\u00eetre votre productivit\u00e9. Le serrage contr\u00f4l\u00e9 \u00e0 port\u00e9e de votre main jusque 8100 Nm ! La boulonneuse pneumatique RTP &hellip; <a href=\"https:\/\/www.1bolting.com\/fr\/outils-de-serrage\/visseuse-pneumatique-industrielle\/\">Continued<\/a><\/p>\n","protected":false},"author":6,"featured_media":0,"parent":7,"menu_order":3,"comment_status":"closed","ping_status":"closed","template":"sub-nav-page-produit.php","meta":{"_acf_changed":false,"footnotes":""},"class_list":["post-320","page","type-page","status-publish","hentry","product_type-product"],"acf":[],"yoast_head":"<!-- This site is optimized with the Yoast SEO plugin v27.4 - https:\/\/yoast.com\/product\/yoast-seo-wordpress\/ -->\n<title>Visseuse Pneumatique Industrielle - Sp\u00e9cialistes en Serrage Industriel<\/title>\n<meta name=\"description\" content=\"Vente et location de visseuse pneumatique industrielle, destin\u00e9e au serrage contr\u00f4l\u00e9 jusque 8100 Nm. Disponible chez First Bolting. Haute pr\u00e9cision, flexibilit\u00e9 et ergonomie.\" \/>\n<meta name=\"robots\" content=\"index, follow, max-snippet:-1, max-image-preview:large, max-video-preview:-1\" \/>\n<link rel=\"canonical\" href=\"https:\/\/www.1bolting.com\/fr\/outils-de-serrage\/visseuse-pneumatique-industrielle\/\" \/>\n<meta property=\"og:locale\" content=\"fr_FR\" \/>\n<meta property=\"og:type\" content=\"article\" \/>\n<meta property=\"og:title\" content=\"Visseuse Pneumatique Industrielle - Sp\u00e9cialistes en Serrage Industriel\" \/>\n<meta property=\"og:description\" content=\"Vente et location de visseuse pneumatique industrielle, destin\u00e9e au serrage contr\u00f4l\u00e9 jusque 8100 Nm. Disponible chez First Bolting. Haute pr\u00e9cision, flexibilit\u00e9 et ergonomie.\" \/>\n<meta property=\"og:url\" content=\"https:\/\/www.1bolting.com\/fr\/outils-de-serrage\/visseuse-pneumatique-industrielle\/\" \/>\n<meta property=\"og:site_name\" content=\"1st Bolting\" \/>\n<meta property=\"article:modified_time\" content=\"2021-09-10T14:52:37+00:00\" \/>\n<meta name=\"twitter:card\" content=\"summary_large_image\" \/>\n<meta name=\"twitter:label1\" content=\"Dur\u00e9e de lecture estim\u00e9e\" \/>\n\t<meta name=\"twitter:data1\" content=\"1 minute\" \/>\n<script type=\"application\/ld+json\" class=\"yoast-schema-graph\">{\"@context\":\"https:\\\/\\\/schema.org\",\"@graph\":[{\"@type\":\"WebPage\",\"@id\":\"https:\\\/\\\/www.1bolting.com\\\/fr\\\/outils-de-serrage\\\/visseuse-pneumatique-industrielle\\\/\",\"url\":\"https:\\\/\\\/www.1bolting.com\\\/fr\\\/outils-de-serrage\\\/visseuse-pneumatique-industrielle\\\/\",\"name\":\"Visseuse Pneumatique Industrielle - Sp\u00e9cialistes en Serrage Industriel\",\"isPartOf\":{\"@id\":\"https:\\\/\\\/www.1bolting.com\\\/fr\\\/#website\"},\"datePublished\":\"2015-09-25T08:31:16+00:00\",\"dateModified\":\"2021-09-10T14:52:37+00:00\",\"description\":\"Vente et location de visseuse pneumatique industrielle, destin\u00e9e au serrage contr\u00f4l\u00e9 jusque 8100 Nm. Disponible chez First Bolting. Haute pr\u00e9cision, flexibilit\u00e9 et ergonomie.\",\"breadcrumb\":{\"@id\":\"https:\\\/\\\/www.1bolting.com\\\/fr\\\/outils-de-serrage\\\/visseuse-pneumatique-industrielle\\\/#breadcrumb\"},\"inLanguage\":\"fr-FR\",\"potentialAction\":[{\"@type\":\"ReadAction\",\"target\":[\"https:\\\/\\\/www.1bolting.com\\\/fr\\\/outils-de-serrage\\\/visseuse-pneumatique-industrielle\\\/\"]}]},{\"@type\":\"BreadcrumbList\",\"@id\":\"https:\\\/\\\/www.1bolting.com\\\/fr\\\/outils-de-serrage\\\/visseuse-pneumatique-industrielle\\\/#breadcrumb\",\"itemListElement\":[{\"@type\":\"ListItem\",\"position\":1,\"name\":\"Accueil\",\"item\":\"https:\\\/\\\/www.1bolting.com\\\/fr\\\/\"},{\"@type\":\"ListItem\",\"position\":2,\"name\":\"Outils de Serrage\",\"item\":\"https:\\\/\\\/www.1bolting.com\\\/fr\\\/outils-de-serrage\\\/\"},{\"@type\":\"ListItem\",\"position\":3,\"name\":\"Visseuses pneumatiques RTP\"}]},{\"@type\":\"WebSite\",\"@id\":\"https:\\\/\\\/www.1bolting.com\\\/fr\\\/#website\",\"url\":\"https:\\\/\\\/www.1bolting.com\\\/fr\\\/\",\"name\":\"1st Bolting\",\"description\":\"Sp\u00e9cialiste en solutions de serrage\",\"publisher\":{\"@id\":\"https:\\\/\\\/www.1bolting.com\\\/fr\\\/#organization\"},\"potentialAction\":[{\"@type\":\"SearchAction\",\"target\":{\"@type\":\"EntryPoint\",\"urlTemplate\":\"https:\\\/\\\/www.1bolting.com\\\/fr\\\/?s={search_term_string}\"},\"query-input\":{\"@type\":\"PropertyValueSpecification\",\"valueRequired\":true,\"valueName\":\"search_term_string\"}}],\"inLanguage\":\"fr-FR\"},{\"@type\":\"Organization\",\"@id\":\"https:\\\/\\\/www.1bolting.com\\\/fr\\\/#organization\",\"name\":\"First Bolting\",\"url\":\"https:\\\/\\\/www.1bolting.com\\\/fr\\\/\",\"logo\":{\"@type\":\"ImageObject\",\"inLanguage\":\"fr-FR\",\"@id\":\"https:\\\/\\\/www.1bolting.com\\\/fr\\\/#\\\/schema\\\/logo\\\/image\\\/\",\"url\":\"https:\\\/\\\/www.1bolting.com\\\/wp-content\\\/uploads\\\/2020\\\/11\\\/logo-flyer.png\",\"contentUrl\":\"https:\\\/\\\/www.1bolting.com\\\/wp-content\\\/uploads\\\/2020\\\/11\\\/logo-flyer.png\",\"width\":300,\"height\":180,\"caption\":\"First Bolting\"},\"image\":{\"@id\":\"https:\\\/\\\/www.1bolting.com\\\/fr\\\/#\\\/schema\\\/logo\\\/image\\\/\"}}]}<\/script>\n<!-- \/ Yoast SEO plugin. -->","yoast_head_json":{"title":"Visseuse Pneumatique Industrielle - Sp\u00e9cialistes en Serrage Industriel","description":"Vente et location de visseuse pneumatique industrielle, destin\u00e9e au serrage contr\u00f4l\u00e9 jusque 8100 Nm. Disponible chez First Bolting. Haute pr\u00e9cision, flexibilit\u00e9 et ergonomie.","robots":{"index":"index","follow":"follow","max-snippet":"max-snippet:-1","max-image-preview":"max-image-preview:large","max-video-preview":"max-video-preview:-1"},"canonical":"https:\/\/www.1bolting.com\/fr\/outils-de-serrage\/visseuse-pneumatique-industrielle\/","og_locale":"fr_FR","og_type":"article","og_title":"Visseuse Pneumatique Industrielle - Sp\u00e9cialistes en Serrage Industriel","og_description":"Vente et location de visseuse pneumatique industrielle, destin\u00e9e au serrage contr\u00f4l\u00e9 jusque 8100 Nm. Disponible chez First Bolting. Haute pr\u00e9cision, flexibilit\u00e9 et ergonomie.","og_url":"https:\/\/www.1bolting.com\/fr\/outils-de-serrage\/visseuse-pneumatique-industrielle\/","og_site_name":"1st Bolting","article_modified_time":"2021-09-10T14:52:37+00:00","twitter_card":"summary_large_image","twitter_misc":{"Dur\u00e9e de lecture estim\u00e9e":"1 minute"},"schema":{"@context":"https:\/\/schema.org","@graph":[{"@type":"WebPage","@id":"https:\/\/www.1bolting.com\/fr\/outils-de-serrage\/visseuse-pneumatique-industrielle\/","url":"https:\/\/www.1bolting.com\/fr\/outils-de-serrage\/visseuse-pneumatique-industrielle\/","name":"Visseuse Pneumatique Industrielle - Sp\u00e9cialistes en Serrage Industriel","isPartOf":{"@id":"https:\/\/www.1bolting.com\/fr\/#website"},"datePublished":"2015-09-25T08:31:16+00:00","dateModified":"2021-09-10T14:52:37+00:00","description":"Vente et location de visseuse pneumatique industrielle, destin\u00e9e au serrage contr\u00f4l\u00e9 jusque 8100 Nm. Disponible chez First Bolting. Haute pr\u00e9cision, flexibilit\u00e9 et ergonomie.","breadcrumb":{"@id":"https:\/\/www.1bolting.com\/fr\/outils-de-serrage\/visseuse-pneumatique-industrielle\/#breadcrumb"},"inLanguage":"fr-FR","potentialAction":[{"@type":"ReadAction","target":["https:\/\/www.1bolting.com\/fr\/outils-de-serrage\/visseuse-pneumatique-industrielle\/"]}]},{"@type":"BreadcrumbList","@id":"https:\/\/www.1bolting.com\/fr\/outils-de-serrage\/visseuse-pneumatique-industrielle\/#breadcrumb","itemListElement":[{"@type":"ListItem","position":1,"name":"Accueil","item":"https:\/\/www.1bolting.com\/fr\/"},{"@type":"ListItem","position":2,"name":"Outils de Serrage","item":"https:\/\/www.1bolting.com\/fr\/outils-de-serrage\/"},{"@type":"ListItem","position":3,"name":"Visseuses pneumatiques RTP"}]},{"@type":"WebSite","@id":"https:\/\/www.1bolting.com\/fr\/#website","url":"https:\/\/www.1bolting.com\/fr\/","name":"1st Bolting","description":"Sp\u00e9cialiste en solutions de serrage","publisher":{"@id":"https:\/\/www.1bolting.com\/fr\/#organization"},"potentialAction":[{"@type":"SearchAction","target":{"@type":"EntryPoint","urlTemplate":"https:\/\/www.1bolting.com\/fr\/?s={search_term_string}"},"query-input":{"@type":"PropertyValueSpecification","valueRequired":true,"valueName":"search_term_string"}}],"inLanguage":"fr-FR"},{"@type":"Organization","@id":"https:\/\/www.1bolting.com\/fr\/#organization","name":"First Bolting","url":"https:\/\/www.1bolting.com\/fr\/","logo":{"@type":"ImageObject","inLanguage":"fr-FR","@id":"https:\/\/www.1bolting.com\/fr\/#\/schema\/logo\/image\/","url":"https:\/\/www.1bolting.com\/wp-content\/uploads\/2020\/11\/logo-flyer.png","contentUrl":"https:\/\/www.1bolting.com\/wp-content\/uploads\/2020\/11\/logo-flyer.png","width":300,"height":180,"caption":"First Bolting"},"image":{"@id":"https:\/\/www.1bolting.com\/fr\/#\/schema\/logo\/image\/"}}]}},"_links":{"self":[{"href":"https:\/\/www.1bolting.com\/fr\/wp-json\/wp\/v2\/pages\/320","targetHints":{"allow":["GET"]}}],"collection":[{"href":"https:\/\/www.1bolting.com\/fr\/wp-json\/wp\/v2\/pages"}],"about":[{"href":"https:\/\/www.1bolting.com\/fr\/wp-json\/wp\/v2\/types\/page"}],"author":[{"embeddable":true,"href":"https:\/\/www.1bolting.com\/fr\/wp-json\/wp\/v2\/users\/6"}],"replies":[{"embeddable":true,"href":"https:\/\/www.1bolting.com\/fr\/wp-json\/wp\/v2\/comments?post=320"}],"version-history":[{"count":41,"href":"https:\/\/www.1bolting.com\/fr\/wp-json\/wp\/v2\/pages\/320\/revisions"}],"predecessor-version":[{"id":5214,"href":"https:\/\/www.1bolting.com\/fr\/wp-json\/wp\/v2\/pages\/320\/revisions\/5214"}],"up":[{"embeddable":true,"href":"https:\/\/www.1bolting.com\/fr\/wp-json\/wp\/v2\/pages\/7"}],"wp:attachment":[{"href":"https:\/\/www.1bolting.com\/fr\/wp-json\/wp\/v2\/media?parent=320"}],"curies":[{"name":"wp","href":"https:\/\/api.w.org\/{rel}","templated":true}]}}