{"id":322,"date":"2015-09-25T09:32:28","date_gmt":"2015-09-25T08:32:28","guid":{"rendered":"http:\/\/1stbolting.superstrong-studio.be\/?page_id=322"},"modified":"2021-09-10T15:50:12","modified_gmt":"2021-09-10T14:50:12","slug":"boulonneuses-a-chocs","status":"publish","type":"page","link":"https:\/\/www.1bolting.com\/fr\/outils-de-serrage\/boulonneuses-a-chocs\/","title":{"rendered":"Boulonneuses \u00e0 chocs LMS"},"content":{"rendered":"<h1>Boulonneuses \u00e0 chocs<\/h1>\n<div class=\"fiche-vente-location\">\n<div class=\"fiche-vente\">Disponible \u00e0 la vente<\/div>\n<div class=\"fiche-location\">Disponible \u00e0 la location<\/div>\n<\/div>\n<h2>Les boulonneuses \u00e0 chocs d&rsquo;Atlas Copco sont con\u00e7ues pour garantir qualit\u00e9 et fiabilit\u00e9 dans les conditions les plus difficiles de serrage contr\u00f4l\u00e9 en milieu industriel<\/h2>\n<p>Facilitez-vous le travail !<br \/>\nRares sont les outils qui peuvent rivaliser avec les <strong>cl\u00e9s \u00e0 chocs<\/strong> d&rsquo;Atlas Copco en termes de flexibilit\u00e9, de rapport puissance\/poids et de simplicit\u00e9 d&rsquo;utilisation ainsi que d&rsquo;entretien.<br \/>\nLa puissance du moteur et l&rsquo;efficacit\u00e9 de l&#8217;embrayage assurent des performances optimales, tout en assurant des bo\u00eetiers de faible poids et robustes.<br \/>\nLe mod\u00e8le LMS est une <strong>boulonneuse \u00e0 chocs<\/strong> sans coupure (elle s&rsquo;arr\u00eate d\u00e8s que l&rsquo;op\u00e9rateur rel\u00e2che la g\u00e2chette) avec une puissance extraordinaire et ne g\u00e9n\u00e8re pratiquement aucune force de r\u00e9action pendant le serrage. Elle est g\u00e9n\u00e9ralement utilis\u00e9e lorsque le serrage ou le d\u00e9montage rapide est n\u00e9cessaire.<\/p>\n<h3>Caract\u00e9ristiques et avantages des boulonneuses \u00e0 chocs LMS<\/h3>\n<ul>\n<li>D\u00e9montage et serrage rapides<\/li>\n<li>Force de r\u00e9action n\u00e9gligeable<\/li>\n<li>Faible poids<\/li>\n<li>Rapport poids\/puissance \u00e9lev\u00e9<\/li>\n<li>G\u00e2chette \u00e0 d\u00e9marrage progressif<\/li>\n<li>GRS, syst\u00e8me de conservation de la graisse (Grease Retaining System)<\/li>\n<\/ul>\n<p>Nous vous invitons \u00e0 d\u00e9couvrir ci-dessous les mod\u00e8les disponibles, ainsi que leurs principales caract\u00e9ristiques.<br \/>\nAussi, afin de vous offrir une solution compl\u00e8te, nous avons \u00e0 votre disposition un important stock de <a href=\"https:\/\/www.1bolting.com\/fr\/outils-de-serrage\/douilles-a-chocs\/\">douilles \u00e0 chocs<\/a>.<\/p>\n","protected":false},"excerpt":{"rendered":"<p>Boulonneuses \u00e0 chocs Disponible \u00e0 la vente Disponible \u00e0 la location Les boulonneuses \u00e0 chocs d&rsquo;Atlas Copco sont con\u00e7ues pour garantir qualit\u00e9 et fiabilit\u00e9 dans les conditions les plus difficiles de serrage contr\u00f4l\u00e9 en milieu industriel Facilitez-vous le travail ! Rares sont les outils qui peuvent rivaliser avec les cl\u00e9s \u00e0 chocs d&rsquo;Atlas Copco en &hellip; <a href=\"https:\/\/www.1bolting.com\/fr\/outils-de-serrage\/boulonneuses-a-chocs\/\">Continued<\/a><\/p>\n","protected":false},"author":6,"featured_media":0,"parent":7,"menu_order":4,"comment_status":"closed","ping_status":"closed","template":"sub-nav-page-produit.php","meta":{"_acf_changed":false,"footnotes":""},"class_list":["post-322","page","type-page","status-publish","hentry","product_type-product"],"acf":[],"yoast_head":"<!-- This site is optimized with the Yoast SEO plugin v27.4 - https:\/\/yoast.com\/product\/yoast-seo-wordpress\/ -->\n<title>Boulonneuses \u00e0 Chocs - Sp\u00e9cialistes en Serrage Industriel<\/title>\n<meta name=\"description\" content=\"First Bolting, sp\u00e9cialiste du serrage industriel, vous propose les boulonneuses \u00e0 chocs LMS d&#039;Atlas Copco. Ces cl\u00e9s \u00e0 chocs permettent un travail rapide, dans les meilleures conditions.\" \/>\n<meta name=\"robots\" content=\"index, follow, max-snippet:-1, max-image-preview:large, max-video-preview:-1\" \/>\n<link rel=\"canonical\" href=\"https:\/\/www.1bolting.com\/fr\/outils-de-serrage\/boulonneuses-a-chocs\/\" \/>\n<meta property=\"og:locale\" content=\"fr_FR\" \/>\n<meta property=\"og:type\" content=\"article\" \/>\n<meta property=\"og:title\" content=\"Boulonneuses \u00e0 Chocs - Sp\u00e9cialistes en Serrage Industriel\" \/>\n<meta property=\"og:description\" content=\"First Bolting, sp\u00e9cialiste du serrage industriel, vous propose les boulonneuses \u00e0 chocs LMS d&#039;Atlas Copco. Ces cl\u00e9s \u00e0 chocs permettent un travail rapide, dans les meilleures conditions.\" \/>\n<meta property=\"og:url\" content=\"https:\/\/www.1bolting.com\/fr\/outils-de-serrage\/boulonneuses-a-chocs\/\" \/>\n<meta property=\"og:site_name\" content=\"1st Bolting\" \/>\n<meta property=\"article:modified_time\" content=\"2021-09-10T14:50:12+00:00\" \/>\n<meta name=\"twitter:card\" content=\"summary_large_image\" \/>\n<meta name=\"twitter:label1\" content=\"Dur\u00e9e de lecture estim\u00e9e\" \/>\n\t<meta name=\"twitter:data1\" content=\"1 minute\" \/>\n<script type=\"application\/ld+json\" class=\"yoast-schema-graph\">{\"@context\":\"https:\\\/\\\/schema.org\",\"@graph\":[{\"@type\":\"WebPage\",\"@id\":\"https:\\\/\\\/www.1bolting.com\\\/fr\\\/outils-de-serrage\\\/boulonneuses-a-chocs\\\/\",\"url\":\"https:\\\/\\\/www.1bolting.com\\\/fr\\\/outils-de-serrage\\\/boulonneuses-a-chocs\\\/\",\"name\":\"Boulonneuses \u00e0 Chocs - Sp\u00e9cialistes en Serrage Industriel\",\"isPartOf\":{\"@id\":\"https:\\\/\\\/www.1bolting.com\\\/fr\\\/#website\"},\"datePublished\":\"2015-09-25T08:32:28+00:00\",\"dateModified\":\"2021-09-10T14:50:12+00:00\",\"description\":\"First Bolting, sp\u00e9cialiste du serrage industriel, vous propose les boulonneuses \u00e0 chocs LMS d'Atlas Copco. Ces cl\u00e9s \u00e0 chocs permettent un travail rapide, dans les meilleures conditions.\",\"breadcrumb\":{\"@id\":\"https:\\\/\\\/www.1bolting.com\\\/fr\\\/outils-de-serrage\\\/boulonneuses-a-chocs\\\/#breadcrumb\"},\"inLanguage\":\"fr-FR\",\"potentialAction\":[{\"@type\":\"ReadAction\",\"target\":[\"https:\\\/\\\/www.1bolting.com\\\/fr\\\/outils-de-serrage\\\/boulonneuses-a-chocs\\\/\"]}]},{\"@type\":\"BreadcrumbList\",\"@id\":\"https:\\\/\\\/www.1bolting.com\\\/fr\\\/outils-de-serrage\\\/boulonneuses-a-chocs\\\/#breadcrumb\",\"itemListElement\":[{\"@type\":\"ListItem\",\"position\":1,\"name\":\"Accueil\",\"item\":\"https:\\\/\\\/www.1bolting.com\\\/fr\\\/\"},{\"@type\":\"ListItem\",\"position\":2,\"name\":\"Outils de Serrage\",\"item\":\"https:\\\/\\\/www.1bolting.com\\\/fr\\\/outils-de-serrage\\\/\"},{\"@type\":\"ListItem\",\"position\":3,\"name\":\"Boulonneuses \u00e0 chocs LMS\"}]},{\"@type\":\"WebSite\",\"@id\":\"https:\\\/\\\/www.1bolting.com\\\/fr\\\/#website\",\"url\":\"https:\\\/\\\/www.1bolting.com\\\/fr\\\/\",\"name\":\"1st Bolting\",\"description\":\"Sp\u00e9cialiste en solutions de serrage\",\"publisher\":{\"@id\":\"https:\\\/\\\/www.1bolting.com\\\/fr\\\/#organization\"},\"potentialAction\":[{\"@type\":\"SearchAction\",\"target\":{\"@type\":\"EntryPoint\",\"urlTemplate\":\"https:\\\/\\\/www.1bolting.com\\\/fr\\\/?s={search_term_string}\"},\"query-input\":{\"@type\":\"PropertyValueSpecification\",\"valueRequired\":true,\"valueName\":\"search_term_string\"}}],\"inLanguage\":\"fr-FR\"},{\"@type\":\"Organization\",\"@id\":\"https:\\\/\\\/www.1bolting.com\\\/fr\\\/#organization\",\"name\":\"First Bolting\",\"url\":\"https:\\\/\\\/www.1bolting.com\\\/fr\\\/\",\"logo\":{\"@type\":\"ImageObject\",\"inLanguage\":\"fr-FR\",\"@id\":\"https:\\\/\\\/www.1bolting.com\\\/fr\\\/#\\\/schema\\\/logo\\\/image\\\/\",\"url\":\"https:\\\/\\\/www.1bolting.com\\\/wp-content\\\/uploads\\\/2020\\\/11\\\/logo-flyer.png\",\"contentUrl\":\"https:\\\/\\\/www.1bolting.com\\\/wp-content\\\/uploads\\\/2020\\\/11\\\/logo-flyer.png\",\"width\":300,\"height\":180,\"caption\":\"First Bolting\"},\"image\":{\"@id\":\"https:\\\/\\\/www.1bolting.com\\\/fr\\\/#\\\/schema\\\/logo\\\/image\\\/\"}}]}<\/script>\n<!-- \/ Yoast SEO plugin. -->","yoast_head_json":{"title":"Boulonneuses \u00e0 Chocs - Sp\u00e9cialistes en Serrage Industriel","description":"First Bolting, sp\u00e9cialiste du serrage industriel, vous propose les boulonneuses \u00e0 chocs LMS d'Atlas Copco. Ces cl\u00e9s \u00e0 chocs permettent un travail rapide, dans les meilleures conditions.","robots":{"index":"index","follow":"follow","max-snippet":"max-snippet:-1","max-image-preview":"max-image-preview:large","max-video-preview":"max-video-preview:-1"},"canonical":"https:\/\/www.1bolting.com\/fr\/outils-de-serrage\/boulonneuses-a-chocs\/","og_locale":"fr_FR","og_type":"article","og_title":"Boulonneuses \u00e0 Chocs - Sp\u00e9cialistes en Serrage Industriel","og_description":"First Bolting, sp\u00e9cialiste du serrage industriel, vous propose les boulonneuses \u00e0 chocs LMS d'Atlas Copco. Ces cl\u00e9s \u00e0 chocs permettent un travail rapide, dans les meilleures conditions.","og_url":"https:\/\/www.1bolting.com\/fr\/outils-de-serrage\/boulonneuses-a-chocs\/","og_site_name":"1st Bolting","article_modified_time":"2021-09-10T14:50:12+00:00","twitter_card":"summary_large_image","twitter_misc":{"Dur\u00e9e de lecture estim\u00e9e":"1 minute"},"schema":{"@context":"https:\/\/schema.org","@graph":[{"@type":"WebPage","@id":"https:\/\/www.1bolting.com\/fr\/outils-de-serrage\/boulonneuses-a-chocs\/","url":"https:\/\/www.1bolting.com\/fr\/outils-de-serrage\/boulonneuses-a-chocs\/","name":"Boulonneuses \u00e0 Chocs - Sp\u00e9cialistes en Serrage Industriel","isPartOf":{"@id":"https:\/\/www.1bolting.com\/fr\/#website"},"datePublished":"2015-09-25T08:32:28+00:00","dateModified":"2021-09-10T14:50:12+00:00","description":"First Bolting, sp\u00e9cialiste du serrage industriel, vous propose les boulonneuses \u00e0 chocs LMS d'Atlas Copco. Ces cl\u00e9s \u00e0 chocs permettent un travail rapide, dans les meilleures conditions.","breadcrumb":{"@id":"https:\/\/www.1bolting.com\/fr\/outils-de-serrage\/boulonneuses-a-chocs\/#breadcrumb"},"inLanguage":"fr-FR","potentialAction":[{"@type":"ReadAction","target":["https:\/\/www.1bolting.com\/fr\/outils-de-serrage\/boulonneuses-a-chocs\/"]}]},{"@type":"BreadcrumbList","@id":"https:\/\/www.1bolting.com\/fr\/outils-de-serrage\/boulonneuses-a-chocs\/#breadcrumb","itemListElement":[{"@type":"ListItem","position":1,"name":"Accueil","item":"https:\/\/www.1bolting.com\/fr\/"},{"@type":"ListItem","position":2,"name":"Outils de Serrage","item":"https:\/\/www.1bolting.com\/fr\/outils-de-serrage\/"},{"@type":"ListItem","position":3,"name":"Boulonneuses \u00e0 chocs LMS"}]},{"@type":"WebSite","@id":"https:\/\/www.1bolting.com\/fr\/#website","url":"https:\/\/www.1bolting.com\/fr\/","name":"1st Bolting","description":"Sp\u00e9cialiste en solutions de serrage","publisher":{"@id":"https:\/\/www.1bolting.com\/fr\/#organization"},"potentialAction":[{"@type":"SearchAction","target":{"@type":"EntryPoint","urlTemplate":"https:\/\/www.1bolting.com\/fr\/?s={search_term_string}"},"query-input":{"@type":"PropertyValueSpecification","valueRequired":true,"valueName":"search_term_string"}}],"inLanguage":"fr-FR"},{"@type":"Organization","@id":"https:\/\/www.1bolting.com\/fr\/#organization","name":"First Bolting","url":"https:\/\/www.1bolting.com\/fr\/","logo":{"@type":"ImageObject","inLanguage":"fr-FR","@id":"https:\/\/www.1bolting.com\/fr\/#\/schema\/logo\/image\/","url":"https:\/\/www.1bolting.com\/wp-content\/uploads\/2020\/11\/logo-flyer.png","contentUrl":"https:\/\/www.1bolting.com\/wp-content\/uploads\/2020\/11\/logo-flyer.png","width":300,"height":180,"caption":"First Bolting"},"image":{"@id":"https:\/\/www.1bolting.com\/fr\/#\/schema\/logo\/image\/"}}]}},"_links":{"self":[{"href":"https:\/\/www.1bolting.com\/fr\/wp-json\/wp\/v2\/pages\/322","targetHints":{"allow":["GET"]}}],"collection":[{"href":"https:\/\/www.1bolting.com\/fr\/wp-json\/wp\/v2\/pages"}],"about":[{"href":"https:\/\/www.1bolting.com\/fr\/wp-json\/wp\/v2\/types\/page"}],"author":[{"embeddable":true,"href":"https:\/\/www.1bolting.com\/fr\/wp-json\/wp\/v2\/users\/6"}],"replies":[{"embeddable":true,"href":"https:\/\/www.1bolting.com\/fr\/wp-json\/wp\/v2\/comments?post=322"}],"version-history":[{"count":44,"href":"https:\/\/www.1bolting.com\/fr\/wp-json\/wp\/v2\/pages\/322\/revisions"}],"predecessor-version":[{"id":5210,"href":"https:\/\/www.1bolting.com\/fr\/wp-json\/wp\/v2\/pages\/322\/revisions\/5210"}],"up":[{"embeddable":true,"href":"https:\/\/www.1bolting.com\/fr\/wp-json\/wp\/v2\/pages\/7"}],"wp:attachment":[{"href":"https:\/\/www.1bolting.com\/fr\/wp-json\/wp\/v2\/media?parent=322"}],"curies":[{"name":"wp","href":"https:\/\/api.w.org\/{rel}","templated":true}]}}