{"id":324,"date":"2015-09-25T09:32:59","date_gmt":"2015-09-25T08:32:59","guid":{"rendered":"http:\/\/1stbolting.superstrong-studio.be\/?page_id=324"},"modified":"2021-05-18T12:54:29","modified_gmt":"2021-05-18T11:54:29","slug":"ecarteur-de-brides-hydraulique","status":"publish","type":"page","link":"https:\/\/www.1bolting.com\/fr\/outils-de-serrage\/ecarteur-de-brides-hydraulique\/","title":{"rendered":"\u00c9carteurs de brides hydrauliques"},"content":{"rendered":"<h1>\u00c9carteur de brides hydraulique<\/h1>\n<div class=\"fiche-vente-location\">\n<div class=\"fiche-vente\">Disponible \u00e0 la vente<\/div>\n<div class=\"fiche-location\">Disponible \u00e0 la location<\/div>\n<\/div>\n<h2>Nos \u00e9carteurs de brides hydrauliques sont tous fabriqu\u00e9s \u00e0 partir de mat\u00e9riaux de premi\u00e8re qualit\u00e9 et enti\u00e8rement fabriqu\u00e9s en Belgique !<\/h2>\n<p>La gamme d&rsquo;<strong>\u00e9carteurs de brides hydrauliques<\/strong> a \u00e9t\u00e9 d\u00e9velopp\u00e9e pour faciliter et simplifier la maintenance des joints de bride. Les personnes charg\u00e9es de s\u00e9parer les brides ne seront plus oblig\u00e9es d&rsquo;utiliser des cordes et des poulies, des palans, des \u00e9lingues, des tireforts et autres outils inappropri\u00e9s &#8211; il existe une alternative s\u00fbre, rapide et efficace, la gamme d&rsquo;\u00e9carteurs Equalizer\u2122.<br \/>\nCes \u00e9carteurs utilisent des principes m\u00e9caniques et hydrauliques pour s\u00e9parer les brides et peuvent \u00e9carter des joints de bride de petite, moyenne ou grande taille.<\/p>\n<h3>Principales caract\u00e9ristiques de nos \u00e9carteurs de brides hydrauliques<\/h3>\n<ul>\n<li>Coin \u00e9carteur de capacit\u00e9 10, 15 ou 20 tonnes<\/li>\n<li>M\u00e2choires en contact constant avec le coin pour une meilleure r\u00e9sistance<\/li>\n<li>Coefficient de frottement faible, avec lubrifiant longue dur\u00e9e pour utilisation intensive<\/li>\n<li>Faible espace n\u00e9cessaire entre les brides, seulement 5 mm n\u00e9cessaire<\/li>\n<li>Alliage sp\u00e9cial tr\u00e8s haute r\u00e9sistance<\/li>\n<li>Tr\u00e8s pratique, en raison de sa conception compacte et l\u00e9g\u00e8re (3,2 kg)<\/li>\n<li>Facile \u00e0 manipuler gr\u00e2ce \u00e0 son rev\u00eatement auto-agrippant<\/li>\n<li>R\u00e9glage rapide pour diverses t\u00e2ches, gr\u00e2ces \u00e0 ses m\u00e2choires interchangeables (en escalier ou en stri\u00e9es)<\/li>\n<li>Maintenance facile et rapide ne n\u00e9cessitant aucun outil sp\u00e9cial<\/li>\n<\/ul>\n<p>Vendu s\u00e9par\u00e9ment ou en composition avec pompe et flexible.<br \/>\nIl est conseill\u00e9 de les utiliser par paire.<\/p>\n","protected":false},"excerpt":{"rendered":"<p>\u00c9carteur de brides hydraulique Disponible \u00e0 la vente Disponible \u00e0 la location Nos \u00e9carteurs de brides hydrauliques sont tous fabriqu\u00e9s \u00e0 partir de mat\u00e9riaux de premi\u00e8re qualit\u00e9 et enti\u00e8rement fabriqu\u00e9s en Belgique ! La gamme d&rsquo;\u00e9carteurs de brides hydrauliques a \u00e9t\u00e9 d\u00e9velopp\u00e9e pour faciliter et simplifier la maintenance des joints de bride. Les personnes charg\u00e9es &hellip; <a href=\"https:\/\/www.1bolting.com\/fr\/outils-de-serrage\/ecarteur-de-brides-hydraulique\/\">Continued<\/a><\/p>\n","protected":false},"author":6,"featured_media":0,"parent":7,"menu_order":5,"comment_status":"closed","ping_status":"closed","template":"sub-nav-page-produit.php","meta":{"_acf_changed":false,"footnotes":""},"class_list":["post-324","page","type-page","status-publish","hentry","product_type-product"],"acf":[],"yoast_head":"<!-- This site is optimized with the Yoast SEO plugin v27.4 - https:\/\/yoast.com\/product\/yoast-seo-wordpress\/ -->\n<title>\u00c9carteur de Brides Hydraulique - Sp\u00e9cialistes en Serrage Industriel<\/title>\n<meta name=\"description\" content=\"Nous propos des \u00e9carteurs de brides hydrauliques de capacit\u00e9 10, 15 et 20 tonnes avec m\u00e2choires en contact constant avec le coin pour une meilleure r\u00e9sistance. En vente ou location.\" \/>\n<meta name=\"robots\" content=\"index, follow, max-snippet:-1, max-image-preview:large, max-video-preview:-1\" \/>\n<link rel=\"canonical\" href=\"https:\/\/www.1bolting.com\/fr\/outils-de-serrage\/ecarteur-de-brides-hydraulique\/\" \/>\n<meta property=\"og:locale\" content=\"fr_FR\" \/>\n<meta property=\"og:type\" content=\"article\" \/>\n<meta property=\"og:title\" content=\"\u00c9carteur de Brides Hydraulique - Sp\u00e9cialistes en Serrage Industriel\" \/>\n<meta property=\"og:description\" content=\"Nous propos des \u00e9carteurs de brides hydrauliques de capacit\u00e9 10, 15 et 20 tonnes avec m\u00e2choires en contact constant avec le coin pour une meilleure r\u00e9sistance. En vente ou location.\" \/>\n<meta property=\"og:url\" content=\"https:\/\/www.1bolting.com\/fr\/outils-de-serrage\/ecarteur-de-brides-hydraulique\/\" \/>\n<meta property=\"og:site_name\" content=\"1st Bolting\" \/>\n<meta property=\"article:modified_time\" content=\"2021-05-18T11:54:29+00:00\" \/>\n<meta name=\"twitter:card\" content=\"summary_large_image\" \/>\n<meta name=\"twitter:label1\" content=\"Dur\u00e9e de lecture estim\u00e9e\" \/>\n\t<meta name=\"twitter:data1\" content=\"1 minute\" \/>\n<script type=\"application\/ld+json\" class=\"yoast-schema-graph\">{\"@context\":\"https:\\\/\\\/schema.org\",\"@graph\":[{\"@type\":\"WebPage\",\"@id\":\"https:\\\/\\\/www.1bolting.com\\\/fr\\\/outils-de-serrage\\\/ecarteur-de-brides-hydraulique\\\/\",\"url\":\"https:\\\/\\\/www.1bolting.com\\\/fr\\\/outils-de-serrage\\\/ecarteur-de-brides-hydraulique\\\/\",\"name\":\"\u00c9carteur de Brides Hydraulique - Sp\u00e9cialistes en Serrage Industriel\",\"isPartOf\":{\"@id\":\"https:\\\/\\\/www.1bolting.com\\\/fr\\\/#website\"},\"datePublished\":\"2015-09-25T08:32:59+00:00\",\"dateModified\":\"2021-05-18T11:54:29+00:00\",\"description\":\"Nous propos des \u00e9carteurs de brides hydrauliques de capacit\u00e9 10, 15 et 20 tonnes avec m\u00e2choires en contact constant avec le coin pour une meilleure r\u00e9sistance. En vente ou location.\",\"breadcrumb\":{\"@id\":\"https:\\\/\\\/www.1bolting.com\\\/fr\\\/outils-de-serrage\\\/ecarteur-de-brides-hydraulique\\\/#breadcrumb\"},\"inLanguage\":\"fr-FR\",\"potentialAction\":[{\"@type\":\"ReadAction\",\"target\":[\"https:\\\/\\\/www.1bolting.com\\\/fr\\\/outils-de-serrage\\\/ecarteur-de-brides-hydraulique\\\/\"]}]},{\"@type\":\"BreadcrumbList\",\"@id\":\"https:\\\/\\\/www.1bolting.com\\\/fr\\\/outils-de-serrage\\\/ecarteur-de-brides-hydraulique\\\/#breadcrumb\",\"itemListElement\":[{\"@type\":\"ListItem\",\"position\":1,\"name\":\"Accueil\",\"item\":\"https:\\\/\\\/www.1bolting.com\\\/fr\\\/\"},{\"@type\":\"ListItem\",\"position\":2,\"name\":\"Outils de Serrage\",\"item\":\"https:\\\/\\\/www.1bolting.com\\\/fr\\\/outils-de-serrage\\\/\"},{\"@type\":\"ListItem\",\"position\":3,\"name\":\"\u00c9carteurs de brides hydrauliques\"}]},{\"@type\":\"WebSite\",\"@id\":\"https:\\\/\\\/www.1bolting.com\\\/fr\\\/#website\",\"url\":\"https:\\\/\\\/www.1bolting.com\\\/fr\\\/\",\"name\":\"1st Bolting\",\"description\":\"Sp\u00e9cialiste en solutions de serrage\",\"publisher\":{\"@id\":\"https:\\\/\\\/www.1bolting.com\\\/fr\\\/#organization\"},\"potentialAction\":[{\"@type\":\"SearchAction\",\"target\":{\"@type\":\"EntryPoint\",\"urlTemplate\":\"https:\\\/\\\/www.1bolting.com\\\/fr\\\/?s={search_term_string}\"},\"query-input\":{\"@type\":\"PropertyValueSpecification\",\"valueRequired\":true,\"valueName\":\"search_term_string\"}}],\"inLanguage\":\"fr-FR\"},{\"@type\":\"Organization\",\"@id\":\"https:\\\/\\\/www.1bolting.com\\\/fr\\\/#organization\",\"name\":\"First Bolting\",\"url\":\"https:\\\/\\\/www.1bolting.com\\\/fr\\\/\",\"logo\":{\"@type\":\"ImageObject\",\"inLanguage\":\"fr-FR\",\"@id\":\"https:\\\/\\\/www.1bolting.com\\\/fr\\\/#\\\/schema\\\/logo\\\/image\\\/\",\"url\":\"https:\\\/\\\/www.1bolting.com\\\/wp-content\\\/uploads\\\/2020\\\/11\\\/logo-flyer.png\",\"contentUrl\":\"https:\\\/\\\/www.1bolting.com\\\/wp-content\\\/uploads\\\/2020\\\/11\\\/logo-flyer.png\",\"width\":300,\"height\":180,\"caption\":\"First Bolting\"},\"image\":{\"@id\":\"https:\\\/\\\/www.1bolting.com\\\/fr\\\/#\\\/schema\\\/logo\\\/image\\\/\"}}]}<\/script>\n<!-- \/ Yoast SEO plugin. -->","yoast_head_json":{"title":"\u00c9carteur de Brides Hydraulique - Sp\u00e9cialistes en Serrage Industriel","description":"Nous propos des \u00e9carteurs de brides hydrauliques de capacit\u00e9 10, 15 et 20 tonnes avec m\u00e2choires en contact constant avec le coin pour une meilleure r\u00e9sistance. En vente ou location.","robots":{"index":"index","follow":"follow","max-snippet":"max-snippet:-1","max-image-preview":"max-image-preview:large","max-video-preview":"max-video-preview:-1"},"canonical":"https:\/\/www.1bolting.com\/fr\/outils-de-serrage\/ecarteur-de-brides-hydraulique\/","og_locale":"fr_FR","og_type":"article","og_title":"\u00c9carteur de Brides Hydraulique - Sp\u00e9cialistes en Serrage Industriel","og_description":"Nous propos des \u00e9carteurs de brides hydrauliques de capacit\u00e9 10, 15 et 20 tonnes avec m\u00e2choires en contact constant avec le coin pour une meilleure r\u00e9sistance. En vente ou location.","og_url":"https:\/\/www.1bolting.com\/fr\/outils-de-serrage\/ecarteur-de-brides-hydraulique\/","og_site_name":"1st Bolting","article_modified_time":"2021-05-18T11:54:29+00:00","twitter_card":"summary_large_image","twitter_misc":{"Dur\u00e9e de lecture estim\u00e9e":"1 minute"},"schema":{"@context":"https:\/\/schema.org","@graph":[{"@type":"WebPage","@id":"https:\/\/www.1bolting.com\/fr\/outils-de-serrage\/ecarteur-de-brides-hydraulique\/","url":"https:\/\/www.1bolting.com\/fr\/outils-de-serrage\/ecarteur-de-brides-hydraulique\/","name":"\u00c9carteur de Brides Hydraulique - Sp\u00e9cialistes en Serrage Industriel","isPartOf":{"@id":"https:\/\/www.1bolting.com\/fr\/#website"},"datePublished":"2015-09-25T08:32:59+00:00","dateModified":"2021-05-18T11:54:29+00:00","description":"Nous propos des \u00e9carteurs de brides hydrauliques de capacit\u00e9 10, 15 et 20 tonnes avec m\u00e2choires en contact constant avec le coin pour une meilleure r\u00e9sistance. En vente ou location.","breadcrumb":{"@id":"https:\/\/www.1bolting.com\/fr\/outils-de-serrage\/ecarteur-de-brides-hydraulique\/#breadcrumb"},"inLanguage":"fr-FR","potentialAction":[{"@type":"ReadAction","target":["https:\/\/www.1bolting.com\/fr\/outils-de-serrage\/ecarteur-de-brides-hydraulique\/"]}]},{"@type":"BreadcrumbList","@id":"https:\/\/www.1bolting.com\/fr\/outils-de-serrage\/ecarteur-de-brides-hydraulique\/#breadcrumb","itemListElement":[{"@type":"ListItem","position":1,"name":"Accueil","item":"https:\/\/www.1bolting.com\/fr\/"},{"@type":"ListItem","position":2,"name":"Outils de Serrage","item":"https:\/\/www.1bolting.com\/fr\/outils-de-serrage\/"},{"@type":"ListItem","position":3,"name":"\u00c9carteurs de brides hydrauliques"}]},{"@type":"WebSite","@id":"https:\/\/www.1bolting.com\/fr\/#website","url":"https:\/\/www.1bolting.com\/fr\/","name":"1st Bolting","description":"Sp\u00e9cialiste en solutions de serrage","publisher":{"@id":"https:\/\/www.1bolting.com\/fr\/#organization"},"potentialAction":[{"@type":"SearchAction","target":{"@type":"EntryPoint","urlTemplate":"https:\/\/www.1bolting.com\/fr\/?s={search_term_string}"},"query-input":{"@type":"PropertyValueSpecification","valueRequired":true,"valueName":"search_term_string"}}],"inLanguage":"fr-FR"},{"@type":"Organization","@id":"https:\/\/www.1bolting.com\/fr\/#organization","name":"First Bolting","url":"https:\/\/www.1bolting.com\/fr\/","logo":{"@type":"ImageObject","inLanguage":"fr-FR","@id":"https:\/\/www.1bolting.com\/fr\/#\/schema\/logo\/image\/","url":"https:\/\/www.1bolting.com\/wp-content\/uploads\/2020\/11\/logo-flyer.png","contentUrl":"https:\/\/www.1bolting.com\/wp-content\/uploads\/2020\/11\/logo-flyer.png","width":300,"height":180,"caption":"First Bolting"},"image":{"@id":"https:\/\/www.1bolting.com\/fr\/#\/schema\/logo\/image\/"}}]}},"_links":{"self":[{"href":"https:\/\/www.1bolting.com\/fr\/wp-json\/wp\/v2\/pages\/324","targetHints":{"allow":["GET"]}}],"collection":[{"href":"https:\/\/www.1bolting.com\/fr\/wp-json\/wp\/v2\/pages"}],"about":[{"href":"https:\/\/www.1bolting.com\/fr\/wp-json\/wp\/v2\/types\/page"}],"author":[{"embeddable":true,"href":"https:\/\/www.1bolting.com\/fr\/wp-json\/wp\/v2\/users\/6"}],"replies":[{"embeddable":true,"href":"https:\/\/www.1bolting.com\/fr\/wp-json\/wp\/v2\/comments?post=324"}],"version-history":[{"count":18,"href":"https:\/\/www.1bolting.com\/fr\/wp-json\/wp\/v2\/pages\/324\/revisions"}],"predecessor-version":[{"id":4963,"href":"https:\/\/www.1bolting.com\/fr\/wp-json\/wp\/v2\/pages\/324\/revisions\/4963"}],"up":[{"embeddable":true,"href":"https:\/\/www.1bolting.com\/fr\/wp-json\/wp\/v2\/pages\/7"}],"wp:attachment":[{"href":"https:\/\/www.1bolting.com\/fr\/wp-json\/wp\/v2\/media?parent=324"}],"curies":[{"name":"wp","href":"https:\/\/api.w.org\/{rel}","templated":true}]}}