{"id":326,"date":"2015-09-25T09:33:34","date_gmt":"2015-09-25T08:33:34","guid":{"rendered":"http:\/\/1stbolting.superstrong-studio.be\/?page_id=326"},"modified":"2021-05-18T12:55:06","modified_gmt":"2021-05-18T11:55:06","slug":"verins-hydrauliques","status":"publish","type":"page","link":"https:\/\/www.1bolting.com\/fr\/outils-de-serrage\/verins-hydrauliques\/","title":{"rendered":"V\u00e9rins hydrauliques"},"content":{"rendered":"<h1>V\u00e9rins hydrauliques<\/h1>\n<div class=\"fiche-vente-location\">\n<div class=\"fiche-vente\">Disponible \u00e0 la vente<\/div>\n<div class=\"fiche-location\">Disponible \u00e0 la location<\/div>\n<\/div>\n<h2>First Bolting met \u00e0 votre disposition un large choix de v\u00e9rins hydrauliques simple et double effet, pompes hydrauliques, jacks, crics, presses\u2026<\/h2>\n<p>Un <strong>v\u00e9rin pneumatique<\/strong> ou <strong>hydraulique<\/strong> sert \u00e0 cr\u00e9er un mouvement m\u00e9canique, et consiste en un tube cylindrique dans lequel une pi\u00e8ce mobile, appel\u00e9e le piston, s\u00e9pare le volume du cylindre en deux chambres isol\u00e9es l&rsquo;une de l&rsquo;autre.<\/p>\n<p>Notre gamme se d\u00e9cline en v\u00e9rins simples ou double effets, compacts, courts ou creux. Ils sont utilis\u00e9s pour le <strong>levage<\/strong>, l\u2019<strong>extraction<\/strong>, le <strong>sout\u00e8nement<\/strong>.<\/p>\n<p>Ces v\u00e9rins s&rsquo;utilisent avec une pompe hydraulique manuelle, \u00e9lectrique 230 ou 400 volts, pneumatique ou thermique.<\/p>\n<p>Nous poss\u00e9dons un large stock nous permettant de vous livrer dans les plus brefs d\u00e9lais.<\/p>\n<p>Contactez-nous pour toute demande.<\/p>\n","protected":false},"excerpt":{"rendered":"<p>V\u00e9rins hydrauliques Disponible \u00e0 la vente Disponible \u00e0 la location First Bolting met \u00e0 votre disposition un large choix de v\u00e9rins hydrauliques simple et double effet, pompes hydrauliques, jacks, crics, presses\u2026 Un v\u00e9rin pneumatique ou hydraulique sert \u00e0 cr\u00e9er un mouvement m\u00e9canique, et consiste en un tube cylindrique dans lequel une pi\u00e8ce mobile, appel\u00e9e le &hellip; <a href=\"https:\/\/www.1bolting.com\/fr\/outils-de-serrage\/verins-hydrauliques\/\">Continued<\/a><\/p>\n","protected":false},"author":6,"featured_media":0,"parent":7,"menu_order":6,"comment_status":"closed","ping_status":"closed","template":"sub-nav-page-produit.php","meta":{"_acf_changed":false,"footnotes":""},"class_list":["post-326","page","type-page","status-publish","hentry","product_type-product"],"acf":[],"yoast_head":"<!-- This site is optimized with the Yoast SEO plugin v27.4 - https:\/\/yoast.com\/product\/yoast-seo-wordpress\/ -->\n<title>V\u00e9rins Hydrauliques - Sp\u00e9cialistes en Serrage Industriel<\/title>\n<meta name=\"description\" content=\"Large choix de v\u00e9rins hydrauliques simple et double effet, pompe hydrauliques, jacks, crics, presses\u2026 disponibles en vente, et \u00e0 la location.\" \/>\n<meta name=\"robots\" content=\"index, follow, max-snippet:-1, max-image-preview:large, max-video-preview:-1\" \/>\n<link rel=\"canonical\" href=\"https:\/\/www.1bolting.com\/fr\/outils-de-serrage\/verins-hydrauliques\/\" \/>\n<meta property=\"og:locale\" content=\"fr_FR\" \/>\n<meta property=\"og:type\" content=\"article\" \/>\n<meta property=\"og:title\" content=\"V\u00e9rins Hydrauliques - Sp\u00e9cialistes en Serrage Industriel\" \/>\n<meta property=\"og:description\" content=\"Large choix de v\u00e9rins hydrauliques simple et double effet, pompe hydrauliques, jacks, crics, presses\u2026 disponibles en vente, et \u00e0 la location.\" \/>\n<meta property=\"og:url\" content=\"https:\/\/www.1bolting.com\/fr\/outils-de-serrage\/verins-hydrauliques\/\" \/>\n<meta property=\"og:site_name\" content=\"1st Bolting\" \/>\n<meta property=\"article:modified_time\" content=\"2021-05-18T11:55:06+00:00\" \/>\n<meta name=\"twitter:card\" content=\"summary_large_image\" \/>\n<meta name=\"twitter:label1\" content=\"Dur\u00e9e de lecture estim\u00e9e\" \/>\n\t<meta name=\"twitter:data1\" content=\"1 minute\" \/>\n<script type=\"application\/ld+json\" class=\"yoast-schema-graph\">{\"@context\":\"https:\\\/\\\/schema.org\",\"@graph\":[{\"@type\":\"WebPage\",\"@id\":\"https:\\\/\\\/www.1bolting.com\\\/fr\\\/outils-de-serrage\\\/verins-hydrauliques\\\/\",\"url\":\"https:\\\/\\\/www.1bolting.com\\\/fr\\\/outils-de-serrage\\\/verins-hydrauliques\\\/\",\"name\":\"V\u00e9rins Hydrauliques - Sp\u00e9cialistes en Serrage Industriel\",\"isPartOf\":{\"@id\":\"https:\\\/\\\/www.1bolting.com\\\/fr\\\/#website\"},\"datePublished\":\"2015-09-25T08:33:34+00:00\",\"dateModified\":\"2021-05-18T11:55:06+00:00\",\"description\":\"Large choix de v\u00e9rins hydrauliques simple et double effet, pompe hydrauliques, jacks, crics, presses\u2026 disponibles en vente, et \u00e0 la location.\",\"breadcrumb\":{\"@id\":\"https:\\\/\\\/www.1bolting.com\\\/fr\\\/outils-de-serrage\\\/verins-hydrauliques\\\/#breadcrumb\"},\"inLanguage\":\"fr-FR\",\"potentialAction\":[{\"@type\":\"ReadAction\",\"target\":[\"https:\\\/\\\/www.1bolting.com\\\/fr\\\/outils-de-serrage\\\/verins-hydrauliques\\\/\"]}]},{\"@type\":\"BreadcrumbList\",\"@id\":\"https:\\\/\\\/www.1bolting.com\\\/fr\\\/outils-de-serrage\\\/verins-hydrauliques\\\/#breadcrumb\",\"itemListElement\":[{\"@type\":\"ListItem\",\"position\":1,\"name\":\"Accueil\",\"item\":\"https:\\\/\\\/www.1bolting.com\\\/fr\\\/\"},{\"@type\":\"ListItem\",\"position\":2,\"name\":\"Outils de Serrage\",\"item\":\"https:\\\/\\\/www.1bolting.com\\\/fr\\\/outils-de-serrage\\\/\"},{\"@type\":\"ListItem\",\"position\":3,\"name\":\"V\u00e9rins hydrauliques\"}]},{\"@type\":\"WebSite\",\"@id\":\"https:\\\/\\\/www.1bolting.com\\\/fr\\\/#website\",\"url\":\"https:\\\/\\\/www.1bolting.com\\\/fr\\\/\",\"name\":\"1st Bolting\",\"description\":\"Sp\u00e9cialiste en solutions de serrage\",\"publisher\":{\"@id\":\"https:\\\/\\\/www.1bolting.com\\\/fr\\\/#organization\"},\"potentialAction\":[{\"@type\":\"SearchAction\",\"target\":{\"@type\":\"EntryPoint\",\"urlTemplate\":\"https:\\\/\\\/www.1bolting.com\\\/fr\\\/?s={search_term_string}\"},\"query-input\":{\"@type\":\"PropertyValueSpecification\",\"valueRequired\":true,\"valueName\":\"search_term_string\"}}],\"inLanguage\":\"fr-FR\"},{\"@type\":\"Organization\",\"@id\":\"https:\\\/\\\/www.1bolting.com\\\/fr\\\/#organization\",\"name\":\"First Bolting\",\"url\":\"https:\\\/\\\/www.1bolting.com\\\/fr\\\/\",\"logo\":{\"@type\":\"ImageObject\",\"inLanguage\":\"fr-FR\",\"@id\":\"https:\\\/\\\/www.1bolting.com\\\/fr\\\/#\\\/schema\\\/logo\\\/image\\\/\",\"url\":\"https:\\\/\\\/www.1bolting.com\\\/wp-content\\\/uploads\\\/2020\\\/11\\\/logo-flyer.png\",\"contentUrl\":\"https:\\\/\\\/www.1bolting.com\\\/wp-content\\\/uploads\\\/2020\\\/11\\\/logo-flyer.png\",\"width\":300,\"height\":180,\"caption\":\"First Bolting\"},\"image\":{\"@id\":\"https:\\\/\\\/www.1bolting.com\\\/fr\\\/#\\\/schema\\\/logo\\\/image\\\/\"}}]}<\/script>\n<!-- \/ Yoast SEO plugin. -->","yoast_head_json":{"title":"V\u00e9rins Hydrauliques - Sp\u00e9cialistes en Serrage Industriel","description":"Large choix de v\u00e9rins hydrauliques simple et double effet, pompe hydrauliques, jacks, crics, presses\u2026 disponibles en vente, et \u00e0 la location.","robots":{"index":"index","follow":"follow","max-snippet":"max-snippet:-1","max-image-preview":"max-image-preview:large","max-video-preview":"max-video-preview:-1"},"canonical":"https:\/\/www.1bolting.com\/fr\/outils-de-serrage\/verins-hydrauliques\/","og_locale":"fr_FR","og_type":"article","og_title":"V\u00e9rins Hydrauliques - Sp\u00e9cialistes en Serrage Industriel","og_description":"Large choix de v\u00e9rins hydrauliques simple et double effet, pompe hydrauliques, jacks, crics, presses\u2026 disponibles en vente, et \u00e0 la location.","og_url":"https:\/\/www.1bolting.com\/fr\/outils-de-serrage\/verins-hydrauliques\/","og_site_name":"1st Bolting","article_modified_time":"2021-05-18T11:55:06+00:00","twitter_card":"summary_large_image","twitter_misc":{"Dur\u00e9e de lecture estim\u00e9e":"1 minute"},"schema":{"@context":"https:\/\/schema.org","@graph":[{"@type":"WebPage","@id":"https:\/\/www.1bolting.com\/fr\/outils-de-serrage\/verins-hydrauliques\/","url":"https:\/\/www.1bolting.com\/fr\/outils-de-serrage\/verins-hydrauliques\/","name":"V\u00e9rins Hydrauliques - Sp\u00e9cialistes en Serrage Industriel","isPartOf":{"@id":"https:\/\/www.1bolting.com\/fr\/#website"},"datePublished":"2015-09-25T08:33:34+00:00","dateModified":"2021-05-18T11:55:06+00:00","description":"Large choix de v\u00e9rins hydrauliques simple et double effet, pompe hydrauliques, jacks, crics, presses\u2026 disponibles en vente, et \u00e0 la location.","breadcrumb":{"@id":"https:\/\/www.1bolting.com\/fr\/outils-de-serrage\/verins-hydrauliques\/#breadcrumb"},"inLanguage":"fr-FR","potentialAction":[{"@type":"ReadAction","target":["https:\/\/www.1bolting.com\/fr\/outils-de-serrage\/verins-hydrauliques\/"]}]},{"@type":"BreadcrumbList","@id":"https:\/\/www.1bolting.com\/fr\/outils-de-serrage\/verins-hydrauliques\/#breadcrumb","itemListElement":[{"@type":"ListItem","position":1,"name":"Accueil","item":"https:\/\/www.1bolting.com\/fr\/"},{"@type":"ListItem","position":2,"name":"Outils de Serrage","item":"https:\/\/www.1bolting.com\/fr\/outils-de-serrage\/"},{"@type":"ListItem","position":3,"name":"V\u00e9rins hydrauliques"}]},{"@type":"WebSite","@id":"https:\/\/www.1bolting.com\/fr\/#website","url":"https:\/\/www.1bolting.com\/fr\/","name":"1st Bolting","description":"Sp\u00e9cialiste en solutions de serrage","publisher":{"@id":"https:\/\/www.1bolting.com\/fr\/#organization"},"potentialAction":[{"@type":"SearchAction","target":{"@type":"EntryPoint","urlTemplate":"https:\/\/www.1bolting.com\/fr\/?s={search_term_string}"},"query-input":{"@type":"PropertyValueSpecification","valueRequired":true,"valueName":"search_term_string"}}],"inLanguage":"fr-FR"},{"@type":"Organization","@id":"https:\/\/www.1bolting.com\/fr\/#organization","name":"First Bolting","url":"https:\/\/www.1bolting.com\/fr\/","logo":{"@type":"ImageObject","inLanguage":"fr-FR","@id":"https:\/\/www.1bolting.com\/fr\/#\/schema\/logo\/image\/","url":"https:\/\/www.1bolting.com\/wp-content\/uploads\/2020\/11\/logo-flyer.png","contentUrl":"https:\/\/www.1bolting.com\/wp-content\/uploads\/2020\/11\/logo-flyer.png","width":300,"height":180,"caption":"First Bolting"},"image":{"@id":"https:\/\/www.1bolting.com\/fr\/#\/schema\/logo\/image\/"}}]}},"_links":{"self":[{"href":"https:\/\/www.1bolting.com\/fr\/wp-json\/wp\/v2\/pages\/326","targetHints":{"allow":["GET"]}}],"collection":[{"href":"https:\/\/www.1bolting.com\/fr\/wp-json\/wp\/v2\/pages"}],"about":[{"href":"https:\/\/www.1bolting.com\/fr\/wp-json\/wp\/v2\/types\/page"}],"author":[{"embeddable":true,"href":"https:\/\/www.1bolting.com\/fr\/wp-json\/wp\/v2\/users\/6"}],"replies":[{"embeddable":true,"href":"https:\/\/www.1bolting.com\/fr\/wp-json\/wp\/v2\/comments?post=326"}],"version-history":[{"count":21,"href":"https:\/\/www.1bolting.com\/fr\/wp-json\/wp\/v2\/pages\/326\/revisions"}],"predecessor-version":[{"id":4964,"href":"https:\/\/www.1bolting.com\/fr\/wp-json\/wp\/v2\/pages\/326\/revisions\/4964"}],"up":[{"embeddable":true,"href":"https:\/\/www.1bolting.com\/fr\/wp-json\/wp\/v2\/pages\/7"}],"wp:attachment":[{"href":"https:\/\/www.1bolting.com\/fr\/wp-json\/wp\/v2\/media?parent=326"}],"curies":[{"name":"wp","href":"https:\/\/api.w.org\/{rel}","templated":true}]}}