{"id":328,"date":"2015-09-25T09:34:19","date_gmt":"2015-09-25T08:34:19","guid":{"rendered":"http:\/\/1stbolting.superstrong-studio.be\/?page_id=328"},"modified":"2021-05-19T12:41:29","modified_gmt":"2021-05-19T11:41:29","slug":"pompes-pour-cles-hydrauliques","status":"publish","type":"page","link":"https:\/\/www.1bolting.com\/fr\/outils-de-serrage\/pompes-pour-cles-hydrauliques\/","title":{"rendered":"Pompes hydrauliques"},"content":{"rendered":"<h1>Pompes pour cl\u00e9s hydrauliques<\/h1>\n<div class=\"fiche-vente-location\">\n<div class=\"fiche-vente\">Disponible \u00e0 la vente<\/div>\n<div class=\"fiche-location\">Disponible \u00e0 la location<\/div>\n<\/div>\n<h2>Les pompes pour cl\u00e9s hydrauliques propos\u00e9es par First Bolting sont destin\u00e9es aux cl\u00e9s hydrauliques, et d\u00e9livrent toute la puissance n\u00e9cessaire pour vos op\u00e9rations<\/h2>\n<h3>Qualit\u00e9, pr\u00e9cision et productivit\u00e9<\/h3>\n<p>Une somme de composants de premi\u00e8re qualit\u00e9 qui en font la pompe la plus aboutie du march\u00e9 !<\/p>\n<p>Le manom\u00e8tre standard poss\u00e8de une pr\u00e9cision \u00e0 1% FE, un verre de s\u00e9curit\u00e9, un num\u00e9ro de s\u00e9rie interne et un affichage double bloc de distribution 4 sorties. Cela permet le travail simultan\u00e9 avec 4 cl\u00e9s et ainsi r\u00e9duit le temps d&rsquo;op\u00e9ration par 3.<\/p>\n<p>L&rsquo;\u00e9changeur de chaleur ventil\u00e9 permet \u00e0 la pompe de travailler dans des conditions optimales dans les environnements les plus durs. L&rsquo;\u00e9chelle est \u00e9talonn\u00e9e selon la norme ISO 17025.<\/p>\n<p>Les pompes sont disponibles en deux versions : alimentation air ou \u00e9lectrique (en 110 ou 220V). Nous proposons \u00e9galement tous les accessoires n\u00e9cessaires pour un bon usage, tels que les flexibles et les manom\u00e8tres.<\/p>\n<h3>Principales caract\u00e9ristiques de nos pompes pour cl\u00e9s hydrauliques<\/h3>\n<ul>\n<li>Alimentation air ou \u00e9lectrique<\/li>\n<li>Compactes et robustes<\/li>\n<li>Cage de protection<\/li>\n<li>1 \u00e0 4 sorties hydrauliques en fonction des mod\u00e8les<\/li>\n<li>Manom\u00e8tres pr\u00e9cis, Cl.1.0 livr\u00e9 mont\u00e9 et avec constat de v\u00e9rification<\/li>\n<li>Syst\u00e8me de refroidissement d\u2019huile (sauf 025 et A110)<\/li>\n<li>D\u00e9marrage et arr\u00eat rapide \u00e0 commande \u00e0 distance<\/li>\n<li>Niveau de bruit r\u00e9duit<\/li>\n<\/ul>\n<h3>Le saviez-vous ?<\/h3>\n<p>La vitesse d&rsquo;une <strong>cl\u00e9 de serrage hydraulique<\/strong> est directement proportionnelle au d\u00e9bit de la <strong>pompe hydraulique<\/strong>. Et le d\u00e9bit d&rsquo;une pompe hydraulique est proportionnel au nombre d&rsquo;\u00e9tages de la pompe et \u00e0 la puissance du moteur.<\/p>\n<p>Nos pompes \u00e0 pistons triple \u00e9tages \u00e9quip\u00e9es de moteurs ultra puissants seront TOUJOURS beaucoup plus rapides que les pompes classiques \u00e0 double \u00e9tage et \u00e0 engrenages.<\/p>\n<p>Quand vous saurez que nos pompes hydrauliques sont \u00e9quip\u00e9es d&rsquo;\u00e9l\u00e9ments hydrauliques HAWE\u00ae, de refroidisseur d&rsquo;huile ventil\u00e9 su\u00e9dois, de moteurs \u00e9lectriques allemands aux normes IP54&#8230; vous aurez compris que First Bolting n&rsquo;a qu&rsquo;un but : vous faire gagner du temps avec le mat\u00e9riel le plus fiable au monde ! <\/p>\n<p>D\u00e9couvrez ci-dessous l&rsquo;ensemble des mod\u00e8les disponibles en vente et \u00e0 la location, en trois tailles : petite, moyenne ou grande.<\/p>\n","protected":false},"excerpt":{"rendered":"<p>Pompes pour cl\u00e9s hydrauliques Disponible \u00e0 la vente Disponible \u00e0 la location Les pompes pour cl\u00e9s hydrauliques propos\u00e9es par First Bolting sont destin\u00e9es aux cl\u00e9s hydrauliques, et d\u00e9livrent toute la puissance n\u00e9cessaire pour vos op\u00e9rations Qualit\u00e9, pr\u00e9cision et productivit\u00e9 Une somme de composants de premi\u00e8re qualit\u00e9 qui en font la pompe la plus aboutie du &hellip; <a href=\"https:\/\/www.1bolting.com\/fr\/outils-de-serrage\/pompes-pour-cles-hydrauliques\/\">Continued<\/a><\/p>\n","protected":false},"author":6,"featured_media":0,"parent":7,"menu_order":7,"comment_status":"closed","ping_status":"closed","template":"sub-nav-page-produit.php","meta":{"_acf_changed":false,"footnotes":""},"class_list":["post-328","page","type-page","status-publish","hentry","product_type-product"],"acf":[],"yoast_head":"<!-- This site is optimized with the Yoast SEO plugin v27.4 - https:\/\/yoast.com\/product\/yoast-seo-wordpress\/ -->\n<title>Pompes Hydrauliques - Sp\u00e9cialistes en Serrage Industriel<\/title>\n<meta name=\"description\" content=\"Louez ou achetez nos pompes pour cl\u00e9s hydrauliques. 1 \u00e0 4 sorties en fonction des mod\u00e8les. D\u00e9marrage et arr\u00eat rapide \u00e0 commande \u00e0 distance.\" \/>\n<meta name=\"robots\" content=\"index, follow, max-snippet:-1, max-image-preview:large, max-video-preview:-1\" \/>\n<link rel=\"canonical\" href=\"https:\/\/www.1bolting.com\/fr\/outils-de-serrage\/pompes-pour-cles-hydrauliques\/\" \/>\n<meta property=\"og:locale\" content=\"fr_FR\" \/>\n<meta property=\"og:type\" content=\"article\" \/>\n<meta property=\"og:title\" content=\"Pompes Hydrauliques - Sp\u00e9cialistes en Serrage Industriel\" \/>\n<meta property=\"og:description\" content=\"Louez ou achetez nos pompes pour cl\u00e9s hydrauliques. 1 \u00e0 4 sorties en fonction des mod\u00e8les. D\u00e9marrage et arr\u00eat rapide \u00e0 commande \u00e0 distance.\" \/>\n<meta property=\"og:url\" content=\"https:\/\/www.1bolting.com\/fr\/outils-de-serrage\/pompes-pour-cles-hydrauliques\/\" \/>\n<meta property=\"og:site_name\" content=\"1st Bolting\" \/>\n<meta property=\"article:modified_time\" content=\"2021-05-19T11:41:29+00:00\" \/>\n<meta name=\"twitter:card\" content=\"summary_large_image\" \/>\n<meta name=\"twitter:label1\" content=\"Dur\u00e9e de lecture estim\u00e9e\" \/>\n\t<meta name=\"twitter:data1\" content=\"2 minutes\" \/>\n<script type=\"application\/ld+json\" class=\"yoast-schema-graph\">{\"@context\":\"https:\\\/\\\/schema.org\",\"@graph\":[{\"@type\":\"WebPage\",\"@id\":\"https:\\\/\\\/www.1bolting.com\\\/fr\\\/outils-de-serrage\\\/pompes-pour-cles-hydrauliques\\\/\",\"url\":\"https:\\\/\\\/www.1bolting.com\\\/fr\\\/outils-de-serrage\\\/pompes-pour-cles-hydrauliques\\\/\",\"name\":\"Pompes Hydrauliques - Sp\u00e9cialistes en Serrage Industriel\",\"isPartOf\":{\"@id\":\"https:\\\/\\\/www.1bolting.com\\\/fr\\\/#website\"},\"datePublished\":\"2015-09-25T08:34:19+00:00\",\"dateModified\":\"2021-05-19T11:41:29+00:00\",\"description\":\"Louez ou achetez nos pompes pour cl\u00e9s hydrauliques. 1 \u00e0 4 sorties en fonction des mod\u00e8les. D\u00e9marrage et arr\u00eat rapide \u00e0 commande \u00e0 distance.\",\"breadcrumb\":{\"@id\":\"https:\\\/\\\/www.1bolting.com\\\/fr\\\/outils-de-serrage\\\/pompes-pour-cles-hydrauliques\\\/#breadcrumb\"},\"inLanguage\":\"fr-FR\",\"potentialAction\":[{\"@type\":\"ReadAction\",\"target\":[\"https:\\\/\\\/www.1bolting.com\\\/fr\\\/outils-de-serrage\\\/pompes-pour-cles-hydrauliques\\\/\"]}]},{\"@type\":\"BreadcrumbList\",\"@id\":\"https:\\\/\\\/www.1bolting.com\\\/fr\\\/outils-de-serrage\\\/pompes-pour-cles-hydrauliques\\\/#breadcrumb\",\"itemListElement\":[{\"@type\":\"ListItem\",\"position\":1,\"name\":\"Accueil\",\"item\":\"https:\\\/\\\/www.1bolting.com\\\/fr\\\/\"},{\"@type\":\"ListItem\",\"position\":2,\"name\":\"Outils de Serrage\",\"item\":\"https:\\\/\\\/www.1bolting.com\\\/fr\\\/outils-de-serrage\\\/\"},{\"@type\":\"ListItem\",\"position\":3,\"name\":\"Pompes hydrauliques\"}]},{\"@type\":\"WebSite\",\"@id\":\"https:\\\/\\\/www.1bolting.com\\\/fr\\\/#website\",\"url\":\"https:\\\/\\\/www.1bolting.com\\\/fr\\\/\",\"name\":\"1st Bolting\",\"description\":\"Sp\u00e9cialiste en solutions de serrage\",\"publisher\":{\"@id\":\"https:\\\/\\\/www.1bolting.com\\\/fr\\\/#organization\"},\"potentialAction\":[{\"@type\":\"SearchAction\",\"target\":{\"@type\":\"EntryPoint\",\"urlTemplate\":\"https:\\\/\\\/www.1bolting.com\\\/fr\\\/?s={search_term_string}\"},\"query-input\":{\"@type\":\"PropertyValueSpecification\",\"valueRequired\":true,\"valueName\":\"search_term_string\"}}],\"inLanguage\":\"fr-FR\"},{\"@type\":\"Organization\",\"@id\":\"https:\\\/\\\/www.1bolting.com\\\/fr\\\/#organization\",\"name\":\"First Bolting\",\"url\":\"https:\\\/\\\/www.1bolting.com\\\/fr\\\/\",\"logo\":{\"@type\":\"ImageObject\",\"inLanguage\":\"fr-FR\",\"@id\":\"https:\\\/\\\/www.1bolting.com\\\/fr\\\/#\\\/schema\\\/logo\\\/image\\\/\",\"url\":\"https:\\\/\\\/www.1bolting.com\\\/wp-content\\\/uploads\\\/2020\\\/11\\\/logo-flyer.png\",\"contentUrl\":\"https:\\\/\\\/www.1bolting.com\\\/wp-content\\\/uploads\\\/2020\\\/11\\\/logo-flyer.png\",\"width\":300,\"height\":180,\"caption\":\"First Bolting\"},\"image\":{\"@id\":\"https:\\\/\\\/www.1bolting.com\\\/fr\\\/#\\\/schema\\\/logo\\\/image\\\/\"}}]}<\/script>\n<!-- \/ Yoast SEO plugin. -->","yoast_head_json":{"title":"Pompes Hydrauliques - Sp\u00e9cialistes en Serrage Industriel","description":"Louez ou achetez nos pompes pour cl\u00e9s hydrauliques. 1 \u00e0 4 sorties en fonction des mod\u00e8les. D\u00e9marrage et arr\u00eat rapide \u00e0 commande \u00e0 distance.","robots":{"index":"index","follow":"follow","max-snippet":"max-snippet:-1","max-image-preview":"max-image-preview:large","max-video-preview":"max-video-preview:-1"},"canonical":"https:\/\/www.1bolting.com\/fr\/outils-de-serrage\/pompes-pour-cles-hydrauliques\/","og_locale":"fr_FR","og_type":"article","og_title":"Pompes Hydrauliques - Sp\u00e9cialistes en Serrage Industriel","og_description":"Louez ou achetez nos pompes pour cl\u00e9s hydrauliques. 1 \u00e0 4 sorties en fonction des mod\u00e8les. D\u00e9marrage et arr\u00eat rapide \u00e0 commande \u00e0 distance.","og_url":"https:\/\/www.1bolting.com\/fr\/outils-de-serrage\/pompes-pour-cles-hydrauliques\/","og_site_name":"1st Bolting","article_modified_time":"2021-05-19T11:41:29+00:00","twitter_card":"summary_large_image","twitter_misc":{"Dur\u00e9e de lecture estim\u00e9e":"2 minutes"},"schema":{"@context":"https:\/\/schema.org","@graph":[{"@type":"WebPage","@id":"https:\/\/www.1bolting.com\/fr\/outils-de-serrage\/pompes-pour-cles-hydrauliques\/","url":"https:\/\/www.1bolting.com\/fr\/outils-de-serrage\/pompes-pour-cles-hydrauliques\/","name":"Pompes Hydrauliques - Sp\u00e9cialistes en Serrage Industriel","isPartOf":{"@id":"https:\/\/www.1bolting.com\/fr\/#website"},"datePublished":"2015-09-25T08:34:19+00:00","dateModified":"2021-05-19T11:41:29+00:00","description":"Louez ou achetez nos pompes pour cl\u00e9s hydrauliques. 1 \u00e0 4 sorties en fonction des mod\u00e8les. D\u00e9marrage et arr\u00eat rapide \u00e0 commande \u00e0 distance.","breadcrumb":{"@id":"https:\/\/www.1bolting.com\/fr\/outils-de-serrage\/pompes-pour-cles-hydrauliques\/#breadcrumb"},"inLanguage":"fr-FR","potentialAction":[{"@type":"ReadAction","target":["https:\/\/www.1bolting.com\/fr\/outils-de-serrage\/pompes-pour-cles-hydrauliques\/"]}]},{"@type":"BreadcrumbList","@id":"https:\/\/www.1bolting.com\/fr\/outils-de-serrage\/pompes-pour-cles-hydrauliques\/#breadcrumb","itemListElement":[{"@type":"ListItem","position":1,"name":"Accueil","item":"https:\/\/www.1bolting.com\/fr\/"},{"@type":"ListItem","position":2,"name":"Outils de Serrage","item":"https:\/\/www.1bolting.com\/fr\/outils-de-serrage\/"},{"@type":"ListItem","position":3,"name":"Pompes hydrauliques"}]},{"@type":"WebSite","@id":"https:\/\/www.1bolting.com\/fr\/#website","url":"https:\/\/www.1bolting.com\/fr\/","name":"1st Bolting","description":"Sp\u00e9cialiste en solutions de serrage","publisher":{"@id":"https:\/\/www.1bolting.com\/fr\/#organization"},"potentialAction":[{"@type":"SearchAction","target":{"@type":"EntryPoint","urlTemplate":"https:\/\/www.1bolting.com\/fr\/?s={search_term_string}"},"query-input":{"@type":"PropertyValueSpecification","valueRequired":true,"valueName":"search_term_string"}}],"inLanguage":"fr-FR"},{"@type":"Organization","@id":"https:\/\/www.1bolting.com\/fr\/#organization","name":"First Bolting","url":"https:\/\/www.1bolting.com\/fr\/","logo":{"@type":"ImageObject","inLanguage":"fr-FR","@id":"https:\/\/www.1bolting.com\/fr\/#\/schema\/logo\/image\/","url":"https:\/\/www.1bolting.com\/wp-content\/uploads\/2020\/11\/logo-flyer.png","contentUrl":"https:\/\/www.1bolting.com\/wp-content\/uploads\/2020\/11\/logo-flyer.png","width":300,"height":180,"caption":"First Bolting"},"image":{"@id":"https:\/\/www.1bolting.com\/fr\/#\/schema\/logo\/image\/"}}]}},"_links":{"self":[{"href":"https:\/\/www.1bolting.com\/fr\/wp-json\/wp\/v2\/pages\/328","targetHints":{"allow":["GET"]}}],"collection":[{"href":"https:\/\/www.1bolting.com\/fr\/wp-json\/wp\/v2\/pages"}],"about":[{"href":"https:\/\/www.1bolting.com\/fr\/wp-json\/wp\/v2\/types\/page"}],"author":[{"embeddable":true,"href":"https:\/\/www.1bolting.com\/fr\/wp-json\/wp\/v2\/users\/6"}],"replies":[{"embeddable":true,"href":"https:\/\/www.1bolting.com\/fr\/wp-json\/wp\/v2\/comments?post=328"}],"version-history":[{"count":58,"href":"https:\/\/www.1bolting.com\/fr\/wp-json\/wp\/v2\/pages\/328\/revisions"}],"predecessor-version":[{"id":5060,"href":"https:\/\/www.1bolting.com\/fr\/wp-json\/wp\/v2\/pages\/328\/revisions\/5060"}],"up":[{"embeddable":true,"href":"https:\/\/www.1bolting.com\/fr\/wp-json\/wp\/v2\/pages\/7"}],"wp:attachment":[{"href":"https:\/\/www.1bolting.com\/fr\/wp-json\/wp\/v2\/media?parent=328"}],"curies":[{"name":"wp","href":"https:\/\/api.w.org\/{rel}","templated":true}]}}