{"id":330,"date":"2015-09-25T09:35:14","date_gmt":"2015-09-25T08:35:14","guid":{"rendered":"http:\/\/1stbolting.superstrong-studio.be\/?page_id=330"},"modified":"2022-03-17T10:07:56","modified_gmt":"2022-03-17T09:07:56","slug":"cle-dynamometriques-manuelles-et-outils-manuels","status":"publish","type":"page","link":"https:\/\/www.1bolting.com\/fr\/outils-de-serrage\/cle-dynamometriques-manuelles-et-outils-manuels\/","title":{"rendered":"Cl\u00e9s dynamom\u00e9triques manuelles et outils manuels"},"content":{"rendered":"<h1>Cl\u00e9s dynamom\u00e9triques et autres outils manuels<\/h1>\n<div class=\"fiche-vente-location\">\n<div class=\"fiche-vente\">Disponible \u00e0 la vente uniquement<\/div>\n<\/div>\n<h2>Les outils \u00e0 usage industriel, par exemple dans la construction d&rsquo;usines et de machines, doivent r\u00e9pondre \u00e0 des exigences extr\u00eamement \u00e9lev\u00e9es. C&rsquo;est ce que nous proposons avec notre s\u00e9lection d&rsquo;outils manuels et de cl\u00e9s dynamom\u00e9triques<\/h2>\n<h3>Principales caract\u00e9ristiques<\/h3>\n<ul>\n<li>S\u00e9curit\u00e9 certifi\u00e9e<\/li>\n<li>Fonctionnalit\u00e9 et ergonomie comme conditions pr\u00e9alables \u00e0 la rapidit\u00e9 et \u00e0 l&rsquo;efficacit\u00e9<\/li>\n<li>Durabilit\u00e9 et faible usure<\/li>\n<li>Robustesse pour une utilisation constante dans le tiers sup\u00e9rieur de la charge<\/li>\n<li>Adapt\u00e9 \u00e0 une utilisation dans des espaces confin\u00e9s<\/li>\n<li>Pr\u00e9cision et pr\u00e9cision de r\u00e9p\u00e9tition les plus \u00e9lev\u00e9es dans les limites des tol\u00e9rances DIN prescrites<\/li>\n<li>Outils premium pour l&rsquo;industrie<\/li>\n<\/ul>\n<h3>Large gamme d&rsquo;outils manuels et de cl\u00e9s dynamom\u00e9triques efficaces<\/h3>\n<p>Pour ces exigences, nous avons les solutions qu&rsquo;il vous faut : car nous ne sommes pas seulement un fabricant de premier plan, mais nous disposons \u00e9galement de la gamme d&rsquo;outils manuels et sp\u00e9ciaux la plus compl\u00e8te de tous les fabricants europ\u00e9ens.<\/p>\n<p>Une pr\u00e9cision maximale et un contr\u00f4le parfait du serrage sont garantis par notre s\u00e9lection des meilleurs outils du march\u00e9.<\/p>\n<h3>Outils forg\u00e9s pour r\u00e9sister aux chutes<\/h3>\n<p>Bien entendu, nos outils r\u00e9pondent tous aux exigences de s\u00e9curit\u00e9 les plus \u00e9lev\u00e9es et sont extr\u00eamement solides et durables. Cela s&rsquo;applique en particulier \u00e0 nos outils forg\u00e9s par estampage, tels que les cl\u00e9s, les cliquets, les douilles, les tireurs \u00e0 deux bras et les pinces, qui sont particuli\u00e8rement solides et r\u00e9sistants. Nos pinces ont \u00e9galement l&rsquo;avantage d&rsquo;offrir une performance de coupe maximale avec un minimum d&rsquo;effort. L&rsquo;interaction optimale entre la g\u00e9om\u00e9trie de coupe, le palier de rivet excentrique et la conception ergonomique de la poign\u00e9e garantit des r\u00e9sultats de travail optimaux.<\/p>\n<p>Nous proposons de nombreux autres outils manuels :<\/p>\n<ul>\n<li>\u00e9quipements pour ateliers<\/li>\n<li>cl\u00e9s plates<\/li>\n<li>outils manuels<\/li>\n<li>tournevis<\/li>\n<li>pinces<\/li>\n<li>extracteurs<\/li>\n<li>outils pour l\u2019automobile<\/li>\n<li>outils sp\u00e9ciaux<\/li>\n<li>outils sanitaires et d\u2019installation<\/li>\n<li>outils pour tubes<\/li>\n<li>outils conformes VDE<\/li>\n<li>marteaux et outils de frappe<\/li>\n<li>lampes d\u2019atelier et de travail<\/li>\n<li>\u00e9quipement professionnels<\/li>\n<\/ul>\n<p>Ces outils sont uniquement disponibles \u00e0 la vente. N&rsquo;h\u00e9sitez pas \u00e0 nous contacter via le formulaire ci-dessous.<\/p>\n","protected":false},"excerpt":{"rendered":"<p>Cl\u00e9s dynamom\u00e9triques et autres outils manuels Disponible \u00e0 la vente uniquement Les outils \u00e0 usage industriel, par exemple dans la construction d&rsquo;usines et de machines, doivent r\u00e9pondre \u00e0 des exigences extr\u00eamement \u00e9lev\u00e9es. C&rsquo;est ce que nous proposons avec notre s\u00e9lection d&rsquo;outils manuels et de cl\u00e9s dynamom\u00e9triques Principales caract\u00e9ristiques S\u00e9curit\u00e9 certifi\u00e9e Fonctionnalit\u00e9 et ergonomie comme conditions &hellip; <a href=\"https:\/\/www.1bolting.com\/fr\/outils-de-serrage\/cle-dynamometriques-manuelles-et-outils-manuels\/\">Continued<\/a><\/p>\n","protected":false},"author":6,"featured_media":0,"parent":7,"menu_order":8,"comment_status":"closed","ping_status":"closed","template":"sub-nav-page-produit.php","meta":{"_acf_changed":false,"footnotes":""},"class_list":["post-330","page","type-page","status-publish","hentry","product_type-product"],"acf":[],"yoast_head":"<!-- This site is optimized with the Yoast SEO plugin v27.4 - https:\/\/yoast.com\/product\/yoast-seo-wordpress\/ -->\n<title>Cl\u00e9s Dynamom\u00e9triques Manuelles et Autres Outils - Sp\u00e9cialistes en Serrage Industriel<\/title>\n<meta name=\"description\" content=\"First Bolting a s\u00e9lectionn\u00e9 pour vous les meilleures cl\u00e9s dynamom\u00e9triques manuelles et autres outils pour le serrage en milieu industriel.\" \/>\n<meta name=\"robots\" content=\"index, follow, max-snippet:-1, max-image-preview:large, max-video-preview:-1\" \/>\n<link rel=\"canonical\" href=\"https:\/\/www.1bolting.com\/fr\/outils-de-serrage\/cle-dynamometriques-manuelles-et-outils-manuels\/\" \/>\n<meta property=\"og:locale\" content=\"fr_FR\" \/>\n<meta property=\"og:type\" content=\"article\" \/>\n<meta property=\"og:title\" content=\"Cl\u00e9s Dynamom\u00e9triques Manuelles et Autres Outils - Sp\u00e9cialistes en Serrage Industriel\" \/>\n<meta property=\"og:description\" content=\"First Bolting a s\u00e9lectionn\u00e9 pour vous les meilleures cl\u00e9s dynamom\u00e9triques manuelles et autres outils pour le serrage en milieu industriel.\" \/>\n<meta property=\"og:url\" content=\"https:\/\/www.1bolting.com\/fr\/outils-de-serrage\/cle-dynamometriques-manuelles-et-outils-manuels\/\" \/>\n<meta property=\"og:site_name\" content=\"1st Bolting\" \/>\n<meta property=\"article:modified_time\" content=\"2022-03-17T09:07:56+00:00\" \/>\n<meta name=\"twitter:card\" content=\"summary_large_image\" \/>\n<meta name=\"twitter:label1\" content=\"Dur\u00e9e de lecture estim\u00e9e\" \/>\n\t<meta name=\"twitter:data1\" content=\"2 minutes\" \/>\n<script type=\"application\/ld+json\" class=\"yoast-schema-graph\">{\"@context\":\"https:\\\/\\\/schema.org\",\"@graph\":[{\"@type\":\"WebPage\",\"@id\":\"https:\\\/\\\/www.1bolting.com\\\/fr\\\/outils-de-serrage\\\/cle-dynamometriques-manuelles-et-outils-manuels\\\/\",\"url\":\"https:\\\/\\\/www.1bolting.com\\\/fr\\\/outils-de-serrage\\\/cle-dynamometriques-manuelles-et-outils-manuels\\\/\",\"name\":\"Cl\u00e9s Dynamom\u00e9triques Manuelles et Autres Outils - Sp\u00e9cialistes en Serrage Industriel\",\"isPartOf\":{\"@id\":\"https:\\\/\\\/www.1bolting.com\\\/fr\\\/#website\"},\"datePublished\":\"2015-09-25T08:35:14+00:00\",\"dateModified\":\"2022-03-17T09:07:56+00:00\",\"description\":\"First Bolting a s\u00e9lectionn\u00e9 pour vous les meilleures cl\u00e9s dynamom\u00e9triques manuelles et autres outils pour le serrage en milieu industriel.\",\"breadcrumb\":{\"@id\":\"https:\\\/\\\/www.1bolting.com\\\/fr\\\/outils-de-serrage\\\/cle-dynamometriques-manuelles-et-outils-manuels\\\/#breadcrumb\"},\"inLanguage\":\"fr-FR\",\"potentialAction\":[{\"@type\":\"ReadAction\",\"target\":[\"https:\\\/\\\/www.1bolting.com\\\/fr\\\/outils-de-serrage\\\/cle-dynamometriques-manuelles-et-outils-manuels\\\/\"]}]},{\"@type\":\"BreadcrumbList\",\"@id\":\"https:\\\/\\\/www.1bolting.com\\\/fr\\\/outils-de-serrage\\\/cle-dynamometriques-manuelles-et-outils-manuels\\\/#breadcrumb\",\"itemListElement\":[{\"@type\":\"ListItem\",\"position\":1,\"name\":\"Accueil\",\"item\":\"https:\\\/\\\/www.1bolting.com\\\/fr\\\/\"},{\"@type\":\"ListItem\",\"position\":2,\"name\":\"Outils de Serrage\",\"item\":\"https:\\\/\\\/www.1bolting.com\\\/fr\\\/outils-de-serrage\\\/\"},{\"@type\":\"ListItem\",\"position\":3,\"name\":\"Cl\u00e9s dynamom\u00e9triques manuelles et outils manuels\"}]},{\"@type\":\"WebSite\",\"@id\":\"https:\\\/\\\/www.1bolting.com\\\/fr\\\/#website\",\"url\":\"https:\\\/\\\/www.1bolting.com\\\/fr\\\/\",\"name\":\"1st Bolting\",\"description\":\"Sp\u00e9cialiste en solutions de serrage\",\"publisher\":{\"@id\":\"https:\\\/\\\/www.1bolting.com\\\/fr\\\/#organization\"},\"potentialAction\":[{\"@type\":\"SearchAction\",\"target\":{\"@type\":\"EntryPoint\",\"urlTemplate\":\"https:\\\/\\\/www.1bolting.com\\\/fr\\\/?s={search_term_string}\"},\"query-input\":{\"@type\":\"PropertyValueSpecification\",\"valueRequired\":true,\"valueName\":\"search_term_string\"}}],\"inLanguage\":\"fr-FR\"},{\"@type\":\"Organization\",\"@id\":\"https:\\\/\\\/www.1bolting.com\\\/fr\\\/#organization\",\"name\":\"First Bolting\",\"url\":\"https:\\\/\\\/www.1bolting.com\\\/fr\\\/\",\"logo\":{\"@type\":\"ImageObject\",\"inLanguage\":\"fr-FR\",\"@id\":\"https:\\\/\\\/www.1bolting.com\\\/fr\\\/#\\\/schema\\\/logo\\\/image\\\/\",\"url\":\"https:\\\/\\\/www.1bolting.com\\\/wp-content\\\/uploads\\\/2020\\\/11\\\/logo-flyer.png\",\"contentUrl\":\"https:\\\/\\\/www.1bolting.com\\\/wp-content\\\/uploads\\\/2020\\\/11\\\/logo-flyer.png\",\"width\":300,\"height\":180,\"caption\":\"First Bolting\"},\"image\":{\"@id\":\"https:\\\/\\\/www.1bolting.com\\\/fr\\\/#\\\/schema\\\/logo\\\/image\\\/\"}}]}<\/script>\n<!-- \/ Yoast SEO plugin. -->","yoast_head_json":{"title":"Cl\u00e9s Dynamom\u00e9triques Manuelles et Autres Outils - Sp\u00e9cialistes en Serrage Industriel","description":"First Bolting a s\u00e9lectionn\u00e9 pour vous les meilleures cl\u00e9s dynamom\u00e9triques manuelles et autres outils pour le serrage en milieu industriel.","robots":{"index":"index","follow":"follow","max-snippet":"max-snippet:-1","max-image-preview":"max-image-preview:large","max-video-preview":"max-video-preview:-1"},"canonical":"https:\/\/www.1bolting.com\/fr\/outils-de-serrage\/cle-dynamometriques-manuelles-et-outils-manuels\/","og_locale":"fr_FR","og_type":"article","og_title":"Cl\u00e9s Dynamom\u00e9triques Manuelles et Autres Outils - Sp\u00e9cialistes en Serrage Industriel","og_description":"First Bolting a s\u00e9lectionn\u00e9 pour vous les meilleures cl\u00e9s dynamom\u00e9triques manuelles et autres outils pour le serrage en milieu industriel.","og_url":"https:\/\/www.1bolting.com\/fr\/outils-de-serrage\/cle-dynamometriques-manuelles-et-outils-manuels\/","og_site_name":"1st Bolting","article_modified_time":"2022-03-17T09:07:56+00:00","twitter_card":"summary_large_image","twitter_misc":{"Dur\u00e9e de lecture estim\u00e9e":"2 minutes"},"schema":{"@context":"https:\/\/schema.org","@graph":[{"@type":"WebPage","@id":"https:\/\/www.1bolting.com\/fr\/outils-de-serrage\/cle-dynamometriques-manuelles-et-outils-manuels\/","url":"https:\/\/www.1bolting.com\/fr\/outils-de-serrage\/cle-dynamometriques-manuelles-et-outils-manuels\/","name":"Cl\u00e9s Dynamom\u00e9triques Manuelles et Autres Outils - Sp\u00e9cialistes en Serrage Industriel","isPartOf":{"@id":"https:\/\/www.1bolting.com\/fr\/#website"},"datePublished":"2015-09-25T08:35:14+00:00","dateModified":"2022-03-17T09:07:56+00:00","description":"First Bolting a s\u00e9lectionn\u00e9 pour vous les meilleures cl\u00e9s dynamom\u00e9triques manuelles et autres outils pour le serrage en milieu industriel.","breadcrumb":{"@id":"https:\/\/www.1bolting.com\/fr\/outils-de-serrage\/cle-dynamometriques-manuelles-et-outils-manuels\/#breadcrumb"},"inLanguage":"fr-FR","potentialAction":[{"@type":"ReadAction","target":["https:\/\/www.1bolting.com\/fr\/outils-de-serrage\/cle-dynamometriques-manuelles-et-outils-manuels\/"]}]},{"@type":"BreadcrumbList","@id":"https:\/\/www.1bolting.com\/fr\/outils-de-serrage\/cle-dynamometriques-manuelles-et-outils-manuels\/#breadcrumb","itemListElement":[{"@type":"ListItem","position":1,"name":"Accueil","item":"https:\/\/www.1bolting.com\/fr\/"},{"@type":"ListItem","position":2,"name":"Outils de Serrage","item":"https:\/\/www.1bolting.com\/fr\/outils-de-serrage\/"},{"@type":"ListItem","position":3,"name":"Cl\u00e9s dynamom\u00e9triques manuelles et outils manuels"}]},{"@type":"WebSite","@id":"https:\/\/www.1bolting.com\/fr\/#website","url":"https:\/\/www.1bolting.com\/fr\/","name":"1st Bolting","description":"Sp\u00e9cialiste en solutions de serrage","publisher":{"@id":"https:\/\/www.1bolting.com\/fr\/#organization"},"potentialAction":[{"@type":"SearchAction","target":{"@type":"EntryPoint","urlTemplate":"https:\/\/www.1bolting.com\/fr\/?s={search_term_string}"},"query-input":{"@type":"PropertyValueSpecification","valueRequired":true,"valueName":"search_term_string"}}],"inLanguage":"fr-FR"},{"@type":"Organization","@id":"https:\/\/www.1bolting.com\/fr\/#organization","name":"First Bolting","url":"https:\/\/www.1bolting.com\/fr\/","logo":{"@type":"ImageObject","inLanguage":"fr-FR","@id":"https:\/\/www.1bolting.com\/fr\/#\/schema\/logo\/image\/","url":"https:\/\/www.1bolting.com\/wp-content\/uploads\/2020\/11\/logo-flyer.png","contentUrl":"https:\/\/www.1bolting.com\/wp-content\/uploads\/2020\/11\/logo-flyer.png","width":300,"height":180,"caption":"First Bolting"},"image":{"@id":"https:\/\/www.1bolting.com\/fr\/#\/schema\/logo\/image\/"}}]}},"_links":{"self":[{"href":"https:\/\/www.1bolting.com\/fr\/wp-json\/wp\/v2\/pages\/330","targetHints":{"allow":["GET"]}}],"collection":[{"href":"https:\/\/www.1bolting.com\/fr\/wp-json\/wp\/v2\/pages"}],"about":[{"href":"https:\/\/www.1bolting.com\/fr\/wp-json\/wp\/v2\/types\/page"}],"author":[{"embeddable":true,"href":"https:\/\/www.1bolting.com\/fr\/wp-json\/wp\/v2\/users\/6"}],"replies":[{"embeddable":true,"href":"https:\/\/www.1bolting.com\/fr\/wp-json\/wp\/v2\/comments?post=330"}],"version-history":[{"count":25,"href":"https:\/\/www.1bolting.com\/fr\/wp-json\/wp\/v2\/pages\/330\/revisions"}],"predecessor-version":[{"id":5460,"href":"https:\/\/www.1bolting.com\/fr\/wp-json\/wp\/v2\/pages\/330\/revisions\/5460"}],"up":[{"embeddable":true,"href":"https:\/\/www.1bolting.com\/fr\/wp-json\/wp\/v2\/pages\/7"}],"wp:attachment":[{"href":"https:\/\/www.1bolting.com\/fr\/wp-json\/wp\/v2\/media?parent=330"}],"curies":[{"name":"wp","href":"https:\/\/api.w.org\/{rel}","templated":true}]}}