{"id":332,"date":"2015-09-25T09:35:35","date_gmt":"2015-09-25T08:35:35","guid":{"rendered":"http:\/\/1stbolting.superstrong-studio.be\/?page_id=332"},"modified":"2023-03-30T22:09:54","modified_gmt":"2023-03-30T21:09:54","slug":"douilles-a-chocs","status":"publish","type":"page","link":"https:\/\/www.1bolting.com\/fr\/outils-de-serrage\/douilles-a-chocs\/","title":{"rendered":"Douilles \u00e0 chocs &#038; Accessoires"},"content":{"rendered":"<h1>Douilles \u00e0 chocs<\/h1>\n<p style=\"font-family: 'Audiowide', cursive; font-size: 1.8em; color: #f28c00;\">&amp; accessoires<\/p>\n<div class=\"fiche-vente-location\">\n<div class=\"fiche-vente\">Disponible \u00e0 la vente<\/div>\n<div class=\"fiche-location\">Disponible \u00e0 la location<\/div>\n<\/div>\n<h2>Le plus large stock de douilles \u00e0 chocs : des centaines de douilles neuves en stock de carr\u00e9 \u00bd\u2019\u2019 \u00e0 2 \u00bd\u2019\u2019 jusqu\u2019\u00e0 195mm sur plat !<\/h2>\n<h3>Une qualit\u00e9 \u00e9prouv\u00e9e<\/h3>\n<p>Les <strong>douilles \u00e0 choc<\/strong> permettent de soutenir et absorber le choc de chaque impact. Compar\u00e9s \u00e0 tous les autres fabricants du march\u00e9, nos douilles ont une nette longueur d&rsquo;avance question solidit\u00e9 et durabilit\u00e9\u00a0! Elles ont la plus haute qualit\u00e9 de finition \u00e0 l&rsquo;int\u00e9rieur comme \u00e0 l&rsquo;ext\u00e9rieur.<\/p>\n<p>Le l\u00e9gendaire acier su\u00e9dois et un traitement thermique de pointe en font les douilles \u00e0 chocs les plus robustes du march\u00e9 mondial.<\/p>\n<p>Douilles Momento, des <strong>douilles \u00e0 chocs<\/strong> robustes ! Elles sont, sans aucun doute, les douilles les plus fiables du march\u00e9. Nous avons test\u00e9 notre douille carr\u00e9 conducteur 3\/4\u201d en 24mm contre 9 douilles de 7 grandes marques concurrentes. Le test a consist\u00e9 \u00e0 effectuer le maximum de cycles \u00e0 1300 ft.lbs.\/2000 Nm, en continu, jusqu&rsquo;au premier signe de fracture. La <strong>douille \u00e0 choc<\/strong> Momento a effectu\u00e9 139 370 cycles jusqu&rsquo;\u00e0 la premi\u00e8re f\u00ealure, quand la douille concurrente la plus proche a seulement effectu\u00e9 47 730 cycles, soit 65% de moins.<\/p>\n<p>Nous proposons \u00e9galement des adaptateurs de carr\u00e9, des rallonges, des douilles pour vis CHC, des douilles \u00e0 encoches, des \u00ab\u00a0torque socket\u00a0\u00bb et encore bien d&rsquo;autres mod\u00e8les.<\/p>\n<h3>Besoin de douilles \u00e0 chocs ou accessoires sur-mesure ?<\/h3>\n<p>First Bolting designe \u00e9galement des solutions et accessoires sur-mesure pour toutes vos applications d\u2019assemblage : embout de cl\u00e9s manuelles, douilles \u00e0 chocs, contre-cl\u00e9s sp\u00e9cifiques, adaptation du poste du travail, bras de r\u00e9actions, etc.<\/p>\n<p>Nous avons produit des centaines de douilles \u00e0 la demande \u00e0 ses clients avec un taux de retour = \u00e0 0%.<\/p>\n","protected":false},"excerpt":{"rendered":"<p>Douilles \u00e0 chocs &amp; accessoires Disponible \u00e0 la vente Disponible \u00e0 la location Le plus large stock de douilles \u00e0 chocs : des centaines de douilles neuves en stock de carr\u00e9 \u00bd\u2019\u2019 \u00e0 2 \u00bd\u2019\u2019 jusqu\u2019\u00e0 195mm sur plat ! Une qualit\u00e9 \u00e9prouv\u00e9e Les douilles \u00e0 choc permettent de soutenir et absorber le choc de &hellip; <a href=\"https:\/\/www.1bolting.com\/fr\/outils-de-serrage\/douilles-a-chocs\/\">Continued<\/a><\/p>\n","protected":false},"author":6,"featured_media":0,"parent":7,"menu_order":9,"comment_status":"closed","ping_status":"closed","template":"sub-nav-page-produit.php","meta":{"_acf_changed":false,"footnotes":""},"class_list":["post-332","page","type-page","status-publish","hentry","product_type-product"],"acf":[],"yoast_head":"<!-- This site is optimized with the Yoast SEO plugin v27.4 - https:\/\/yoast.com\/product\/yoast-seo-wordpress\/ -->\n<title>Douilles \u00e0 Chocs - Sp\u00e9cialistes en Serrage Industriel<\/title>\n<meta name=\"description\" content=\"Le plus large stock de douilles \u00e0 chocs de France et de Belgique. First Bolting designe \u00e9galement des solutions et accessoires sur-mesure pour toutes vos applications d\u2019assemblage.\" \/>\n<meta name=\"robots\" content=\"index, follow, max-snippet:-1, max-image-preview:large, max-video-preview:-1\" \/>\n<link rel=\"canonical\" href=\"https:\/\/www.1bolting.com\/fr\/outils-de-serrage\/douilles-a-chocs\/\" \/>\n<meta property=\"og:locale\" content=\"fr_FR\" \/>\n<meta property=\"og:type\" content=\"article\" \/>\n<meta property=\"og:title\" content=\"Douilles \u00e0 Chocs - Sp\u00e9cialistes en Serrage Industriel\" \/>\n<meta property=\"og:description\" content=\"Le plus large stock de douilles \u00e0 chocs de France et de Belgique. First Bolting designe \u00e9galement des solutions et accessoires sur-mesure pour toutes vos applications d\u2019assemblage.\" \/>\n<meta property=\"og:url\" content=\"https:\/\/www.1bolting.com\/fr\/outils-de-serrage\/douilles-a-chocs\/\" \/>\n<meta property=\"og:site_name\" content=\"1st Bolting\" \/>\n<meta property=\"article:modified_time\" content=\"2023-03-30T21:09:54+00:00\" \/>\n<meta name=\"twitter:card\" content=\"summary_large_image\" \/>\n<meta name=\"twitter:label1\" content=\"Dur\u00e9e de lecture estim\u00e9e\" \/>\n\t<meta name=\"twitter:data1\" content=\"2 minutes\" \/>\n<script type=\"application\/ld+json\" class=\"yoast-schema-graph\">{\"@context\":\"https:\\\/\\\/schema.org\",\"@graph\":[{\"@type\":\"WebPage\",\"@id\":\"https:\\\/\\\/www.1bolting.com\\\/fr\\\/outils-de-serrage\\\/douilles-a-chocs\\\/\",\"url\":\"https:\\\/\\\/www.1bolting.com\\\/fr\\\/outils-de-serrage\\\/douilles-a-chocs\\\/\",\"name\":\"Douilles \u00e0 Chocs - Sp\u00e9cialistes en Serrage Industriel\",\"isPartOf\":{\"@id\":\"https:\\\/\\\/www.1bolting.com\\\/fr\\\/#website\"},\"datePublished\":\"2015-09-25T08:35:35+00:00\",\"dateModified\":\"2023-03-30T21:09:54+00:00\",\"description\":\"Le plus large stock de douilles \u00e0 chocs de France et de Belgique. First Bolting designe \u00e9galement des solutions et accessoires sur-mesure pour toutes vos applications d\u2019assemblage.\",\"breadcrumb\":{\"@id\":\"https:\\\/\\\/www.1bolting.com\\\/fr\\\/outils-de-serrage\\\/douilles-a-chocs\\\/#breadcrumb\"},\"inLanguage\":\"fr-FR\",\"potentialAction\":[{\"@type\":\"ReadAction\",\"target\":[\"https:\\\/\\\/www.1bolting.com\\\/fr\\\/outils-de-serrage\\\/douilles-a-chocs\\\/\"]}]},{\"@type\":\"BreadcrumbList\",\"@id\":\"https:\\\/\\\/www.1bolting.com\\\/fr\\\/outils-de-serrage\\\/douilles-a-chocs\\\/#breadcrumb\",\"itemListElement\":[{\"@type\":\"ListItem\",\"position\":1,\"name\":\"Accueil\",\"item\":\"https:\\\/\\\/www.1bolting.com\\\/fr\\\/\"},{\"@type\":\"ListItem\",\"position\":2,\"name\":\"Outils de Serrage\",\"item\":\"https:\\\/\\\/www.1bolting.com\\\/fr\\\/outils-de-serrage\\\/\"},{\"@type\":\"ListItem\",\"position\":3,\"name\":\"Douilles \u00e0 chocs &#038; Accessoires\"}]},{\"@type\":\"WebSite\",\"@id\":\"https:\\\/\\\/www.1bolting.com\\\/fr\\\/#website\",\"url\":\"https:\\\/\\\/www.1bolting.com\\\/fr\\\/\",\"name\":\"1st Bolting\",\"description\":\"Sp\u00e9cialiste en solutions de serrage\",\"publisher\":{\"@id\":\"https:\\\/\\\/www.1bolting.com\\\/fr\\\/#organization\"},\"potentialAction\":[{\"@type\":\"SearchAction\",\"target\":{\"@type\":\"EntryPoint\",\"urlTemplate\":\"https:\\\/\\\/www.1bolting.com\\\/fr\\\/?s={search_term_string}\"},\"query-input\":{\"@type\":\"PropertyValueSpecification\",\"valueRequired\":true,\"valueName\":\"search_term_string\"}}],\"inLanguage\":\"fr-FR\"},{\"@type\":\"Organization\",\"@id\":\"https:\\\/\\\/www.1bolting.com\\\/fr\\\/#organization\",\"name\":\"First Bolting\",\"url\":\"https:\\\/\\\/www.1bolting.com\\\/fr\\\/\",\"logo\":{\"@type\":\"ImageObject\",\"inLanguage\":\"fr-FR\",\"@id\":\"https:\\\/\\\/www.1bolting.com\\\/fr\\\/#\\\/schema\\\/logo\\\/image\\\/\",\"url\":\"https:\\\/\\\/www.1bolting.com\\\/wp-content\\\/uploads\\\/2020\\\/11\\\/logo-flyer.png\",\"contentUrl\":\"https:\\\/\\\/www.1bolting.com\\\/wp-content\\\/uploads\\\/2020\\\/11\\\/logo-flyer.png\",\"width\":300,\"height\":180,\"caption\":\"First Bolting\"},\"image\":{\"@id\":\"https:\\\/\\\/www.1bolting.com\\\/fr\\\/#\\\/schema\\\/logo\\\/image\\\/\"}}]}<\/script>\n<!-- \/ Yoast SEO plugin. -->","yoast_head_json":{"title":"Douilles \u00e0 Chocs - Sp\u00e9cialistes en Serrage Industriel","description":"Le plus large stock de douilles \u00e0 chocs de France et de Belgique. First Bolting designe \u00e9galement des solutions et accessoires sur-mesure pour toutes vos applications d\u2019assemblage.","robots":{"index":"index","follow":"follow","max-snippet":"max-snippet:-1","max-image-preview":"max-image-preview:large","max-video-preview":"max-video-preview:-1"},"canonical":"https:\/\/www.1bolting.com\/fr\/outils-de-serrage\/douilles-a-chocs\/","og_locale":"fr_FR","og_type":"article","og_title":"Douilles \u00e0 Chocs - Sp\u00e9cialistes en Serrage Industriel","og_description":"Le plus large stock de douilles \u00e0 chocs de France et de Belgique. First Bolting designe \u00e9galement des solutions et accessoires sur-mesure pour toutes vos applications d\u2019assemblage.","og_url":"https:\/\/www.1bolting.com\/fr\/outils-de-serrage\/douilles-a-chocs\/","og_site_name":"1st Bolting","article_modified_time":"2023-03-30T21:09:54+00:00","twitter_card":"summary_large_image","twitter_misc":{"Dur\u00e9e de lecture estim\u00e9e":"2 minutes"},"schema":{"@context":"https:\/\/schema.org","@graph":[{"@type":"WebPage","@id":"https:\/\/www.1bolting.com\/fr\/outils-de-serrage\/douilles-a-chocs\/","url":"https:\/\/www.1bolting.com\/fr\/outils-de-serrage\/douilles-a-chocs\/","name":"Douilles \u00e0 Chocs - Sp\u00e9cialistes en Serrage Industriel","isPartOf":{"@id":"https:\/\/www.1bolting.com\/fr\/#website"},"datePublished":"2015-09-25T08:35:35+00:00","dateModified":"2023-03-30T21:09:54+00:00","description":"Le plus large stock de douilles \u00e0 chocs de France et de Belgique. First Bolting designe \u00e9galement des solutions et accessoires sur-mesure pour toutes vos applications d\u2019assemblage.","breadcrumb":{"@id":"https:\/\/www.1bolting.com\/fr\/outils-de-serrage\/douilles-a-chocs\/#breadcrumb"},"inLanguage":"fr-FR","potentialAction":[{"@type":"ReadAction","target":["https:\/\/www.1bolting.com\/fr\/outils-de-serrage\/douilles-a-chocs\/"]}]},{"@type":"BreadcrumbList","@id":"https:\/\/www.1bolting.com\/fr\/outils-de-serrage\/douilles-a-chocs\/#breadcrumb","itemListElement":[{"@type":"ListItem","position":1,"name":"Accueil","item":"https:\/\/www.1bolting.com\/fr\/"},{"@type":"ListItem","position":2,"name":"Outils de Serrage","item":"https:\/\/www.1bolting.com\/fr\/outils-de-serrage\/"},{"@type":"ListItem","position":3,"name":"Douilles \u00e0 chocs &#038; Accessoires"}]},{"@type":"WebSite","@id":"https:\/\/www.1bolting.com\/fr\/#website","url":"https:\/\/www.1bolting.com\/fr\/","name":"1st Bolting","description":"Sp\u00e9cialiste en solutions de serrage","publisher":{"@id":"https:\/\/www.1bolting.com\/fr\/#organization"},"potentialAction":[{"@type":"SearchAction","target":{"@type":"EntryPoint","urlTemplate":"https:\/\/www.1bolting.com\/fr\/?s={search_term_string}"},"query-input":{"@type":"PropertyValueSpecification","valueRequired":true,"valueName":"search_term_string"}}],"inLanguage":"fr-FR"},{"@type":"Organization","@id":"https:\/\/www.1bolting.com\/fr\/#organization","name":"First Bolting","url":"https:\/\/www.1bolting.com\/fr\/","logo":{"@type":"ImageObject","inLanguage":"fr-FR","@id":"https:\/\/www.1bolting.com\/fr\/#\/schema\/logo\/image\/","url":"https:\/\/www.1bolting.com\/wp-content\/uploads\/2020\/11\/logo-flyer.png","contentUrl":"https:\/\/www.1bolting.com\/wp-content\/uploads\/2020\/11\/logo-flyer.png","width":300,"height":180,"caption":"First Bolting"},"image":{"@id":"https:\/\/www.1bolting.com\/fr\/#\/schema\/logo\/image\/"}}]}},"_links":{"self":[{"href":"https:\/\/www.1bolting.com\/fr\/wp-json\/wp\/v2\/pages\/332","targetHints":{"allow":["GET"]}}],"collection":[{"href":"https:\/\/www.1bolting.com\/fr\/wp-json\/wp\/v2\/pages"}],"about":[{"href":"https:\/\/www.1bolting.com\/fr\/wp-json\/wp\/v2\/types\/page"}],"author":[{"embeddable":true,"href":"https:\/\/www.1bolting.com\/fr\/wp-json\/wp\/v2\/users\/6"}],"replies":[{"embeddable":true,"href":"https:\/\/www.1bolting.com\/fr\/wp-json\/wp\/v2\/comments?post=332"}],"version-history":[{"count":24,"href":"https:\/\/www.1bolting.com\/fr\/wp-json\/wp\/v2\/pages\/332\/revisions"}],"predecessor-version":[{"id":6597,"href":"https:\/\/www.1bolting.com\/fr\/wp-json\/wp\/v2\/pages\/332\/revisions\/6597"}],"up":[{"embeddable":true,"href":"https:\/\/www.1bolting.com\/fr\/wp-json\/wp\/v2\/pages\/7"}],"wp:attachment":[{"href":"https:\/\/www.1bolting.com\/fr\/wp-json\/wp\/v2\/media?parent=332"}],"curies":[{"name":"wp","href":"https:\/\/api.w.org\/{rel}","templated":true}]}}