{"id":4045,"date":"2020-12-15T11:02:58","date_gmt":"2020-12-15T10:02:58","guid":{"rendered":"https:\/\/www.1bolting.com\/?page_id=4045"},"modified":"2021-05-19T12:32:59","modified_gmt":"2021-05-19T11:32:59","slug":"visseuse-batterie-intelligente","status":"publish","type":"page","link":"https:\/\/www.1bolting.com\/fr\/outils-de-serrage\/visseuse-batterie-intelligente\/","title":{"rendered":"Visseuse batterie intelligente"},"content":{"rendered":"<h1>Visseuse batterie intelligente<\/h1>\n<div class=\"fiche-vente-location\">\n<div class=\"fiche-vente\">Disponible \u00e0 la vente<\/div>\n<div class=\"fiche-location\">Disponible \u00e0 la location<\/div>\n<\/div>\n<h2>Am\u00e9liorez votre productivit\u00e9 gr\u00e2ce \u00e0 la visseuse intelligente SRB, un outil de serrage \u00e0 batterie avec tra\u00e7abilit\u00e9 pour vos applications critiques<\/h2>\n<p>Avec notre nouvelle gamme de <strong>boulonneuses fort couple \u00e0 batterie<\/strong>, nous mettons en oeuvre nos connaissances et notre exp\u00e9rience pour amener l\u2019usine intelligente sur le terrain.<\/p>\n<p>La nouvelle gamme sans fil est \u00e9quip\u00e9e d&rsquo;un capteur de couple assurant une fiabilit\u00e9 maximale. Tous les outils poss\u00e8dent un moteur puissant et une double g\u00e2chette, ce qui minimise le risque de blessures pour les op\u00e9rateurs.<\/p>\n<p>Ces caract\u00e9ristiques r\u00e9pondent \u00e0 nos exigences : rendre le processus d\u2019exploitation plus rapide, plus s\u00fbr et plus intelligent pour nos clients.<\/p>\n<h3>Les atouts des boulonneuses SRB<\/h3>\n<p>Les boulonneuses SRB ont \u00e9t\u00e9 con\u00e7ues pour r\u00e9sister aux conditions d&rsquo;utilisation parfois compliqu\u00e9es, tout en assurant une grande efficacit\u00e9 et des fonctions avanc\u00e9es permettant un travail de pr\u00e9cision :<\/p>\n<ul>\n<li>Gamme de couples allant de 1300 \u00e0 4000 Nm<\/li>\n<li>Protection contre les infiltrations IP41<\/li>\n<li>Ecran de contr\u00f4le et de programmation<\/li>\n<li>Double g\u00e2chette<\/li>\n<li>Ergonomiques<\/li>\n<li>Spot multifonction (\u00e9clairage et feedback)<\/li>\n<li>Moteur de haute performance<\/li>\n<li>Capteur de couple et d\u2019angle int\u00e9gr\u00e9 (d\u00e9pend du mod\u00e8le)<\/li>\n<\/ul>\n<h3>Les visseuse sans fil asservie SRB se d\u00e9clinent en trois niveaux de fonctionnalit\u00e9s pour r\u00e9pondre \u00e0 vos besoins sp\u00e9cifiques<\/h3>\n<p>Nous proposons 3 mod\u00e8les : Digital, Smart et Connected.<\/p>\n<p>&nbsp;<\/p>\n<table class=\"fiche-vente-srb\">\n<tbody>\n<tr>\n<th><\/th>\n<th style=\"text-align: center;\"><img decoding=\"async\" class=\"aligncenter size-full wp-image-4064\" src=\"https:\/\/www.1bolting.com\/wp-content\/uploads\/2020\/12\/visseuse-boulonneuse-digital-connected-first-bolting-100x100-2.jpg\" alt=\"Visseuse boulonneuse intelligente \u00e0 batterie digital en vente et location chez First Bolting\" width=\"100\" height=\"100\" \/><\/th>\n<th style=\"text-align: center;\"><img decoding=\"async\" class=\"aligncenter size-full wp-image-4061\" src=\"https:\/\/www.1bolting.com\/wp-content\/uploads\/2020\/12\/visseuse-boulonneuse-batterie-smart-first-bolting-100x100-2.jpg\" alt=\"Visseuse boulonneuse intelligente \u00e0 batterie smart en vente et location chez First Bolting\" width=\"100\" height=\"100\" \/><\/th>\n<th style=\"text-align: center;\"><img decoding=\"async\" class=\"aligncenter size-full wp-image-4058\" src=\"https:\/\/www.1bolting.com\/wp-content\/uploads\/2020\/12\/visseuse-boulonneuse-batterie-connected-first-bolting-100x100-2.jpg\" alt=\"Visseuse boulonneuse intelligente \u00e0 batterie connected en vente et location chez First Bolting\" width=\"100\" height=\"100\" \/><\/th>\n<\/tr>\n<tr>\n<th><strong>Fonctionnalit\u00e9 \/ Mod\u00e8le<\/strong><\/th>\n<th style=\"text-align: center;\"><strong>Digital<\/strong><\/th>\n<th style=\"text-align: center;\"><strong>Smart<\/strong><\/th>\n<th style=\"text-align: center;\"><strong>Connected<\/strong><\/th>\n<\/tr>\n<tr>\n<td>Double g\u00e2chette pour plus de s\u00e9curit\u00e9<\/td>\n<td style=\"text-align: center;\">\u2714<\/td>\n<td style=\"text-align: center;\">\u2714<\/td>\n<td style=\"text-align: center;\">\u2714<\/td>\n<\/tr>\n<tr>\n<td>D\u00e9sengagement de la douille<\/td>\n<td style=\"text-align: center;\">\u2714<\/td>\n<td style=\"text-align: center;\">\u2714<\/td>\n<td style=\"text-align: center;\">\u2714<\/td>\n<\/tr>\n<tr>\n<td>Retour d\u2019information par LED<\/td>\n<td style=\"text-align: center;\">\u2714<\/td>\n<td style=\"text-align: center;\">\u2714<\/td>\n<td style=\"text-align: center;\">\u2714<\/td>\n<\/tr>\n<tr>\n<td>Capteur de couple<\/td>\n<td style=\"text-align: center;\">\u2714<\/td>\n<td style=\"text-align: center;\">\u2714<\/td>\n<td style=\"text-align: center;\">\u2714<\/td>\n<\/tr>\n<tr>\n<td>Moteur \u00e0 aimant permanent<\/td>\n<td style=\"text-align: center;\">\u2714<\/td>\n<td style=\"text-align: center;\">\u2714<\/td>\n<td style=\"text-align: center;\">\u2714<\/td>\n<\/tr>\n<tr>\n<td>Affichage IHM<\/td>\n<td style=\"text-align: center;\">\u2714<\/td>\n<td style=\"text-align: center;\">\u2714<\/td>\n<td style=\"text-align: center;\">\u2714<\/td>\n<\/tr>\n<tr>\n<td>Serveur wifi interne pour la collecte de donn\u00e9es<\/td>\n<td style=\"text-align: center;\"><\/td>\n<td style=\"text-align: center;\">\u2714<\/td>\n<td style=\"text-align: center;\">\u2714<\/td>\n<\/tr>\n<tr>\n<td>Programmes (10)<\/td>\n<td style=\"text-align: center;\"><\/td>\n<td style=\"text-align: center;\">\u2714<\/td>\n<td style=\"text-align: center;\">\u2714<\/td>\n<\/tr>\n<tr>\n<td>Comptage de lots (10)<\/td>\n<td style=\"text-align: center;\"><\/td>\n<td style=\"text-align: center;\">\u2714<\/td>\n<td style=\"text-align: center;\">\u2714<\/td>\n<\/tr>\n<tr>\n<td>Surveillance de l\u2019angle<\/td>\n<td style=\"text-align: center;\"><\/td>\n<td style=\"text-align: center;\">\u2714<\/td>\n<td style=\"text-align: center;\">\u2714<\/td>\n<\/tr>\n<tr>\n<td>Strat\u00e9gie Couple + Angle<\/td>\n<td style=\"text-align: center;\"><\/td>\n<td style=\"text-align: center;\">\u2714<\/td>\n<td style=\"text-align: center;\">\u2714<\/td>\n<\/tr>\n<tr>\n<td>Tol\u00e9rances de couple<\/td>\n<td style=\"text-align: center;\"><\/td>\n<td style=\"text-align: center;\">\u2714<\/td>\n<td style=\"text-align: center;\">\u2714<\/td>\n<\/tr>\n<tr>\n<td>Collecte de donn\u00e9es en temps r\u00e9el<\/td>\n<td style=\"text-align: center;\"><\/td>\n<td style=\"text-align: center;\"><\/td>\n<td style=\"text-align: center;\">\u2714<\/td>\n<\/tr>\n<tr>\n<td>Guide pour les op\u00e9rateurs<\/td>\n<td style=\"text-align: center;\"><\/td>\n<td style=\"text-align: center;\"><\/td>\n<td style=\"text-align: center;\">\u2714<\/td>\n<\/tr>\n<tr>\n<td>Configuration SQS<\/td>\n<td style=\"text-align: center;\"><\/td>\n<td style=\"text-align: center;\"><\/td>\n<td style=\"text-align: center;\">\u2714<\/td>\n<\/tr>\n<\/tbody>\n<\/table>\n<p>Afin de compl\u00e9ter votre \u00e9quipement, pensez aux douilles \u00e0 chocs.<\/p>\n","protected":false},"excerpt":{"rendered":"<p>Visseuse batterie intelligente Disponible \u00e0 la vente Disponible \u00e0 la location Am\u00e9liorez votre productivit\u00e9 gr\u00e2ce \u00e0 la visseuse intelligente SRB, un outil de serrage \u00e0 batterie avec tra\u00e7abilit\u00e9 pour vos applications critiques Avec notre nouvelle gamme de boulonneuses fort couple \u00e0 batterie, nous mettons en oeuvre nos connaissances et notre exp\u00e9rience pour amener l\u2019usine intelligente &hellip; <a href=\"https:\/\/www.1bolting.com\/fr\/outils-de-serrage\/visseuse-batterie-intelligente\/\">Continued<\/a><\/p>\n","protected":false},"author":5,"featured_media":0,"parent":7,"menu_order":0,"comment_status":"closed","ping_status":"closed","template":"sub-nav-page-produit.php","meta":{"_acf_changed":false,"footnotes":""},"class_list":["post-4045","page","type-page","status-publish","hentry","product_type-product"],"acf":[],"yoast_head":"<!-- This site is optimized with the Yoast SEO plugin v27.4 - https:\/\/yoast.com\/product\/yoast-seo-wordpress\/ -->\n<title>Visseuse Batterie Intelligente - Sp\u00e9cialistes en Serrage Industriel<\/title>\n<meta name=\"description\" content=\"La Smart Factory \u00e0 port\u00e9e de main avec ces boulonneuses sur batterie intelligentes : capteurs d&#039;angle et de couple de serrage, serveur wifi, collecte de donn\u00e9es...\" \/>\n<meta name=\"robots\" content=\"index, follow, max-snippet:-1, max-image-preview:large, max-video-preview:-1\" \/>\n<link rel=\"canonical\" href=\"https:\/\/www.1bolting.com\/fr\/outils-de-serrage\/visseuse-batterie-intelligente\/\" \/>\n<meta property=\"og:locale\" content=\"fr_FR\" \/>\n<meta property=\"og:type\" content=\"article\" \/>\n<meta property=\"og:title\" content=\"Visseuse Batterie Intelligente - Sp\u00e9cialistes en Serrage Industriel\" \/>\n<meta property=\"og:description\" content=\"La Smart Factory \u00e0 port\u00e9e de main avec ces boulonneuses sur batterie intelligentes : capteurs d&#039;angle et de couple de serrage, serveur wifi, collecte de donn\u00e9es...\" \/>\n<meta property=\"og:url\" content=\"https:\/\/www.1bolting.com\/fr\/outils-de-serrage\/visseuse-batterie-intelligente\/\" \/>\n<meta property=\"og:site_name\" content=\"1st Bolting\" \/>\n<meta property=\"article:modified_time\" content=\"2021-05-19T11:32:59+00:00\" \/>\n<meta property=\"og:image\" content=\"https:\/\/www.1bolting.com\/wp-content\/uploads\/2020\/12\/visseuse-boulonneuse-digital-connected-first-bolting-100x100-2.jpg\" \/>\n<meta name=\"twitter:card\" content=\"summary_large_image\" \/>\n<meta name=\"twitter:label1\" content=\"Dur\u00e9e de lecture estim\u00e9e\" \/>\n\t<meta name=\"twitter:data1\" content=\"2 minutes\" \/>\n<script type=\"application\/ld+json\" class=\"yoast-schema-graph\">{\"@context\":\"https:\\\/\\\/schema.org\",\"@graph\":[{\"@type\":\"WebPage\",\"@id\":\"https:\\\/\\\/www.1bolting.com\\\/fr\\\/outils-de-serrage\\\/visseuse-batterie-intelligente\\\/\",\"url\":\"https:\\\/\\\/www.1bolting.com\\\/fr\\\/outils-de-serrage\\\/visseuse-batterie-intelligente\\\/\",\"name\":\"Visseuse Batterie Intelligente - Sp\u00e9cialistes en Serrage Industriel\",\"isPartOf\":{\"@id\":\"https:\\\/\\\/www.1bolting.com\\\/fr\\\/#website\"},\"primaryImageOfPage\":{\"@id\":\"https:\\\/\\\/www.1bolting.com\\\/fr\\\/outils-de-serrage\\\/visseuse-batterie-intelligente\\\/#primaryimage\"},\"image\":{\"@id\":\"https:\\\/\\\/www.1bolting.com\\\/fr\\\/outils-de-serrage\\\/visseuse-batterie-intelligente\\\/#primaryimage\"},\"thumbnailUrl\":\"https:\\\/\\\/www.1bolting.com\\\/wp-content\\\/uploads\\\/2020\\\/12\\\/visseuse-boulonneuse-digital-connected-first-bolting-100x100-2.jpg\",\"datePublished\":\"2020-12-15T10:02:58+00:00\",\"dateModified\":\"2021-05-19T11:32:59+00:00\",\"description\":\"La Smart Factory \u00e0 port\u00e9e de main avec ces boulonneuses sur batterie intelligentes : capteurs d'angle et de couple de serrage, serveur wifi, collecte de donn\u00e9es...\",\"breadcrumb\":{\"@id\":\"https:\\\/\\\/www.1bolting.com\\\/fr\\\/outils-de-serrage\\\/visseuse-batterie-intelligente\\\/#breadcrumb\"},\"inLanguage\":\"fr-FR\",\"potentialAction\":[{\"@type\":\"ReadAction\",\"target\":[\"https:\\\/\\\/www.1bolting.com\\\/fr\\\/outils-de-serrage\\\/visseuse-batterie-intelligente\\\/\"]}]},{\"@type\":\"ImageObject\",\"inLanguage\":\"fr-FR\",\"@id\":\"https:\\\/\\\/www.1bolting.com\\\/fr\\\/outils-de-serrage\\\/visseuse-batterie-intelligente\\\/#primaryimage\",\"url\":\"https:\\\/\\\/www.1bolting.com\\\/wp-content\\\/uploads\\\/2020\\\/12\\\/visseuse-boulonneuse-digital-connected-first-bolting-100x100-2.jpg\",\"contentUrl\":\"https:\\\/\\\/www.1bolting.com\\\/wp-content\\\/uploads\\\/2020\\\/12\\\/visseuse-boulonneuse-digital-connected-first-bolting-100x100-2.jpg\"},{\"@type\":\"BreadcrumbList\",\"@id\":\"https:\\\/\\\/www.1bolting.com\\\/fr\\\/outils-de-serrage\\\/visseuse-batterie-intelligente\\\/#breadcrumb\",\"itemListElement\":[{\"@type\":\"ListItem\",\"position\":1,\"name\":\"Accueil\",\"item\":\"https:\\\/\\\/www.1bolting.com\\\/fr\\\/\"},{\"@type\":\"ListItem\",\"position\":2,\"name\":\"Outils de Serrage\",\"item\":\"https:\\\/\\\/www.1bolting.com\\\/fr\\\/outils-de-serrage\\\/\"},{\"@type\":\"ListItem\",\"position\":3,\"name\":\"Visseuse batterie intelligente\"}]},{\"@type\":\"WebSite\",\"@id\":\"https:\\\/\\\/www.1bolting.com\\\/fr\\\/#website\",\"url\":\"https:\\\/\\\/www.1bolting.com\\\/fr\\\/\",\"name\":\"1st Bolting\",\"description\":\"Sp\u00e9cialiste en solutions de serrage\",\"publisher\":{\"@id\":\"https:\\\/\\\/www.1bolting.com\\\/fr\\\/#organization\"},\"potentialAction\":[{\"@type\":\"SearchAction\",\"target\":{\"@type\":\"EntryPoint\",\"urlTemplate\":\"https:\\\/\\\/www.1bolting.com\\\/fr\\\/?s={search_term_string}\"},\"query-input\":{\"@type\":\"PropertyValueSpecification\",\"valueRequired\":true,\"valueName\":\"search_term_string\"}}],\"inLanguage\":\"fr-FR\"},{\"@type\":\"Organization\",\"@id\":\"https:\\\/\\\/www.1bolting.com\\\/fr\\\/#organization\",\"name\":\"First Bolting\",\"url\":\"https:\\\/\\\/www.1bolting.com\\\/fr\\\/\",\"logo\":{\"@type\":\"ImageObject\",\"inLanguage\":\"fr-FR\",\"@id\":\"https:\\\/\\\/www.1bolting.com\\\/fr\\\/#\\\/schema\\\/logo\\\/image\\\/\",\"url\":\"https:\\\/\\\/www.1bolting.com\\\/wp-content\\\/uploads\\\/2020\\\/11\\\/logo-flyer.png\",\"contentUrl\":\"https:\\\/\\\/www.1bolting.com\\\/wp-content\\\/uploads\\\/2020\\\/11\\\/logo-flyer.png\",\"width\":300,\"height\":180,\"caption\":\"First Bolting\"},\"image\":{\"@id\":\"https:\\\/\\\/www.1bolting.com\\\/fr\\\/#\\\/schema\\\/logo\\\/image\\\/\"}}]}<\/script>\n<!-- \/ Yoast SEO plugin. -->","yoast_head_json":{"title":"Visseuse Batterie Intelligente - Sp\u00e9cialistes en Serrage Industriel","description":"La Smart Factory \u00e0 port\u00e9e de main avec ces boulonneuses sur batterie intelligentes : capteurs d'angle et de couple de serrage, serveur wifi, collecte de donn\u00e9es...","robots":{"index":"index","follow":"follow","max-snippet":"max-snippet:-1","max-image-preview":"max-image-preview:large","max-video-preview":"max-video-preview:-1"},"canonical":"https:\/\/www.1bolting.com\/fr\/outils-de-serrage\/visseuse-batterie-intelligente\/","og_locale":"fr_FR","og_type":"article","og_title":"Visseuse Batterie Intelligente - Sp\u00e9cialistes en Serrage Industriel","og_description":"La Smart Factory \u00e0 port\u00e9e de main avec ces boulonneuses sur batterie intelligentes : capteurs d'angle et de couple de serrage, serveur wifi, collecte de donn\u00e9es...","og_url":"https:\/\/www.1bolting.com\/fr\/outils-de-serrage\/visseuse-batterie-intelligente\/","og_site_name":"1st Bolting","article_modified_time":"2021-05-19T11:32:59+00:00","og_image":[{"url":"https:\/\/www.1bolting.com\/wp-content\/uploads\/2020\/12\/visseuse-boulonneuse-digital-connected-first-bolting-100x100-2.jpg","type":"","width":"","height":""}],"twitter_card":"summary_large_image","twitter_misc":{"Dur\u00e9e de lecture estim\u00e9e":"2 minutes"},"schema":{"@context":"https:\/\/schema.org","@graph":[{"@type":"WebPage","@id":"https:\/\/www.1bolting.com\/fr\/outils-de-serrage\/visseuse-batterie-intelligente\/","url":"https:\/\/www.1bolting.com\/fr\/outils-de-serrage\/visseuse-batterie-intelligente\/","name":"Visseuse Batterie Intelligente - Sp\u00e9cialistes en Serrage Industriel","isPartOf":{"@id":"https:\/\/www.1bolting.com\/fr\/#website"},"primaryImageOfPage":{"@id":"https:\/\/www.1bolting.com\/fr\/outils-de-serrage\/visseuse-batterie-intelligente\/#primaryimage"},"image":{"@id":"https:\/\/www.1bolting.com\/fr\/outils-de-serrage\/visseuse-batterie-intelligente\/#primaryimage"},"thumbnailUrl":"https:\/\/www.1bolting.com\/wp-content\/uploads\/2020\/12\/visseuse-boulonneuse-digital-connected-first-bolting-100x100-2.jpg","datePublished":"2020-12-15T10:02:58+00:00","dateModified":"2021-05-19T11:32:59+00:00","description":"La Smart Factory \u00e0 port\u00e9e de main avec ces boulonneuses sur batterie intelligentes : capteurs d'angle et de couple de serrage, serveur wifi, collecte de donn\u00e9es...","breadcrumb":{"@id":"https:\/\/www.1bolting.com\/fr\/outils-de-serrage\/visseuse-batterie-intelligente\/#breadcrumb"},"inLanguage":"fr-FR","potentialAction":[{"@type":"ReadAction","target":["https:\/\/www.1bolting.com\/fr\/outils-de-serrage\/visseuse-batterie-intelligente\/"]}]},{"@type":"ImageObject","inLanguage":"fr-FR","@id":"https:\/\/www.1bolting.com\/fr\/outils-de-serrage\/visseuse-batterie-intelligente\/#primaryimage","url":"https:\/\/www.1bolting.com\/wp-content\/uploads\/2020\/12\/visseuse-boulonneuse-digital-connected-first-bolting-100x100-2.jpg","contentUrl":"https:\/\/www.1bolting.com\/wp-content\/uploads\/2020\/12\/visseuse-boulonneuse-digital-connected-first-bolting-100x100-2.jpg"},{"@type":"BreadcrumbList","@id":"https:\/\/www.1bolting.com\/fr\/outils-de-serrage\/visseuse-batterie-intelligente\/#breadcrumb","itemListElement":[{"@type":"ListItem","position":1,"name":"Accueil","item":"https:\/\/www.1bolting.com\/fr\/"},{"@type":"ListItem","position":2,"name":"Outils de Serrage","item":"https:\/\/www.1bolting.com\/fr\/outils-de-serrage\/"},{"@type":"ListItem","position":3,"name":"Visseuse batterie intelligente"}]},{"@type":"WebSite","@id":"https:\/\/www.1bolting.com\/fr\/#website","url":"https:\/\/www.1bolting.com\/fr\/","name":"1st Bolting","description":"Sp\u00e9cialiste en solutions de serrage","publisher":{"@id":"https:\/\/www.1bolting.com\/fr\/#organization"},"potentialAction":[{"@type":"SearchAction","target":{"@type":"EntryPoint","urlTemplate":"https:\/\/www.1bolting.com\/fr\/?s={search_term_string}"},"query-input":{"@type":"PropertyValueSpecification","valueRequired":true,"valueName":"search_term_string"}}],"inLanguage":"fr-FR"},{"@type":"Organization","@id":"https:\/\/www.1bolting.com\/fr\/#organization","name":"First Bolting","url":"https:\/\/www.1bolting.com\/fr\/","logo":{"@type":"ImageObject","inLanguage":"fr-FR","@id":"https:\/\/www.1bolting.com\/fr\/#\/schema\/logo\/image\/","url":"https:\/\/www.1bolting.com\/wp-content\/uploads\/2020\/11\/logo-flyer.png","contentUrl":"https:\/\/www.1bolting.com\/wp-content\/uploads\/2020\/11\/logo-flyer.png","width":300,"height":180,"caption":"First Bolting"},"image":{"@id":"https:\/\/www.1bolting.com\/fr\/#\/schema\/logo\/image\/"}}]}},"_links":{"self":[{"href":"https:\/\/www.1bolting.com\/fr\/wp-json\/wp\/v2\/pages\/4045","targetHints":{"allow":["GET"]}}],"collection":[{"href":"https:\/\/www.1bolting.com\/fr\/wp-json\/wp\/v2\/pages"}],"about":[{"href":"https:\/\/www.1bolting.com\/fr\/wp-json\/wp\/v2\/types\/page"}],"author":[{"embeddable":true,"href":"https:\/\/www.1bolting.com\/fr\/wp-json\/wp\/v2\/users\/5"}],"replies":[{"embeddable":true,"href":"https:\/\/www.1bolting.com\/fr\/wp-json\/wp\/v2\/comments?post=4045"}],"version-history":[{"count":22,"href":"https:\/\/www.1bolting.com\/fr\/wp-json\/wp\/v2\/pages\/4045\/revisions"}],"predecessor-version":[{"id":5053,"href":"https:\/\/www.1bolting.com\/fr\/wp-json\/wp\/v2\/pages\/4045\/revisions\/5053"}],"up":[{"embeddable":true,"href":"https:\/\/www.1bolting.com\/fr\/wp-json\/wp\/v2\/pages\/7"}],"wp:attachment":[{"href":"https:\/\/www.1bolting.com\/fr\/wp-json\/wp\/v2\/media?parent=4045"}],"curies":[{"name":"wp","href":"https:\/\/api.w.org\/{rel}","templated":true}]}}