{"id":4226,"date":"2021-01-26T16:21:28","date_gmt":"2021-01-26T15:21:28","guid":{"rendered":"https:\/\/www.1bolting.com\/?page_id=4226"},"modified":"2021-04-04T12:09:39","modified_gmt":"2021-04-04T11:09:39","slug":"interventions-sur-site","status":"publish","type":"page","link":"https:\/\/www.1bolting.com\/fr\/interventions-sur-site\/","title":{"rendered":"Interventions sur site"},"content":{"rendered":"<h1>Interventions de serrage sur site<\/h1>\n<h2>First Bolting est la r\u00e9f\u00e9rence dans le serrage que ce soit en <a href=\"https:\/\/www.1bolting.com\/fr\/interventions-sur-site\/serrage-au-couple-et-par-tension\/\">serrage au couple<\/a>, <a href=\"https:\/\/www.1bolting.com\/fr\/interventions-sur-site\/serrage-par-induction\/\">serrage par induction<\/a> et en <a href=\"https:\/\/www.1bolting.com\/fr\/interventions-sur-site\/serrage-au-couple-et-par-tension\/\">serrage par tension<\/a><\/h2>\n<div id=\"prestations\" class=\"accueil-bloc-flyer\">\n<div id=\"prestations\" class=\"container\">\n<div class=\"row\">\n<div id=\"prestations\" class=\"col-lg-4 col-md-4 col-sm-12\">\n<div class=\"accueil-image\"><a href=\"https:\/\/www.1bolting.com\/fr\/interventions-sur-site\/serrage-au-couple-et-par-tension\/\"><img decoding=\"async\" src=\"https:\/\/www.1bolting.com\/wp-content\/uploads\/2021\/01\/serrage-tension-et-couple-first-bolting.jpg\" alt=\"Serrage au coupe et par tension par First Bolting\" width=\"100%\" height=\"100%\"><\/a><\/div>\n<div class=\"accueil-bloc-texte\">\n<p class=\"titre\">Serrage au couple\/tension<\/p>\n<\/div>\n<\/div>\n<div id=\"prestations\" class=\"col-lg-4 col-md-4 col-sm-12\">\n<div class=\"accueil-image\"><a href=\"https:\/\/www.1bolting.com\/fr\/interventions-sur-site\/serrage-par-induction\/\"><img decoding=\"async\" src=\"https:\/\/www.1bolting.com\/wp-content\/uploads\/2021\/01\/serrage-par-induction-first-bolting.jpg\" alt=\"Serrage par induction par First Bolting\" width=\"100%\" height=\"100%\"><\/a><\/div>\n<div class=\"accueil-bloc-texte\">\n<p class=\"titre\">Serrage par induction<\/p>\n<\/div>\n<\/div>\n<div id=\"prestations\" class=\"col-lg-4 col-md-4 col-sm-12\">\n<div class=\"accueil-image\"><a href=\"https:\/\/www.1bolting.com\/fr\/interventions-sur-site\/usinage-sur-site\/\"><img decoding=\"async\"  src=\"https:\/\/www.1bolting.com\/wp-content\/uploads\/2021\/01\/serrage-usinage-first-bolting.jpg\" alt=\"Usinage sur site par First Bolting\" width=\"100%\" height=\"100%\"><\/a><\/div>\n<div class=\"accueil-bloc-texte\">\n<p class=\"titre\">Usinage<\/p>\n<\/div>\n<\/div>\n<\/div>\n<\/div>\n<p>&nbsp;<br \/>\nNous r\u00e9alisons toutes sortes de serrage sur diff\u00e9rents sites industriels (gaz, p\u00e9trochimie, nucl\u00e9aire\u2026) partout en Europe, 24h sur 24 et 7 jours sur 7.<\/p>\n<h3 style=\"text-align: center;\">Pourquoi faire appel \u00e0 First Bolting ?<\/h3>\n<p>&nbsp;<\/p>\n<div id=\"fiche-intervention\" class=\"container-fluid\">\n<div class=\"row\">\n<div class=\"col-md-6\">\n<h3>Nos avantages<\/h3>\n<ul>\n<li>Disponibilit\u00e9 24\/7<\/li>\n<li>R\u00e9activit\u00e9<\/li>\n<li>\u00c9quipes qualifi\u00e9es<\/li>\n<li>Personnel technique poss\u00e9dant toutes les qualifications et habilitations requises pour effectuer les travaux dans son int\u00e9gralit\u00e9<\/li>\n<li>Personnel habilit\u00e9 \u00e0 aller dans tout les sites, qu\u2019ils soient nucl\u00e9aires, ATEX\u2026<\/li>\n<li>V\u00e9ritable savoir-faire reconnu en maintenance<\/li>\n<li>V\u00e9ritable exp\u00e9rience en terme de s\u00e9curit\u00e9<\/li>\n<li>V\u00e9ritable partenaire capable de proposer une offre cl\u00e9 en main<\/li>\n<li>Garantie d\u2019avoir toutes les comp\u00e9tences techniques en interne<\/li>\n<li>Remise d\u2019un rapport d\u2019activit\u00e9 complet<\/li>\n<li>Tra\u00e7abilit\u00e9 de notre mat\u00e9riel<\/li>\n<\/ul>\n<\/div>\n<div class=\"col-md-6\">\n<h3>Nos \u00e9quipements<\/h3>\n<ul>\n<li>\u00c9norme stock que ce soit en <a href=\"https:\/\/www.1bolting.com\/fr\/outils-de-serrage\/cles-hydrauliques\/\" rel=\"noopener noreferrer\" target=\"_blank\">cl\u00e9s hydrauliques<\/a>, <a href=\"https:\/\/www.1bolting.com\/fr\/outils-de-serrage\/tendeur-hydraulique\/\" rel=\"noopener noreferrer\" target=\"_blank\">tendeurs<\/a> et <a href=\"https:\/\/www.1bolting.com\/fr\/outils-de-serrage\/machine-de-serrage-par-induction\/\" rel=\"noopener noreferrer\" target=\"_blank\">machines d\u2019induction<\/a><\/li>\n<li>Mat\u00e9riel calibr\u00e9 en interne<\/li>\n<li>Certificat de tout le mat\u00e9riel<\/li>\n<\/ul>\n<\/div>\n<\/div>\n<\/div>\n<div class=\"fiche-partenaire\"><center>Partenaire de<\/center><img decoding=\"async\" class=\"aligncenter size-full wp-image-2995\" src=\"https:\/\/www.1bolting.com\/wp-content\/uploads\/2020\/11\/logo-atlas-cop-co-partenaire-first-bolting.png\" alt=\"Logo d'Atlas Copco partenaire de First Bolting\" width=\"100\" height=\"48\" \/><\/div>\n<\/div>\n","protected":false},"excerpt":{"rendered":"<p>Interventions de serrage sur site First Bolting est la r\u00e9f\u00e9rence dans le serrage que ce soit en serrage au couple, serrage par induction et en serrage par tension Serrage au couple\/tension Serrage par induction Usinage &nbsp; Nous r\u00e9alisons toutes sortes de serrage sur diff\u00e9rents sites industriels (gaz, p\u00e9trochimie, nucl\u00e9aire\u2026) partout en Europe, 24h sur 24 &hellip; <a href=\"https:\/\/www.1bolting.com\/fr\/interventions-sur-site\/\">Continued<\/a><\/p>\n","protected":false},"author":5,"featured_media":0,"parent":0,"menu_order":0,"comment_status":"closed","ping_status":"closed","template":"sub-nav-page-text-libre.php","meta":{"_acf_changed":false,"footnotes":""},"class_list":["post-4226","page","type-page","status-publish","hentry"],"acf":[],"yoast_head":"<!-- This site is optimized with the Yoast SEO plugin v27.4 - https:\/\/yoast.com\/product\/yoast-seo-wordpress\/ -->\n<title>Interventions de Serrage Industriel sur Site - 1st Bolting<\/title>\n<meta name=\"description\" content=\"Sp\u00e9cialiste du serrage au couple, par tension, par induction et de l&#039;usinage. Nous intervenons sur site 24\/7 partout en Europe et dans le monde.\" \/>\n<meta name=\"robots\" content=\"index, follow, max-snippet:-1, max-image-preview:large, max-video-preview:-1\" \/>\n<link rel=\"canonical\" href=\"https:\/\/www.1bolting.com\/fr\/interventions-sur-site\/\" \/>\n<meta property=\"og:locale\" content=\"fr_FR\" \/>\n<meta property=\"og:type\" content=\"article\" \/>\n<meta property=\"og:title\" content=\"Interventions de Serrage Industriel sur Site - 1st Bolting\" \/>\n<meta property=\"og:description\" content=\"Sp\u00e9cialiste du serrage au couple, par tension, par induction et de l&#039;usinage. Nous intervenons sur site 24\/7 partout en Europe et dans le monde.\" \/>\n<meta property=\"og:url\" content=\"https:\/\/www.1bolting.com\/fr\/interventions-sur-site\/\" \/>\n<meta property=\"og:site_name\" content=\"1st Bolting\" \/>\n<meta property=\"article:modified_time\" content=\"2021-04-04T11:09:39+00:00\" \/>\n<meta property=\"og:image\" content=\"https:\/\/www.1bolting.com\/wp-content\/uploads\/2021\/01\/serrage-tension-et-couple-first-bolting.jpg\" \/>\n<meta name=\"twitter:card\" content=\"summary_large_image\" \/>\n<meta name=\"twitter:label1\" content=\"Dur\u00e9e de lecture estim\u00e9e\" \/>\n\t<meta name=\"twitter:data1\" content=\"2 minutes\" \/>\n<script type=\"application\/ld+json\" class=\"yoast-schema-graph\">{\"@context\":\"https:\\\/\\\/schema.org\",\"@graph\":[{\"@type\":\"WebPage\",\"@id\":\"https:\\\/\\\/www.1bolting.com\\\/fr\\\/interventions-sur-site\\\/\",\"url\":\"https:\\\/\\\/www.1bolting.com\\\/fr\\\/interventions-sur-site\\\/\",\"name\":\"Interventions de Serrage Industriel sur Site - 1st Bolting\",\"isPartOf\":{\"@id\":\"https:\\\/\\\/www.1bolting.com\\\/fr\\\/#website\"},\"primaryImageOfPage\":{\"@id\":\"https:\\\/\\\/www.1bolting.com\\\/fr\\\/interventions-sur-site\\\/#primaryimage\"},\"image\":{\"@id\":\"https:\\\/\\\/www.1bolting.com\\\/fr\\\/interventions-sur-site\\\/#primaryimage\"},\"thumbnailUrl\":\"https:\\\/\\\/www.1bolting.com\\\/wp-content\\\/uploads\\\/2021\\\/01\\\/serrage-tension-et-couple-first-bolting.jpg\",\"datePublished\":\"2021-01-26T15:21:28+00:00\",\"dateModified\":\"2021-04-04T11:09:39+00:00\",\"description\":\"Sp\u00e9cialiste du serrage au couple, par tension, par induction et de l'usinage. Nous intervenons sur site 24\\\/7 partout en Europe et dans le monde.\",\"breadcrumb\":{\"@id\":\"https:\\\/\\\/www.1bolting.com\\\/fr\\\/interventions-sur-site\\\/#breadcrumb\"},\"inLanguage\":\"fr-FR\",\"potentialAction\":[{\"@type\":\"ReadAction\",\"target\":[\"https:\\\/\\\/www.1bolting.com\\\/fr\\\/interventions-sur-site\\\/\"]}]},{\"@type\":\"ImageObject\",\"inLanguage\":\"fr-FR\",\"@id\":\"https:\\\/\\\/www.1bolting.com\\\/fr\\\/interventions-sur-site\\\/#primaryimage\",\"url\":\"https:\\\/\\\/www.1bolting.com\\\/wp-content\\\/uploads\\\/2021\\\/01\\\/serrage-tension-et-couple-first-bolting.jpg\",\"contentUrl\":\"https:\\\/\\\/www.1bolting.com\\\/wp-content\\\/uploads\\\/2021\\\/01\\\/serrage-tension-et-couple-first-bolting.jpg\"},{\"@type\":\"BreadcrumbList\",\"@id\":\"https:\\\/\\\/www.1bolting.com\\\/fr\\\/interventions-sur-site\\\/#breadcrumb\",\"itemListElement\":[{\"@type\":\"ListItem\",\"position\":1,\"name\":\"Accueil\",\"item\":\"https:\\\/\\\/www.1bolting.com\\\/fr\\\/\"},{\"@type\":\"ListItem\",\"position\":2,\"name\":\"Interventions sur site\"}]},{\"@type\":\"WebSite\",\"@id\":\"https:\\\/\\\/www.1bolting.com\\\/fr\\\/#website\",\"url\":\"https:\\\/\\\/www.1bolting.com\\\/fr\\\/\",\"name\":\"1st Bolting\",\"description\":\"Sp\u00e9cialiste en solutions de serrage\",\"publisher\":{\"@id\":\"https:\\\/\\\/www.1bolting.com\\\/fr\\\/#organization\"},\"potentialAction\":[{\"@type\":\"SearchAction\",\"target\":{\"@type\":\"EntryPoint\",\"urlTemplate\":\"https:\\\/\\\/www.1bolting.com\\\/fr\\\/?s={search_term_string}\"},\"query-input\":{\"@type\":\"PropertyValueSpecification\",\"valueRequired\":true,\"valueName\":\"search_term_string\"}}],\"inLanguage\":\"fr-FR\"},{\"@type\":\"Organization\",\"@id\":\"https:\\\/\\\/www.1bolting.com\\\/fr\\\/#organization\",\"name\":\"First Bolting\",\"url\":\"https:\\\/\\\/www.1bolting.com\\\/fr\\\/\",\"logo\":{\"@type\":\"ImageObject\",\"inLanguage\":\"fr-FR\",\"@id\":\"https:\\\/\\\/www.1bolting.com\\\/fr\\\/#\\\/schema\\\/logo\\\/image\\\/\",\"url\":\"https:\\\/\\\/www.1bolting.com\\\/wp-content\\\/uploads\\\/2020\\\/11\\\/logo-flyer.png\",\"contentUrl\":\"https:\\\/\\\/www.1bolting.com\\\/wp-content\\\/uploads\\\/2020\\\/11\\\/logo-flyer.png\",\"width\":300,\"height\":180,\"caption\":\"First Bolting\"},\"image\":{\"@id\":\"https:\\\/\\\/www.1bolting.com\\\/fr\\\/#\\\/schema\\\/logo\\\/image\\\/\"}}]}<\/script>\n<!-- \/ Yoast SEO plugin. -->","yoast_head_json":{"title":"Interventions de Serrage Industriel sur Site - 1st Bolting","description":"Sp\u00e9cialiste du serrage au couple, par tension, par induction et de l'usinage. Nous intervenons sur site 24\/7 partout en Europe et dans le monde.","robots":{"index":"index","follow":"follow","max-snippet":"max-snippet:-1","max-image-preview":"max-image-preview:large","max-video-preview":"max-video-preview:-1"},"canonical":"https:\/\/www.1bolting.com\/fr\/interventions-sur-site\/","og_locale":"fr_FR","og_type":"article","og_title":"Interventions de Serrage Industriel sur Site - 1st Bolting","og_description":"Sp\u00e9cialiste du serrage au couple, par tension, par induction et de l'usinage. Nous intervenons sur site 24\/7 partout en Europe et dans le monde.","og_url":"https:\/\/www.1bolting.com\/fr\/interventions-sur-site\/","og_site_name":"1st Bolting","article_modified_time":"2021-04-04T11:09:39+00:00","og_image":[{"url":"https:\/\/www.1bolting.com\/wp-content\/uploads\/2021\/01\/serrage-tension-et-couple-first-bolting.jpg","type":"","width":"","height":""}],"twitter_card":"summary_large_image","twitter_misc":{"Dur\u00e9e de lecture estim\u00e9e":"2 minutes"},"schema":{"@context":"https:\/\/schema.org","@graph":[{"@type":"WebPage","@id":"https:\/\/www.1bolting.com\/fr\/interventions-sur-site\/","url":"https:\/\/www.1bolting.com\/fr\/interventions-sur-site\/","name":"Interventions de Serrage Industriel sur Site - 1st Bolting","isPartOf":{"@id":"https:\/\/www.1bolting.com\/fr\/#website"},"primaryImageOfPage":{"@id":"https:\/\/www.1bolting.com\/fr\/interventions-sur-site\/#primaryimage"},"image":{"@id":"https:\/\/www.1bolting.com\/fr\/interventions-sur-site\/#primaryimage"},"thumbnailUrl":"https:\/\/www.1bolting.com\/wp-content\/uploads\/2021\/01\/serrage-tension-et-couple-first-bolting.jpg","datePublished":"2021-01-26T15:21:28+00:00","dateModified":"2021-04-04T11:09:39+00:00","description":"Sp\u00e9cialiste du serrage au couple, par tension, par induction et de l'usinage. Nous intervenons sur site 24\/7 partout en Europe et dans le monde.","breadcrumb":{"@id":"https:\/\/www.1bolting.com\/fr\/interventions-sur-site\/#breadcrumb"},"inLanguage":"fr-FR","potentialAction":[{"@type":"ReadAction","target":["https:\/\/www.1bolting.com\/fr\/interventions-sur-site\/"]}]},{"@type":"ImageObject","inLanguage":"fr-FR","@id":"https:\/\/www.1bolting.com\/fr\/interventions-sur-site\/#primaryimage","url":"https:\/\/www.1bolting.com\/wp-content\/uploads\/2021\/01\/serrage-tension-et-couple-first-bolting.jpg","contentUrl":"https:\/\/www.1bolting.com\/wp-content\/uploads\/2021\/01\/serrage-tension-et-couple-first-bolting.jpg"},{"@type":"BreadcrumbList","@id":"https:\/\/www.1bolting.com\/fr\/interventions-sur-site\/#breadcrumb","itemListElement":[{"@type":"ListItem","position":1,"name":"Accueil","item":"https:\/\/www.1bolting.com\/fr\/"},{"@type":"ListItem","position":2,"name":"Interventions sur site"}]},{"@type":"WebSite","@id":"https:\/\/www.1bolting.com\/fr\/#website","url":"https:\/\/www.1bolting.com\/fr\/","name":"1st Bolting","description":"Sp\u00e9cialiste en solutions de serrage","publisher":{"@id":"https:\/\/www.1bolting.com\/fr\/#organization"},"potentialAction":[{"@type":"SearchAction","target":{"@type":"EntryPoint","urlTemplate":"https:\/\/www.1bolting.com\/fr\/?s={search_term_string}"},"query-input":{"@type":"PropertyValueSpecification","valueRequired":true,"valueName":"search_term_string"}}],"inLanguage":"fr-FR"},{"@type":"Organization","@id":"https:\/\/www.1bolting.com\/fr\/#organization","name":"First Bolting","url":"https:\/\/www.1bolting.com\/fr\/","logo":{"@type":"ImageObject","inLanguage":"fr-FR","@id":"https:\/\/www.1bolting.com\/fr\/#\/schema\/logo\/image\/","url":"https:\/\/www.1bolting.com\/wp-content\/uploads\/2020\/11\/logo-flyer.png","contentUrl":"https:\/\/www.1bolting.com\/wp-content\/uploads\/2020\/11\/logo-flyer.png","width":300,"height":180,"caption":"First Bolting"},"image":{"@id":"https:\/\/www.1bolting.com\/fr\/#\/schema\/logo\/image\/"}}]}},"_links":{"self":[{"href":"https:\/\/www.1bolting.com\/fr\/wp-json\/wp\/v2\/pages\/4226","targetHints":{"allow":["GET"]}}],"collection":[{"href":"https:\/\/www.1bolting.com\/fr\/wp-json\/wp\/v2\/pages"}],"about":[{"href":"https:\/\/www.1bolting.com\/fr\/wp-json\/wp\/v2\/types\/page"}],"author":[{"embeddable":true,"href":"https:\/\/www.1bolting.com\/fr\/wp-json\/wp\/v2\/users\/5"}],"replies":[{"embeddable":true,"href":"https:\/\/www.1bolting.com\/fr\/wp-json\/wp\/v2\/comments?post=4226"}],"version-history":[{"count":9,"href":"https:\/\/www.1bolting.com\/fr\/wp-json\/wp\/v2\/pages\/4226\/revisions"}],"predecessor-version":[{"id":4615,"href":"https:\/\/www.1bolting.com\/fr\/wp-json\/wp\/v2\/pages\/4226\/revisions\/4615"}],"wp:attachment":[{"href":"https:\/\/www.1bolting.com\/fr\/wp-json\/wp\/v2\/media?parent=4226"}],"curies":[{"name":"wp","href":"https:\/\/api.w.org\/{rel}","templated":true}]}}