{"id":5739,"date":"2022-10-04T13:13:20","date_gmt":"2022-10-04T12:13:20","guid":{"rendered":"https:\/\/www.1bolting.com\/?page_id=5739"},"modified":"2022-11-08T14:28:02","modified_gmt":"2022-11-08T13:28:02","slug":"visseuses-rad-torque","status":"publish","type":"page","link":"https:\/\/www.1bolting.com\/fr\/visseuses-rad-torque\/","title":{"rendered":"Visseuses Rad Torque"},"content":{"rendered":"<h1 style=\"text-align: center;\">Visseuses Rad Torque<\/h1>\n<p>&nbsp;<\/p>\n<h2 style=\"text-align: center;\">First Bolting vous propose, \u00e0 la vente ou \u00e0 la location, les visseuses RAD de RAD Torque Systems : cl\u00e9s dynamom\u00e9triques pneumatiques, sur batterie, \u00e9lectrique ou \u00e9lectroniques&#8230; une large gamme r\u00e9pondant \u00e0 la plupart des besoins de serrage en milieu industriel<\/h2>\n<p>&nbsp;<\/p>\n<p><img decoding=\"async\" class=\"alignnone size-full wp-image-6051\" src=\"https:\/\/www.1bolting.com\/wp-content\/uploads\/2022\/10\/rad-torque-marque-de-visseuses-dynamometriques-disponibles-chez-first-bolting.jpg\" alt=\"Logo Rad Torque et une partie de la gamme de visseuses dynamom\u00e9triques\" width=\"896\" height=\"386\" srcset=\"https:\/\/www.1bolting.com\/wp-content\/uploads\/2022\/10\/rad-torque-marque-de-visseuses-dynamometriques-disponibles-chez-first-bolting.jpg 896w, https:\/\/www.1bolting.com\/wp-content\/uploads\/2022\/10\/rad-torque-marque-de-visseuses-dynamometriques-disponibles-chez-first-bolting-300x129.jpg 300w, https:\/\/www.1bolting.com\/wp-content\/uploads\/2022\/10\/rad-torque-marque-de-visseuses-dynamometriques-disponibles-chez-first-bolting-768x331.jpg 768w\" sizes=\"(max-width: 896px) 100vw, 896px\" \/><\/p>\n<p><strong>RAD Torque Systems<\/strong> est une marque de la soci\u00e9t\u00e9 New World Technologies Inc., bas\u00e9e au Canada.<\/p>\n<p>Sa r\u00e9putation n&rsquo;est plus \u00e0 faire, avec <strong>plus de 25 ans d&rsquo;expertise dans le domaine des visseuses et cl\u00e9s dynamom\u00e9triques<\/strong> destin\u00e9es \u00e0 un usage en <strong>milieu industriel<\/strong>, notamment dans l&rsquo;\u00e9nergie, le minage ou encore l&rsquo;a\u00e9rospatial.<\/p>\n<p>Les visseuses RAD assurent un <strong>serrage pr\u00e9cis<\/strong> <strong>des boulons et \u00e9crous<\/strong> dans les industries les plus exigeantes, et dans les conditions les plus difficiles.<\/p>\n<p><strong>Filaires<\/strong>, sur <strong>batterie<\/strong>, <strong>pneumatiques<\/strong> ou encore <strong>\u00e9lectroniques<\/strong>, les visseuses de RAD Torque Systems adoptent diff\u00e9rentes technologies et \u00e9nergies adapt\u00e9es \u00e0 une utilisation dans toutes les situations et conditions.<\/p>\n<p>Retrouvez dans le menu le d\u00e9tail de chaque produit, et contactez-nous pour un devis ou vous aider dans votre choix.<\/p>\n<div id=\"table-rad-torque\" style=\"display: table; box-shadow: 0 0 5px black; margin-top: 25px;\">\n<div style=\"display: table-row; background-color: orange; color: white;\">\n<div style=\"display: table-cell; width: 50%;\">\n<p><img decoding=\"async\" class=\"alignnone size-full wp-image-6062\" src=\"https:\/\/www.1bolting.com\/wp-content\/uploads\/2022\/10\/vignette-visseuses-pneumatiques-rad-torque-1.jpg\" alt=\"Visseuses pneumatiques RAD Torque disponibles \u00e0 la vente et \u00e0 la location chez First Bolting\" width=\"433\" height=\"401\" srcset=\"https:\/\/www.1bolting.com\/wp-content\/uploads\/2022\/10\/vignette-visseuses-pneumatiques-rad-torque-1.jpg 433w, https:\/\/www.1bolting.com\/wp-content\/uploads\/2022\/10\/vignette-visseuses-pneumatiques-rad-torque-1-300x278.jpg 300w\" sizes=\"(max-width: 433px) 100vw, 433px\" \/><\/p>\n<h3 style=\"text-align: center;\">Visseuses RAD pneumatiques<\/h3>\n<p style=\"text-align: center; padding: 5px 25px 5px 25px;\"><a href=\"https:\/\/www.1bolting.com\/fr\/visseuses-rad-torque\/rad-dx-gx\/\">RAD-DX &amp; GX<\/a> \/ <a href=\"https:\/\/www.1bolting.com\/fr\/visseuses-rad-torque\/rad-r\/\">RAD-R<\/a> \/ <a href=\"https:\/\/www.1bolting.com\/fr\/visseuses-rad-torque\/dx-gx-atex\/\">Versions ATEX<\/a><\/p>\n<p style=\"text-align: center; padding: 5px 25px 5px 25px;\">Elles pr\u00e9sentent des <strong>plages de couple tr\u00e8s larges<\/strong>, allant jusqu&rsquo;\u00e0 <strong>15 000 Nm<\/strong>, selon le mod\u00e8le<\/p>\n<\/div>\n<div style=\"display: table-cell; width: 50%;\">\n<p><img decoding=\"async\" class=\"alignnone wp-image-6065 size-full\" src=\"https:\/\/www.1bolting.com\/wp-content\/uploads\/2022\/10\/vignette-visseuses-batterie-rad-torque.jpg\" alt=\"Visseuses batterie RAD Torque disponibles \u00e0 la vente et \u00e0 la location chez First Bolting\" width=\"433\" height=\"401\" srcset=\"https:\/\/www.1bolting.com\/wp-content\/uploads\/2022\/10\/vignette-visseuses-batterie-rad-torque.jpg 433w, https:\/\/www.1bolting.com\/wp-content\/uploads\/2022\/10\/vignette-visseuses-batterie-rad-torque-300x278.jpg 300w\" sizes=\"(max-width: 433px) 100vw, 433px\" \/><\/p>\n<h3 style=\"text-align: center;\">Visseuses RAD sur batterie<\/h3>\n<p style=\"text-align: center;\"><a href=\"https:\/\/www.1bolting.com\/fr\/visseuses-rad-torque\/b-rad-select\/\">B-RAD SELECT<\/a> \/ <a href=\"https:\/\/www.1bolting.com\/fr\/visseuses-rad-torque\/b-rad-offset\/\">B-RAD OFFSET<\/a> \/ <a href=\"https:\/\/www.1bolting.com\/fr\/visseuses-rad-torque\/b-rad-ext-r\/\">B-RAD EXT-R<\/a> \/ <a href=\"https:\/\/www.1bolting.com\/fr\/visseuses-rad-torque\/b-rad-s\/\">B-RAD-S<\/a> \/ <a href=\"https:\/\/www.1bolting.com\/fr\/visseuses-rad-torque\/mb-rad\/\">MB-RAD<\/a><\/p>\n<p style=\"text-align: center; padding: 5px 25px 5px 25px;\"><strong>Alliez la puissance \u00e0 l&rsquo;aisance<\/strong>, en optant pour une cl\u00e9 dynamom\u00e9trique sur batterie ! Plus besoin d&rsquo;avoir une prise de courant \u00e0 proximit\u00e9. Les utilisateurs peuvent intervenir en tout lieu, int\u00e9rieur comme ext\u00e9rieur<\/p>\n<\/div>\n<\/div>\n<div style=\"display: table-row; background-color: orange; color: white;\">\n<div style=\"display: table-cell; width: 50%;\">\n<p><img decoding=\"async\" class=\"alignnone wp-image-6068 size-full\" src=\"https:\/\/www.1bolting.com\/wp-content\/uploads\/2022\/10\/vignette-visseuses-filaire-rad-torque.jpg\" alt=\"Visseuses \u00e9lectriques filaires RAD Torque disponibles \u00e0 la vente et \u00e0 la location chez First Bolting\" width=\"433\" height=\"401\" srcset=\"https:\/\/www.1bolting.com\/wp-content\/uploads\/2022\/10\/vignette-visseuses-filaire-rad-torque.jpg 433w, https:\/\/www.1bolting.com\/wp-content\/uploads\/2022\/10\/vignette-visseuses-filaire-rad-torque-300x278.jpg 300w\" sizes=\"(max-width: 433px) 100vw, 433px\" \/><\/p>\n<h3 style=\"text-align: center;\">Visseuses RAD filaires<\/h3>\n<p style=\"text-align: center;\"><a href=\"https:\/\/www.1bolting.com\/fr\/visseuses-rad-torque\/v-rad-select\/\">V-RAD SELECT<\/a> \/ <a href=\"https:\/\/www.1bolting.com\/fr\/visseuses-rad-torque\/mv-rad\/\">MV-RAD<\/a><\/p>\n<p style=\"text-align: center; padding: 5px 25px 5px 25px;\"><strong>Puissantes<\/strong> <strong>et l\u00e9g\u00e8res<\/strong>, les visseuses filaires sont le meilleur compromis pour un serrage performant dans les meilleures conditions possibles<\/p>\n<\/div>\n<div style=\"display: table-cell; width: 50%;\">\n<p><img decoding=\"async\" class=\"alignnone wp-image-6071 size-full\" src=\"https:\/\/www.1bolting.com\/wp-content\/uploads\/2022\/10\/vignette-visseuses-electronique-rad-torque.jpg\" alt=\"Visseuses \u00e9lectroniques RAD Torque disponibles \u00e0 la vente et \u00e0 la location chez First Bolting\" width=\"433\" height=\"401\" srcset=\"https:\/\/www.1bolting.com\/wp-content\/uploads\/2022\/10\/vignette-visseuses-electronique-rad-torque.jpg 433w, https:\/\/www.1bolting.com\/wp-content\/uploads\/2022\/10\/vignette-visseuses-electronique-rad-torque-300x278.jpg 300w\" sizes=\"(max-width: 433px) 100vw, 433px\" \/><\/p>\n<h3 style=\"text-align: center;\">Visseuses RAD \u00e9lectroniques<\/h3>\n<p style=\"text-align: center;\"><a href=\"https:\/\/www.1bolting.com\/fr\/visseuses-rad-torque\/e-rad-blu\/\">E-RAD BLU<\/a> \/ <a href=\"https:\/\/www.1bolting.com\/fr\/visseuses-rad-torque\/e-rad-blu-s\/\">E-RAD BLU-S<\/a><\/p>\n<p style=\"text-align: center; padding: 5px 25px 5px 25px;\">Pour des op\u00e9rations <strong>ultra-pr\u00e9cises<\/strong>, r\u00e9p\u00e9titives, \u00e0 cadence \u00e9lev\u00e9e, et n\u00e9cessitant une tra\u00e7abilit\u00e9, les mod\u00e8les RAD \u00e9lectroniques sont la meilleure solution. Les visseuses sont \u00e9quip\u00e9es d&rsquo;un contr\u00f4leur \u00e0 \u00e9cran tactile permettant l&rsquo;usage le plus pouss\u00e9 d&rsquo;une cl\u00e9 dynamom\u00e9trique<\/p>\n<\/div>\n<\/div>\n<\/div>\n","protected":false},"excerpt":{"rendered":"<p>Visseuses Rad Torque &nbsp; First Bolting vous propose, \u00e0 la vente ou \u00e0 la location, les visseuses RAD de RAD Torque Systems : cl\u00e9s dynamom\u00e9triques pneumatiques, sur batterie, \u00e9lectrique ou \u00e9lectroniques&#8230; une large gamme r\u00e9pondant \u00e0 la plupart des besoins de serrage en milieu industriel &nbsp; RAD Torque Systems est une marque de la soci\u00e9t\u00e9 &hellip; <a href=\"https:\/\/www.1bolting.com\/fr\/visseuses-rad-torque\/\">Continued<\/a><\/p>\n","protected":false},"author":6,"featured_media":0,"parent":0,"menu_order":0,"comment_status":"closed","ping_status":"closed","template":"sub-nav-page-text-libre.php","meta":{"_acf_changed":false,"footnotes":""},"class_list":["post-5739","page","type-page","status-publish","hentry"],"acf":[],"yoast_head":"<!-- This site is optimized with the Yoast SEO plugin v27.4 - https:\/\/yoast.com\/product\/yoast-seo-wordpress\/ -->\n<title>Visseuses Rad Torque - Vente &amp; Location - 1st Bolting<\/title>\n<meta name=\"description\" content=\"Achetez ou louez l&#039;ensemble de la gamme des visseuses de marque RAD Torque : filaires, batterie, \u00e9lectroniques, pneumatiques.\" \/>\n<meta name=\"robots\" content=\"index, follow, max-snippet:-1, max-image-preview:large, max-video-preview:-1\" \/>\n<link rel=\"canonical\" href=\"https:\/\/www.1bolting.com\/fr\/visseuses-rad-torque\/\" \/>\n<meta property=\"og:locale\" content=\"fr_FR\" \/>\n<meta property=\"og:type\" content=\"article\" \/>\n<meta property=\"og:title\" content=\"Visseuses Rad Torque - Vente &amp; Location - 1st Bolting\" \/>\n<meta property=\"og:description\" content=\"Achetez ou louez l&#039;ensemble de la gamme des visseuses de marque RAD Torque : filaires, batterie, \u00e9lectroniques, pneumatiques.\" \/>\n<meta property=\"og:url\" content=\"https:\/\/www.1bolting.com\/fr\/visseuses-rad-torque\/\" \/>\n<meta property=\"og:site_name\" content=\"1st Bolting\" \/>\n<meta property=\"article:modified_time\" content=\"2022-11-08T13:28:02+00:00\" \/>\n<meta property=\"og:image\" content=\"https:\/\/www.1bolting.com\/wp-content\/uploads\/2022\/10\/rad-torque-marque-de-visseuses-dynamometriques-disponibles-chez-first-bolting.jpg\" \/>\n<meta name=\"twitter:card\" content=\"summary_large_image\" \/>\n<meta name=\"twitter:label1\" content=\"Dur\u00e9e de lecture estim\u00e9e\" \/>\n\t<meta name=\"twitter:data1\" content=\"3 minutes\" \/>\n<script type=\"application\/ld+json\" class=\"yoast-schema-graph\">{\"@context\":\"https:\\\/\\\/schema.org\",\"@graph\":[{\"@type\":\"WebPage\",\"@id\":\"https:\\\/\\\/www.1bolting.com\\\/fr\\\/visseuses-rad-torque\\\/\",\"url\":\"https:\\\/\\\/www.1bolting.com\\\/fr\\\/visseuses-rad-torque\\\/\",\"name\":\"Visseuses Rad Torque - Vente & Location - 1st Bolting\",\"isPartOf\":{\"@id\":\"https:\\\/\\\/www.1bolting.com\\\/fr\\\/#website\"},\"primaryImageOfPage\":{\"@id\":\"https:\\\/\\\/www.1bolting.com\\\/fr\\\/visseuses-rad-torque\\\/#primaryimage\"},\"image\":{\"@id\":\"https:\\\/\\\/www.1bolting.com\\\/fr\\\/visseuses-rad-torque\\\/#primaryimage\"},\"thumbnailUrl\":\"https:\\\/\\\/www.1bolting.com\\\/wp-content\\\/uploads\\\/2022\\\/10\\\/rad-torque-marque-de-visseuses-dynamometriques-disponibles-chez-first-bolting.jpg\",\"datePublished\":\"2022-10-04T12:13:20+00:00\",\"dateModified\":\"2022-11-08T13:28:02+00:00\",\"description\":\"Achetez ou louez l'ensemble de la gamme des visseuses de marque RAD Torque : filaires, batterie, \u00e9lectroniques, pneumatiques.\",\"breadcrumb\":{\"@id\":\"https:\\\/\\\/www.1bolting.com\\\/fr\\\/visseuses-rad-torque\\\/#breadcrumb\"},\"inLanguage\":\"fr-FR\",\"potentialAction\":[{\"@type\":\"ReadAction\",\"target\":[\"https:\\\/\\\/www.1bolting.com\\\/fr\\\/visseuses-rad-torque\\\/\"]}]},{\"@type\":\"ImageObject\",\"inLanguage\":\"fr-FR\",\"@id\":\"https:\\\/\\\/www.1bolting.com\\\/fr\\\/visseuses-rad-torque\\\/#primaryimage\",\"url\":\"https:\\\/\\\/www.1bolting.com\\\/wp-content\\\/uploads\\\/2022\\\/10\\\/rad-torque-marque-de-visseuses-dynamometriques-disponibles-chez-first-bolting.jpg\",\"contentUrl\":\"https:\\\/\\\/www.1bolting.com\\\/wp-content\\\/uploads\\\/2022\\\/10\\\/rad-torque-marque-de-visseuses-dynamometriques-disponibles-chez-first-bolting.jpg\"},{\"@type\":\"BreadcrumbList\",\"@id\":\"https:\\\/\\\/www.1bolting.com\\\/fr\\\/visseuses-rad-torque\\\/#breadcrumb\",\"itemListElement\":[{\"@type\":\"ListItem\",\"position\":1,\"name\":\"Accueil\",\"item\":\"https:\\\/\\\/www.1bolting.com\\\/fr\\\/\"},{\"@type\":\"ListItem\",\"position\":2,\"name\":\"Visseuses Rad Torque\"}]},{\"@type\":\"WebSite\",\"@id\":\"https:\\\/\\\/www.1bolting.com\\\/fr\\\/#website\",\"url\":\"https:\\\/\\\/www.1bolting.com\\\/fr\\\/\",\"name\":\"1st Bolting\",\"description\":\"Sp\u00e9cialiste en solutions de serrage\",\"publisher\":{\"@id\":\"https:\\\/\\\/www.1bolting.com\\\/fr\\\/#organization\"},\"potentialAction\":[{\"@type\":\"SearchAction\",\"target\":{\"@type\":\"EntryPoint\",\"urlTemplate\":\"https:\\\/\\\/www.1bolting.com\\\/fr\\\/?s={search_term_string}\"},\"query-input\":{\"@type\":\"PropertyValueSpecification\",\"valueRequired\":true,\"valueName\":\"search_term_string\"}}],\"inLanguage\":\"fr-FR\"},{\"@type\":\"Organization\",\"@id\":\"https:\\\/\\\/www.1bolting.com\\\/fr\\\/#organization\",\"name\":\"First Bolting\",\"url\":\"https:\\\/\\\/www.1bolting.com\\\/fr\\\/\",\"logo\":{\"@type\":\"ImageObject\",\"inLanguage\":\"fr-FR\",\"@id\":\"https:\\\/\\\/www.1bolting.com\\\/fr\\\/#\\\/schema\\\/logo\\\/image\\\/\",\"url\":\"https:\\\/\\\/www.1bolting.com\\\/wp-content\\\/uploads\\\/2020\\\/11\\\/logo-flyer.png\",\"contentUrl\":\"https:\\\/\\\/www.1bolting.com\\\/wp-content\\\/uploads\\\/2020\\\/11\\\/logo-flyer.png\",\"width\":300,\"height\":180,\"caption\":\"First Bolting\"},\"image\":{\"@id\":\"https:\\\/\\\/www.1bolting.com\\\/fr\\\/#\\\/schema\\\/logo\\\/image\\\/\"}}]}<\/script>\n<!-- \/ Yoast SEO plugin. -->","yoast_head_json":{"title":"Visseuses Rad Torque - Vente & Location - 1st Bolting","description":"Achetez ou louez l'ensemble de la gamme des visseuses de marque RAD Torque : filaires, batterie, \u00e9lectroniques, pneumatiques.","robots":{"index":"index","follow":"follow","max-snippet":"max-snippet:-1","max-image-preview":"max-image-preview:large","max-video-preview":"max-video-preview:-1"},"canonical":"https:\/\/www.1bolting.com\/fr\/visseuses-rad-torque\/","og_locale":"fr_FR","og_type":"article","og_title":"Visseuses Rad Torque - Vente & Location - 1st Bolting","og_description":"Achetez ou louez l'ensemble de la gamme des visseuses de marque RAD Torque : filaires, batterie, \u00e9lectroniques, pneumatiques.","og_url":"https:\/\/www.1bolting.com\/fr\/visseuses-rad-torque\/","og_site_name":"1st Bolting","article_modified_time":"2022-11-08T13:28:02+00:00","og_image":[{"url":"https:\/\/www.1bolting.com\/wp-content\/uploads\/2022\/10\/rad-torque-marque-de-visseuses-dynamometriques-disponibles-chez-first-bolting.jpg","type":"","width":"","height":""}],"twitter_card":"summary_large_image","twitter_misc":{"Dur\u00e9e de lecture estim\u00e9e":"3 minutes"},"schema":{"@context":"https:\/\/schema.org","@graph":[{"@type":"WebPage","@id":"https:\/\/www.1bolting.com\/fr\/visseuses-rad-torque\/","url":"https:\/\/www.1bolting.com\/fr\/visseuses-rad-torque\/","name":"Visseuses Rad Torque - Vente & Location - 1st Bolting","isPartOf":{"@id":"https:\/\/www.1bolting.com\/fr\/#website"},"primaryImageOfPage":{"@id":"https:\/\/www.1bolting.com\/fr\/visseuses-rad-torque\/#primaryimage"},"image":{"@id":"https:\/\/www.1bolting.com\/fr\/visseuses-rad-torque\/#primaryimage"},"thumbnailUrl":"https:\/\/www.1bolting.com\/wp-content\/uploads\/2022\/10\/rad-torque-marque-de-visseuses-dynamometriques-disponibles-chez-first-bolting.jpg","datePublished":"2022-10-04T12:13:20+00:00","dateModified":"2022-11-08T13:28:02+00:00","description":"Achetez ou louez l'ensemble de la gamme des visseuses de marque RAD Torque : filaires, batterie, \u00e9lectroniques, pneumatiques.","breadcrumb":{"@id":"https:\/\/www.1bolting.com\/fr\/visseuses-rad-torque\/#breadcrumb"},"inLanguage":"fr-FR","potentialAction":[{"@type":"ReadAction","target":["https:\/\/www.1bolting.com\/fr\/visseuses-rad-torque\/"]}]},{"@type":"ImageObject","inLanguage":"fr-FR","@id":"https:\/\/www.1bolting.com\/fr\/visseuses-rad-torque\/#primaryimage","url":"https:\/\/www.1bolting.com\/wp-content\/uploads\/2022\/10\/rad-torque-marque-de-visseuses-dynamometriques-disponibles-chez-first-bolting.jpg","contentUrl":"https:\/\/www.1bolting.com\/wp-content\/uploads\/2022\/10\/rad-torque-marque-de-visseuses-dynamometriques-disponibles-chez-first-bolting.jpg"},{"@type":"BreadcrumbList","@id":"https:\/\/www.1bolting.com\/fr\/visseuses-rad-torque\/#breadcrumb","itemListElement":[{"@type":"ListItem","position":1,"name":"Accueil","item":"https:\/\/www.1bolting.com\/fr\/"},{"@type":"ListItem","position":2,"name":"Visseuses Rad Torque"}]},{"@type":"WebSite","@id":"https:\/\/www.1bolting.com\/fr\/#website","url":"https:\/\/www.1bolting.com\/fr\/","name":"1st Bolting","description":"Sp\u00e9cialiste en solutions de serrage","publisher":{"@id":"https:\/\/www.1bolting.com\/fr\/#organization"},"potentialAction":[{"@type":"SearchAction","target":{"@type":"EntryPoint","urlTemplate":"https:\/\/www.1bolting.com\/fr\/?s={search_term_string}"},"query-input":{"@type":"PropertyValueSpecification","valueRequired":true,"valueName":"search_term_string"}}],"inLanguage":"fr-FR"},{"@type":"Organization","@id":"https:\/\/www.1bolting.com\/fr\/#organization","name":"First Bolting","url":"https:\/\/www.1bolting.com\/fr\/","logo":{"@type":"ImageObject","inLanguage":"fr-FR","@id":"https:\/\/www.1bolting.com\/fr\/#\/schema\/logo\/image\/","url":"https:\/\/www.1bolting.com\/wp-content\/uploads\/2020\/11\/logo-flyer.png","contentUrl":"https:\/\/www.1bolting.com\/wp-content\/uploads\/2020\/11\/logo-flyer.png","width":300,"height":180,"caption":"First Bolting"},"image":{"@id":"https:\/\/www.1bolting.com\/fr\/#\/schema\/logo\/image\/"}}]}},"_links":{"self":[{"href":"https:\/\/www.1bolting.com\/fr\/wp-json\/wp\/v2\/pages\/5739","targetHints":{"allow":["GET"]}}],"collection":[{"href":"https:\/\/www.1bolting.com\/fr\/wp-json\/wp\/v2\/pages"}],"about":[{"href":"https:\/\/www.1bolting.com\/fr\/wp-json\/wp\/v2\/types\/page"}],"author":[{"embeddable":true,"href":"https:\/\/www.1bolting.com\/fr\/wp-json\/wp\/v2\/users\/6"}],"replies":[{"embeddable":true,"href":"https:\/\/www.1bolting.com\/fr\/wp-json\/wp\/v2\/comments?post=5739"}],"version-history":[{"count":34,"href":"https:\/\/www.1bolting.com\/fr\/wp-json\/wp\/v2\/pages\/5739\/revisions"}],"predecessor-version":[{"id":6186,"href":"https:\/\/www.1bolting.com\/fr\/wp-json\/wp\/v2\/pages\/5739\/revisions\/6186"}],"wp:attachment":[{"href":"https:\/\/www.1bolting.com\/fr\/wp-json\/wp\/v2\/media?parent=5739"}],"curies":[{"name":"wp","href":"https:\/\/api.w.org\/{rel}","templated":true}]}}