{"id":5820,"date":"2022-10-05T16:53:24","date_gmt":"2022-10-05T15:53:24","guid":{"rendered":"https:\/\/www.1bolting.com\/?page_id=5820"},"modified":"2022-11-23T13:49:47","modified_gmt":"2022-11-23T12:49:47","slug":"rad-r","status":"publish","type":"page","link":"https:\/\/www.1bolting.com\/fr\/visseuses-rad-torque\/rad-r\/","title":{"rendered":"Visseuse Pneumatique RAD-R"},"content":{"rendered":"<h1>Visseuse pneumatique RAD-R<\/h1>\n<div class=\"fiche-vente-location\">\n<div class=\"fiche-vente\">Disponible \u00e0 la vente<\/div>\n<div class=\"fiche-location\">Disponible \u00e0 la location<\/div>\n<\/div>\n<h2>Sp\u00e9cialement con\u00e7ue pour le vissage d\u2019\u00e9crous de roue, la visseuse dynamom\u00e9trique RAD-R permet un contr\u00f4le pr\u00e9cis du couple<\/h2>\n<h3>RAD-R, une visseuse d\u00e9di\u00e9e aux \u00e9crous de roue<\/h3>\n<p>Pour une s\u00e9curit\u00e9 maximale, il est imp\u00e9ratif d\u2019<strong>assurer un entretien r\u00e9gulier des engins de chantier et des v\u00e9hicules sp\u00e9cialis\u00e9s tels que les camions de transport<\/strong>. Cela n\u00e9cessite un serrage \/ desserrage des \u00e9crous pr\u00e9cis, avec des outils adapt\u00e9s et con\u00e7us pour un confort optimal \u00e0 l\u2019usage. La <strong>cl\u00e9 dynamom\u00e9trique RAD-R<\/strong> r\u00e9pond parfaitement \u00e0 ce besoin.<\/p>\n<h3>Confort d\u2019utilisation<\/h3>\n<p>Les visseuses RAD-R permettent de r\u00e9aliser les op\u00e9rations d\u2019<strong>entretien des \u00e9crous<\/strong> sans vibrations, tout en assurant une grande pr\u00e9cision. C\u2019est un avantage important pour les op\u00e9rateurs, qui peuvent alors utiliser ces outils en toute s\u00e9curit\u00e9, tout en assurant un serrage adapt\u00e9.<\/p>\n<h3>Pourquoi choisir RAD-R ?<\/h3>\n<ul>\n<li>En option, bras de r\u00e9action amovibles sur mesure, permettant d\u2019op\u00e9rer sur pratiquement tout type de roue<\/li>\n<li>Point de r\u00e9action \u00e9tendue<\/li>\n<li>Serrage pr\u00e9cis<\/li>\n<li>Vissage contr\u00f4l\u00e9 ; r\u00e9p\u00e9tabilit\u00e9 de + \/ &#8211; 3 %<\/li>\n<\/ul>\n<h3>\u00c9l\u00e9ments fournis avec chaque visseuse<\/h3>\n<ul>\n<li>Bras de r\u00e9action avec anneau de retenue<\/li>\n<li>Tuyau flexible de 3,6 m<\/li>\n<li>Unit\u00e9 FRL l\u00e9g\u00e8re + porte-outils + manom\u00e8tre + filtre + r\u00e9gulateur + graisseur<\/li>\n<li>Huile lubrifiante pour l\u2019unit\u00e9 FRL<\/li>\n<li>Mode d\u2019emploi<\/li>\n<li>Certificat d\u2019\u00e9talonnage<\/li>\n<\/ul>\n<h3>Options<\/h3>\n<ul>\n<li>Bras de r\u00e9action amovible<\/li>\n<li>Rallonge de nez fixe (-R) destin\u00e9e sp\u00e9cialement aux camions de transport minier entre 50 et 400 tonnes, et des chargeurs frontaux<\/li>\n<li>Kit de rallonge de nez (-NX) destin\u00e9 principalement aux engins de construction tout-terrain. Il est pourvu de 3 bras de r\u00e9action diff\u00e9rents et d\u2019une rallonge de nez pour les zones difficiles d\u2019acc\u00e8s<\/li>\n<\/ul>\n","protected":false},"excerpt":{"rendered":"<p>Visseuse pneumatique RAD-R Disponible \u00e0 la vente Disponible \u00e0 la location Sp\u00e9cialement con\u00e7ue pour le vissage d\u2019\u00e9crous de roue, la visseuse dynamom\u00e9trique RAD-R permet un contr\u00f4le pr\u00e9cis du couple RAD-R, une visseuse d\u00e9di\u00e9e aux \u00e9crous de roue Pour une s\u00e9curit\u00e9 maximale, il est imp\u00e9ratif d\u2019assurer un entretien r\u00e9gulier des engins de chantier et des v\u00e9hicules &hellip; <a href=\"https:\/\/www.1bolting.com\/fr\/visseuses-rad-torque\/rad-r\/\">Continued<\/a><\/p>\n","protected":false},"author":6,"featured_media":0,"parent":5739,"menu_order":0,"comment_status":"closed","ping_status":"closed","template":"sub-nav-page-produit.php","meta":{"_acf_changed":false,"footnotes":""},"class_list":["post-5820","page","type-page","status-publish","hentry"],"acf":[],"yoast_head":"<!-- This site is optimized with the Yoast SEO plugin v27.4 - https:\/\/yoast.com\/product\/yoast-seo-wordpress\/ -->\n<title>Visseuse Pneumatique RAD-R - Vente &amp; Location - 1st Bolting<\/title>\n<meta name=\"description\" content=\"Achetez ou louez la visseuse pneumatique RAD-R de RAD Torque, sp\u00e9cialis\u00e9e dans le serrage des boulons des v\u00e9hicules de chantier ou de transport.\" \/>\n<meta name=\"robots\" content=\"index, follow, max-snippet:-1, max-image-preview:large, max-video-preview:-1\" \/>\n<link rel=\"canonical\" href=\"https:\/\/www.1bolting.com\/fr\/visseuses-rad-torque\/rad-r\/\" \/>\n<meta property=\"og:locale\" content=\"fr_FR\" \/>\n<meta property=\"og:type\" content=\"article\" \/>\n<meta property=\"og:title\" content=\"Visseuse Pneumatique RAD-R - Vente &amp; Location - 1st Bolting\" \/>\n<meta property=\"og:description\" content=\"Achetez ou louez la visseuse pneumatique RAD-R de RAD Torque, sp\u00e9cialis\u00e9e dans le serrage des boulons des v\u00e9hicules de chantier ou de transport.\" \/>\n<meta property=\"og:url\" content=\"https:\/\/www.1bolting.com\/fr\/visseuses-rad-torque\/rad-r\/\" \/>\n<meta property=\"og:site_name\" content=\"1st Bolting\" \/>\n<meta property=\"article:modified_time\" content=\"2022-11-23T12:49:47+00:00\" \/>\n<meta name=\"twitter:card\" content=\"summary_large_image\" \/>\n<meta name=\"twitter:label1\" content=\"Dur\u00e9e de lecture estim\u00e9e\" \/>\n\t<meta name=\"twitter:data1\" content=\"2 minutes\" \/>\n<script type=\"application\/ld+json\" class=\"yoast-schema-graph\">{\"@context\":\"https:\\\/\\\/schema.org\",\"@graph\":[{\"@type\":\"WebPage\",\"@id\":\"https:\\\/\\\/www.1bolting.com\\\/fr\\\/visseuses-rad-torque\\\/rad-r\\\/\",\"url\":\"https:\\\/\\\/www.1bolting.com\\\/fr\\\/visseuses-rad-torque\\\/rad-r\\\/\",\"name\":\"Visseuse Pneumatique RAD-R - Vente & Location - 1st Bolting\",\"isPartOf\":{\"@id\":\"https:\\\/\\\/www.1bolting.com\\\/fr\\\/#website\"},\"datePublished\":\"2022-10-05T15:53:24+00:00\",\"dateModified\":\"2022-11-23T12:49:47+00:00\",\"description\":\"Achetez ou louez la visseuse pneumatique RAD-R de RAD Torque, sp\u00e9cialis\u00e9e dans le serrage des boulons des v\u00e9hicules de chantier ou de transport.\",\"breadcrumb\":{\"@id\":\"https:\\\/\\\/www.1bolting.com\\\/fr\\\/visseuses-rad-torque\\\/rad-r\\\/#breadcrumb\"},\"inLanguage\":\"fr-FR\",\"potentialAction\":[{\"@type\":\"ReadAction\",\"target\":[\"https:\\\/\\\/www.1bolting.com\\\/fr\\\/visseuses-rad-torque\\\/rad-r\\\/\"]}]},{\"@type\":\"BreadcrumbList\",\"@id\":\"https:\\\/\\\/www.1bolting.com\\\/fr\\\/visseuses-rad-torque\\\/rad-r\\\/#breadcrumb\",\"itemListElement\":[{\"@type\":\"ListItem\",\"position\":1,\"name\":\"Accueil\",\"item\":\"https:\\\/\\\/www.1bolting.com\\\/fr\\\/\"},{\"@type\":\"ListItem\",\"position\":2,\"name\":\"Visseuses Rad Torque\",\"item\":\"https:\\\/\\\/www.1bolting.com\\\/fr\\\/visseuses-rad-torque\\\/\"},{\"@type\":\"ListItem\",\"position\":3,\"name\":\"Visseuse Pneumatique RAD-R\"}]},{\"@type\":\"WebSite\",\"@id\":\"https:\\\/\\\/www.1bolting.com\\\/fr\\\/#website\",\"url\":\"https:\\\/\\\/www.1bolting.com\\\/fr\\\/\",\"name\":\"1st Bolting\",\"description\":\"Sp\u00e9cialiste en solutions de serrage\",\"publisher\":{\"@id\":\"https:\\\/\\\/www.1bolting.com\\\/fr\\\/#organization\"},\"potentialAction\":[{\"@type\":\"SearchAction\",\"target\":{\"@type\":\"EntryPoint\",\"urlTemplate\":\"https:\\\/\\\/www.1bolting.com\\\/fr\\\/?s={search_term_string}\"},\"query-input\":{\"@type\":\"PropertyValueSpecification\",\"valueRequired\":true,\"valueName\":\"search_term_string\"}}],\"inLanguage\":\"fr-FR\"},{\"@type\":\"Organization\",\"@id\":\"https:\\\/\\\/www.1bolting.com\\\/fr\\\/#organization\",\"name\":\"First Bolting\",\"url\":\"https:\\\/\\\/www.1bolting.com\\\/fr\\\/\",\"logo\":{\"@type\":\"ImageObject\",\"inLanguage\":\"fr-FR\",\"@id\":\"https:\\\/\\\/www.1bolting.com\\\/fr\\\/#\\\/schema\\\/logo\\\/image\\\/\",\"url\":\"https:\\\/\\\/www.1bolting.com\\\/wp-content\\\/uploads\\\/2020\\\/11\\\/logo-flyer.png\",\"contentUrl\":\"https:\\\/\\\/www.1bolting.com\\\/wp-content\\\/uploads\\\/2020\\\/11\\\/logo-flyer.png\",\"width\":300,\"height\":180,\"caption\":\"First Bolting\"},\"image\":{\"@id\":\"https:\\\/\\\/www.1bolting.com\\\/fr\\\/#\\\/schema\\\/logo\\\/image\\\/\"}}]}<\/script>\n<!-- \/ Yoast SEO plugin. -->","yoast_head_json":{"title":"Visseuse Pneumatique RAD-R - Vente & Location - 1st Bolting","description":"Achetez ou louez la visseuse pneumatique RAD-R de RAD Torque, sp\u00e9cialis\u00e9e dans le serrage des boulons des v\u00e9hicules de chantier ou de transport.","robots":{"index":"index","follow":"follow","max-snippet":"max-snippet:-1","max-image-preview":"max-image-preview:large","max-video-preview":"max-video-preview:-1"},"canonical":"https:\/\/www.1bolting.com\/fr\/visseuses-rad-torque\/rad-r\/","og_locale":"fr_FR","og_type":"article","og_title":"Visseuse Pneumatique RAD-R - Vente & Location - 1st Bolting","og_description":"Achetez ou louez la visseuse pneumatique RAD-R de RAD Torque, sp\u00e9cialis\u00e9e dans le serrage des boulons des v\u00e9hicules de chantier ou de transport.","og_url":"https:\/\/www.1bolting.com\/fr\/visseuses-rad-torque\/rad-r\/","og_site_name":"1st Bolting","article_modified_time":"2022-11-23T12:49:47+00:00","twitter_card":"summary_large_image","twitter_misc":{"Dur\u00e9e de lecture estim\u00e9e":"2 minutes"},"schema":{"@context":"https:\/\/schema.org","@graph":[{"@type":"WebPage","@id":"https:\/\/www.1bolting.com\/fr\/visseuses-rad-torque\/rad-r\/","url":"https:\/\/www.1bolting.com\/fr\/visseuses-rad-torque\/rad-r\/","name":"Visseuse Pneumatique RAD-R - Vente & Location - 1st Bolting","isPartOf":{"@id":"https:\/\/www.1bolting.com\/fr\/#website"},"datePublished":"2022-10-05T15:53:24+00:00","dateModified":"2022-11-23T12:49:47+00:00","description":"Achetez ou louez la visseuse pneumatique RAD-R de RAD Torque, sp\u00e9cialis\u00e9e dans le serrage des boulons des v\u00e9hicules de chantier ou de transport.","breadcrumb":{"@id":"https:\/\/www.1bolting.com\/fr\/visseuses-rad-torque\/rad-r\/#breadcrumb"},"inLanguage":"fr-FR","potentialAction":[{"@type":"ReadAction","target":["https:\/\/www.1bolting.com\/fr\/visseuses-rad-torque\/rad-r\/"]}]},{"@type":"BreadcrumbList","@id":"https:\/\/www.1bolting.com\/fr\/visseuses-rad-torque\/rad-r\/#breadcrumb","itemListElement":[{"@type":"ListItem","position":1,"name":"Accueil","item":"https:\/\/www.1bolting.com\/fr\/"},{"@type":"ListItem","position":2,"name":"Visseuses Rad Torque","item":"https:\/\/www.1bolting.com\/fr\/visseuses-rad-torque\/"},{"@type":"ListItem","position":3,"name":"Visseuse Pneumatique RAD-R"}]},{"@type":"WebSite","@id":"https:\/\/www.1bolting.com\/fr\/#website","url":"https:\/\/www.1bolting.com\/fr\/","name":"1st Bolting","description":"Sp\u00e9cialiste en solutions de serrage","publisher":{"@id":"https:\/\/www.1bolting.com\/fr\/#organization"},"potentialAction":[{"@type":"SearchAction","target":{"@type":"EntryPoint","urlTemplate":"https:\/\/www.1bolting.com\/fr\/?s={search_term_string}"},"query-input":{"@type":"PropertyValueSpecification","valueRequired":true,"valueName":"search_term_string"}}],"inLanguage":"fr-FR"},{"@type":"Organization","@id":"https:\/\/www.1bolting.com\/fr\/#organization","name":"First Bolting","url":"https:\/\/www.1bolting.com\/fr\/","logo":{"@type":"ImageObject","inLanguage":"fr-FR","@id":"https:\/\/www.1bolting.com\/fr\/#\/schema\/logo\/image\/","url":"https:\/\/www.1bolting.com\/wp-content\/uploads\/2020\/11\/logo-flyer.png","contentUrl":"https:\/\/www.1bolting.com\/wp-content\/uploads\/2020\/11\/logo-flyer.png","width":300,"height":180,"caption":"First Bolting"},"image":{"@id":"https:\/\/www.1bolting.com\/fr\/#\/schema\/logo\/image\/"}}]}},"_links":{"self":[{"href":"https:\/\/www.1bolting.com\/fr\/wp-json\/wp\/v2\/pages\/5820","targetHints":{"allow":["GET"]}}],"collection":[{"href":"https:\/\/www.1bolting.com\/fr\/wp-json\/wp\/v2\/pages"}],"about":[{"href":"https:\/\/www.1bolting.com\/fr\/wp-json\/wp\/v2\/types\/page"}],"author":[{"embeddable":true,"href":"https:\/\/www.1bolting.com\/fr\/wp-json\/wp\/v2\/users\/6"}],"replies":[{"embeddable":true,"href":"https:\/\/www.1bolting.com\/fr\/wp-json\/wp\/v2\/comments?post=5820"}],"version-history":[{"count":15,"href":"https:\/\/www.1bolting.com\/fr\/wp-json\/wp\/v2\/pages\/5820\/revisions"}],"predecessor-version":[{"id":6473,"href":"https:\/\/www.1bolting.com\/fr\/wp-json\/wp\/v2\/pages\/5820\/revisions\/6473"}],"up":[{"embeddable":true,"href":"https:\/\/www.1bolting.com\/fr\/wp-json\/wp\/v2\/pages\/5739"}],"wp:attachment":[{"href":"https:\/\/www.1bolting.com\/fr\/wp-json\/wp\/v2\/media?parent=5820"}],"curies":[{"name":"wp","href":"https:\/\/api.w.org\/{rel}","templated":true}]}}