{"id":5838,"date":"2022-10-07T10:50:31","date_gmt":"2022-10-07T09:50:31","guid":{"rendered":"https:\/\/www.1bolting.com\/?page_id=5838"},"modified":"2022-11-23T13:55:00","modified_gmt":"2022-11-23T12:55:00","slug":"dx-gx-atex","status":"publish","type":"page","link":"https:\/\/www.1bolting.com\/fr\/visseuses-rad-torque\/dx-gx-atex\/","title":{"rendered":"Visseuses ATEX RAD DX &#038; GX"},"content":{"rendered":"<h1>Visseuses pneumatiques ATEX RAD DX &amp; GX<\/h1>\n<div class=\"fiche-vente-location\">\n<div class=\"fiche-vente\">Disponible \u00e0 la vente<\/div>\n<div class=\"fiche-location\">Disponible \u00e0 la location<\/div>\n<\/div>\n<h2>Les visseuses pneumatiques RAD DX et GX existent \u00e9galement en version ATEX<\/h2>\n<h3>Visseuses adapt\u00e9es \u00e0 une utilisation en zone ATEX<\/h3>\n<p>Si vous travaillez dans une zone <strong><a href=\"https:\/\/fr.wikipedia.org\/wiki\/R%C3%A8glementation_ATEX\" target=\"_blank\" rel=\"noopener\">ATEX<\/a><\/strong>, il est possible d&rsquo;obtenir les visseuses pneumatiques <a href=\"https:\/\/www.1bolting.com\/fr\/visseuses-rad-torque\/rad-dx-gx\">RAD DX et GX<\/a> en <strong>version ATEX<\/strong> (utilisables alors pour la majorit\u00e9 des applications dans les industries p\u00e9troli\u00e8res et p\u00e9trochimiques).<\/p>\n<p>Ces versions sp\u00e9ciales ont \u00e9t\u00e9 test\u00e9es et approuv\u00e9es par LCIE Bureau Veritas. Elles peuvent \u00eatre utilis\u00e9s dans les zones 1, 2, 21 et 22.<\/p>\n<p>Contactez-nous pour plus de pr\u00e9cisions, et vos demandes de devis.<\/p>\n<p><img decoding=\"async\" class=\"alignnone wp-image-5839 size-full\" src=\"https:\/\/www.1bolting.com\/wp-content\/uploads\/2022\/10\/details-atex-pour-cle-dynamometrique-pneumatique-rad-torque.jpg\" alt=\"Classification ATEX pour les visseuses pneumatiques RAD Torque DX et GX\" width=\"630\" height=\"338\" srcset=\"https:\/\/www.1bolting.com\/wp-content\/uploads\/2022\/10\/details-atex-pour-cle-dynamometrique-pneumatique-rad-torque.jpg 630w, https:\/\/www.1bolting.com\/wp-content\/uploads\/2022\/10\/details-atex-pour-cle-dynamometrique-pneumatique-rad-torque-300x161.jpg 300w\" sizes=\"(max-width: 630px) 100vw, 630px\" \/><\/p>\n","protected":false},"excerpt":{"rendered":"<p>Visseuses pneumatiques ATEX RAD DX &amp; GX Disponible \u00e0 la vente Disponible \u00e0 la location Les visseuses pneumatiques RAD DX et GX existent \u00e9galement en version ATEX Visseuses adapt\u00e9es \u00e0 une utilisation en zone ATEX Si vous travaillez dans une zone ATEX, il est possible d&rsquo;obtenir les visseuses pneumatiques RAD DX et GX en version &hellip; <a href=\"https:\/\/www.1bolting.com\/fr\/visseuses-rad-torque\/dx-gx-atex\/\">Continued<\/a><\/p>\n","protected":false},"author":6,"featured_media":0,"parent":5739,"menu_order":0,"comment_status":"closed","ping_status":"closed","template":"sub-nav-page-produit.php","meta":{"_acf_changed":false,"footnotes":""},"class_list":["post-5838","page","type-page","status-publish","hentry"],"acf":[],"yoast_head":"<!-- This site is optimized with the Yoast SEO plugin v27.4 - https:\/\/yoast.com\/product\/yoast-seo-wordpress\/ -->\n<title>Visseuses ATEX RAD DX &amp; GX - Vente &amp; Location - 1st Bolting<\/title>\n<meta name=\"description\" content=\"Besoin de visseuses utilisables en zone ATEX ? Achetez ou louez les mod\u00e8les RAD DX et GX de RAD Torque chez First Bolting.\" \/>\n<meta name=\"robots\" content=\"index, follow, max-snippet:-1, max-image-preview:large, max-video-preview:-1\" \/>\n<link rel=\"canonical\" href=\"https:\/\/www.1bolting.com\/fr\/visseuses-rad-torque\/dx-gx-atex\/\" \/>\n<meta property=\"og:locale\" content=\"fr_FR\" \/>\n<meta property=\"og:type\" content=\"article\" \/>\n<meta property=\"og:title\" content=\"Visseuses ATEX RAD DX &amp; GX - Vente &amp; Location - 1st Bolting\" \/>\n<meta property=\"og:description\" content=\"Besoin de visseuses utilisables en zone ATEX ? Achetez ou louez les mod\u00e8les RAD DX et GX de RAD Torque chez First Bolting.\" \/>\n<meta property=\"og:url\" content=\"https:\/\/www.1bolting.com\/fr\/visseuses-rad-torque\/dx-gx-atex\/\" \/>\n<meta property=\"og:site_name\" content=\"1st Bolting\" \/>\n<meta property=\"article:modified_time\" content=\"2022-11-23T12:55:00+00:00\" \/>\n<meta property=\"og:image\" content=\"https:\/\/www.1bolting.com\/wp-content\/uploads\/2022\/10\/details-atex-pour-cle-dynamometrique-pneumatique-rad-torque.jpg\" \/>\n<meta name=\"twitter:card\" content=\"summary_large_image\" \/>\n<meta name=\"twitter:label1\" content=\"Dur\u00e9e de lecture estim\u00e9e\" \/>\n\t<meta name=\"twitter:data1\" content=\"1 minute\" \/>\n<script type=\"application\/ld+json\" class=\"yoast-schema-graph\">{\"@context\":\"https:\\\/\\\/schema.org\",\"@graph\":[{\"@type\":\"WebPage\",\"@id\":\"https:\\\/\\\/www.1bolting.com\\\/fr\\\/visseuses-rad-torque\\\/dx-gx-atex\\\/\",\"url\":\"https:\\\/\\\/www.1bolting.com\\\/fr\\\/visseuses-rad-torque\\\/dx-gx-atex\\\/\",\"name\":\"Visseuses ATEX RAD DX & GX - Vente & Location - 1st Bolting\",\"isPartOf\":{\"@id\":\"https:\\\/\\\/www.1bolting.com\\\/fr\\\/#website\"},\"primaryImageOfPage\":{\"@id\":\"https:\\\/\\\/www.1bolting.com\\\/fr\\\/visseuses-rad-torque\\\/dx-gx-atex\\\/#primaryimage\"},\"image\":{\"@id\":\"https:\\\/\\\/www.1bolting.com\\\/fr\\\/visseuses-rad-torque\\\/dx-gx-atex\\\/#primaryimage\"},\"thumbnailUrl\":\"https:\\\/\\\/www.1bolting.com\\\/wp-content\\\/uploads\\\/2022\\\/10\\\/details-atex-pour-cle-dynamometrique-pneumatique-rad-torque.jpg\",\"datePublished\":\"2022-10-07T09:50:31+00:00\",\"dateModified\":\"2022-11-23T12:55:00+00:00\",\"description\":\"Besoin de visseuses utilisables en zone ATEX ? Achetez ou louez les mod\u00e8les RAD DX et GX de RAD Torque chez First Bolting.\",\"breadcrumb\":{\"@id\":\"https:\\\/\\\/www.1bolting.com\\\/fr\\\/visseuses-rad-torque\\\/dx-gx-atex\\\/#breadcrumb\"},\"inLanguage\":\"fr-FR\",\"potentialAction\":[{\"@type\":\"ReadAction\",\"target\":[\"https:\\\/\\\/www.1bolting.com\\\/fr\\\/visseuses-rad-torque\\\/dx-gx-atex\\\/\"]}]},{\"@type\":\"ImageObject\",\"inLanguage\":\"fr-FR\",\"@id\":\"https:\\\/\\\/www.1bolting.com\\\/fr\\\/visseuses-rad-torque\\\/dx-gx-atex\\\/#primaryimage\",\"url\":\"https:\\\/\\\/www.1bolting.com\\\/wp-content\\\/uploads\\\/2022\\\/10\\\/details-atex-pour-cle-dynamometrique-pneumatique-rad-torque.jpg\",\"contentUrl\":\"https:\\\/\\\/www.1bolting.com\\\/wp-content\\\/uploads\\\/2022\\\/10\\\/details-atex-pour-cle-dynamometrique-pneumatique-rad-torque.jpg\"},{\"@type\":\"BreadcrumbList\",\"@id\":\"https:\\\/\\\/www.1bolting.com\\\/fr\\\/visseuses-rad-torque\\\/dx-gx-atex\\\/#breadcrumb\",\"itemListElement\":[{\"@type\":\"ListItem\",\"position\":1,\"name\":\"Accueil\",\"item\":\"https:\\\/\\\/www.1bolting.com\\\/fr\\\/\"},{\"@type\":\"ListItem\",\"position\":2,\"name\":\"Visseuses Rad Torque\",\"item\":\"https:\\\/\\\/www.1bolting.com\\\/fr\\\/visseuses-rad-torque\\\/\"},{\"@type\":\"ListItem\",\"position\":3,\"name\":\"Visseuses ATEX RAD DX &#038; GX\"}]},{\"@type\":\"WebSite\",\"@id\":\"https:\\\/\\\/www.1bolting.com\\\/fr\\\/#website\",\"url\":\"https:\\\/\\\/www.1bolting.com\\\/fr\\\/\",\"name\":\"1st Bolting\",\"description\":\"Sp\u00e9cialiste en solutions de serrage\",\"publisher\":{\"@id\":\"https:\\\/\\\/www.1bolting.com\\\/fr\\\/#organization\"},\"potentialAction\":[{\"@type\":\"SearchAction\",\"target\":{\"@type\":\"EntryPoint\",\"urlTemplate\":\"https:\\\/\\\/www.1bolting.com\\\/fr\\\/?s={search_term_string}\"},\"query-input\":{\"@type\":\"PropertyValueSpecification\",\"valueRequired\":true,\"valueName\":\"search_term_string\"}}],\"inLanguage\":\"fr-FR\"},{\"@type\":\"Organization\",\"@id\":\"https:\\\/\\\/www.1bolting.com\\\/fr\\\/#organization\",\"name\":\"First Bolting\",\"url\":\"https:\\\/\\\/www.1bolting.com\\\/fr\\\/\",\"logo\":{\"@type\":\"ImageObject\",\"inLanguage\":\"fr-FR\",\"@id\":\"https:\\\/\\\/www.1bolting.com\\\/fr\\\/#\\\/schema\\\/logo\\\/image\\\/\",\"url\":\"https:\\\/\\\/www.1bolting.com\\\/wp-content\\\/uploads\\\/2020\\\/11\\\/logo-flyer.png\",\"contentUrl\":\"https:\\\/\\\/www.1bolting.com\\\/wp-content\\\/uploads\\\/2020\\\/11\\\/logo-flyer.png\",\"width\":300,\"height\":180,\"caption\":\"First Bolting\"},\"image\":{\"@id\":\"https:\\\/\\\/www.1bolting.com\\\/fr\\\/#\\\/schema\\\/logo\\\/image\\\/\"}}]}<\/script>\n<!-- \/ Yoast SEO plugin. -->","yoast_head_json":{"title":"Visseuses ATEX RAD DX & GX - Vente & Location - 1st Bolting","description":"Besoin de visseuses utilisables en zone ATEX ? Achetez ou louez les mod\u00e8les RAD DX et GX de RAD Torque chez First Bolting.","robots":{"index":"index","follow":"follow","max-snippet":"max-snippet:-1","max-image-preview":"max-image-preview:large","max-video-preview":"max-video-preview:-1"},"canonical":"https:\/\/www.1bolting.com\/fr\/visseuses-rad-torque\/dx-gx-atex\/","og_locale":"fr_FR","og_type":"article","og_title":"Visseuses ATEX RAD DX & GX - Vente & Location - 1st Bolting","og_description":"Besoin de visseuses utilisables en zone ATEX ? Achetez ou louez les mod\u00e8les RAD DX et GX de RAD Torque chez First Bolting.","og_url":"https:\/\/www.1bolting.com\/fr\/visseuses-rad-torque\/dx-gx-atex\/","og_site_name":"1st Bolting","article_modified_time":"2022-11-23T12:55:00+00:00","og_image":[{"url":"https:\/\/www.1bolting.com\/wp-content\/uploads\/2022\/10\/details-atex-pour-cle-dynamometrique-pneumatique-rad-torque.jpg","type":"","width":"","height":""}],"twitter_card":"summary_large_image","twitter_misc":{"Dur\u00e9e de lecture estim\u00e9e":"1 minute"},"schema":{"@context":"https:\/\/schema.org","@graph":[{"@type":"WebPage","@id":"https:\/\/www.1bolting.com\/fr\/visseuses-rad-torque\/dx-gx-atex\/","url":"https:\/\/www.1bolting.com\/fr\/visseuses-rad-torque\/dx-gx-atex\/","name":"Visseuses ATEX RAD DX & GX - Vente & Location - 1st Bolting","isPartOf":{"@id":"https:\/\/www.1bolting.com\/fr\/#website"},"primaryImageOfPage":{"@id":"https:\/\/www.1bolting.com\/fr\/visseuses-rad-torque\/dx-gx-atex\/#primaryimage"},"image":{"@id":"https:\/\/www.1bolting.com\/fr\/visseuses-rad-torque\/dx-gx-atex\/#primaryimage"},"thumbnailUrl":"https:\/\/www.1bolting.com\/wp-content\/uploads\/2022\/10\/details-atex-pour-cle-dynamometrique-pneumatique-rad-torque.jpg","datePublished":"2022-10-07T09:50:31+00:00","dateModified":"2022-11-23T12:55:00+00:00","description":"Besoin de visseuses utilisables en zone ATEX ? Achetez ou louez les mod\u00e8les RAD DX et GX de RAD Torque chez First Bolting.","breadcrumb":{"@id":"https:\/\/www.1bolting.com\/fr\/visseuses-rad-torque\/dx-gx-atex\/#breadcrumb"},"inLanguage":"fr-FR","potentialAction":[{"@type":"ReadAction","target":["https:\/\/www.1bolting.com\/fr\/visseuses-rad-torque\/dx-gx-atex\/"]}]},{"@type":"ImageObject","inLanguage":"fr-FR","@id":"https:\/\/www.1bolting.com\/fr\/visseuses-rad-torque\/dx-gx-atex\/#primaryimage","url":"https:\/\/www.1bolting.com\/wp-content\/uploads\/2022\/10\/details-atex-pour-cle-dynamometrique-pneumatique-rad-torque.jpg","contentUrl":"https:\/\/www.1bolting.com\/wp-content\/uploads\/2022\/10\/details-atex-pour-cle-dynamometrique-pneumatique-rad-torque.jpg"},{"@type":"BreadcrumbList","@id":"https:\/\/www.1bolting.com\/fr\/visseuses-rad-torque\/dx-gx-atex\/#breadcrumb","itemListElement":[{"@type":"ListItem","position":1,"name":"Accueil","item":"https:\/\/www.1bolting.com\/fr\/"},{"@type":"ListItem","position":2,"name":"Visseuses Rad Torque","item":"https:\/\/www.1bolting.com\/fr\/visseuses-rad-torque\/"},{"@type":"ListItem","position":3,"name":"Visseuses ATEX RAD DX &#038; GX"}]},{"@type":"WebSite","@id":"https:\/\/www.1bolting.com\/fr\/#website","url":"https:\/\/www.1bolting.com\/fr\/","name":"1st Bolting","description":"Sp\u00e9cialiste en solutions de serrage","publisher":{"@id":"https:\/\/www.1bolting.com\/fr\/#organization"},"potentialAction":[{"@type":"SearchAction","target":{"@type":"EntryPoint","urlTemplate":"https:\/\/www.1bolting.com\/fr\/?s={search_term_string}"},"query-input":{"@type":"PropertyValueSpecification","valueRequired":true,"valueName":"search_term_string"}}],"inLanguage":"fr-FR"},{"@type":"Organization","@id":"https:\/\/www.1bolting.com\/fr\/#organization","name":"First Bolting","url":"https:\/\/www.1bolting.com\/fr\/","logo":{"@type":"ImageObject","inLanguage":"fr-FR","@id":"https:\/\/www.1bolting.com\/fr\/#\/schema\/logo\/image\/","url":"https:\/\/www.1bolting.com\/wp-content\/uploads\/2020\/11\/logo-flyer.png","contentUrl":"https:\/\/www.1bolting.com\/wp-content\/uploads\/2020\/11\/logo-flyer.png","width":300,"height":180,"caption":"First Bolting"},"image":{"@id":"https:\/\/www.1bolting.com\/fr\/#\/schema\/logo\/image\/"}}]}},"_links":{"self":[{"href":"https:\/\/www.1bolting.com\/fr\/wp-json\/wp\/v2\/pages\/5838","targetHints":{"allow":["GET"]}}],"collection":[{"href":"https:\/\/www.1bolting.com\/fr\/wp-json\/wp\/v2\/pages"}],"about":[{"href":"https:\/\/www.1bolting.com\/fr\/wp-json\/wp\/v2\/types\/page"}],"author":[{"embeddable":true,"href":"https:\/\/www.1bolting.com\/fr\/wp-json\/wp\/v2\/users\/6"}],"replies":[{"embeddable":true,"href":"https:\/\/www.1bolting.com\/fr\/wp-json\/wp\/v2\/comments?post=5838"}],"version-history":[{"count":16,"href":"https:\/\/www.1bolting.com\/fr\/wp-json\/wp\/v2\/pages\/5838\/revisions"}],"predecessor-version":[{"id":6482,"href":"https:\/\/www.1bolting.com\/fr\/wp-json\/wp\/v2\/pages\/5838\/revisions\/6482"}],"up":[{"embeddable":true,"href":"https:\/\/www.1bolting.com\/fr\/wp-json\/wp\/v2\/pages\/5739"}],"wp:attachment":[{"href":"https:\/\/www.1bolting.com\/fr\/wp-json\/wp\/v2\/media?parent=5838"}],"curies":[{"name":"wp","href":"https:\/\/api.w.org\/{rel}","templated":true}]}}