{"id":5847,"date":"2022-10-07T14:23:27","date_gmt":"2022-10-07T13:23:27","guid":{"rendered":"https:\/\/www.1bolting.com\/?page_id=5847"},"modified":"2022-11-23T13:51:17","modified_gmt":"2022-11-23T12:51:17","slug":"b-rad-select","status":"publish","type":"page","link":"https:\/\/www.1bolting.com\/fr\/visseuses-rad-torque\/b-rad-select\/","title":{"rendered":"Visseuse sur Batterie B-RAD Select"},"content":{"rendered":"<h1>Visseuse sur batterie B-RAD Select<\/h1>\n<div class=\"fiche-vente-location\">\n<div class=\"fiche-vente\">Disponible \u00e0 la vente<\/div>\n<div class=\"fiche-location\">Disponible \u00e0 la location<\/div>\n<\/div>\n<h2>La visseuse sur batterie B-RAD Select est un excellent compromis entre la libert\u00e9 de mouvement et la puissance<\/h2>\n<h3>Fini les contraintes de source d&rsquo;\u00e9nergie<\/h3>\n<p>En choisissant la visseuse B-RAD Select de RAD Torque, vous faites le choix de la libert\u00e9. Vous pouvez intervenir en tout lieu, sans \u00e9lectricit\u00e9, sans air comprim\u00e9, sans pour autant sacrifier la puissance.<\/p>\n<p>En effet, elle fonctionne sur batterie et dispose d&rsquo;une plage de couple de 50 \u2013 7000 Nm, tout en restant l\u00e9g\u00e8re.<\/p>\n<p>La s\u00e9lection du couple se fait simplement, avec 2 boutons qui l&rsquo;augmentent ou le diminuent de 10 Nm.<\/p>\n<h3>Pourquoi choisir B-RAD Select ?<\/h3>\n<ul>\n<li>Fonctionnement sur batterie haute performance, avec avertisseur de recharge<\/li>\n<li>Moteur brushless<\/li>\n<li>Existe avec train d\u2019engrenages simple vitesse ou automatique \u00e0 2 vitesses<\/li>\n<li>Vissage contr\u00f4l\u00e9 ; r\u00e9p\u00e9tabilit\u00e9 de + \/ &#8211;\u00a0 3 %<\/li>\n<li>Bruit limit\u00e9: seulement 65 d\u00e9cibels<\/li>\n<li>Lib\u00e9ration automatique du bras<\/li>\n<li>Possibilti\u00e9 de choisir le couple par niveau<\/li>\n<\/ul>\n<h3>\u00c9l\u00e9ments fournis avec chaque visseuse<\/h3>\n<ul>\n<li>Bras de r\u00e9action appropri\u00e9 avec anneau de retenue<\/li>\n<li>2 batteries lithium-ion 18V \/ 5,2Ah avec chargeur (pour B-RAD SELECT 4000 et 7000 : 1 * 5,2Ah et 1 * 8,0Ah)<\/li>\n<li>Coffret de rangement \u00e9tanche<\/li>\n<li>Mode d&#8217;emploi<\/li>\n<li>Certificat d\u2019\u00e9talonnage<\/li>\n<\/ul>\n<h3>Options<\/h3>\n<ul>\n<li>Batterie plus puissante lithium-ion 18V \/ 8,0Ah (voir photo)<\/li>\n<li>Double bouton de s\u00e9curit\u00e9 : r\u00e9duisez le risque d&rsquo;accidents en obligeant la pression de deux boutons pour permettre \u00e0 l&rsquo;outil de d\u00e9marrer<\/li>\n<li>Pr\u00e9vention des chutes<\/li>\n<\/ul>\n<p>Pour des op\u00e9rations de serrage dans des lieux exigus, choisissez le mod\u00e8le <a href=\"https:\/\/www.1bolting.com\/fr\/visseuses-rad-torque\/b-rad-offset\/\">B-RAD OFFSET<\/a>. Et pour les interventions au plafond, ou au sol, d\u00e9couvrez <a href=\"https:\/\/www.1bolting.com\/fr\/visseuses-rad-torque\/b-rad-ext-r\/\">B-RAD EXT-R<\/a>, une d\u00e9clinaison b\u00e9n\u00e9ficiant d&rsquo;une longue port\u00e9e.<\/p>\n","protected":false},"excerpt":{"rendered":"<p>Visseuse sur batterie B-RAD Select Disponible \u00e0 la vente Disponible \u00e0 la location La visseuse sur batterie B-RAD Select est un excellent compromis entre la libert\u00e9 de mouvement et la puissance Fini les contraintes de source d&rsquo;\u00e9nergie En choisissant la visseuse B-RAD Select de RAD Torque, vous faites le choix de la libert\u00e9. Vous pouvez &hellip; <a href=\"https:\/\/www.1bolting.com\/fr\/visseuses-rad-torque\/b-rad-select\/\">Continued<\/a><\/p>\n","protected":false},"author":6,"featured_media":0,"parent":5739,"menu_order":0,"comment_status":"closed","ping_status":"closed","template":"sub-nav-page-produit.php","meta":{"_acf_changed":false,"footnotes":""},"class_list":["post-5847","page","type-page","status-publish","hentry"],"acf":[],"yoast_head":"<!-- This site is optimized with the Yoast SEO plugin v27.4 - https:\/\/yoast.com\/product\/yoast-seo-wordpress\/ -->\n<title>Visseuse sur Batterie B-RAD Select - Vente &amp; Location - 1st Bolting<\/title>\n<meta name=\"description\" content=\"Achetez ou louez la visseuse sur batterie B-RAD Select, de RAD Torque. Pour des op\u00e9rations performantes sans contraintes de source d&#039;\u00e9nergie.\" \/>\n<meta name=\"robots\" content=\"index, follow, max-snippet:-1, max-image-preview:large, max-video-preview:-1\" \/>\n<link rel=\"canonical\" href=\"https:\/\/www.1bolting.com\/fr\/visseuses-rad-torque\/b-rad-select\/\" \/>\n<meta property=\"og:locale\" content=\"fr_FR\" \/>\n<meta property=\"og:type\" content=\"article\" \/>\n<meta property=\"og:title\" content=\"Visseuse sur Batterie B-RAD Select - Vente &amp; Location - 1st Bolting\" \/>\n<meta property=\"og:description\" content=\"Achetez ou louez la visseuse sur batterie B-RAD Select, de RAD Torque. Pour des op\u00e9rations performantes sans contraintes de source d&#039;\u00e9nergie.\" \/>\n<meta property=\"og:url\" content=\"https:\/\/www.1bolting.com\/fr\/visseuses-rad-torque\/b-rad-select\/\" \/>\n<meta property=\"og:site_name\" content=\"1st Bolting\" \/>\n<meta property=\"article:modified_time\" content=\"2022-11-23T12:51:17+00:00\" \/>\n<meta name=\"twitter:card\" content=\"summary_large_image\" \/>\n<meta name=\"twitter:label1\" content=\"Dur\u00e9e de lecture estim\u00e9e\" \/>\n\t<meta name=\"twitter:data1\" content=\"2 minutes\" \/>\n<script type=\"application\/ld+json\" class=\"yoast-schema-graph\">{\"@context\":\"https:\\\/\\\/schema.org\",\"@graph\":[{\"@type\":\"WebPage\",\"@id\":\"https:\\\/\\\/www.1bolting.com\\\/fr\\\/visseuses-rad-torque\\\/b-rad-select\\\/\",\"url\":\"https:\\\/\\\/www.1bolting.com\\\/fr\\\/visseuses-rad-torque\\\/b-rad-select\\\/\",\"name\":\"Visseuse sur Batterie B-RAD Select - Vente & Location - 1st Bolting\",\"isPartOf\":{\"@id\":\"https:\\\/\\\/www.1bolting.com\\\/fr\\\/#website\"},\"datePublished\":\"2022-10-07T13:23:27+00:00\",\"dateModified\":\"2022-11-23T12:51:17+00:00\",\"description\":\"Achetez ou louez la visseuse sur batterie B-RAD Select, de RAD Torque. Pour des op\u00e9rations performantes sans contraintes de source d'\u00e9nergie.\",\"breadcrumb\":{\"@id\":\"https:\\\/\\\/www.1bolting.com\\\/fr\\\/visseuses-rad-torque\\\/b-rad-select\\\/#breadcrumb\"},\"inLanguage\":\"fr-FR\",\"potentialAction\":[{\"@type\":\"ReadAction\",\"target\":[\"https:\\\/\\\/www.1bolting.com\\\/fr\\\/visseuses-rad-torque\\\/b-rad-select\\\/\"]}]},{\"@type\":\"BreadcrumbList\",\"@id\":\"https:\\\/\\\/www.1bolting.com\\\/fr\\\/visseuses-rad-torque\\\/b-rad-select\\\/#breadcrumb\",\"itemListElement\":[{\"@type\":\"ListItem\",\"position\":1,\"name\":\"Accueil\",\"item\":\"https:\\\/\\\/www.1bolting.com\\\/fr\\\/\"},{\"@type\":\"ListItem\",\"position\":2,\"name\":\"Visseuses Rad Torque\",\"item\":\"https:\\\/\\\/www.1bolting.com\\\/fr\\\/visseuses-rad-torque\\\/\"},{\"@type\":\"ListItem\",\"position\":3,\"name\":\"Visseuse sur Batterie B-RAD Select\"}]},{\"@type\":\"WebSite\",\"@id\":\"https:\\\/\\\/www.1bolting.com\\\/fr\\\/#website\",\"url\":\"https:\\\/\\\/www.1bolting.com\\\/fr\\\/\",\"name\":\"1st Bolting\",\"description\":\"Sp\u00e9cialiste en solutions de serrage\",\"publisher\":{\"@id\":\"https:\\\/\\\/www.1bolting.com\\\/fr\\\/#organization\"},\"potentialAction\":[{\"@type\":\"SearchAction\",\"target\":{\"@type\":\"EntryPoint\",\"urlTemplate\":\"https:\\\/\\\/www.1bolting.com\\\/fr\\\/?s={search_term_string}\"},\"query-input\":{\"@type\":\"PropertyValueSpecification\",\"valueRequired\":true,\"valueName\":\"search_term_string\"}}],\"inLanguage\":\"fr-FR\"},{\"@type\":\"Organization\",\"@id\":\"https:\\\/\\\/www.1bolting.com\\\/fr\\\/#organization\",\"name\":\"First Bolting\",\"url\":\"https:\\\/\\\/www.1bolting.com\\\/fr\\\/\",\"logo\":{\"@type\":\"ImageObject\",\"inLanguage\":\"fr-FR\",\"@id\":\"https:\\\/\\\/www.1bolting.com\\\/fr\\\/#\\\/schema\\\/logo\\\/image\\\/\",\"url\":\"https:\\\/\\\/www.1bolting.com\\\/wp-content\\\/uploads\\\/2020\\\/11\\\/logo-flyer.png\",\"contentUrl\":\"https:\\\/\\\/www.1bolting.com\\\/wp-content\\\/uploads\\\/2020\\\/11\\\/logo-flyer.png\",\"width\":300,\"height\":180,\"caption\":\"First Bolting\"},\"image\":{\"@id\":\"https:\\\/\\\/www.1bolting.com\\\/fr\\\/#\\\/schema\\\/logo\\\/image\\\/\"}}]}<\/script>\n<!-- \/ Yoast SEO plugin. -->","yoast_head_json":{"title":"Visseuse sur Batterie B-RAD Select - Vente & Location - 1st Bolting","description":"Achetez ou louez la visseuse sur batterie B-RAD Select, de RAD Torque. Pour des op\u00e9rations performantes sans contraintes de source d'\u00e9nergie.","robots":{"index":"index","follow":"follow","max-snippet":"max-snippet:-1","max-image-preview":"max-image-preview:large","max-video-preview":"max-video-preview:-1"},"canonical":"https:\/\/www.1bolting.com\/fr\/visseuses-rad-torque\/b-rad-select\/","og_locale":"fr_FR","og_type":"article","og_title":"Visseuse sur Batterie B-RAD Select - Vente & Location - 1st Bolting","og_description":"Achetez ou louez la visseuse sur batterie B-RAD Select, de RAD Torque. Pour des op\u00e9rations performantes sans contraintes de source d'\u00e9nergie.","og_url":"https:\/\/www.1bolting.com\/fr\/visseuses-rad-torque\/b-rad-select\/","og_site_name":"1st Bolting","article_modified_time":"2022-11-23T12:51:17+00:00","twitter_card":"summary_large_image","twitter_misc":{"Dur\u00e9e de lecture estim\u00e9e":"2 minutes"},"schema":{"@context":"https:\/\/schema.org","@graph":[{"@type":"WebPage","@id":"https:\/\/www.1bolting.com\/fr\/visseuses-rad-torque\/b-rad-select\/","url":"https:\/\/www.1bolting.com\/fr\/visseuses-rad-torque\/b-rad-select\/","name":"Visseuse sur Batterie B-RAD Select - Vente & Location - 1st Bolting","isPartOf":{"@id":"https:\/\/www.1bolting.com\/fr\/#website"},"datePublished":"2022-10-07T13:23:27+00:00","dateModified":"2022-11-23T12:51:17+00:00","description":"Achetez ou louez la visseuse sur batterie B-RAD Select, de RAD Torque. Pour des op\u00e9rations performantes sans contraintes de source d'\u00e9nergie.","breadcrumb":{"@id":"https:\/\/www.1bolting.com\/fr\/visseuses-rad-torque\/b-rad-select\/#breadcrumb"},"inLanguage":"fr-FR","potentialAction":[{"@type":"ReadAction","target":["https:\/\/www.1bolting.com\/fr\/visseuses-rad-torque\/b-rad-select\/"]}]},{"@type":"BreadcrumbList","@id":"https:\/\/www.1bolting.com\/fr\/visseuses-rad-torque\/b-rad-select\/#breadcrumb","itemListElement":[{"@type":"ListItem","position":1,"name":"Accueil","item":"https:\/\/www.1bolting.com\/fr\/"},{"@type":"ListItem","position":2,"name":"Visseuses Rad Torque","item":"https:\/\/www.1bolting.com\/fr\/visseuses-rad-torque\/"},{"@type":"ListItem","position":3,"name":"Visseuse sur Batterie B-RAD Select"}]},{"@type":"WebSite","@id":"https:\/\/www.1bolting.com\/fr\/#website","url":"https:\/\/www.1bolting.com\/fr\/","name":"1st Bolting","description":"Sp\u00e9cialiste en solutions de serrage","publisher":{"@id":"https:\/\/www.1bolting.com\/fr\/#organization"},"potentialAction":[{"@type":"SearchAction","target":{"@type":"EntryPoint","urlTemplate":"https:\/\/www.1bolting.com\/fr\/?s={search_term_string}"},"query-input":{"@type":"PropertyValueSpecification","valueRequired":true,"valueName":"search_term_string"}}],"inLanguage":"fr-FR"},{"@type":"Organization","@id":"https:\/\/www.1bolting.com\/fr\/#organization","name":"First Bolting","url":"https:\/\/www.1bolting.com\/fr\/","logo":{"@type":"ImageObject","inLanguage":"fr-FR","@id":"https:\/\/www.1bolting.com\/fr\/#\/schema\/logo\/image\/","url":"https:\/\/www.1bolting.com\/wp-content\/uploads\/2020\/11\/logo-flyer.png","contentUrl":"https:\/\/www.1bolting.com\/wp-content\/uploads\/2020\/11\/logo-flyer.png","width":300,"height":180,"caption":"First Bolting"},"image":{"@id":"https:\/\/www.1bolting.com\/fr\/#\/schema\/logo\/image\/"}}]}},"_links":{"self":[{"href":"https:\/\/www.1bolting.com\/fr\/wp-json\/wp\/v2\/pages\/5847","targetHints":{"allow":["GET"]}}],"collection":[{"href":"https:\/\/www.1bolting.com\/fr\/wp-json\/wp\/v2\/pages"}],"about":[{"href":"https:\/\/www.1bolting.com\/fr\/wp-json\/wp\/v2\/types\/page"}],"author":[{"embeddable":true,"href":"https:\/\/www.1bolting.com\/fr\/wp-json\/wp\/v2\/users\/6"}],"replies":[{"embeddable":true,"href":"https:\/\/www.1bolting.com\/fr\/wp-json\/wp\/v2\/comments?post=5847"}],"version-history":[{"count":16,"href":"https:\/\/www.1bolting.com\/fr\/wp-json\/wp\/v2\/pages\/5847\/revisions"}],"predecessor-version":[{"id":6476,"href":"https:\/\/www.1bolting.com\/fr\/wp-json\/wp\/v2\/pages\/5847\/revisions\/6476"}],"up":[{"embeddable":true,"href":"https:\/\/www.1bolting.com\/fr\/wp-json\/wp\/v2\/pages\/5739"}],"wp:attachment":[{"href":"https:\/\/www.1bolting.com\/fr\/wp-json\/wp\/v2\/media?parent=5847"}],"curies":[{"name":"wp","href":"https:\/\/api.w.org\/{rel}","templated":true}]}}