{"id":5874,"date":"2022-10-07T14:52:16","date_gmt":"2022-10-07T13:52:16","guid":{"rendered":"https:\/\/www.1bolting.com\/?page_id=5874"},"modified":"2022-11-23T13:50:47","modified_gmt":"2022-11-23T12:50:47","slug":"b-rad-offset","status":"publish","type":"page","link":"https:\/\/www.1bolting.com\/fr\/visseuses-rad-torque\/b-rad-offset\/","title":{"rendered":"Visseuse sur Batterie B-RAD OFFSET"},"content":{"rendered":"<h1>Visseuse sur batterie B-RAD OFFSET<\/h1>\n<div class=\"fiche-vente-location\">\n<div class=\"fiche-vente\">Disponible \u00e0 la vente<\/div>\n<div class=\"fiche-location\">Disponible \u00e0 la location<\/div>\n<\/div>\n<h2>La c\u00e9l\u00e8bre visseuse sans fil B-RAD se d\u00e9cline ici dans une version offset, permettant des op\u00e9rations de serrage dans des espaces r\u00e9duits<\/h2>\n<h3>Le mod\u00e8le id\u00e9al pour les interventions d\u00e9licates<\/h3>\n<p>Gr\u00e2ce \u00e0 son boitier d\u00e9multiplicateur d\u00e9port\u00e9, la cl\u00e9 dynamom\u00e9trique sur batterie <strong>B-RAD OFFSET<\/strong> permet de serrer et desserrer dans des endroits inaccessibles aux visseuses traditionnelles.<\/p>\n<p>Elle est calibr\u00e9e avec le d\u00e9port (offset), ainsi pas besoin de tableaux de conversions contrairement aux d\u00e9ports traditionnels.<\/p>\n<h3>Pourquoi choisir B-RAD OFFSET ?<\/h3>\n<ul>\n<li>La bonne solution pour le serrage dans des endroits exigus<\/li>\n<li>La puissance et les qualit\u00e9s de la cl\u00e9 dynamom\u00e9trique <a href=\"https:\/\/www.1bolting.com\/fr\/visseuses-rad-torque\/b-rad-select\/\">B-RAD Select<\/a><\/li>\n<li>Existe avec train d\u2019engrenages simple vitesse ou automatique \u00e0 2 vitesses<\/li>\n<li>Batterie lithium-ion avec avertissement faible batterie<\/li>\n<li>Vissage contr\u00f4l\u00e9 : pr\u00e9cision de + \/ &#8211;\u00a0 3 %<\/li>\n<li>Faible bruit &#8211; 65 d\u00e9cibels<\/li>\n<li>D\u00e9verrouillage automatique du bras de r\u00e9action de couple<\/li>\n<li>Couples vari\u00e9s (1-50)<\/li>\n<\/ul>\n<h3>\u00c9l\u00e9ments fournis avec chaque visseuse<\/h3>\n<ul>\n<li>Bras de r\u00e9action appropri\u00e9 avec anneau de retenue<\/li>\n<li>2 batteries lithium-ion 18V \/ 5,2Ah avec chargeur (pour B-RAD OFFSET 4000 et 7000 : 1 * 5,2Ah et 1 * 8,0Ah)<\/li>\n<li>Mode d&#8217;emploi<\/li>\n<li>Certificat d&rsquo;\u00e9talonnage<\/li>\n<\/ul>\n<h3>Options<\/h3>\n<ul>\n<li>Batterie plus puissante 18 V \/ 8,0 Ah<\/li>\n<\/ul>\n","protected":false},"excerpt":{"rendered":"<p>Visseuse sur batterie B-RAD OFFSET Disponible \u00e0 la vente Disponible \u00e0 la location La c\u00e9l\u00e8bre visseuse sans fil B-RAD se d\u00e9cline ici dans une version offset, permettant des op\u00e9rations de serrage dans des espaces r\u00e9duits Le mod\u00e8le id\u00e9al pour les interventions d\u00e9licates Gr\u00e2ce \u00e0 son boitier d\u00e9multiplicateur d\u00e9port\u00e9, la cl\u00e9 dynamom\u00e9trique sur batterie B-RAD OFFSET &hellip; <a href=\"https:\/\/www.1bolting.com\/fr\/visseuses-rad-torque\/b-rad-offset\/\">Continued<\/a><\/p>\n","protected":false},"author":6,"featured_media":0,"parent":5739,"menu_order":0,"comment_status":"closed","ping_status":"closed","template":"sub-nav-page-produit.php","meta":{"_acf_changed":false,"footnotes":""},"class_list":["post-5874","page","type-page","status-publish","hentry"],"acf":[],"yoast_head":"<!-- This site is optimized with the Yoast SEO plugin v27.5 - https:\/\/yoast.com\/product\/yoast-seo-wordpress\/ -->\n<title>Visseuse sur Batterie B-RAD OFFSET - Vente &amp; Location - 1st Bolting<\/title>\n<meta name=\"description\" content=\"Achetez \/ louez une visseuse adapt\u00e9e au serrage dans des espaces exigues, B-RAD OFFSET, tout en b\u00e9n\u00e9ficiant d&#039;une grande pr\u00e9cision, et d&#039;une batterie.\" \/>\n<meta name=\"robots\" content=\"index, follow, max-snippet:-1, max-image-preview:large, max-video-preview:-1\" \/>\n<link rel=\"canonical\" href=\"https:\/\/www.1bolting.com\/fr\/visseuses-rad-torque\/b-rad-offset\/\" \/>\n<meta property=\"og:locale\" content=\"fr_FR\" \/>\n<meta property=\"og:type\" content=\"article\" \/>\n<meta property=\"og:title\" content=\"Visseuse sur Batterie B-RAD OFFSET - Vente &amp; Location - 1st Bolting\" \/>\n<meta property=\"og:description\" content=\"Achetez \/ louez une visseuse adapt\u00e9e au serrage dans des espaces exigues, B-RAD OFFSET, tout en b\u00e9n\u00e9ficiant d&#039;une grande pr\u00e9cision, et d&#039;une batterie.\" \/>\n<meta property=\"og:url\" content=\"https:\/\/www.1bolting.com\/fr\/visseuses-rad-torque\/b-rad-offset\/\" \/>\n<meta property=\"og:site_name\" content=\"1st Bolting\" \/>\n<meta property=\"article:modified_time\" content=\"2022-11-23T12:50:47+00:00\" \/>\n<meta name=\"twitter:card\" content=\"summary_large_image\" \/>\n<meta name=\"twitter:label1\" content=\"Dur\u00e9e de lecture estim\u00e9e\" \/>\n\t<meta name=\"twitter:data1\" content=\"2 minutes\" \/>\n<script type=\"application\/ld+json\" class=\"yoast-schema-graph\">{\"@context\":\"https:\\\/\\\/schema.org\",\"@graph\":[{\"@type\":\"WebPage\",\"@id\":\"https:\\\/\\\/www.1bolting.com\\\/fr\\\/visseuses-rad-torque\\\/b-rad-offset\\\/\",\"url\":\"https:\\\/\\\/www.1bolting.com\\\/fr\\\/visseuses-rad-torque\\\/b-rad-offset\\\/\",\"name\":\"Visseuse sur Batterie B-RAD OFFSET - Vente & Location - 1st Bolting\",\"isPartOf\":{\"@id\":\"https:\\\/\\\/www.1bolting.com\\\/fr\\\/#website\"},\"datePublished\":\"2022-10-07T13:52:16+00:00\",\"dateModified\":\"2022-11-23T12:50:47+00:00\",\"description\":\"Achetez \\\/ louez une visseuse adapt\u00e9e au serrage dans des espaces exigues, B-RAD OFFSET, tout en b\u00e9n\u00e9ficiant d'une grande pr\u00e9cision, et d'une batterie.\",\"breadcrumb\":{\"@id\":\"https:\\\/\\\/www.1bolting.com\\\/fr\\\/visseuses-rad-torque\\\/b-rad-offset\\\/#breadcrumb\"},\"inLanguage\":\"fr-FR\",\"potentialAction\":[{\"@type\":\"ReadAction\",\"target\":[\"https:\\\/\\\/www.1bolting.com\\\/fr\\\/visseuses-rad-torque\\\/b-rad-offset\\\/\"]}]},{\"@type\":\"BreadcrumbList\",\"@id\":\"https:\\\/\\\/www.1bolting.com\\\/fr\\\/visseuses-rad-torque\\\/b-rad-offset\\\/#breadcrumb\",\"itemListElement\":[{\"@type\":\"ListItem\",\"position\":1,\"name\":\"Accueil\",\"item\":\"https:\\\/\\\/www.1bolting.com\\\/fr\\\/\"},{\"@type\":\"ListItem\",\"position\":2,\"name\":\"Visseuses Rad Torque\",\"item\":\"https:\\\/\\\/www.1bolting.com\\\/fr\\\/visseuses-rad-torque\\\/\"},{\"@type\":\"ListItem\",\"position\":3,\"name\":\"Visseuse sur Batterie B-RAD OFFSET\"}]},{\"@type\":\"WebSite\",\"@id\":\"https:\\\/\\\/www.1bolting.com\\\/fr\\\/#website\",\"url\":\"https:\\\/\\\/www.1bolting.com\\\/fr\\\/\",\"name\":\"1st Bolting\",\"description\":\"Sp\u00e9cialiste en solutions de serrage\",\"publisher\":{\"@id\":\"https:\\\/\\\/www.1bolting.com\\\/fr\\\/#organization\"},\"potentialAction\":[{\"@type\":\"SearchAction\",\"target\":{\"@type\":\"EntryPoint\",\"urlTemplate\":\"https:\\\/\\\/www.1bolting.com\\\/fr\\\/?s={search_term_string}\"},\"query-input\":{\"@type\":\"PropertyValueSpecification\",\"valueRequired\":true,\"valueName\":\"search_term_string\"}}],\"inLanguage\":\"fr-FR\"},{\"@type\":\"Organization\",\"@id\":\"https:\\\/\\\/www.1bolting.com\\\/fr\\\/#organization\",\"name\":\"First Bolting\",\"url\":\"https:\\\/\\\/www.1bolting.com\\\/fr\\\/\",\"logo\":{\"@type\":\"ImageObject\",\"inLanguage\":\"fr-FR\",\"@id\":\"https:\\\/\\\/www.1bolting.com\\\/fr\\\/#\\\/schema\\\/logo\\\/image\\\/\",\"url\":\"https:\\\/\\\/www.1bolting.com\\\/wp-content\\\/uploads\\\/2020\\\/11\\\/logo-flyer.png\",\"contentUrl\":\"https:\\\/\\\/www.1bolting.com\\\/wp-content\\\/uploads\\\/2020\\\/11\\\/logo-flyer.png\",\"width\":300,\"height\":180,\"caption\":\"First Bolting\"},\"image\":{\"@id\":\"https:\\\/\\\/www.1bolting.com\\\/fr\\\/#\\\/schema\\\/logo\\\/image\\\/\"}}]}<\/script>\n<!-- \/ Yoast SEO plugin. -->","yoast_head_json":{"title":"Visseuse sur Batterie B-RAD OFFSET - Vente & Location - 1st Bolting","description":"Achetez \/ louez une visseuse adapt\u00e9e au serrage dans des espaces exigues, B-RAD OFFSET, tout en b\u00e9n\u00e9ficiant d'une grande pr\u00e9cision, et d'une batterie.","robots":{"index":"index","follow":"follow","max-snippet":"max-snippet:-1","max-image-preview":"max-image-preview:large","max-video-preview":"max-video-preview:-1"},"canonical":"https:\/\/www.1bolting.com\/fr\/visseuses-rad-torque\/b-rad-offset\/","og_locale":"fr_FR","og_type":"article","og_title":"Visseuse sur Batterie B-RAD OFFSET - Vente & Location - 1st Bolting","og_description":"Achetez \/ louez une visseuse adapt\u00e9e au serrage dans des espaces exigues, B-RAD OFFSET, tout en b\u00e9n\u00e9ficiant d'une grande pr\u00e9cision, et d'une batterie.","og_url":"https:\/\/www.1bolting.com\/fr\/visseuses-rad-torque\/b-rad-offset\/","og_site_name":"1st Bolting","article_modified_time":"2022-11-23T12:50:47+00:00","twitter_card":"summary_large_image","twitter_misc":{"Dur\u00e9e de lecture estim\u00e9e":"2 minutes"},"schema":{"@context":"https:\/\/schema.org","@graph":[{"@type":"WebPage","@id":"https:\/\/www.1bolting.com\/fr\/visseuses-rad-torque\/b-rad-offset\/","url":"https:\/\/www.1bolting.com\/fr\/visseuses-rad-torque\/b-rad-offset\/","name":"Visseuse sur Batterie B-RAD OFFSET - Vente & Location - 1st Bolting","isPartOf":{"@id":"https:\/\/www.1bolting.com\/fr\/#website"},"datePublished":"2022-10-07T13:52:16+00:00","dateModified":"2022-11-23T12:50:47+00:00","description":"Achetez \/ louez une visseuse adapt\u00e9e au serrage dans des espaces exigues, B-RAD OFFSET, tout en b\u00e9n\u00e9ficiant d'une grande pr\u00e9cision, et d'une batterie.","breadcrumb":{"@id":"https:\/\/www.1bolting.com\/fr\/visseuses-rad-torque\/b-rad-offset\/#breadcrumb"},"inLanguage":"fr-FR","potentialAction":[{"@type":"ReadAction","target":["https:\/\/www.1bolting.com\/fr\/visseuses-rad-torque\/b-rad-offset\/"]}]},{"@type":"BreadcrumbList","@id":"https:\/\/www.1bolting.com\/fr\/visseuses-rad-torque\/b-rad-offset\/#breadcrumb","itemListElement":[{"@type":"ListItem","position":1,"name":"Accueil","item":"https:\/\/www.1bolting.com\/fr\/"},{"@type":"ListItem","position":2,"name":"Visseuses Rad Torque","item":"https:\/\/www.1bolting.com\/fr\/visseuses-rad-torque\/"},{"@type":"ListItem","position":3,"name":"Visseuse sur Batterie B-RAD OFFSET"}]},{"@type":"WebSite","@id":"https:\/\/www.1bolting.com\/fr\/#website","url":"https:\/\/www.1bolting.com\/fr\/","name":"1st Bolting","description":"Sp\u00e9cialiste en solutions de serrage","publisher":{"@id":"https:\/\/www.1bolting.com\/fr\/#organization"},"potentialAction":[{"@type":"SearchAction","target":{"@type":"EntryPoint","urlTemplate":"https:\/\/www.1bolting.com\/fr\/?s={search_term_string}"},"query-input":{"@type":"PropertyValueSpecification","valueRequired":true,"valueName":"search_term_string"}}],"inLanguage":"fr-FR"},{"@type":"Organization","@id":"https:\/\/www.1bolting.com\/fr\/#organization","name":"First Bolting","url":"https:\/\/www.1bolting.com\/fr\/","logo":{"@type":"ImageObject","inLanguage":"fr-FR","@id":"https:\/\/www.1bolting.com\/fr\/#\/schema\/logo\/image\/","url":"https:\/\/www.1bolting.com\/wp-content\/uploads\/2020\/11\/logo-flyer.png","contentUrl":"https:\/\/www.1bolting.com\/wp-content\/uploads\/2020\/11\/logo-flyer.png","width":300,"height":180,"caption":"First Bolting"},"image":{"@id":"https:\/\/www.1bolting.com\/fr\/#\/schema\/logo\/image\/"}}]}},"_links":{"self":[{"href":"https:\/\/www.1bolting.com\/fr\/wp-json\/wp\/v2\/pages\/5874","targetHints":{"allow":["GET"]}}],"collection":[{"href":"https:\/\/www.1bolting.com\/fr\/wp-json\/wp\/v2\/pages"}],"about":[{"href":"https:\/\/www.1bolting.com\/fr\/wp-json\/wp\/v2\/types\/page"}],"author":[{"embeddable":true,"href":"https:\/\/www.1bolting.com\/fr\/wp-json\/wp\/v2\/users\/6"}],"replies":[{"embeddable":true,"href":"https:\/\/www.1bolting.com\/fr\/wp-json\/wp\/v2\/comments?post=5874"}],"version-history":[{"count":10,"href":"https:\/\/www.1bolting.com\/fr\/wp-json\/wp\/v2\/pages\/5874\/revisions"}],"predecessor-version":[{"id":6475,"href":"https:\/\/www.1bolting.com\/fr\/wp-json\/wp\/v2\/pages\/5874\/revisions\/6475"}],"up":[{"embeddable":true,"href":"https:\/\/www.1bolting.com\/fr\/wp-json\/wp\/v2\/pages\/5739"}],"wp:attachment":[{"href":"https:\/\/www.1bolting.com\/fr\/wp-json\/wp\/v2\/media?parent=5874"}],"curies":[{"name":"wp","href":"https:\/\/api.w.org\/{rel}","templated":true}]}}