{"id":5882,"date":"2022-10-07T16:14:32","date_gmt":"2022-10-07T15:14:32","guid":{"rendered":"https:\/\/www.1bolting.com\/?page_id=5882"},"modified":"2022-11-23T13:52:20","modified_gmt":"2022-11-23T12:52:20","slug":"mb-rad","status":"publish","type":"page","link":"https:\/\/www.1bolting.com\/fr\/visseuses-rad-torque\/mb-rad\/","title":{"rendered":"Visseuse sur Batterie MB-RAD"},"content":{"rendered":"<h1>Visseuse sur batterie MB-RAD<\/h1>\n<div class=\"fiche-vente-location\">\n<div class=\"fiche-vente\">Disponible \u00e0 la vente<\/div>\n<div class=\"fiche-location\">Disponible \u00e0 la location<\/div>\n<\/div>\n<h2>La visseuse MB-RAD est une cl\u00e9 dynamom\u00e9trique avanc\u00e9e, sur batterie, permettant notamment le contr\u00f4le du couple et le param\u00e9trage des limites couple + angle<\/h2>\n<h3>Un concentr\u00e9 de technologie<\/h3>\n<p>La <strong>visseuse sur batterie MB-RAD<\/strong> apporte de nombreuses innovations pour en faire un outil performant, connect\u00e9 et adapt\u00e9 \u00e0 diverses situations : enregistrement des donn\u00e9es via la connectivit\u00e9 Bluetooth, comptage des boulons, v\u00e9rification du couple, limites couple et angle, menu multilingue&#8230;<\/p>\n<h3>Pourquoi choisir MB-RAD ?<\/h3>\n<ul>\n<li>Fonctionnement <strong>sans fil<\/strong> (batterie lithium-ion)<\/li>\n<li>Moteur Brushless<\/li>\n<li>Limites couple + angle<\/li>\n<li>D\u00e9verrouillage automatique du bras de r\u00e9action<\/li>\n<li>Enregistrement des donn\u00e9es via <strong>Bluetooth<\/strong><\/li>\n<li>Contr\u00f4le du couple<\/li>\n<li>Compteur de boulons<\/li>\n<li>Contr\u00f4le de couple dans le sens inverse des aiguilles d\u2019une montre<\/li>\n<li>R\u00e9p\u00e9tabilit\u00e9 + \/ &#8211;\u00a0 3 %<\/li>\n<li>Protection par mot de passe<\/li>\n<li>Menu multilingue<\/li>\n<li>Niveau sonore de seulement 65 d\u00e9cibels<\/li>\n<\/ul>\n<h3>\u00c9l\u00e9ments fournis avec chaque visseuse<\/h3>\n<ul>\n<li>Bras de r\u00e9action avec anneau de retenue<\/li>\n<li>2 batteries lithium-ion 18V \/ 5,2Ah avec chargeur (types MB-RAD 4000 et 7000 : 1 x 5,2Ah et 1 x 8,0Ah)<\/li>\n<li>Coffret de rangement utilisable en ext\u00e9rieur<\/li>\n<li>Mode d&#8217;emploi<\/li>\n<li>Certificat d\u2019\u00e9talonnage<\/li>\n<\/ul>\n<h3>Options<\/h3>\n<ul>\n<li>Batterie plus puissante 18V \/ 8,0Ah<\/li>\n<li>Double bouton de s\u00e9curit\u00e9 : oblige l&rsquo;utilisateur \u00e0 appuyer sur deux boutons pour commencer les op\u00e9rations<\/li>\n<li>Pr\u00e9vention des chutes<\/li>\n<\/ul>\n","protected":false},"excerpt":{"rendered":"<p>Visseuse sur batterie MB-RAD Disponible \u00e0 la vente Disponible \u00e0 la location La visseuse MB-RAD est une cl\u00e9 dynamom\u00e9trique avanc\u00e9e, sur batterie, permettant notamment le contr\u00f4le du couple et le param\u00e9trage des limites couple + angle Un concentr\u00e9 de technologie La visseuse sur batterie MB-RAD apporte de nombreuses innovations pour en faire un outil performant, &hellip; <a href=\"https:\/\/www.1bolting.com\/fr\/visseuses-rad-torque\/mb-rad\/\">Continued<\/a><\/p>\n","protected":false},"author":6,"featured_media":0,"parent":5739,"menu_order":0,"comment_status":"closed","ping_status":"closed","template":"sub-nav-page-produit.php","meta":{"_acf_changed":false,"footnotes":""},"class_list":["post-5882","page","type-page","status-publish","hentry"],"acf":[],"yoast_head":"<!-- This site is optimized with the Yoast SEO plugin v27.4 - https:\/\/yoast.com\/product\/yoast-seo-wordpress\/ -->\n<title>Visseuse sur Batterie MB-RAD - Vente &amp; Location - 1st Bolting<\/title>\n<meta name=\"description\" content=\"Achetez \/ louez la visseuse sur batterie MB-RAD, un concentr\u00e9 d&#039;innovations pour un parfait contr\u00f4le du couple, la tra\u00e7abilit\u00e9 des op\u00e9rations...\" \/>\n<meta name=\"robots\" content=\"index, follow, max-snippet:-1, max-image-preview:large, max-video-preview:-1\" \/>\n<link rel=\"canonical\" href=\"https:\/\/www.1bolting.com\/fr\/visseuses-rad-torque\/mb-rad\/\" \/>\n<meta property=\"og:locale\" content=\"fr_FR\" \/>\n<meta property=\"og:type\" content=\"article\" \/>\n<meta property=\"og:title\" content=\"Visseuse sur Batterie MB-RAD - Vente &amp; Location - 1st Bolting\" \/>\n<meta property=\"og:description\" content=\"Achetez \/ louez la visseuse sur batterie MB-RAD, un concentr\u00e9 d&#039;innovations pour un parfait contr\u00f4le du couple, la tra\u00e7abilit\u00e9 des op\u00e9rations...\" \/>\n<meta property=\"og:url\" content=\"https:\/\/www.1bolting.com\/fr\/visseuses-rad-torque\/mb-rad\/\" \/>\n<meta property=\"og:site_name\" content=\"1st Bolting\" \/>\n<meta property=\"article:modified_time\" content=\"2022-11-23T12:52:20+00:00\" \/>\n<meta name=\"twitter:card\" content=\"summary_large_image\" \/>\n<meta name=\"twitter:label1\" content=\"Dur\u00e9e de lecture estim\u00e9e\" \/>\n\t<meta name=\"twitter:data1\" content=\"2 minutes\" \/>\n<script type=\"application\/ld+json\" class=\"yoast-schema-graph\">{\"@context\":\"https:\\\/\\\/schema.org\",\"@graph\":[{\"@type\":\"WebPage\",\"@id\":\"https:\\\/\\\/www.1bolting.com\\\/fr\\\/visseuses-rad-torque\\\/mb-rad\\\/\",\"url\":\"https:\\\/\\\/www.1bolting.com\\\/fr\\\/visseuses-rad-torque\\\/mb-rad\\\/\",\"name\":\"Visseuse sur Batterie MB-RAD - Vente & Location - 1st Bolting\",\"isPartOf\":{\"@id\":\"https:\\\/\\\/www.1bolting.com\\\/fr\\\/#website\"},\"datePublished\":\"2022-10-07T15:14:32+00:00\",\"dateModified\":\"2022-11-23T12:52:20+00:00\",\"description\":\"Achetez \\\/ louez la visseuse sur batterie MB-RAD, un concentr\u00e9 d'innovations pour un parfait contr\u00f4le du couple, la tra\u00e7abilit\u00e9 des op\u00e9rations...\",\"breadcrumb\":{\"@id\":\"https:\\\/\\\/www.1bolting.com\\\/fr\\\/visseuses-rad-torque\\\/mb-rad\\\/#breadcrumb\"},\"inLanguage\":\"fr-FR\",\"potentialAction\":[{\"@type\":\"ReadAction\",\"target\":[\"https:\\\/\\\/www.1bolting.com\\\/fr\\\/visseuses-rad-torque\\\/mb-rad\\\/\"]}]},{\"@type\":\"BreadcrumbList\",\"@id\":\"https:\\\/\\\/www.1bolting.com\\\/fr\\\/visseuses-rad-torque\\\/mb-rad\\\/#breadcrumb\",\"itemListElement\":[{\"@type\":\"ListItem\",\"position\":1,\"name\":\"Accueil\",\"item\":\"https:\\\/\\\/www.1bolting.com\\\/fr\\\/\"},{\"@type\":\"ListItem\",\"position\":2,\"name\":\"Visseuses Rad Torque\",\"item\":\"https:\\\/\\\/www.1bolting.com\\\/fr\\\/visseuses-rad-torque\\\/\"},{\"@type\":\"ListItem\",\"position\":3,\"name\":\"Visseuse sur Batterie MB-RAD\"}]},{\"@type\":\"WebSite\",\"@id\":\"https:\\\/\\\/www.1bolting.com\\\/fr\\\/#website\",\"url\":\"https:\\\/\\\/www.1bolting.com\\\/fr\\\/\",\"name\":\"1st Bolting\",\"description\":\"Sp\u00e9cialiste en solutions de serrage\",\"publisher\":{\"@id\":\"https:\\\/\\\/www.1bolting.com\\\/fr\\\/#organization\"},\"potentialAction\":[{\"@type\":\"SearchAction\",\"target\":{\"@type\":\"EntryPoint\",\"urlTemplate\":\"https:\\\/\\\/www.1bolting.com\\\/fr\\\/?s={search_term_string}\"},\"query-input\":{\"@type\":\"PropertyValueSpecification\",\"valueRequired\":true,\"valueName\":\"search_term_string\"}}],\"inLanguage\":\"fr-FR\"},{\"@type\":\"Organization\",\"@id\":\"https:\\\/\\\/www.1bolting.com\\\/fr\\\/#organization\",\"name\":\"First Bolting\",\"url\":\"https:\\\/\\\/www.1bolting.com\\\/fr\\\/\",\"logo\":{\"@type\":\"ImageObject\",\"inLanguage\":\"fr-FR\",\"@id\":\"https:\\\/\\\/www.1bolting.com\\\/fr\\\/#\\\/schema\\\/logo\\\/image\\\/\",\"url\":\"https:\\\/\\\/www.1bolting.com\\\/wp-content\\\/uploads\\\/2020\\\/11\\\/logo-flyer.png\",\"contentUrl\":\"https:\\\/\\\/www.1bolting.com\\\/wp-content\\\/uploads\\\/2020\\\/11\\\/logo-flyer.png\",\"width\":300,\"height\":180,\"caption\":\"First Bolting\"},\"image\":{\"@id\":\"https:\\\/\\\/www.1bolting.com\\\/fr\\\/#\\\/schema\\\/logo\\\/image\\\/\"}}]}<\/script>\n<!-- \/ Yoast SEO plugin. -->","yoast_head_json":{"title":"Visseuse sur Batterie MB-RAD - Vente & Location - 1st Bolting","description":"Achetez \/ louez la visseuse sur batterie MB-RAD, un concentr\u00e9 d'innovations pour un parfait contr\u00f4le du couple, la tra\u00e7abilit\u00e9 des op\u00e9rations...","robots":{"index":"index","follow":"follow","max-snippet":"max-snippet:-1","max-image-preview":"max-image-preview:large","max-video-preview":"max-video-preview:-1"},"canonical":"https:\/\/www.1bolting.com\/fr\/visseuses-rad-torque\/mb-rad\/","og_locale":"fr_FR","og_type":"article","og_title":"Visseuse sur Batterie MB-RAD - Vente & Location - 1st Bolting","og_description":"Achetez \/ louez la visseuse sur batterie MB-RAD, un concentr\u00e9 d'innovations pour un parfait contr\u00f4le du couple, la tra\u00e7abilit\u00e9 des op\u00e9rations...","og_url":"https:\/\/www.1bolting.com\/fr\/visseuses-rad-torque\/mb-rad\/","og_site_name":"1st Bolting","article_modified_time":"2022-11-23T12:52:20+00:00","twitter_card":"summary_large_image","twitter_misc":{"Dur\u00e9e de lecture estim\u00e9e":"2 minutes"},"schema":{"@context":"https:\/\/schema.org","@graph":[{"@type":"WebPage","@id":"https:\/\/www.1bolting.com\/fr\/visseuses-rad-torque\/mb-rad\/","url":"https:\/\/www.1bolting.com\/fr\/visseuses-rad-torque\/mb-rad\/","name":"Visseuse sur Batterie MB-RAD - Vente & Location - 1st Bolting","isPartOf":{"@id":"https:\/\/www.1bolting.com\/fr\/#website"},"datePublished":"2022-10-07T15:14:32+00:00","dateModified":"2022-11-23T12:52:20+00:00","description":"Achetez \/ louez la visseuse sur batterie MB-RAD, un concentr\u00e9 d'innovations pour un parfait contr\u00f4le du couple, la tra\u00e7abilit\u00e9 des op\u00e9rations...","breadcrumb":{"@id":"https:\/\/www.1bolting.com\/fr\/visseuses-rad-torque\/mb-rad\/#breadcrumb"},"inLanguage":"fr-FR","potentialAction":[{"@type":"ReadAction","target":["https:\/\/www.1bolting.com\/fr\/visseuses-rad-torque\/mb-rad\/"]}]},{"@type":"BreadcrumbList","@id":"https:\/\/www.1bolting.com\/fr\/visseuses-rad-torque\/mb-rad\/#breadcrumb","itemListElement":[{"@type":"ListItem","position":1,"name":"Accueil","item":"https:\/\/www.1bolting.com\/fr\/"},{"@type":"ListItem","position":2,"name":"Visseuses Rad Torque","item":"https:\/\/www.1bolting.com\/fr\/visseuses-rad-torque\/"},{"@type":"ListItem","position":3,"name":"Visseuse sur Batterie MB-RAD"}]},{"@type":"WebSite","@id":"https:\/\/www.1bolting.com\/fr\/#website","url":"https:\/\/www.1bolting.com\/fr\/","name":"1st Bolting","description":"Sp\u00e9cialiste en solutions de serrage","publisher":{"@id":"https:\/\/www.1bolting.com\/fr\/#organization"},"potentialAction":[{"@type":"SearchAction","target":{"@type":"EntryPoint","urlTemplate":"https:\/\/www.1bolting.com\/fr\/?s={search_term_string}"},"query-input":{"@type":"PropertyValueSpecification","valueRequired":true,"valueName":"search_term_string"}}],"inLanguage":"fr-FR"},{"@type":"Organization","@id":"https:\/\/www.1bolting.com\/fr\/#organization","name":"First Bolting","url":"https:\/\/www.1bolting.com\/fr\/","logo":{"@type":"ImageObject","inLanguage":"fr-FR","@id":"https:\/\/www.1bolting.com\/fr\/#\/schema\/logo\/image\/","url":"https:\/\/www.1bolting.com\/wp-content\/uploads\/2020\/11\/logo-flyer.png","contentUrl":"https:\/\/www.1bolting.com\/wp-content\/uploads\/2020\/11\/logo-flyer.png","width":300,"height":180,"caption":"First Bolting"},"image":{"@id":"https:\/\/www.1bolting.com\/fr\/#\/schema\/logo\/image\/"}}]}},"_links":{"self":[{"href":"https:\/\/www.1bolting.com\/fr\/wp-json\/wp\/v2\/pages\/5882","targetHints":{"allow":["GET"]}}],"collection":[{"href":"https:\/\/www.1bolting.com\/fr\/wp-json\/wp\/v2\/pages"}],"about":[{"href":"https:\/\/www.1bolting.com\/fr\/wp-json\/wp\/v2\/types\/page"}],"author":[{"embeddable":true,"href":"https:\/\/www.1bolting.com\/fr\/wp-json\/wp\/v2\/users\/6"}],"replies":[{"embeddable":true,"href":"https:\/\/www.1bolting.com\/fr\/wp-json\/wp\/v2\/comments?post=5882"}],"version-history":[{"count":13,"href":"https:\/\/www.1bolting.com\/fr\/wp-json\/wp\/v2\/pages\/5882\/revisions"}],"predecessor-version":[{"id":6478,"href":"https:\/\/www.1bolting.com\/fr\/wp-json\/wp\/v2\/pages\/5882\/revisions\/6478"}],"up":[{"embeddable":true,"href":"https:\/\/www.1bolting.com\/fr\/wp-json\/wp\/v2\/pages\/5739"}],"wp:attachment":[{"href":"https:\/\/www.1bolting.com\/fr\/wp-json\/wp\/v2\/media?parent=5882"}],"curies":[{"name":"wp","href":"https:\/\/api.w.org\/{rel}","templated":true}]}}