{"id":5907,"date":"2022-10-10T14:11:52","date_gmt":"2022-10-10T13:11:52","guid":{"rendered":"https:\/\/www.1bolting.com\/?page_id=5907"},"modified":"2022-11-23T13:51:45","modified_gmt":"2022-11-23T12:51:45","slug":"b-rad-s","status":"publish","type":"page","link":"https:\/\/www.1bolting.com\/fr\/visseuses-rad-torque\/b-rad-s\/","title":{"rendered":"Visseuse sur Batterie B-RAD-S"},"content":{"rendered":"<h1>Visseuse sur batterie B-RAD-S<\/h1>\n<div class=\"fiche-vente-location\">\n<div class=\"fiche-vente\">Disponible \u00e0 la vente<\/div>\n<div class=\"fiche-location\">Disponible \u00e0 la location<\/div>\n<\/div>\n<h2>La visseuse B-RAD-S de RAD Torque est \u00e9quip\u00e9e d&rsquo;un transducteur de couple, permettant un serrage ultra-pr\u00e9cis du boulon<\/h2>\n<h3>Contr\u00f4l\u00e9e par transducteur<\/h3>\n<p>Cette visseuse dynamom\u00e9trique sur batterie se distingue de la gamme RAD Torque par son <strong>transducteur int\u00e9gr\u00e9<\/strong>, permettant un ajustement contr\u00f4l\u00e9 permanent de la puissance, et un arr\u00eat de l&rsquo;op\u00e9ration avec pr\u00e9cision, peu importe les conditions de serrage (modification de la friction, de la temp\u00e9rature, de la duret\u00e9 des joints&#8230;).<\/p>\n<p>La cl\u00e9 dynamom\u00e9trique mesure le couple appliqu\u00e9 sur le boulon directement, et non pas le couple d&rsquo;entr\u00e9e de la bo\u00eete de vitesse. Ainsi, vous avez la certitude que les param\u00e8tres choisis pour le serrage sont parfaitement respect\u00e9s (selon les standards VDI\/VDE 2862-2).<\/p>\n<h3>Pourquoi choisir B-RAD-S ?<\/h3>\n<ul>\n<li>Transducteur int\u00e9gr\u00e9 pour des op\u00e9rations parfaitement ma\u00eetris\u00e9es<\/li>\n<li>Fonctionnement <strong>sans fil<\/strong> (batterie lithium-ion)<\/li>\n<li>Moteur Brushless<\/li>\n<li>Contr\u00f4le du couple et de l&rsquo;angle de la jauge de contrainte<\/li>\n<li>Contr\u00f4le du serrage<\/li>\n<li>Serrage possible dans les sens inverses<\/li>\n<li>D\u00e9verrouillage automatique du bras de r\u00e9action<\/li>\n<li>Protection par mot de passe<\/li>\n<li>Serrage \u00e0 l&rsquo;angle<\/li>\n<li>Menu multilingue<\/li>\n<li>Compteur intelligent pour maintenance<\/li>\n<\/ul>\n<h3>\u00c9l\u00e9ments fournis avec chaque visseuse<\/h3>\n<ul>\n<li>Bras de r\u00e9action avec anneau de retenue<\/li>\n<li>2 batteries lithium-ion 18V \/ 5,2Ah avec chargeur (types B-RAD 4000-S &amp; 7000-S : 1 x 5,2Ah et 1 x 8,0Ah)<\/li>\n<li>Coffret de rangement utilisable en ext\u00e9rieur<\/li>\n<li>Mode d&#8217;emploi<\/li>\n<li>Certificat d\u2019\u00e9talonnage<\/li>\n<\/ul>\n<h3>Options<\/h3>\n<ul>\n<li>Batterie plus puissante 18V \/ 8,0Ah<\/li>\n<li>Double bouton de s\u00e9curit\u00e9 : oblige l&rsquo;utilisateur \u00e0 appuyer sur deux boutons pour commencer les op\u00e9rations<\/li>\n<li>Pr\u00e9vention des chutes<\/li>\n<\/ul>\n","protected":false},"excerpt":{"rendered":"<p>Visseuse sur batterie B-RAD-S Disponible \u00e0 la vente Disponible \u00e0 la location La visseuse B-RAD-S de RAD Torque est \u00e9quip\u00e9e d&rsquo;un transducteur de couple, permettant un serrage ultra-pr\u00e9cis du boulon Contr\u00f4l\u00e9e par transducteur Cette visseuse dynamom\u00e9trique sur batterie se distingue de la gamme RAD Torque par son transducteur int\u00e9gr\u00e9, permettant un ajustement contr\u00f4l\u00e9 permanent de &hellip; <a href=\"https:\/\/www.1bolting.com\/fr\/visseuses-rad-torque\/b-rad-s\/\">Continued<\/a><\/p>\n","protected":false},"author":6,"featured_media":0,"parent":5739,"menu_order":0,"comment_status":"closed","ping_status":"closed","template":"sub-nav-page-produit.php","meta":{"_acf_changed":false,"footnotes":""},"class_list":["post-5907","page","type-page","status-publish","hentry"],"acf":[],"yoast_head":"<!-- This site is optimized with the Yoast SEO plugin v27.4 - https:\/\/yoast.com\/product\/yoast-seo-wordpress\/ -->\n<title>Visseuse sur Batterie B-RAD-S - Vente &amp; Location - 1st Bolting<\/title>\n<meta name=\"description\" content=\"Achetez ou louez la visseuse B-RAD-S de RAD Torque. \u00c9quip\u00e9e d&#039;un transducteur, pour un contr\u00f4le et un ajustement permanent des op\u00e9rations de serrage.\" \/>\n<meta name=\"robots\" content=\"index, follow, max-snippet:-1, max-image-preview:large, max-video-preview:-1\" \/>\n<link rel=\"canonical\" href=\"https:\/\/www.1bolting.com\/fr\/visseuses-rad-torque\/b-rad-s\/\" \/>\n<meta property=\"og:locale\" content=\"fr_FR\" \/>\n<meta property=\"og:type\" content=\"article\" \/>\n<meta property=\"og:title\" content=\"Visseuse sur Batterie B-RAD-S - Vente &amp; Location - 1st Bolting\" \/>\n<meta property=\"og:description\" content=\"Achetez ou louez la visseuse B-RAD-S de RAD Torque. \u00c9quip\u00e9e d&#039;un transducteur, pour un contr\u00f4le et un ajustement permanent des op\u00e9rations de serrage.\" \/>\n<meta property=\"og:url\" content=\"https:\/\/www.1bolting.com\/fr\/visseuses-rad-torque\/b-rad-s\/\" \/>\n<meta property=\"og:site_name\" content=\"1st Bolting\" \/>\n<meta property=\"article:modified_time\" content=\"2022-11-23T12:51:45+00:00\" \/>\n<meta name=\"twitter:card\" content=\"summary_large_image\" \/>\n<meta name=\"twitter:label1\" content=\"Dur\u00e9e de lecture estim\u00e9e\" \/>\n\t<meta name=\"twitter:data1\" content=\"2 minutes\" \/>\n<script type=\"application\/ld+json\" class=\"yoast-schema-graph\">{\"@context\":\"https:\\\/\\\/schema.org\",\"@graph\":[{\"@type\":\"WebPage\",\"@id\":\"https:\\\/\\\/www.1bolting.com\\\/fr\\\/visseuses-rad-torque\\\/b-rad-s\\\/\",\"url\":\"https:\\\/\\\/www.1bolting.com\\\/fr\\\/visseuses-rad-torque\\\/b-rad-s\\\/\",\"name\":\"Visseuse sur Batterie B-RAD-S - Vente & Location - 1st Bolting\",\"isPartOf\":{\"@id\":\"https:\\\/\\\/www.1bolting.com\\\/fr\\\/#website\"},\"datePublished\":\"2022-10-10T13:11:52+00:00\",\"dateModified\":\"2022-11-23T12:51:45+00:00\",\"description\":\"Achetez ou louez la visseuse B-RAD-S de RAD Torque. \u00c9quip\u00e9e d'un transducteur, pour un contr\u00f4le et un ajustement permanent des op\u00e9rations de serrage.\",\"breadcrumb\":{\"@id\":\"https:\\\/\\\/www.1bolting.com\\\/fr\\\/visseuses-rad-torque\\\/b-rad-s\\\/#breadcrumb\"},\"inLanguage\":\"fr-FR\",\"potentialAction\":[{\"@type\":\"ReadAction\",\"target\":[\"https:\\\/\\\/www.1bolting.com\\\/fr\\\/visseuses-rad-torque\\\/b-rad-s\\\/\"]}]},{\"@type\":\"BreadcrumbList\",\"@id\":\"https:\\\/\\\/www.1bolting.com\\\/fr\\\/visseuses-rad-torque\\\/b-rad-s\\\/#breadcrumb\",\"itemListElement\":[{\"@type\":\"ListItem\",\"position\":1,\"name\":\"Accueil\",\"item\":\"https:\\\/\\\/www.1bolting.com\\\/fr\\\/\"},{\"@type\":\"ListItem\",\"position\":2,\"name\":\"Visseuses Rad Torque\",\"item\":\"https:\\\/\\\/www.1bolting.com\\\/fr\\\/visseuses-rad-torque\\\/\"},{\"@type\":\"ListItem\",\"position\":3,\"name\":\"Visseuse sur Batterie B-RAD-S\"}]},{\"@type\":\"WebSite\",\"@id\":\"https:\\\/\\\/www.1bolting.com\\\/fr\\\/#website\",\"url\":\"https:\\\/\\\/www.1bolting.com\\\/fr\\\/\",\"name\":\"1st Bolting\",\"description\":\"Sp\u00e9cialiste en solutions de serrage\",\"publisher\":{\"@id\":\"https:\\\/\\\/www.1bolting.com\\\/fr\\\/#organization\"},\"potentialAction\":[{\"@type\":\"SearchAction\",\"target\":{\"@type\":\"EntryPoint\",\"urlTemplate\":\"https:\\\/\\\/www.1bolting.com\\\/fr\\\/?s={search_term_string}\"},\"query-input\":{\"@type\":\"PropertyValueSpecification\",\"valueRequired\":true,\"valueName\":\"search_term_string\"}}],\"inLanguage\":\"fr-FR\"},{\"@type\":\"Organization\",\"@id\":\"https:\\\/\\\/www.1bolting.com\\\/fr\\\/#organization\",\"name\":\"First Bolting\",\"url\":\"https:\\\/\\\/www.1bolting.com\\\/fr\\\/\",\"logo\":{\"@type\":\"ImageObject\",\"inLanguage\":\"fr-FR\",\"@id\":\"https:\\\/\\\/www.1bolting.com\\\/fr\\\/#\\\/schema\\\/logo\\\/image\\\/\",\"url\":\"https:\\\/\\\/www.1bolting.com\\\/wp-content\\\/uploads\\\/2020\\\/11\\\/logo-flyer.png\",\"contentUrl\":\"https:\\\/\\\/www.1bolting.com\\\/wp-content\\\/uploads\\\/2020\\\/11\\\/logo-flyer.png\",\"width\":300,\"height\":180,\"caption\":\"First Bolting\"},\"image\":{\"@id\":\"https:\\\/\\\/www.1bolting.com\\\/fr\\\/#\\\/schema\\\/logo\\\/image\\\/\"}}]}<\/script>\n<!-- \/ Yoast SEO plugin. -->","yoast_head_json":{"title":"Visseuse sur Batterie B-RAD-S - Vente & Location - 1st Bolting","description":"Achetez ou louez la visseuse B-RAD-S de RAD Torque. \u00c9quip\u00e9e d'un transducteur, pour un contr\u00f4le et un ajustement permanent des op\u00e9rations de serrage.","robots":{"index":"index","follow":"follow","max-snippet":"max-snippet:-1","max-image-preview":"max-image-preview:large","max-video-preview":"max-video-preview:-1"},"canonical":"https:\/\/www.1bolting.com\/fr\/visseuses-rad-torque\/b-rad-s\/","og_locale":"fr_FR","og_type":"article","og_title":"Visseuse sur Batterie B-RAD-S - Vente & Location - 1st Bolting","og_description":"Achetez ou louez la visseuse B-RAD-S de RAD Torque. \u00c9quip\u00e9e d'un transducteur, pour un contr\u00f4le et un ajustement permanent des op\u00e9rations de serrage.","og_url":"https:\/\/www.1bolting.com\/fr\/visseuses-rad-torque\/b-rad-s\/","og_site_name":"1st Bolting","article_modified_time":"2022-11-23T12:51:45+00:00","twitter_card":"summary_large_image","twitter_misc":{"Dur\u00e9e de lecture estim\u00e9e":"2 minutes"},"schema":{"@context":"https:\/\/schema.org","@graph":[{"@type":"WebPage","@id":"https:\/\/www.1bolting.com\/fr\/visseuses-rad-torque\/b-rad-s\/","url":"https:\/\/www.1bolting.com\/fr\/visseuses-rad-torque\/b-rad-s\/","name":"Visseuse sur Batterie B-RAD-S - Vente & Location - 1st Bolting","isPartOf":{"@id":"https:\/\/www.1bolting.com\/fr\/#website"},"datePublished":"2022-10-10T13:11:52+00:00","dateModified":"2022-11-23T12:51:45+00:00","description":"Achetez ou louez la visseuse B-RAD-S de RAD Torque. \u00c9quip\u00e9e d'un transducteur, pour un contr\u00f4le et un ajustement permanent des op\u00e9rations de serrage.","breadcrumb":{"@id":"https:\/\/www.1bolting.com\/fr\/visseuses-rad-torque\/b-rad-s\/#breadcrumb"},"inLanguage":"fr-FR","potentialAction":[{"@type":"ReadAction","target":["https:\/\/www.1bolting.com\/fr\/visseuses-rad-torque\/b-rad-s\/"]}]},{"@type":"BreadcrumbList","@id":"https:\/\/www.1bolting.com\/fr\/visseuses-rad-torque\/b-rad-s\/#breadcrumb","itemListElement":[{"@type":"ListItem","position":1,"name":"Accueil","item":"https:\/\/www.1bolting.com\/fr\/"},{"@type":"ListItem","position":2,"name":"Visseuses Rad Torque","item":"https:\/\/www.1bolting.com\/fr\/visseuses-rad-torque\/"},{"@type":"ListItem","position":3,"name":"Visseuse sur Batterie B-RAD-S"}]},{"@type":"WebSite","@id":"https:\/\/www.1bolting.com\/fr\/#website","url":"https:\/\/www.1bolting.com\/fr\/","name":"1st Bolting","description":"Sp\u00e9cialiste en solutions de serrage","publisher":{"@id":"https:\/\/www.1bolting.com\/fr\/#organization"},"potentialAction":[{"@type":"SearchAction","target":{"@type":"EntryPoint","urlTemplate":"https:\/\/www.1bolting.com\/fr\/?s={search_term_string}"},"query-input":{"@type":"PropertyValueSpecification","valueRequired":true,"valueName":"search_term_string"}}],"inLanguage":"fr-FR"},{"@type":"Organization","@id":"https:\/\/www.1bolting.com\/fr\/#organization","name":"First Bolting","url":"https:\/\/www.1bolting.com\/fr\/","logo":{"@type":"ImageObject","inLanguage":"fr-FR","@id":"https:\/\/www.1bolting.com\/fr\/#\/schema\/logo\/image\/","url":"https:\/\/www.1bolting.com\/wp-content\/uploads\/2020\/11\/logo-flyer.png","contentUrl":"https:\/\/www.1bolting.com\/wp-content\/uploads\/2020\/11\/logo-flyer.png","width":300,"height":180,"caption":"First Bolting"},"image":{"@id":"https:\/\/www.1bolting.com\/fr\/#\/schema\/logo\/image\/"}}]}},"_links":{"self":[{"href":"https:\/\/www.1bolting.com\/fr\/wp-json\/wp\/v2\/pages\/5907","targetHints":{"allow":["GET"]}}],"collection":[{"href":"https:\/\/www.1bolting.com\/fr\/wp-json\/wp\/v2\/pages"}],"about":[{"href":"https:\/\/www.1bolting.com\/fr\/wp-json\/wp\/v2\/types\/page"}],"author":[{"embeddable":true,"href":"https:\/\/www.1bolting.com\/fr\/wp-json\/wp\/v2\/users\/6"}],"replies":[{"embeddable":true,"href":"https:\/\/www.1bolting.com\/fr\/wp-json\/wp\/v2\/comments?post=5907"}],"version-history":[{"count":9,"href":"https:\/\/www.1bolting.com\/fr\/wp-json\/wp\/v2\/pages\/5907\/revisions"}],"predecessor-version":[{"id":6477,"href":"https:\/\/www.1bolting.com\/fr\/wp-json\/wp\/v2\/pages\/5907\/revisions\/6477"}],"up":[{"embeddable":true,"href":"https:\/\/www.1bolting.com\/fr\/wp-json\/wp\/v2\/pages\/5739"}],"wp:attachment":[{"href":"https:\/\/www.1bolting.com\/fr\/wp-json\/wp\/v2\/media?parent=5907"}],"curies":[{"name":"wp","href":"https:\/\/api.w.org\/{rel}","templated":true}]}}