{"id":5920,"date":"2022-10-10T14:36:37","date_gmt":"2022-10-10T13:36:37","guid":{"rendered":"https:\/\/www.1bolting.com\/?page_id=5920"},"modified":"2022-11-23T13:50:22","modified_gmt":"2022-11-23T12:50:22","slug":"b-rad-ext-r","status":"publish","type":"page","link":"https:\/\/www.1bolting.com\/fr\/visseuses-rad-torque\/b-rad-ext-r\/","title":{"rendered":"Visseuse sur Batterie B-RAD EXT-R"},"content":{"rendered":"<h1>Visseuse sur batterie B-RAD EXT-R<\/h1>\n<div class=\"fiche-vente-location\">\n<div class=\"fiche-vente\">Disponible \u00e0 la vente<\/div>\n<div class=\"fiche-location\">Disponible \u00e0 la location<\/div>\n<\/div>\n<h2>B-RAD EXT-R est une d\u00e9clinaison de la c\u00e9l\u00e8bre visseuse dynamom\u00e9trique B-RAD SELECT, dans une version d\u00e9di\u00e9e aux op\u00e9rations au plafond ou au sol<\/h2>\n<h3>Pens\u00e9e pour les op\u00e9rations physiquement contraignantes<\/h3>\n<p>La cl\u00e9 dynamom\u00e9trique <strong>B-RAD EXT-R<\/strong> se distingue par sa longue port\u00e9e, permettant de r\u00e9aliser plus facilement des op\u00e9rations au plafond ou au sol, telles que la fixation de rails.<\/p>\n<p>Cette particularit\u00e9 permet de travailler dans de meilleures conditions : plus de risque de pincement de doigts, plus de dos courb\u00e9, plus de travaux \u00e0 genoux.<\/p>\n<p>La fatigue des bras est \u00e9galement soulag\u00e9e gr\u00e2ce \u00e0 un poids l\u00e9ger et \u00e0 la pr\u00e9sence d&rsquo;une seconde poign\u00e9e.<\/p>\n<h3>Pourquoi choisir B-RAD EXT-R ?<\/h3>\n<ul>\n<li><strong>Adapt\u00e9e aux travaux au sol ou au-dessus de la t\u00eate<\/strong><\/li>\n<li>Deux poign\u00e9es<\/li>\n<li>Fonctionne sur batterie (2 fournies)<\/li>\n<li>Moteur brushless<\/li>\n<li>Existe avec train d\u2019engrenages simple vitesse ou automatique \u00e0 2 vitesses<\/li>\n<li>Lib\u00e9ration automatique du bras<\/li>\n<\/ul>\n<h3>\u00c9l\u00e9ments fournis avec chaque visseuse<\/h3>\n<ul>\n<li>Bras de r\u00e9action appropri\u00e9 avec anneau de retenue<\/li>\n<li>2 batteries lithium-ion 18V \/ 5,2Ah avec chargeur<\/li>\n<li>Coffret de rangement \u00e9tanche<\/li>\n<li>Mode d&#8217;emploi<\/li>\n<li>Certificat d\u2019\u00e9talonnage<\/li>\n<\/ul>\n<h3>Option<\/h3>\n<ul>\n<li>Batterie plus puissante lithium-ion 18V \/ 8,0Ah (voir photo)<\/li>\n<\/ul>\n","protected":false},"excerpt":{"rendered":"<p>Visseuse sur batterie B-RAD EXT-R Disponible \u00e0 la vente Disponible \u00e0 la location B-RAD EXT-R est une d\u00e9clinaison de la c\u00e9l\u00e8bre visseuse dynamom\u00e9trique B-RAD SELECT, dans une version d\u00e9di\u00e9e aux op\u00e9rations au plafond ou au sol Pens\u00e9e pour les op\u00e9rations physiquement contraignantes La cl\u00e9 dynamom\u00e9trique B-RAD EXT-R se distingue par sa longue port\u00e9e, permettant de &hellip; <a href=\"https:\/\/www.1bolting.com\/fr\/visseuses-rad-torque\/b-rad-ext-r\/\">Continued<\/a><\/p>\n","protected":false},"author":6,"featured_media":0,"parent":5739,"menu_order":0,"comment_status":"closed","ping_status":"closed","template":"sub-nav-page-produit.php","meta":{"_acf_changed":false,"footnotes":""},"class_list":["post-5920","page","type-page","status-publish","hentry"],"acf":[],"yoast_head":"<!-- This site is optimized with the Yoast SEO plugin v27.4 - https:\/\/yoast.com\/product\/yoast-seo-wordpress\/ -->\n<title>Visseuse sur Batterie B-RAD EXT-R - Vente &amp; Location - 1st Bolting<\/title>\n<meta name=\"description\" content=\"Louez ou achetez la visseuse sur batterie B-RAD EXT-R de RAD Torque, pour des op\u00e9rations au sol ou au plafond gr\u00e2ce \u00e0 la longue port\u00e9e.\" \/>\n<meta name=\"robots\" content=\"index, follow, max-snippet:-1, max-image-preview:large, max-video-preview:-1\" \/>\n<link rel=\"canonical\" href=\"https:\/\/www.1bolting.com\/fr\/visseuses-rad-torque\/b-rad-ext-r\/\" \/>\n<meta property=\"og:locale\" content=\"fr_FR\" \/>\n<meta property=\"og:type\" content=\"article\" \/>\n<meta property=\"og:title\" content=\"Visseuse sur Batterie B-RAD EXT-R - Vente &amp; Location - 1st Bolting\" \/>\n<meta property=\"og:description\" content=\"Louez ou achetez la visseuse sur batterie B-RAD EXT-R de RAD Torque, pour des op\u00e9rations au sol ou au plafond gr\u00e2ce \u00e0 la longue port\u00e9e.\" \/>\n<meta property=\"og:url\" content=\"https:\/\/www.1bolting.com\/fr\/visseuses-rad-torque\/b-rad-ext-r\/\" \/>\n<meta property=\"og:site_name\" content=\"1st Bolting\" \/>\n<meta property=\"article:modified_time\" content=\"2022-11-23T12:50:22+00:00\" \/>\n<meta name=\"twitter:card\" content=\"summary_large_image\" \/>\n<meta name=\"twitter:label1\" content=\"Dur\u00e9e de lecture estim\u00e9e\" \/>\n\t<meta name=\"twitter:data1\" content=\"1 minute\" \/>\n<script type=\"application\/ld+json\" class=\"yoast-schema-graph\">{\"@context\":\"https:\\\/\\\/schema.org\",\"@graph\":[{\"@type\":\"WebPage\",\"@id\":\"https:\\\/\\\/www.1bolting.com\\\/fr\\\/visseuses-rad-torque\\\/b-rad-ext-r\\\/\",\"url\":\"https:\\\/\\\/www.1bolting.com\\\/fr\\\/visseuses-rad-torque\\\/b-rad-ext-r\\\/\",\"name\":\"Visseuse sur Batterie B-RAD EXT-R - Vente & Location - 1st Bolting\",\"isPartOf\":{\"@id\":\"https:\\\/\\\/www.1bolting.com\\\/fr\\\/#website\"},\"datePublished\":\"2022-10-10T13:36:37+00:00\",\"dateModified\":\"2022-11-23T12:50:22+00:00\",\"description\":\"Louez ou achetez la visseuse sur batterie B-RAD EXT-R de RAD Torque, pour des op\u00e9rations au sol ou au plafond gr\u00e2ce \u00e0 la longue port\u00e9e.\",\"breadcrumb\":{\"@id\":\"https:\\\/\\\/www.1bolting.com\\\/fr\\\/visseuses-rad-torque\\\/b-rad-ext-r\\\/#breadcrumb\"},\"inLanguage\":\"fr-FR\",\"potentialAction\":[{\"@type\":\"ReadAction\",\"target\":[\"https:\\\/\\\/www.1bolting.com\\\/fr\\\/visseuses-rad-torque\\\/b-rad-ext-r\\\/\"]}]},{\"@type\":\"BreadcrumbList\",\"@id\":\"https:\\\/\\\/www.1bolting.com\\\/fr\\\/visseuses-rad-torque\\\/b-rad-ext-r\\\/#breadcrumb\",\"itemListElement\":[{\"@type\":\"ListItem\",\"position\":1,\"name\":\"Accueil\",\"item\":\"https:\\\/\\\/www.1bolting.com\\\/fr\\\/\"},{\"@type\":\"ListItem\",\"position\":2,\"name\":\"Visseuses Rad Torque\",\"item\":\"https:\\\/\\\/www.1bolting.com\\\/fr\\\/visseuses-rad-torque\\\/\"},{\"@type\":\"ListItem\",\"position\":3,\"name\":\"Visseuse sur Batterie B-RAD EXT-R\"}]},{\"@type\":\"WebSite\",\"@id\":\"https:\\\/\\\/www.1bolting.com\\\/fr\\\/#website\",\"url\":\"https:\\\/\\\/www.1bolting.com\\\/fr\\\/\",\"name\":\"1st Bolting\",\"description\":\"Sp\u00e9cialiste en solutions de serrage\",\"publisher\":{\"@id\":\"https:\\\/\\\/www.1bolting.com\\\/fr\\\/#organization\"},\"potentialAction\":[{\"@type\":\"SearchAction\",\"target\":{\"@type\":\"EntryPoint\",\"urlTemplate\":\"https:\\\/\\\/www.1bolting.com\\\/fr\\\/?s={search_term_string}\"},\"query-input\":{\"@type\":\"PropertyValueSpecification\",\"valueRequired\":true,\"valueName\":\"search_term_string\"}}],\"inLanguage\":\"fr-FR\"},{\"@type\":\"Organization\",\"@id\":\"https:\\\/\\\/www.1bolting.com\\\/fr\\\/#organization\",\"name\":\"First Bolting\",\"url\":\"https:\\\/\\\/www.1bolting.com\\\/fr\\\/\",\"logo\":{\"@type\":\"ImageObject\",\"inLanguage\":\"fr-FR\",\"@id\":\"https:\\\/\\\/www.1bolting.com\\\/fr\\\/#\\\/schema\\\/logo\\\/image\\\/\",\"url\":\"https:\\\/\\\/www.1bolting.com\\\/wp-content\\\/uploads\\\/2020\\\/11\\\/logo-flyer.png\",\"contentUrl\":\"https:\\\/\\\/www.1bolting.com\\\/wp-content\\\/uploads\\\/2020\\\/11\\\/logo-flyer.png\",\"width\":300,\"height\":180,\"caption\":\"First Bolting\"},\"image\":{\"@id\":\"https:\\\/\\\/www.1bolting.com\\\/fr\\\/#\\\/schema\\\/logo\\\/image\\\/\"}}]}<\/script>\n<!-- \/ Yoast SEO plugin. -->","yoast_head_json":{"title":"Visseuse sur Batterie B-RAD EXT-R - Vente & Location - 1st Bolting","description":"Louez ou achetez la visseuse sur batterie B-RAD EXT-R de RAD Torque, pour des op\u00e9rations au sol ou au plafond gr\u00e2ce \u00e0 la longue port\u00e9e.","robots":{"index":"index","follow":"follow","max-snippet":"max-snippet:-1","max-image-preview":"max-image-preview:large","max-video-preview":"max-video-preview:-1"},"canonical":"https:\/\/www.1bolting.com\/fr\/visseuses-rad-torque\/b-rad-ext-r\/","og_locale":"fr_FR","og_type":"article","og_title":"Visseuse sur Batterie B-RAD EXT-R - Vente & Location - 1st Bolting","og_description":"Louez ou achetez la visseuse sur batterie B-RAD EXT-R de RAD Torque, pour des op\u00e9rations au sol ou au plafond gr\u00e2ce \u00e0 la longue port\u00e9e.","og_url":"https:\/\/www.1bolting.com\/fr\/visseuses-rad-torque\/b-rad-ext-r\/","og_site_name":"1st Bolting","article_modified_time":"2022-11-23T12:50:22+00:00","twitter_card":"summary_large_image","twitter_misc":{"Dur\u00e9e de lecture estim\u00e9e":"1 minute"},"schema":{"@context":"https:\/\/schema.org","@graph":[{"@type":"WebPage","@id":"https:\/\/www.1bolting.com\/fr\/visseuses-rad-torque\/b-rad-ext-r\/","url":"https:\/\/www.1bolting.com\/fr\/visseuses-rad-torque\/b-rad-ext-r\/","name":"Visseuse sur Batterie B-RAD EXT-R - Vente & Location - 1st Bolting","isPartOf":{"@id":"https:\/\/www.1bolting.com\/fr\/#website"},"datePublished":"2022-10-10T13:36:37+00:00","dateModified":"2022-11-23T12:50:22+00:00","description":"Louez ou achetez la visseuse sur batterie B-RAD EXT-R de RAD Torque, pour des op\u00e9rations au sol ou au plafond gr\u00e2ce \u00e0 la longue port\u00e9e.","breadcrumb":{"@id":"https:\/\/www.1bolting.com\/fr\/visseuses-rad-torque\/b-rad-ext-r\/#breadcrumb"},"inLanguage":"fr-FR","potentialAction":[{"@type":"ReadAction","target":["https:\/\/www.1bolting.com\/fr\/visseuses-rad-torque\/b-rad-ext-r\/"]}]},{"@type":"BreadcrumbList","@id":"https:\/\/www.1bolting.com\/fr\/visseuses-rad-torque\/b-rad-ext-r\/#breadcrumb","itemListElement":[{"@type":"ListItem","position":1,"name":"Accueil","item":"https:\/\/www.1bolting.com\/fr\/"},{"@type":"ListItem","position":2,"name":"Visseuses Rad Torque","item":"https:\/\/www.1bolting.com\/fr\/visseuses-rad-torque\/"},{"@type":"ListItem","position":3,"name":"Visseuse sur Batterie B-RAD EXT-R"}]},{"@type":"WebSite","@id":"https:\/\/www.1bolting.com\/fr\/#website","url":"https:\/\/www.1bolting.com\/fr\/","name":"1st Bolting","description":"Sp\u00e9cialiste en solutions de serrage","publisher":{"@id":"https:\/\/www.1bolting.com\/fr\/#organization"},"potentialAction":[{"@type":"SearchAction","target":{"@type":"EntryPoint","urlTemplate":"https:\/\/www.1bolting.com\/fr\/?s={search_term_string}"},"query-input":{"@type":"PropertyValueSpecification","valueRequired":true,"valueName":"search_term_string"}}],"inLanguage":"fr-FR"},{"@type":"Organization","@id":"https:\/\/www.1bolting.com\/fr\/#organization","name":"First Bolting","url":"https:\/\/www.1bolting.com\/fr\/","logo":{"@type":"ImageObject","inLanguage":"fr-FR","@id":"https:\/\/www.1bolting.com\/fr\/#\/schema\/logo\/image\/","url":"https:\/\/www.1bolting.com\/wp-content\/uploads\/2020\/11\/logo-flyer.png","contentUrl":"https:\/\/www.1bolting.com\/wp-content\/uploads\/2020\/11\/logo-flyer.png","width":300,"height":180,"caption":"First Bolting"},"image":{"@id":"https:\/\/www.1bolting.com\/fr\/#\/schema\/logo\/image\/"}}]}},"_links":{"self":[{"href":"https:\/\/www.1bolting.com\/fr\/wp-json\/wp\/v2\/pages\/5920","targetHints":{"allow":["GET"]}}],"collection":[{"href":"https:\/\/www.1bolting.com\/fr\/wp-json\/wp\/v2\/pages"}],"about":[{"href":"https:\/\/www.1bolting.com\/fr\/wp-json\/wp\/v2\/types\/page"}],"author":[{"embeddable":true,"href":"https:\/\/www.1bolting.com\/fr\/wp-json\/wp\/v2\/users\/6"}],"replies":[{"embeddable":true,"href":"https:\/\/www.1bolting.com\/fr\/wp-json\/wp\/v2\/comments?post=5920"}],"version-history":[{"count":11,"href":"https:\/\/www.1bolting.com\/fr\/wp-json\/wp\/v2\/pages\/5920\/revisions"}],"predecessor-version":[{"id":6474,"href":"https:\/\/www.1bolting.com\/fr\/wp-json\/wp\/v2\/pages\/5920\/revisions\/6474"}],"up":[{"embeddable":true,"href":"https:\/\/www.1bolting.com\/fr\/wp-json\/wp\/v2\/pages\/5739"}],"wp:attachment":[{"href":"https:\/\/www.1bolting.com\/fr\/wp-json\/wp\/v2\/media?parent=5920"}],"curies":[{"name":"wp","href":"https:\/\/api.w.org\/{rel}","templated":true}]}}