{"id":5935,"date":"2022-10-10T15:54:28","date_gmt":"2022-10-10T14:54:28","guid":{"rendered":"https:\/\/www.1bolting.com\/?page_id=5935"},"modified":"2022-11-23T13:46:12","modified_gmt":"2022-11-23T12:46:12","slug":"v-rad-select","status":"publish","type":"page","link":"https:\/\/www.1bolting.com\/fr\/visseuses-rad-torque\/v-rad-select\/","title":{"rendered":"Visseuse Filaire V-RAD SELECT"},"content":{"rendered":"<h1>Visseuse Filaire V-RAD SELECT<\/h1>\n<div class=\"fiche-vente-location\">\n<div class=\"fiche-vente\">Disponible \u00e0 la vente<\/div>\n<div class=\"fiche-location\">Disponible \u00e0 la location<\/div>\n<\/div>\n<h2>V-RAD SELECT est une visseuse \u00e9lectrique filaire puissante et permettant d&rsquo;intervenir dans des conditions de s\u00e9curit\u00e9 optimales<\/h2>\n<h3>Pour serrer \/ desserrer des boulons et \u00e9crous robustes<\/h3>\n<p>Dans la gamme des visseuses \u00e9lectriques, <strong>la cl\u00e9 V-RAD SELECT<\/strong> r\u00e9pond aux besoins de serrage n\u00e9cessitant puissance, pr\u00e9cision et s\u00e9curit\u00e9, lors d&rsquo;op\u00e9rations de construction ou d&rsquo;entretien.<\/p>\n<p>La s\u00e9lection du couple se fait aussi simplement que sur le <a href=\"https:\/\/www.1bolting.com\/fr\/visseuses-rad-torque\/b-rad-select\/\">mod\u00e8le sur batterie B-RAD SELECT<\/a> : il suffit de l&rsquo;augmenter ou de le diminuer, par palier de 10 Nm, gr\u00e2ce aux boutons + et &#8211; situ\u00e9s sous l&rsquo;affichage.<\/p>\n<h3>Pourquoi choisir V-RAD SELECT ?<\/h3>\n<ul>\n<li><strong>Visseuse filaire puissante<\/strong>, pr\u00e9cise et robuste<\/li>\n<li>R\u00e9glage facile du couple depuis la visseuse<\/li>\n<li>Bo\u00eete \u00e0 engrenages de conception DX<\/li>\n<li>M\u00eame puissance en avant et en arri\u00e8re<\/li>\n<li>Un seul outil pour le d\u00e9gagement et le serrage final<\/li>\n<li>Moteur \u00e9lectrique ultra-durable<\/li>\n<\/ul>\n<h3>\u00c9l\u00e9ments fournis avec chaque visseuse<\/h3>\n<ul>\n<li>Bras de r\u00e9action avec anneau de retenue<\/li>\n<li>Coffret de rangement utilisable en ext\u00e9rieur<\/li>\n<li>Mode d\u2019emploi<\/li>\n<li>Certificat d\u2019\u00e9talonnage<\/li>\n<\/ul>\n","protected":false},"excerpt":{"rendered":"<p>Visseuse Filaire V-RAD SELECT Disponible \u00e0 la vente Disponible \u00e0 la location V-RAD SELECT est une visseuse \u00e9lectrique filaire puissante et permettant d&rsquo;intervenir dans des conditions de s\u00e9curit\u00e9 optimales Pour serrer \/ desserrer des boulons et \u00e9crous robustes Dans la gamme des visseuses \u00e9lectriques, la cl\u00e9 V-RAD SELECT r\u00e9pond aux besoins de serrage n\u00e9cessitant puissance, &hellip; <a href=\"https:\/\/www.1bolting.com\/fr\/visseuses-rad-torque\/v-rad-select\/\">Continued<\/a><\/p>\n","protected":false},"author":6,"featured_media":0,"parent":5739,"menu_order":0,"comment_status":"closed","ping_status":"closed","template":"sub-nav-page-produit.php","meta":{"_acf_changed":false,"footnotes":""},"class_list":["post-5935","page","type-page","status-publish","hentry"],"acf":[],"yoast_head":"<!-- This site is optimized with the Yoast SEO plugin v27.4 - https:\/\/yoast.com\/product\/yoast-seo-wordpress\/ -->\n<title>Visseuse Filaire V-RAD SELECT - Vente &amp; Location - 1st Bolting<\/title>\n<meta name=\"description\" content=\"Achetez ou louez la visseuse filaire de RAD Torque, la V-RAD SELECT. Un mod\u00e8le puissant pour vos op\u00e9rations de serrage \/ desserrage de boulons et \u00e9crous.\" \/>\n<meta name=\"robots\" content=\"index, follow, max-snippet:-1, max-image-preview:large, max-video-preview:-1\" \/>\n<link rel=\"canonical\" href=\"https:\/\/www.1bolting.com\/fr\/visseuses-rad-torque\/v-rad-select\/\" \/>\n<meta property=\"og:locale\" content=\"fr_FR\" \/>\n<meta property=\"og:type\" content=\"article\" \/>\n<meta property=\"og:title\" content=\"Visseuse Filaire V-RAD SELECT - Vente &amp; Location - 1st Bolting\" \/>\n<meta property=\"og:description\" content=\"Achetez ou louez la visseuse filaire de RAD Torque, la V-RAD SELECT. Un mod\u00e8le puissant pour vos op\u00e9rations de serrage \/ desserrage de boulons et \u00e9crous.\" \/>\n<meta property=\"og:url\" content=\"https:\/\/www.1bolting.com\/fr\/visseuses-rad-torque\/v-rad-select\/\" \/>\n<meta property=\"og:site_name\" content=\"1st Bolting\" \/>\n<meta property=\"article:modified_time\" content=\"2022-11-23T12:46:12+00:00\" \/>\n<meta name=\"twitter:card\" content=\"summary_large_image\" \/>\n<meta name=\"twitter:label1\" content=\"Dur\u00e9e de lecture estim\u00e9e\" \/>\n\t<meta name=\"twitter:data1\" content=\"1 minute\" \/>\n<script type=\"application\/ld+json\" class=\"yoast-schema-graph\">{\"@context\":\"https:\\\/\\\/schema.org\",\"@graph\":[{\"@type\":\"WebPage\",\"@id\":\"https:\\\/\\\/www.1bolting.com\\\/fr\\\/visseuses-rad-torque\\\/v-rad-select\\\/\",\"url\":\"https:\\\/\\\/www.1bolting.com\\\/fr\\\/visseuses-rad-torque\\\/v-rad-select\\\/\",\"name\":\"Visseuse Filaire V-RAD SELECT - Vente & Location - 1st Bolting\",\"isPartOf\":{\"@id\":\"https:\\\/\\\/www.1bolting.com\\\/fr\\\/#website\"},\"datePublished\":\"2022-10-10T14:54:28+00:00\",\"dateModified\":\"2022-11-23T12:46:12+00:00\",\"description\":\"Achetez ou louez la visseuse filaire de RAD Torque, la V-RAD SELECT. Un mod\u00e8le puissant pour vos op\u00e9rations de serrage \\\/ desserrage de boulons et \u00e9crous.\",\"breadcrumb\":{\"@id\":\"https:\\\/\\\/www.1bolting.com\\\/fr\\\/visseuses-rad-torque\\\/v-rad-select\\\/#breadcrumb\"},\"inLanguage\":\"fr-FR\",\"potentialAction\":[{\"@type\":\"ReadAction\",\"target\":[\"https:\\\/\\\/www.1bolting.com\\\/fr\\\/visseuses-rad-torque\\\/v-rad-select\\\/\"]}]},{\"@type\":\"BreadcrumbList\",\"@id\":\"https:\\\/\\\/www.1bolting.com\\\/fr\\\/visseuses-rad-torque\\\/v-rad-select\\\/#breadcrumb\",\"itemListElement\":[{\"@type\":\"ListItem\",\"position\":1,\"name\":\"Accueil\",\"item\":\"https:\\\/\\\/www.1bolting.com\\\/fr\\\/\"},{\"@type\":\"ListItem\",\"position\":2,\"name\":\"Visseuses Rad Torque\",\"item\":\"https:\\\/\\\/www.1bolting.com\\\/fr\\\/visseuses-rad-torque\\\/\"},{\"@type\":\"ListItem\",\"position\":3,\"name\":\"Visseuse Filaire V-RAD SELECT\"}]},{\"@type\":\"WebSite\",\"@id\":\"https:\\\/\\\/www.1bolting.com\\\/fr\\\/#website\",\"url\":\"https:\\\/\\\/www.1bolting.com\\\/fr\\\/\",\"name\":\"1st Bolting\",\"description\":\"Sp\u00e9cialiste en solutions de serrage\",\"publisher\":{\"@id\":\"https:\\\/\\\/www.1bolting.com\\\/fr\\\/#organization\"},\"potentialAction\":[{\"@type\":\"SearchAction\",\"target\":{\"@type\":\"EntryPoint\",\"urlTemplate\":\"https:\\\/\\\/www.1bolting.com\\\/fr\\\/?s={search_term_string}\"},\"query-input\":{\"@type\":\"PropertyValueSpecification\",\"valueRequired\":true,\"valueName\":\"search_term_string\"}}],\"inLanguage\":\"fr-FR\"},{\"@type\":\"Organization\",\"@id\":\"https:\\\/\\\/www.1bolting.com\\\/fr\\\/#organization\",\"name\":\"First Bolting\",\"url\":\"https:\\\/\\\/www.1bolting.com\\\/fr\\\/\",\"logo\":{\"@type\":\"ImageObject\",\"inLanguage\":\"fr-FR\",\"@id\":\"https:\\\/\\\/www.1bolting.com\\\/fr\\\/#\\\/schema\\\/logo\\\/image\\\/\",\"url\":\"https:\\\/\\\/www.1bolting.com\\\/wp-content\\\/uploads\\\/2020\\\/11\\\/logo-flyer.png\",\"contentUrl\":\"https:\\\/\\\/www.1bolting.com\\\/wp-content\\\/uploads\\\/2020\\\/11\\\/logo-flyer.png\",\"width\":300,\"height\":180,\"caption\":\"First Bolting\"},\"image\":{\"@id\":\"https:\\\/\\\/www.1bolting.com\\\/fr\\\/#\\\/schema\\\/logo\\\/image\\\/\"}}]}<\/script>\n<!-- \/ Yoast SEO plugin. -->","yoast_head_json":{"title":"Visseuse Filaire V-RAD SELECT - Vente & Location - 1st Bolting","description":"Achetez ou louez la visseuse filaire de RAD Torque, la V-RAD SELECT. Un mod\u00e8le puissant pour vos op\u00e9rations de serrage \/ desserrage de boulons et \u00e9crous.","robots":{"index":"index","follow":"follow","max-snippet":"max-snippet:-1","max-image-preview":"max-image-preview:large","max-video-preview":"max-video-preview:-1"},"canonical":"https:\/\/www.1bolting.com\/fr\/visseuses-rad-torque\/v-rad-select\/","og_locale":"fr_FR","og_type":"article","og_title":"Visseuse Filaire V-RAD SELECT - Vente & Location - 1st Bolting","og_description":"Achetez ou louez la visseuse filaire de RAD Torque, la V-RAD SELECT. Un mod\u00e8le puissant pour vos op\u00e9rations de serrage \/ desserrage de boulons et \u00e9crous.","og_url":"https:\/\/www.1bolting.com\/fr\/visseuses-rad-torque\/v-rad-select\/","og_site_name":"1st Bolting","article_modified_time":"2022-11-23T12:46:12+00:00","twitter_card":"summary_large_image","twitter_misc":{"Dur\u00e9e de lecture estim\u00e9e":"1 minute"},"schema":{"@context":"https:\/\/schema.org","@graph":[{"@type":"WebPage","@id":"https:\/\/www.1bolting.com\/fr\/visseuses-rad-torque\/v-rad-select\/","url":"https:\/\/www.1bolting.com\/fr\/visseuses-rad-torque\/v-rad-select\/","name":"Visseuse Filaire V-RAD SELECT - Vente & Location - 1st Bolting","isPartOf":{"@id":"https:\/\/www.1bolting.com\/fr\/#website"},"datePublished":"2022-10-10T14:54:28+00:00","dateModified":"2022-11-23T12:46:12+00:00","description":"Achetez ou louez la visseuse filaire de RAD Torque, la V-RAD SELECT. Un mod\u00e8le puissant pour vos op\u00e9rations de serrage \/ desserrage de boulons et \u00e9crous.","breadcrumb":{"@id":"https:\/\/www.1bolting.com\/fr\/visseuses-rad-torque\/v-rad-select\/#breadcrumb"},"inLanguage":"fr-FR","potentialAction":[{"@type":"ReadAction","target":["https:\/\/www.1bolting.com\/fr\/visseuses-rad-torque\/v-rad-select\/"]}]},{"@type":"BreadcrumbList","@id":"https:\/\/www.1bolting.com\/fr\/visseuses-rad-torque\/v-rad-select\/#breadcrumb","itemListElement":[{"@type":"ListItem","position":1,"name":"Accueil","item":"https:\/\/www.1bolting.com\/fr\/"},{"@type":"ListItem","position":2,"name":"Visseuses Rad Torque","item":"https:\/\/www.1bolting.com\/fr\/visseuses-rad-torque\/"},{"@type":"ListItem","position":3,"name":"Visseuse Filaire V-RAD SELECT"}]},{"@type":"WebSite","@id":"https:\/\/www.1bolting.com\/fr\/#website","url":"https:\/\/www.1bolting.com\/fr\/","name":"1st Bolting","description":"Sp\u00e9cialiste en solutions de serrage","publisher":{"@id":"https:\/\/www.1bolting.com\/fr\/#organization"},"potentialAction":[{"@type":"SearchAction","target":{"@type":"EntryPoint","urlTemplate":"https:\/\/www.1bolting.com\/fr\/?s={search_term_string}"},"query-input":{"@type":"PropertyValueSpecification","valueRequired":true,"valueName":"search_term_string"}}],"inLanguage":"fr-FR"},{"@type":"Organization","@id":"https:\/\/www.1bolting.com\/fr\/#organization","name":"First Bolting","url":"https:\/\/www.1bolting.com\/fr\/","logo":{"@type":"ImageObject","inLanguage":"fr-FR","@id":"https:\/\/www.1bolting.com\/fr\/#\/schema\/logo\/image\/","url":"https:\/\/www.1bolting.com\/wp-content\/uploads\/2020\/11\/logo-flyer.png","contentUrl":"https:\/\/www.1bolting.com\/wp-content\/uploads\/2020\/11\/logo-flyer.png","width":300,"height":180,"caption":"First Bolting"},"image":{"@id":"https:\/\/www.1bolting.com\/fr\/#\/schema\/logo\/image\/"}}]}},"_links":{"self":[{"href":"https:\/\/www.1bolting.com\/fr\/wp-json\/wp\/v2\/pages\/5935","targetHints":{"allow":["GET"]}}],"collection":[{"href":"https:\/\/www.1bolting.com\/fr\/wp-json\/wp\/v2\/pages"}],"about":[{"href":"https:\/\/www.1bolting.com\/fr\/wp-json\/wp\/v2\/types\/page"}],"author":[{"embeddable":true,"href":"https:\/\/www.1bolting.com\/fr\/wp-json\/wp\/v2\/users\/6"}],"replies":[{"embeddable":true,"href":"https:\/\/www.1bolting.com\/fr\/wp-json\/wp\/v2\/comments?post=5935"}],"version-history":[{"count":12,"href":"https:\/\/www.1bolting.com\/fr\/wp-json\/wp\/v2\/pages\/5935\/revisions"}],"predecessor-version":[{"id":6470,"href":"https:\/\/www.1bolting.com\/fr\/wp-json\/wp\/v2\/pages\/5935\/revisions\/6470"}],"up":[{"embeddable":true,"href":"https:\/\/www.1bolting.com\/fr\/wp-json\/wp\/v2\/pages\/5739"}],"wp:attachment":[{"href":"https:\/\/www.1bolting.com\/fr\/wp-json\/wp\/v2\/media?parent=5935"}],"curies":[{"name":"wp","href":"https:\/\/api.w.org\/{rel}","templated":true}]}}