{"id":5952,"date":"2022-10-10T16:27:09","date_gmt":"2022-10-10T15:27:09","guid":{"rendered":"https:\/\/www.1bolting.com\/?page_id=5952"},"modified":"2022-11-23T13:32:14","modified_gmt":"2022-11-23T12:32:14","slug":"mv-rad","status":"publish","type":"page","link":"https:\/\/www.1bolting.com\/fr\/visseuses-rad-torque\/mv-rad\/","title":{"rendered":"Visseuse Filaire MV-RAD"},"content":{"rendered":"<h1>Visseuse filaire MV-RAD<\/h1>\n<div class=\"fiche-vente-location\">\n<div class=\"fiche-vente\">Disponible \u00e0 la vente<\/div>\n<div class=\"fiche-location\">Disponible \u00e0 la location<\/div>\n<\/div>\n<h2>La visseuse MV-RAD de RAD Torque est une cl\u00e9 dynamom\u00e9trique filaire permettant le serrage angulaire, et un r\u00e9glage du couple par pas de 1 Nm<\/h2>\n<h3>Pour des op\u00e9rations de serrage pr\u00e9cises, sans vibrations<\/h3>\n<p>Avec une plage de couple de 65 &#8211; 11 000 Nm, la <strong>cl\u00e9 dynamom\u00e9trique filaire MV-RAD<\/strong> permet des <strong>op\u00e9rations de boulonnage pr\u00e9cises<\/strong>, fiables et sans vibrations. De plus, le couple peut \u00eatre r\u00e9gl\u00e9 par une commande par touche \u00e0 membrane par incr\u00e9ment unique (Nm par Nm) ou avec 200 options de r\u00e9glages.<\/p>\n<p>Ce mod\u00e8le de visseuse apporte \u00e9galement la possibilit\u00e9 de faire un serrage angulaire, et la plupart des param\u00e8tres peuvent \u00eatre programm\u00e9s individuellement gr\u00e2ce \u00e0 l&rsquo;\u00e9cran OLED.<\/p>\n<h3>Fonction de v\u00e9rification des boulons (\u00ab\u00a0Bolt check\u00a0\u00bb, en option)<\/h3>\n<p>Gr\u00e2ce \u00e0 l&rsquo;option \u00ab\u00a0Bolt Check\u00a0\u00bb, la MV-RAD sera capable de contr\u00f4ler le couple existant, et \u00e9vitera ainsi de serrer plus que n\u00e9cessaire un boulon d\u00e9j\u00e0 en place.<\/p>\n<h3>Pourquoi choisir MV-RAD ?<\/h3>\n<ul>\n<li>Serrage angulaire<\/li>\n<li>Arr\u00eat de couple<\/li>\n<li>R\u00e9glage du couple Nm par Nm<\/li>\n<li>Nombreuses options de r\u00e9glages (200)<\/li>\n<li>Fonction \u00ab\u00a0Bolt check\u00a0\u00bb (option)<\/li>\n<li>\u00c9cran OLED<\/li>\n<li>Usage s\u00e9curis\u00e9 par mot de passe<\/li>\n<li>Poign\u00e9e 360 degr\u00e9s<\/li>\n<\/ul>\n<h3>\u00c9l\u00e9ments fournis avec chaque visseuse<\/h3>\n<ul>\n<li>Bras de r\u00e9action avec anneau de retenue<\/li>\n<li>Coffret de rangement utilisable en ext\u00e9rieur<\/li>\n<li>Mode d\u2019emploi<\/li>\n<li>Certificat d\u2019\u00e9talonnage<\/li>\n<\/ul>\n<h3>Option<\/h3>\n<ul>\n<li>V\u00e9rification des boulons (\u00ab\u00a0Bolt check\u00a0\u00bb)<\/li>\n<\/ul>\n","protected":false},"excerpt":{"rendered":"<p>Visseuse filaire MV-RAD Disponible \u00e0 la vente Disponible \u00e0 la location La visseuse MV-RAD de RAD Torque est une cl\u00e9 dynamom\u00e9trique filaire permettant le serrage angulaire, et un r\u00e9glage du couple par pas de 1 Nm Pour des op\u00e9rations de serrage pr\u00e9cises, sans vibrations Avec une plage de couple de 65 &#8211; 11 000 Nm, &hellip; <a href=\"https:\/\/www.1bolting.com\/fr\/visseuses-rad-torque\/mv-rad\/\">Continued<\/a><\/p>\n","protected":false},"author":6,"featured_media":0,"parent":5739,"menu_order":0,"comment_status":"closed","ping_status":"closed","template":"sub-nav-page-produit.php","meta":{"_acf_changed":false,"footnotes":""},"class_list":["post-5952","page","type-page","status-publish","hentry"],"acf":[],"yoast_head":"<!-- This site is optimized with the Yoast SEO plugin v27.4 - https:\/\/yoast.com\/product\/yoast-seo-wordpress\/ -->\n<title>Visseuse Filaire MV-RAD - Vente &amp; Location - 1st Bolting<\/title>\n<meta name=\"description\" content=\"Achetez ou louez la visseuse MV-RAD, de RAD Torque, pour vos op\u00e9rations de serrage au couple et \u00e0 angle. \u00c9quip\u00e9e d&#039;un \u00e9cran pour le param\u00e9trage.\" \/>\n<meta name=\"robots\" content=\"index, follow, max-snippet:-1, max-image-preview:large, max-video-preview:-1\" \/>\n<link rel=\"canonical\" href=\"https:\/\/www.1bolting.com\/fr\/visseuses-rad-torque\/mv-rad\/\" \/>\n<meta property=\"og:locale\" content=\"fr_FR\" \/>\n<meta property=\"og:type\" content=\"article\" \/>\n<meta property=\"og:title\" content=\"Visseuse Filaire MV-RAD - Vente &amp; Location - 1st Bolting\" \/>\n<meta property=\"og:description\" content=\"Achetez ou louez la visseuse MV-RAD, de RAD Torque, pour vos op\u00e9rations de serrage au couple et \u00e0 angle. \u00c9quip\u00e9e d&#039;un \u00e9cran pour le param\u00e9trage.\" \/>\n<meta property=\"og:url\" content=\"https:\/\/www.1bolting.com\/fr\/visseuses-rad-torque\/mv-rad\/\" \/>\n<meta property=\"og:site_name\" content=\"1st Bolting\" \/>\n<meta property=\"article:modified_time\" content=\"2022-11-23T12:32:14+00:00\" \/>\n<meta name=\"twitter:card\" content=\"summary_large_image\" \/>\n<meta name=\"twitter:label1\" content=\"Dur\u00e9e de lecture estim\u00e9e\" \/>\n\t<meta name=\"twitter:data1\" content=\"2 minutes\" \/>\n<script type=\"application\/ld+json\" class=\"yoast-schema-graph\">{\"@context\":\"https:\\\/\\\/schema.org\",\"@graph\":[{\"@type\":\"WebPage\",\"@id\":\"https:\\\/\\\/www.1bolting.com\\\/fr\\\/visseuses-rad-torque\\\/mv-rad\\\/\",\"url\":\"https:\\\/\\\/www.1bolting.com\\\/fr\\\/visseuses-rad-torque\\\/mv-rad\\\/\",\"name\":\"Visseuse Filaire MV-RAD - Vente & Location - 1st Bolting\",\"isPartOf\":{\"@id\":\"https:\\\/\\\/www.1bolting.com\\\/fr\\\/#website\"},\"datePublished\":\"2022-10-10T15:27:09+00:00\",\"dateModified\":\"2022-11-23T12:32:14+00:00\",\"description\":\"Achetez ou louez la visseuse MV-RAD, de RAD Torque, pour vos op\u00e9rations de serrage au couple et \u00e0 angle. \u00c9quip\u00e9e d'un \u00e9cran pour le param\u00e9trage.\",\"breadcrumb\":{\"@id\":\"https:\\\/\\\/www.1bolting.com\\\/fr\\\/visseuses-rad-torque\\\/mv-rad\\\/#breadcrumb\"},\"inLanguage\":\"fr-FR\",\"potentialAction\":[{\"@type\":\"ReadAction\",\"target\":[\"https:\\\/\\\/www.1bolting.com\\\/fr\\\/visseuses-rad-torque\\\/mv-rad\\\/\"]}]},{\"@type\":\"BreadcrumbList\",\"@id\":\"https:\\\/\\\/www.1bolting.com\\\/fr\\\/visseuses-rad-torque\\\/mv-rad\\\/#breadcrumb\",\"itemListElement\":[{\"@type\":\"ListItem\",\"position\":1,\"name\":\"Accueil\",\"item\":\"https:\\\/\\\/www.1bolting.com\\\/fr\\\/\"},{\"@type\":\"ListItem\",\"position\":2,\"name\":\"Visseuses Rad Torque\",\"item\":\"https:\\\/\\\/www.1bolting.com\\\/fr\\\/visseuses-rad-torque\\\/\"},{\"@type\":\"ListItem\",\"position\":3,\"name\":\"Visseuse Filaire MV-RAD\"}]},{\"@type\":\"WebSite\",\"@id\":\"https:\\\/\\\/www.1bolting.com\\\/fr\\\/#website\",\"url\":\"https:\\\/\\\/www.1bolting.com\\\/fr\\\/\",\"name\":\"1st Bolting\",\"description\":\"Sp\u00e9cialiste en solutions de serrage\",\"publisher\":{\"@id\":\"https:\\\/\\\/www.1bolting.com\\\/fr\\\/#organization\"},\"potentialAction\":[{\"@type\":\"SearchAction\",\"target\":{\"@type\":\"EntryPoint\",\"urlTemplate\":\"https:\\\/\\\/www.1bolting.com\\\/fr\\\/?s={search_term_string}\"},\"query-input\":{\"@type\":\"PropertyValueSpecification\",\"valueRequired\":true,\"valueName\":\"search_term_string\"}}],\"inLanguage\":\"fr-FR\"},{\"@type\":\"Organization\",\"@id\":\"https:\\\/\\\/www.1bolting.com\\\/fr\\\/#organization\",\"name\":\"First Bolting\",\"url\":\"https:\\\/\\\/www.1bolting.com\\\/fr\\\/\",\"logo\":{\"@type\":\"ImageObject\",\"inLanguage\":\"fr-FR\",\"@id\":\"https:\\\/\\\/www.1bolting.com\\\/fr\\\/#\\\/schema\\\/logo\\\/image\\\/\",\"url\":\"https:\\\/\\\/www.1bolting.com\\\/wp-content\\\/uploads\\\/2020\\\/11\\\/logo-flyer.png\",\"contentUrl\":\"https:\\\/\\\/www.1bolting.com\\\/wp-content\\\/uploads\\\/2020\\\/11\\\/logo-flyer.png\",\"width\":300,\"height\":180,\"caption\":\"First Bolting\"},\"image\":{\"@id\":\"https:\\\/\\\/www.1bolting.com\\\/fr\\\/#\\\/schema\\\/logo\\\/image\\\/\"}}]}<\/script>\n<!-- \/ Yoast SEO plugin. -->","yoast_head_json":{"title":"Visseuse Filaire MV-RAD - Vente & Location - 1st Bolting","description":"Achetez ou louez la visseuse MV-RAD, de RAD Torque, pour vos op\u00e9rations de serrage au couple et \u00e0 angle. \u00c9quip\u00e9e d'un \u00e9cran pour le param\u00e9trage.","robots":{"index":"index","follow":"follow","max-snippet":"max-snippet:-1","max-image-preview":"max-image-preview:large","max-video-preview":"max-video-preview:-1"},"canonical":"https:\/\/www.1bolting.com\/fr\/visseuses-rad-torque\/mv-rad\/","og_locale":"fr_FR","og_type":"article","og_title":"Visseuse Filaire MV-RAD - Vente & Location - 1st Bolting","og_description":"Achetez ou louez la visseuse MV-RAD, de RAD Torque, pour vos op\u00e9rations de serrage au couple et \u00e0 angle. \u00c9quip\u00e9e d'un \u00e9cran pour le param\u00e9trage.","og_url":"https:\/\/www.1bolting.com\/fr\/visseuses-rad-torque\/mv-rad\/","og_site_name":"1st Bolting","article_modified_time":"2022-11-23T12:32:14+00:00","twitter_card":"summary_large_image","twitter_misc":{"Dur\u00e9e de lecture estim\u00e9e":"2 minutes"},"schema":{"@context":"https:\/\/schema.org","@graph":[{"@type":"WebPage","@id":"https:\/\/www.1bolting.com\/fr\/visseuses-rad-torque\/mv-rad\/","url":"https:\/\/www.1bolting.com\/fr\/visseuses-rad-torque\/mv-rad\/","name":"Visseuse Filaire MV-RAD - Vente & Location - 1st Bolting","isPartOf":{"@id":"https:\/\/www.1bolting.com\/fr\/#website"},"datePublished":"2022-10-10T15:27:09+00:00","dateModified":"2022-11-23T12:32:14+00:00","description":"Achetez ou louez la visseuse MV-RAD, de RAD Torque, pour vos op\u00e9rations de serrage au couple et \u00e0 angle. \u00c9quip\u00e9e d'un \u00e9cran pour le param\u00e9trage.","breadcrumb":{"@id":"https:\/\/www.1bolting.com\/fr\/visseuses-rad-torque\/mv-rad\/#breadcrumb"},"inLanguage":"fr-FR","potentialAction":[{"@type":"ReadAction","target":["https:\/\/www.1bolting.com\/fr\/visseuses-rad-torque\/mv-rad\/"]}]},{"@type":"BreadcrumbList","@id":"https:\/\/www.1bolting.com\/fr\/visseuses-rad-torque\/mv-rad\/#breadcrumb","itemListElement":[{"@type":"ListItem","position":1,"name":"Accueil","item":"https:\/\/www.1bolting.com\/fr\/"},{"@type":"ListItem","position":2,"name":"Visseuses Rad Torque","item":"https:\/\/www.1bolting.com\/fr\/visseuses-rad-torque\/"},{"@type":"ListItem","position":3,"name":"Visseuse Filaire MV-RAD"}]},{"@type":"WebSite","@id":"https:\/\/www.1bolting.com\/fr\/#website","url":"https:\/\/www.1bolting.com\/fr\/","name":"1st Bolting","description":"Sp\u00e9cialiste en solutions de serrage","publisher":{"@id":"https:\/\/www.1bolting.com\/fr\/#organization"},"potentialAction":[{"@type":"SearchAction","target":{"@type":"EntryPoint","urlTemplate":"https:\/\/www.1bolting.com\/fr\/?s={search_term_string}"},"query-input":{"@type":"PropertyValueSpecification","valueRequired":true,"valueName":"search_term_string"}}],"inLanguage":"fr-FR"},{"@type":"Organization","@id":"https:\/\/www.1bolting.com\/fr\/#organization","name":"First Bolting","url":"https:\/\/www.1bolting.com\/fr\/","logo":{"@type":"ImageObject","inLanguage":"fr-FR","@id":"https:\/\/www.1bolting.com\/fr\/#\/schema\/logo\/image\/","url":"https:\/\/www.1bolting.com\/wp-content\/uploads\/2020\/11\/logo-flyer.png","contentUrl":"https:\/\/www.1bolting.com\/wp-content\/uploads\/2020\/11\/logo-flyer.png","width":300,"height":180,"caption":"First Bolting"},"image":{"@id":"https:\/\/www.1bolting.com\/fr\/#\/schema\/logo\/image\/"}}]}},"_links":{"self":[{"href":"https:\/\/www.1bolting.com\/fr\/wp-json\/wp\/v2\/pages\/5952","targetHints":{"allow":["GET"]}}],"collection":[{"href":"https:\/\/www.1bolting.com\/fr\/wp-json\/wp\/v2\/pages"}],"about":[{"href":"https:\/\/www.1bolting.com\/fr\/wp-json\/wp\/v2\/types\/page"}],"author":[{"embeddable":true,"href":"https:\/\/www.1bolting.com\/fr\/wp-json\/wp\/v2\/users\/6"}],"replies":[{"embeddable":true,"href":"https:\/\/www.1bolting.com\/fr\/wp-json\/wp\/v2\/comments?post=5952"}],"version-history":[{"count":20,"href":"https:\/\/www.1bolting.com\/fr\/wp-json\/wp\/v2\/pages\/5952\/revisions"}],"predecessor-version":[{"id":6466,"href":"https:\/\/www.1bolting.com\/fr\/wp-json\/wp\/v2\/pages\/5952\/revisions\/6466"}],"up":[{"embeddable":true,"href":"https:\/\/www.1bolting.com\/fr\/wp-json\/wp\/v2\/pages\/5739"}],"wp:attachment":[{"href":"https:\/\/www.1bolting.com\/fr\/wp-json\/wp\/v2\/media?parent=5952"}],"curies":[{"name":"wp","href":"https:\/\/api.w.org\/{rel}","templated":true}]}}