{"id":5983,"date":"2022-10-11T14:19:20","date_gmt":"2022-10-11T13:19:20","guid":{"rendered":"https:\/\/www.1bolting.com\/?page_id=5983"},"modified":"2022-11-23T13:28:16","modified_gmt":"2022-11-23T12:28:16","slug":"e-rad-blu","status":"publish","type":"page","link":"https:\/\/www.1bolting.com\/fr\/visseuses-rad-torque\/e-rad-blu\/","title":{"rendered":"Visseuse \u00c9lectronique E-RAD BLU"},"content":{"rendered":"<h1>Visseuse \u00e9lectronique E-RAD BLU<\/h1>\n<div class=\"fiche-vente-location\">\n<div class=\"fiche-vente\">Disponible \u00e0 la vente<\/div>\n<div class=\"fiche-location\">Disponible \u00e0 la location<\/div>\n<\/div>\n<h2>Si vous recherchez une visseuse avec un couple \u00e9lev\u00e9, permettant des op\u00e9rations r\u00e9p\u00e9t\u00e9es ulra-pr\u00e9cises et \u00e0 cadence \u00e9lev\u00e9e, ainsi qu&rsquo;une tra\u00e7abilit\u00e9 des op\u00e9rations, alors E-RAD BLU est la solution id\u00e9ale<\/h2>\n<h3>Un concentr\u00e9 de technologie pour les op\u00e9rations de serrage exigentes<\/h3>\n<p>La cl\u00e9 dynamom\u00e9trique E-RAD BLU de RAD Torque est parmi les plus perfectionn\u00e9es dans son domaine. C&rsquo;est un v\u00e9ritable concentr\u00e9 de technologie mis \u00e0 disposition des professionnels qui ont besoin de mener \u00e0 bien des op\u00e9rations de serrage ou desserrage de mani\u00e8re r\u00e9p\u00e9t\u00e9e (r\u00e9p\u00e9tabilit\u00e9 de +\/- 2 %).<\/p>\n<p>La cl\u00e9 est pilot\u00e9e via un bo\u00eetier de contr\u00f4le tactile, permettant le contr\u00f4le d&rsquo;angle et de couple variable, l&rsquo;\u00e9talonnage de champ, le comptage de cycles de vie et d&rsquo;entretien, la collecte de donn\u00e9es relatives aux op\u00e9rations de serrage&#8230;<\/p>\n<p>Le temps de serrage est r\u00e9duit jusqu&rsquo;\u00e0 300% par rapport \u00e0 une visseuse dynamom\u00e9trique standard, ce qui en fait l&rsquo;outil id\u00e9al pour les chantiers n\u00e9cessitant le serrage de nombreux boulons et \u00e9crous, aussi bien en int\u00e9rieur qu&rsquo;en ext\u00e9rieur, tout en gardant une trace pr\u00e9cise des op\u00e9rations r\u00e9alis\u00e9es. Il est m\u00eame possible d&rsquo;utiliser un seul contr\u00f4leur pour plusieurs mod\u00e8les de cl\u00e9s.<\/p>\n<h3>Pourquoi choisir E-RAD BLU ?<\/h3>\n<ul>\n<li>R\u00e9glages via un contr\u00f4leur tactile (pour une ou plusieurs cl\u00e9s) avec protection par mot de passe<\/li>\n<li>Pour les op\u00e9rations \u00e0 forte r\u00e9p\u00e9tabilit\u00e9<\/li>\n<li>Couple \u00e9lev\u00e9 (jusqu&rsquo;\u00e0 16 500 Nm)<\/li>\n<li>\u00c9change de donn\u00e9es via Bluetooth<\/li>\n<li>Tra\u00e7abilit\u00e9 des op\u00e9rations<\/li>\n<li>Possibilit\u00e9 de r\u00e9aliser une s\u00e9quence de serrages au couple et en angle<\/li>\n<li>Pas de vibrations<\/li>\n<\/ul>\n<h3>\u00c9l\u00e9ments fournis avec chaque visseuse<\/h3>\n<ul>\n<li>Bras de r\u00e9action avec anneau de retenue<\/li>\n<li>Coffret de rangement utilisable en ext\u00e9rieur<\/li>\n<li>C\u00e2ble pour bo\u00eetier de contr\u00f4le<\/li>\n<li>Bo\u00eetier de contr\u00f4le num\u00e9rique de couple<\/li>\n<li>Logiciel d\u2019enregistrement de donn\u00e9es<\/li>\n<li>Mode d\u2019emploi<\/li>\n<li>Certificat d\u2019\u00e9talonnage<\/li>\n<\/ul>\n<h3>Options<\/h3>\n<ul>\n<li>Poign\u00e9e-pistolet d\u00e9port\u00e9e \u00e0 90 degr\u00e9s<\/li>\n<li>Cintre de levage<\/li>\n<li>Prot\u00e8ge-main<\/li>\n<li>Bo\u00eetier de contr\u00f4le 120V<\/li>\n<li>C\u00e2ble plug long<\/li>\n<\/ul>\n","protected":false},"excerpt":{"rendered":"<p>Visseuse \u00e9lectronique E-RAD BLU Disponible \u00e0 la vente Disponible \u00e0 la location Si vous recherchez une visseuse avec un couple \u00e9lev\u00e9, permettant des op\u00e9rations r\u00e9p\u00e9t\u00e9es ulra-pr\u00e9cises et \u00e0 cadence \u00e9lev\u00e9e, ainsi qu&rsquo;une tra\u00e7abilit\u00e9 des op\u00e9rations, alors E-RAD BLU est la solution id\u00e9ale Un concentr\u00e9 de technologie pour les op\u00e9rations de serrage exigentes La cl\u00e9 dynamom\u00e9trique &hellip; <a href=\"https:\/\/www.1bolting.com\/fr\/visseuses-rad-torque\/e-rad-blu\/\">Continued<\/a><\/p>\n","protected":false},"author":6,"featured_media":0,"parent":5739,"menu_order":0,"comment_status":"closed","ping_status":"closed","template":"sub-nav-page-produit.php","meta":{"_acf_changed":false,"footnotes":""},"class_list":["post-5983","page","type-page","status-publish","hentry"],"acf":[],"yoast_head":"<!-- This site is optimized with the Yoast SEO plugin v27.5 - https:\/\/yoast.com\/product\/yoast-seo-wordpress\/ -->\n<title>Visseuse \u00c9lectronique E-RAD BLU - Vente &amp; Location - 1st Bolting<\/title>\n<meta name=\"description\" content=\"Achetez ou louez la visseuses RAD Torque E-RAD BLU, un mod\u00e8le \u00e9lectronique avec une pr\u00e9cision de + \/ - 1%. Pour des op\u00e9rations pr\u00e9cises avec tra\u00e7abilit\u00e9.\" \/>\n<meta name=\"robots\" content=\"index, follow, max-snippet:-1, max-image-preview:large, max-video-preview:-1\" \/>\n<link rel=\"canonical\" href=\"https:\/\/www.1bolting.com\/fr\/visseuses-rad-torque\/e-rad-blu\/\" \/>\n<meta property=\"og:locale\" content=\"fr_FR\" \/>\n<meta property=\"og:type\" content=\"article\" \/>\n<meta property=\"og:title\" content=\"Visseuse \u00c9lectronique E-RAD BLU - Vente &amp; Location - 1st Bolting\" \/>\n<meta property=\"og:description\" content=\"Achetez ou louez la visseuses RAD Torque E-RAD BLU, un mod\u00e8le \u00e9lectronique avec une pr\u00e9cision de + \/ - 1%. Pour des op\u00e9rations pr\u00e9cises avec tra\u00e7abilit\u00e9.\" \/>\n<meta property=\"og:url\" content=\"https:\/\/www.1bolting.com\/fr\/visseuses-rad-torque\/e-rad-blu\/\" \/>\n<meta property=\"og:site_name\" content=\"1st Bolting\" \/>\n<meta property=\"article:modified_time\" content=\"2022-11-23T12:28:16+00:00\" \/>\n<meta name=\"twitter:card\" content=\"summary_large_image\" \/>\n<meta name=\"twitter:label1\" content=\"Dur\u00e9e de lecture estim\u00e9e\" \/>\n\t<meta name=\"twitter:data1\" content=\"2 minutes\" \/>\n<script type=\"application\/ld+json\" class=\"yoast-schema-graph\">{\"@context\":\"https:\\\/\\\/schema.org\",\"@graph\":[{\"@type\":\"WebPage\",\"@id\":\"https:\\\/\\\/www.1bolting.com\\\/fr\\\/visseuses-rad-torque\\\/e-rad-blu\\\/\",\"url\":\"https:\\\/\\\/www.1bolting.com\\\/fr\\\/visseuses-rad-torque\\\/e-rad-blu\\\/\",\"name\":\"Visseuse \u00c9lectronique E-RAD BLU - Vente & Location - 1st Bolting\",\"isPartOf\":{\"@id\":\"https:\\\/\\\/www.1bolting.com\\\/fr\\\/#website\"},\"datePublished\":\"2022-10-11T13:19:20+00:00\",\"dateModified\":\"2022-11-23T12:28:16+00:00\",\"description\":\"Achetez ou louez la visseuses RAD Torque E-RAD BLU, un mod\u00e8le \u00e9lectronique avec une pr\u00e9cision de + \\\/ - 1%. Pour des op\u00e9rations pr\u00e9cises avec tra\u00e7abilit\u00e9.\",\"breadcrumb\":{\"@id\":\"https:\\\/\\\/www.1bolting.com\\\/fr\\\/visseuses-rad-torque\\\/e-rad-blu\\\/#breadcrumb\"},\"inLanguage\":\"fr-FR\",\"potentialAction\":[{\"@type\":\"ReadAction\",\"target\":[\"https:\\\/\\\/www.1bolting.com\\\/fr\\\/visseuses-rad-torque\\\/e-rad-blu\\\/\"]}]},{\"@type\":\"BreadcrumbList\",\"@id\":\"https:\\\/\\\/www.1bolting.com\\\/fr\\\/visseuses-rad-torque\\\/e-rad-blu\\\/#breadcrumb\",\"itemListElement\":[{\"@type\":\"ListItem\",\"position\":1,\"name\":\"Accueil\",\"item\":\"https:\\\/\\\/www.1bolting.com\\\/fr\\\/\"},{\"@type\":\"ListItem\",\"position\":2,\"name\":\"Visseuses Rad Torque\",\"item\":\"https:\\\/\\\/www.1bolting.com\\\/fr\\\/visseuses-rad-torque\\\/\"},{\"@type\":\"ListItem\",\"position\":3,\"name\":\"Visseuse \u00c9lectronique E-RAD BLU\"}]},{\"@type\":\"WebSite\",\"@id\":\"https:\\\/\\\/www.1bolting.com\\\/fr\\\/#website\",\"url\":\"https:\\\/\\\/www.1bolting.com\\\/fr\\\/\",\"name\":\"1st Bolting\",\"description\":\"Sp\u00e9cialiste en solutions de serrage\",\"publisher\":{\"@id\":\"https:\\\/\\\/www.1bolting.com\\\/fr\\\/#organization\"},\"potentialAction\":[{\"@type\":\"SearchAction\",\"target\":{\"@type\":\"EntryPoint\",\"urlTemplate\":\"https:\\\/\\\/www.1bolting.com\\\/fr\\\/?s={search_term_string}\"},\"query-input\":{\"@type\":\"PropertyValueSpecification\",\"valueRequired\":true,\"valueName\":\"search_term_string\"}}],\"inLanguage\":\"fr-FR\"},{\"@type\":\"Organization\",\"@id\":\"https:\\\/\\\/www.1bolting.com\\\/fr\\\/#organization\",\"name\":\"First Bolting\",\"url\":\"https:\\\/\\\/www.1bolting.com\\\/fr\\\/\",\"logo\":{\"@type\":\"ImageObject\",\"inLanguage\":\"fr-FR\",\"@id\":\"https:\\\/\\\/www.1bolting.com\\\/fr\\\/#\\\/schema\\\/logo\\\/image\\\/\",\"url\":\"https:\\\/\\\/www.1bolting.com\\\/wp-content\\\/uploads\\\/2020\\\/11\\\/logo-flyer.png\",\"contentUrl\":\"https:\\\/\\\/www.1bolting.com\\\/wp-content\\\/uploads\\\/2020\\\/11\\\/logo-flyer.png\",\"width\":300,\"height\":180,\"caption\":\"First Bolting\"},\"image\":{\"@id\":\"https:\\\/\\\/www.1bolting.com\\\/fr\\\/#\\\/schema\\\/logo\\\/image\\\/\"}}]}<\/script>\n<!-- \/ Yoast SEO plugin. -->","yoast_head_json":{"title":"Visseuse \u00c9lectronique E-RAD BLU - Vente & Location - 1st Bolting","description":"Achetez ou louez la visseuses RAD Torque E-RAD BLU, un mod\u00e8le \u00e9lectronique avec une pr\u00e9cision de + \/ - 1%. Pour des op\u00e9rations pr\u00e9cises avec tra\u00e7abilit\u00e9.","robots":{"index":"index","follow":"follow","max-snippet":"max-snippet:-1","max-image-preview":"max-image-preview:large","max-video-preview":"max-video-preview:-1"},"canonical":"https:\/\/www.1bolting.com\/fr\/visseuses-rad-torque\/e-rad-blu\/","og_locale":"fr_FR","og_type":"article","og_title":"Visseuse \u00c9lectronique E-RAD BLU - Vente & Location - 1st Bolting","og_description":"Achetez ou louez la visseuses RAD Torque E-RAD BLU, un mod\u00e8le \u00e9lectronique avec une pr\u00e9cision de + \/ - 1%. Pour des op\u00e9rations pr\u00e9cises avec tra\u00e7abilit\u00e9.","og_url":"https:\/\/www.1bolting.com\/fr\/visseuses-rad-torque\/e-rad-blu\/","og_site_name":"1st Bolting","article_modified_time":"2022-11-23T12:28:16+00:00","twitter_card":"summary_large_image","twitter_misc":{"Dur\u00e9e de lecture estim\u00e9e":"2 minutes"},"schema":{"@context":"https:\/\/schema.org","@graph":[{"@type":"WebPage","@id":"https:\/\/www.1bolting.com\/fr\/visseuses-rad-torque\/e-rad-blu\/","url":"https:\/\/www.1bolting.com\/fr\/visseuses-rad-torque\/e-rad-blu\/","name":"Visseuse \u00c9lectronique E-RAD BLU - Vente & Location - 1st Bolting","isPartOf":{"@id":"https:\/\/www.1bolting.com\/fr\/#website"},"datePublished":"2022-10-11T13:19:20+00:00","dateModified":"2022-11-23T12:28:16+00:00","description":"Achetez ou louez la visseuses RAD Torque E-RAD BLU, un mod\u00e8le \u00e9lectronique avec une pr\u00e9cision de + \/ - 1%. Pour des op\u00e9rations pr\u00e9cises avec tra\u00e7abilit\u00e9.","breadcrumb":{"@id":"https:\/\/www.1bolting.com\/fr\/visseuses-rad-torque\/e-rad-blu\/#breadcrumb"},"inLanguage":"fr-FR","potentialAction":[{"@type":"ReadAction","target":["https:\/\/www.1bolting.com\/fr\/visseuses-rad-torque\/e-rad-blu\/"]}]},{"@type":"BreadcrumbList","@id":"https:\/\/www.1bolting.com\/fr\/visseuses-rad-torque\/e-rad-blu\/#breadcrumb","itemListElement":[{"@type":"ListItem","position":1,"name":"Accueil","item":"https:\/\/www.1bolting.com\/fr\/"},{"@type":"ListItem","position":2,"name":"Visseuses Rad Torque","item":"https:\/\/www.1bolting.com\/fr\/visseuses-rad-torque\/"},{"@type":"ListItem","position":3,"name":"Visseuse \u00c9lectronique E-RAD BLU"}]},{"@type":"WebSite","@id":"https:\/\/www.1bolting.com\/fr\/#website","url":"https:\/\/www.1bolting.com\/fr\/","name":"1st Bolting","description":"Sp\u00e9cialiste en solutions de serrage","publisher":{"@id":"https:\/\/www.1bolting.com\/fr\/#organization"},"potentialAction":[{"@type":"SearchAction","target":{"@type":"EntryPoint","urlTemplate":"https:\/\/www.1bolting.com\/fr\/?s={search_term_string}"},"query-input":{"@type":"PropertyValueSpecification","valueRequired":true,"valueName":"search_term_string"}}],"inLanguage":"fr-FR"},{"@type":"Organization","@id":"https:\/\/www.1bolting.com\/fr\/#organization","name":"First Bolting","url":"https:\/\/www.1bolting.com\/fr\/","logo":{"@type":"ImageObject","inLanguage":"fr-FR","@id":"https:\/\/www.1bolting.com\/fr\/#\/schema\/logo\/image\/","url":"https:\/\/www.1bolting.com\/wp-content\/uploads\/2020\/11\/logo-flyer.png","contentUrl":"https:\/\/www.1bolting.com\/wp-content\/uploads\/2020\/11\/logo-flyer.png","width":300,"height":180,"caption":"First Bolting"},"image":{"@id":"https:\/\/www.1bolting.com\/fr\/#\/schema\/logo\/image\/"}}]}},"_links":{"self":[{"href":"https:\/\/www.1bolting.com\/fr\/wp-json\/wp\/v2\/pages\/5983","targetHints":{"allow":["GET"]}}],"collection":[{"href":"https:\/\/www.1bolting.com\/fr\/wp-json\/wp\/v2\/pages"}],"about":[{"href":"https:\/\/www.1bolting.com\/fr\/wp-json\/wp\/v2\/types\/page"}],"author":[{"embeddable":true,"href":"https:\/\/www.1bolting.com\/fr\/wp-json\/wp\/v2\/users\/6"}],"replies":[{"embeddable":true,"href":"https:\/\/www.1bolting.com\/fr\/wp-json\/wp\/v2\/comments?post=5983"}],"version-history":[{"count":9,"href":"https:\/\/www.1bolting.com\/fr\/wp-json\/wp\/v2\/pages\/5983\/revisions"}],"predecessor-version":[{"id":6465,"href":"https:\/\/www.1bolting.com\/fr\/wp-json\/wp\/v2\/pages\/5983\/revisions\/6465"}],"up":[{"embeddable":true,"href":"https:\/\/www.1bolting.com\/fr\/wp-json\/wp\/v2\/pages\/5739"}],"wp:attachment":[{"href":"https:\/\/www.1bolting.com\/fr\/wp-json\/wp\/v2\/media?parent=5983"}],"curies":[{"name":"wp","href":"https:\/\/api.w.org\/{rel}","templated":true}]}}