{"id":6701,"date":"2023-10-01T19:00:06","date_gmt":"2023-10-01T18:00:06","guid":{"rendered":"https:\/\/www.1bolting.com\/?page_id=6701"},"modified":"2023-10-29T22:21:19","modified_gmt":"2023-10-29T21:21:19","slug":"cles-hydrauliques-tf-tfx","status":"publish","type":"page","link":"https:\/\/www.1bolting.com\/fr\/outils-de-serrage\/cles-hydrauliques-tf-tfx\/","title":{"rendered":"Cl\u00e9s Hydrauliques Torcflex TF &#038; TFX"},"content":{"rendered":"<h1>Cl\u00e9s hydrauliques Torcflex TF &amp; TFX<\/h1>\n<div class=\"fiche-vente\">Disponible \u00e0 la vente<\/div>\n<p><\/p>\n<h2>D\u00e9couvrez les nouvelles cl\u00e9s dynamom\u00e9triques hydrauliques d&rsquo;Atlas Copco, les cl\u00e9s Torcflex<\/h2>\n<div class=\"fiche-partenaire\"><center>Partenaire de<\/center><img decoding=\"async\" class=\"aligncenter size-full wp-image-2995\" src=\"https:\/\/www.1bolting.com\/wp-content\/uploads\/2020\/11\/logo-atlas-cop-co-partenaire-first-bolting.png\" alt=\"Logo d'Atlas Copco partenaire de First Bolting\" width=\"100\" height=\"48\" \/><\/div>\n<p>First Bolting vous propose les toutes nouvelles cl\u00e9s Torcflex, la derni\u00e8re innovation d&rsquo;Atlas Copco. Elles sont destin\u00e9es aux applications multi-industrielles, et innovent dans plusieurs domaines, afin d&rsquo;apporter rapidit\u00e9, s\u00e9curit\u00e9 et intelligence aux op\u00e9rations des utilisateurs.<\/p>\n<h3>Des cl\u00e9s hydrauliques plus rapides \u00e0 l&rsquo;usage<\/h3>\n<p>Gr\u00e2ce au syst\u00e8me de raccords et de flexible coaxial, les op\u00e9rations sont r\u00e9alis\u00e9es plus rapidement, tout en r\u00e9duisant les efforts n\u00e9cessaires. Cette nouveaut\u00e9 permet notamment un montage pr\u00e8s de quatre fois plus rapide par rapport aux syst\u00e8mes classiques, g\u00e9n\u00e9rant ainsi un gain de productivit\u00e9 et une fatigue moindre pour l&rsquo;op\u00e9rateur.<\/p>\n<p><img decoding=\"async\" class=\"alignnone size-full wp-image-6705\" src=\"https:\/\/www.1bolting.com\/wp-content\/uploads\/2023\/09\/cle-atlas-copco-torcflex-connexion.jpg\" alt=\"Syst\u00e8me de raccords et de flexible coaxial de la cl\u00e9 Torcflex\" width=\"550\" height=\"176\" srcset=\"https:\/\/www.1bolting.com\/wp-content\/uploads\/2023\/09\/cle-atlas-copco-torcflex-connexion.jpg 550w, https:\/\/www.1bolting.com\/wp-content\/uploads\/2023\/09\/cle-atlas-copco-torcflex-connexion-300x96.jpg 300w\" sizes=\"(max-width: 550px) 100vw, 550px\" \/><\/p>\n<h3>Des cl\u00e9s plus s\u00e9curisantes<\/h3>\n<p>Le bras de r\u00e9action est fix\u00e9 \u00e0 la cl\u00e9. Ainsi, fini les risques de chute ! Par ailleurs, les raccords et flexibles coaxiaux pr\u00e9sentent l&rsquo;avantage de r\u00e9duire les risques de fuite et de pincement tout en pr\u00e9sentant un gain de temps li\u00e9 \u00e0 la r\u00e9duction du temps pass\u00e9 \u00e0 manipuler les raccords viss\u00e9s.<\/p>\n<h3>A carr\u00e9 d&rsquo;entra\u00eenement (TF), ou \u00e0 cassette (TFX), \u00e0 vous de choisir<\/h3>\n<p>Les cl\u00e9s hydrauliques dynamom\u00e9triques Torcflex existent en deux versions : \u00e0 carr\u00e9 d&rsquo;entra\u00eenement (mod\u00e8les TF) ou \u00e0 cassette (mod\u00e8les TFX).<\/p>\n<p>Les cl\u00e9s Torcflex TF \u00e0 carr\u00e9 d&rsquo;entra\u00eenement sont destin\u00e9es aux applications les plus minutieuses. Solidit\u00e9, puissance et pr\u00e9cision sont au rendez-vous pour des applications multi-industrielles.<\/p>\n<p>Quant aux cl\u00e9s Torcflex TFX \u00e0 cassette, elles sont conseill\u00e9es pour les applications \u00e0 faible d\u00e9gagement exigeant une pr\u00e9cision de couple \u00e9lev\u00e9e. Les cassettes \u00e0 cliquet RTX sont compatibles avec ce nouveau mod\u00e8le.<\/p>\n<h3>Les avantages des cl\u00e9s Torcflex en r\u00e9sum\u00e9<\/h3>\n<ul>\n<li style=\"padding: 7px;\"><b>Une plus grande s\u00e9curit\u00e9 <\/b>(chutes et accidents \u00e9vit\u00e9s) : bras de r\u00e9action solidaire de la cl\u00e9, dispositif de retenue int\u00e9gr\u00e9 au carr\u00e9 d&rsquo;entra\u00eenement, syst\u00e8me de raccords et de flexible coaxial<\/li>\n<li style=\"padding: 7px;\"><b>Une maniabilit\u00e9 am\u00e9lior\u00e9e<\/b> : flexible coaxial (plus de flexibles jumel\u00e9s, un seul suffit), poign\u00e9e ergonomique avec douze positions d&rsquo;indexation par rapport \u00e0 l&rsquo;application, goupille de retenue int\u00e9gr\u00e9e (changement de cassette plus efficace)<\/li>\n<li style=\"padding: 7px;\"><strong>Deux fa\u00e7ons de proc\u00e9der au serrage<\/strong> : cl\u00e9 \u00e0 carr\u00e9 d&rsquo;entra\u00eenement ou cl\u00e9 \u00e0 cassette<\/li>\n<\/ul>\n","protected":false},"excerpt":{"rendered":"<p>Cl\u00e9s hydrauliques Torcflex TF &amp; TFX Disponible \u00e0 la vente D\u00e9couvrez les nouvelles cl\u00e9s dynamom\u00e9triques hydrauliques d&rsquo;Atlas Copco, les cl\u00e9s Torcflex Partenaire de First Bolting vous propose les toutes nouvelles cl\u00e9s Torcflex, la derni\u00e8re innovation d&rsquo;Atlas Copco. Elles sont destin\u00e9es aux applications multi-industrielles, et innovent dans plusieurs domaines, afin d&rsquo;apporter rapidit\u00e9, s\u00e9curit\u00e9 et intelligence aux &hellip; <a href=\"https:\/\/www.1bolting.com\/fr\/outils-de-serrage\/cles-hydrauliques-tf-tfx\/\">Continued<\/a><\/p>\n","protected":false},"author":6,"featured_media":0,"parent":7,"menu_order":0,"comment_status":"closed","ping_status":"closed","template":"sub-nav-page-produit.php","meta":{"_acf_changed":false,"footnotes":""},"class_list":["post-6701","page","type-page","status-publish","hentry","product_type-product"],"acf":[],"yoast_head":"<!-- This site is optimized with the Yoast SEO plugin v27.4 - https:\/\/yoast.com\/product\/yoast-seo-wordpress\/ -->\n<title>Cl\u00e9s Hydrauliques Torcflex TF &amp; TFX - Sp\u00e9cialistes en Serrage Industriel<\/title>\n<meta name=\"description\" content=\"First Bolting vous propose les nouvelles cl\u00e9s hydrauliques dynamom\u00e9triques Torcflex d&#039;Atlas Copco. Disponibles \u00e0 la vente. Devis sur demande.\" \/>\n<meta name=\"robots\" content=\"index, follow, max-snippet:-1, max-image-preview:large, max-video-preview:-1\" \/>\n<link rel=\"canonical\" href=\"https:\/\/www.1bolting.com\/fr\/outils-de-serrage\/cles-hydrauliques-tf-tfx\/\" \/>\n<meta property=\"og:locale\" content=\"fr_FR\" \/>\n<meta property=\"og:type\" content=\"article\" \/>\n<meta property=\"og:title\" content=\"Cl\u00e9s Hydrauliques Torcflex TF &amp; TFX - Sp\u00e9cialistes en Serrage Industriel\" \/>\n<meta property=\"og:description\" content=\"First Bolting vous propose les nouvelles cl\u00e9s hydrauliques dynamom\u00e9triques Torcflex d&#039;Atlas Copco. Disponibles \u00e0 la vente. Devis sur demande.\" \/>\n<meta property=\"og:url\" content=\"https:\/\/www.1bolting.com\/fr\/outils-de-serrage\/cles-hydrauliques-tf-tfx\/\" \/>\n<meta property=\"og:site_name\" content=\"1st Bolting\" \/>\n<meta property=\"article:modified_time\" content=\"2023-10-29T21:21:19+00:00\" \/>\n<meta property=\"og:image\" content=\"https:\/\/www.1bolting.com\/wp-content\/uploads\/2020\/11\/logo-atlas-cop-co-partenaire-first-bolting.png\" \/>\n<meta name=\"twitter:card\" content=\"summary_large_image\" \/>\n<meta name=\"twitter:label1\" content=\"Dur\u00e9e de lecture estim\u00e9e\" \/>\n\t<meta name=\"twitter:data1\" content=\"3 minutes\" \/>\n<script type=\"application\/ld+json\" class=\"yoast-schema-graph\">{\"@context\":\"https:\\\/\\\/schema.org\",\"@graph\":[{\"@type\":\"WebPage\",\"@id\":\"https:\\\/\\\/www.1bolting.com\\\/fr\\\/outils-de-serrage\\\/cles-hydrauliques-tf-tfx\\\/\",\"url\":\"https:\\\/\\\/www.1bolting.com\\\/fr\\\/outils-de-serrage\\\/cles-hydrauliques-tf-tfx\\\/\",\"name\":\"Cl\u00e9s Hydrauliques Torcflex TF & TFX - Sp\u00e9cialistes en Serrage Industriel\",\"isPartOf\":{\"@id\":\"https:\\\/\\\/www.1bolting.com\\\/fr\\\/#website\"},\"primaryImageOfPage\":{\"@id\":\"https:\\\/\\\/www.1bolting.com\\\/fr\\\/outils-de-serrage\\\/cles-hydrauliques-tf-tfx\\\/#primaryimage\"},\"image\":{\"@id\":\"https:\\\/\\\/www.1bolting.com\\\/fr\\\/outils-de-serrage\\\/cles-hydrauliques-tf-tfx\\\/#primaryimage\"},\"thumbnailUrl\":\"https:\\\/\\\/www.1bolting.com\\\/wp-content\\\/uploads\\\/2020\\\/11\\\/logo-atlas-cop-co-partenaire-first-bolting.png\",\"datePublished\":\"2023-10-01T18:00:06+00:00\",\"dateModified\":\"2023-10-29T21:21:19+00:00\",\"description\":\"First Bolting vous propose les nouvelles cl\u00e9s hydrauliques dynamom\u00e9triques Torcflex d'Atlas Copco. Disponibles \u00e0 la vente. Devis sur demande.\",\"breadcrumb\":{\"@id\":\"https:\\\/\\\/www.1bolting.com\\\/fr\\\/outils-de-serrage\\\/cles-hydrauliques-tf-tfx\\\/#breadcrumb\"},\"inLanguage\":\"fr-FR\",\"potentialAction\":[{\"@type\":\"ReadAction\",\"target\":[\"https:\\\/\\\/www.1bolting.com\\\/fr\\\/outils-de-serrage\\\/cles-hydrauliques-tf-tfx\\\/\"]}]},{\"@type\":\"ImageObject\",\"inLanguage\":\"fr-FR\",\"@id\":\"https:\\\/\\\/www.1bolting.com\\\/fr\\\/outils-de-serrage\\\/cles-hydrauliques-tf-tfx\\\/#primaryimage\",\"url\":\"https:\\\/\\\/www.1bolting.com\\\/wp-content\\\/uploads\\\/2020\\\/11\\\/logo-atlas-cop-co-partenaire-first-bolting.png\",\"contentUrl\":\"https:\\\/\\\/www.1bolting.com\\\/wp-content\\\/uploads\\\/2020\\\/11\\\/logo-atlas-cop-co-partenaire-first-bolting.png\"},{\"@type\":\"BreadcrumbList\",\"@id\":\"https:\\\/\\\/www.1bolting.com\\\/fr\\\/outils-de-serrage\\\/cles-hydrauliques-tf-tfx\\\/#breadcrumb\",\"itemListElement\":[{\"@type\":\"ListItem\",\"position\":1,\"name\":\"Accueil\",\"item\":\"https:\\\/\\\/www.1bolting.com\\\/fr\\\/\"},{\"@type\":\"ListItem\",\"position\":2,\"name\":\"Outils de Serrage\",\"item\":\"https:\\\/\\\/www.1bolting.com\\\/fr\\\/outils-de-serrage\\\/\"},{\"@type\":\"ListItem\",\"position\":3,\"name\":\"Cl\u00e9s Hydrauliques Torcflex TF &#038; TFX\"}]},{\"@type\":\"WebSite\",\"@id\":\"https:\\\/\\\/www.1bolting.com\\\/fr\\\/#website\",\"url\":\"https:\\\/\\\/www.1bolting.com\\\/fr\\\/\",\"name\":\"1st Bolting\",\"description\":\"Sp\u00e9cialiste en solutions de serrage\",\"publisher\":{\"@id\":\"https:\\\/\\\/www.1bolting.com\\\/fr\\\/#organization\"},\"potentialAction\":[{\"@type\":\"SearchAction\",\"target\":{\"@type\":\"EntryPoint\",\"urlTemplate\":\"https:\\\/\\\/www.1bolting.com\\\/fr\\\/?s={search_term_string}\"},\"query-input\":{\"@type\":\"PropertyValueSpecification\",\"valueRequired\":true,\"valueName\":\"search_term_string\"}}],\"inLanguage\":\"fr-FR\"},{\"@type\":\"Organization\",\"@id\":\"https:\\\/\\\/www.1bolting.com\\\/fr\\\/#organization\",\"name\":\"First Bolting\",\"url\":\"https:\\\/\\\/www.1bolting.com\\\/fr\\\/\",\"logo\":{\"@type\":\"ImageObject\",\"inLanguage\":\"fr-FR\",\"@id\":\"https:\\\/\\\/www.1bolting.com\\\/fr\\\/#\\\/schema\\\/logo\\\/image\\\/\",\"url\":\"https:\\\/\\\/www.1bolting.com\\\/wp-content\\\/uploads\\\/2020\\\/11\\\/logo-flyer.png\",\"contentUrl\":\"https:\\\/\\\/www.1bolting.com\\\/wp-content\\\/uploads\\\/2020\\\/11\\\/logo-flyer.png\",\"width\":300,\"height\":180,\"caption\":\"First Bolting\"},\"image\":{\"@id\":\"https:\\\/\\\/www.1bolting.com\\\/fr\\\/#\\\/schema\\\/logo\\\/image\\\/\"}}]}<\/script>\n<!-- \/ Yoast SEO plugin. -->","yoast_head_json":{"title":"Cl\u00e9s Hydrauliques Torcflex TF & TFX - Sp\u00e9cialistes en Serrage Industriel","description":"First Bolting vous propose les nouvelles cl\u00e9s hydrauliques dynamom\u00e9triques Torcflex d'Atlas Copco. Disponibles \u00e0 la vente. Devis sur demande.","robots":{"index":"index","follow":"follow","max-snippet":"max-snippet:-1","max-image-preview":"max-image-preview:large","max-video-preview":"max-video-preview:-1"},"canonical":"https:\/\/www.1bolting.com\/fr\/outils-de-serrage\/cles-hydrauliques-tf-tfx\/","og_locale":"fr_FR","og_type":"article","og_title":"Cl\u00e9s Hydrauliques Torcflex TF & TFX - Sp\u00e9cialistes en Serrage Industriel","og_description":"First Bolting vous propose les nouvelles cl\u00e9s hydrauliques dynamom\u00e9triques Torcflex d'Atlas Copco. Disponibles \u00e0 la vente. Devis sur demande.","og_url":"https:\/\/www.1bolting.com\/fr\/outils-de-serrage\/cles-hydrauliques-tf-tfx\/","og_site_name":"1st Bolting","article_modified_time":"2023-10-29T21:21:19+00:00","og_image":[{"url":"https:\/\/www.1bolting.com\/wp-content\/uploads\/2020\/11\/logo-atlas-cop-co-partenaire-first-bolting.png","type":"","width":"","height":""}],"twitter_card":"summary_large_image","twitter_misc":{"Dur\u00e9e de lecture estim\u00e9e":"3 minutes"},"schema":{"@context":"https:\/\/schema.org","@graph":[{"@type":"WebPage","@id":"https:\/\/www.1bolting.com\/fr\/outils-de-serrage\/cles-hydrauliques-tf-tfx\/","url":"https:\/\/www.1bolting.com\/fr\/outils-de-serrage\/cles-hydrauliques-tf-tfx\/","name":"Cl\u00e9s Hydrauliques Torcflex TF & TFX - Sp\u00e9cialistes en Serrage Industriel","isPartOf":{"@id":"https:\/\/www.1bolting.com\/fr\/#website"},"primaryImageOfPage":{"@id":"https:\/\/www.1bolting.com\/fr\/outils-de-serrage\/cles-hydrauliques-tf-tfx\/#primaryimage"},"image":{"@id":"https:\/\/www.1bolting.com\/fr\/outils-de-serrage\/cles-hydrauliques-tf-tfx\/#primaryimage"},"thumbnailUrl":"https:\/\/www.1bolting.com\/wp-content\/uploads\/2020\/11\/logo-atlas-cop-co-partenaire-first-bolting.png","datePublished":"2023-10-01T18:00:06+00:00","dateModified":"2023-10-29T21:21:19+00:00","description":"First Bolting vous propose les nouvelles cl\u00e9s hydrauliques dynamom\u00e9triques Torcflex d'Atlas Copco. Disponibles \u00e0 la vente. Devis sur demande.","breadcrumb":{"@id":"https:\/\/www.1bolting.com\/fr\/outils-de-serrage\/cles-hydrauliques-tf-tfx\/#breadcrumb"},"inLanguage":"fr-FR","potentialAction":[{"@type":"ReadAction","target":["https:\/\/www.1bolting.com\/fr\/outils-de-serrage\/cles-hydrauliques-tf-tfx\/"]}]},{"@type":"ImageObject","inLanguage":"fr-FR","@id":"https:\/\/www.1bolting.com\/fr\/outils-de-serrage\/cles-hydrauliques-tf-tfx\/#primaryimage","url":"https:\/\/www.1bolting.com\/wp-content\/uploads\/2020\/11\/logo-atlas-cop-co-partenaire-first-bolting.png","contentUrl":"https:\/\/www.1bolting.com\/wp-content\/uploads\/2020\/11\/logo-atlas-cop-co-partenaire-first-bolting.png"},{"@type":"BreadcrumbList","@id":"https:\/\/www.1bolting.com\/fr\/outils-de-serrage\/cles-hydrauliques-tf-tfx\/#breadcrumb","itemListElement":[{"@type":"ListItem","position":1,"name":"Accueil","item":"https:\/\/www.1bolting.com\/fr\/"},{"@type":"ListItem","position":2,"name":"Outils de Serrage","item":"https:\/\/www.1bolting.com\/fr\/outils-de-serrage\/"},{"@type":"ListItem","position":3,"name":"Cl\u00e9s Hydrauliques Torcflex TF &#038; TFX"}]},{"@type":"WebSite","@id":"https:\/\/www.1bolting.com\/fr\/#website","url":"https:\/\/www.1bolting.com\/fr\/","name":"1st Bolting","description":"Sp\u00e9cialiste en solutions de serrage","publisher":{"@id":"https:\/\/www.1bolting.com\/fr\/#organization"},"potentialAction":[{"@type":"SearchAction","target":{"@type":"EntryPoint","urlTemplate":"https:\/\/www.1bolting.com\/fr\/?s={search_term_string}"},"query-input":{"@type":"PropertyValueSpecification","valueRequired":true,"valueName":"search_term_string"}}],"inLanguage":"fr-FR"},{"@type":"Organization","@id":"https:\/\/www.1bolting.com\/fr\/#organization","name":"First Bolting","url":"https:\/\/www.1bolting.com\/fr\/","logo":{"@type":"ImageObject","inLanguage":"fr-FR","@id":"https:\/\/www.1bolting.com\/fr\/#\/schema\/logo\/image\/","url":"https:\/\/www.1bolting.com\/wp-content\/uploads\/2020\/11\/logo-flyer.png","contentUrl":"https:\/\/www.1bolting.com\/wp-content\/uploads\/2020\/11\/logo-flyer.png","width":300,"height":180,"caption":"First Bolting"},"image":{"@id":"https:\/\/www.1bolting.com\/fr\/#\/schema\/logo\/image\/"}}]}},"_links":{"self":[{"href":"https:\/\/www.1bolting.com\/fr\/wp-json\/wp\/v2\/pages\/6701","targetHints":{"allow":["GET"]}}],"collection":[{"href":"https:\/\/www.1bolting.com\/fr\/wp-json\/wp\/v2\/pages"}],"about":[{"href":"https:\/\/www.1bolting.com\/fr\/wp-json\/wp\/v2\/types\/page"}],"author":[{"embeddable":true,"href":"https:\/\/www.1bolting.com\/fr\/wp-json\/wp\/v2\/users\/6"}],"replies":[{"embeddable":true,"href":"https:\/\/www.1bolting.com\/fr\/wp-json\/wp\/v2\/comments?post=6701"}],"version-history":[{"count":26,"href":"https:\/\/www.1bolting.com\/fr\/wp-json\/wp\/v2\/pages\/6701\/revisions"}],"predecessor-version":[{"id":6840,"href":"https:\/\/www.1bolting.com\/fr\/wp-json\/wp\/v2\/pages\/6701\/revisions\/6840"}],"up":[{"embeddable":true,"href":"https:\/\/www.1bolting.com\/fr\/wp-json\/wp\/v2\/pages\/7"}],"wp:attachment":[{"href":"https:\/\/www.1bolting.com\/fr\/wp-json\/wp\/v2\/media?parent=6701"}],"curies":[{"name":"wp","href":"https:\/\/api.w.org\/{rel}","templated":true}]}}