{"id":6758,"date":"2023-10-08T20:13:55","date_gmt":"2023-10-08T19:13:55","guid":{"rendered":"https:\/\/www.1bolting.com\/?page_id=6758"},"modified":"2023-10-29T22:24:37","modified_gmt":"2023-10-29T21:24:37","slug":"cle-a-frapper","status":"publish","type":"page","link":"https:\/\/www.1bolting.com\/fr\/outils-de-serrage\/cle-a-frapper\/","title":{"rendered":"Cl\u00e9 \u00e0 frapper"},"content":{"rendered":"<h1>Cl\u00e9 \u00e0 frapper<\/h1>\n<div class=\"fiche-vente-location\">\n<div class=\"fiche-vente\">Disponible \u00e0 la vente<\/div>\n<\/div>\n<h2>First Bolting vous propose de nombreux mod\u00e8les de cl\u00e9s \u00e0 frapper \u00e0 usage industriel de la marque Ega Master<\/h2>\n<h3>Faites le choix de la qualit\u00e9 premium<\/h3>\n<p>Les <strong>cl\u00e9s \u00e0 frapper de s\u00e9curit\u00e9<\/strong> sont un nouveau type de cl\u00e9s \u00e0 frapper qui r\u00e9duit les risques de blessures aux mains et aux doigts, et peut \u00eatre utilis\u00e9e en toute s\u00e9curit\u00e9 lors de travaux en hauteur.<\/p>\n<p>La cl\u00e9 \u00e0 frapper <strong>Total Safety<\/strong> comprend un joint torique de s\u00e9curit\u00e9 qui s&rsquo;enroule autour de l&rsquo;\u00e9crou, augmentant la friction et minimisant tout jeu entre la cl\u00e9 et l&rsquo;\u00e9crou. En cons\u00e9quence, la cl\u00e9 peut \u00eatre utilis\u00e9e sans avoir besoin d\u2019utiliser une main pour la maintenir en place, \u00e9liminant ainsi tout risque de blessure.<\/p>\n<p>De plus, la manille int\u00e9gr\u00e9e permet d\u2019attacher la cl\u00e9 et d\u2019\u00e9viter toute chute, une priorit\u00e9 pour vos chantiers et votre s\u00e9curit\u00e9 !<\/p>\n<p><iframe title=\"Cl\u00e9s \u00e0 frapper  - First Bolting\" width=\"500\" height=\"281\" src=\"https:\/\/www.youtube.com\/embed\/BYdHr4vf0IE?feature=oembed\" frameborder=\"0\" allow=\"accelerometer; autoplay; clipboard-write; encrypted-media; gyroscope; picture-in-picture; web-share\" referrerpolicy=\"strict-origin-when-cross-origin\" allowfullscreen><\/iframe><\/p>\n","protected":false},"excerpt":{"rendered":"<p>Cl\u00e9 \u00e0 frapper Disponible \u00e0 la vente First Bolting vous propose de nombreux mod\u00e8les de cl\u00e9s \u00e0 frapper \u00e0 usage industriel de la marque Ega Master Faites le choix de la qualit\u00e9 premium Les cl\u00e9s \u00e0 frapper de s\u00e9curit\u00e9 sont un nouveau type de cl\u00e9s \u00e0 frapper qui r\u00e9duit les risques de blessures aux mains &hellip; <a href=\"https:\/\/www.1bolting.com\/fr\/outils-de-serrage\/cle-a-frapper\/\">Continued<\/a><\/p>\n","protected":false},"author":6,"featured_media":0,"parent":7,"menu_order":0,"comment_status":"closed","ping_status":"closed","template":"sub-nav-page-produit.php","meta":{"_acf_changed":false,"footnotes":""},"class_list":["post-6758","page","type-page","status-publish","hentry","product_type-product"],"acf":[],"yoast_head":"<!-- This site is optimized with the Yoast SEO plugin v27.4 - https:\/\/yoast.com\/product\/yoast-seo-wordpress\/ -->\n<title>Cl\u00e9 \u00e0 Frapper \u00e0 Usage Industriel - 1st Bolting<\/title>\n<meta name=\"description\" content=\"Les cl\u00e9s \u00e0 frapper Ega Master sont disponibles chez First Bolting. Elles sont con\u00e7ues pour un usage en milieu industriel. Contactez-nous.\" \/>\n<meta name=\"robots\" content=\"index, follow, max-snippet:-1, max-image-preview:large, max-video-preview:-1\" \/>\n<link rel=\"canonical\" href=\"https:\/\/www.1bolting.com\/fr\/outils-de-serrage\/cle-a-frapper\/\" \/>\n<meta property=\"og:locale\" content=\"fr_FR\" \/>\n<meta property=\"og:type\" content=\"article\" \/>\n<meta property=\"og:title\" content=\"Cl\u00e9 \u00e0 Frapper \u00e0 Usage Industriel - 1st Bolting\" \/>\n<meta property=\"og:description\" content=\"Les cl\u00e9s \u00e0 frapper Ega Master sont disponibles chez First Bolting. Elles sont con\u00e7ues pour un usage en milieu industriel. Contactez-nous.\" \/>\n<meta property=\"og:url\" content=\"https:\/\/www.1bolting.com\/fr\/outils-de-serrage\/cle-a-frapper\/\" \/>\n<meta property=\"og:site_name\" content=\"1st Bolting\" \/>\n<meta property=\"article:modified_time\" content=\"2023-10-29T21:24:37+00:00\" \/>\n<meta name=\"twitter:card\" content=\"summary_large_image\" \/>\n<meta name=\"twitter:label1\" content=\"Dur\u00e9e de lecture estim\u00e9e\" \/>\n\t<meta name=\"twitter:data1\" content=\"1 minute\" \/>\n<script type=\"application\/ld+json\" class=\"yoast-schema-graph\">{\"@context\":\"https:\\\/\\\/schema.org\",\"@graph\":[{\"@type\":\"WebPage\",\"@id\":\"https:\\\/\\\/www.1bolting.com\\\/fr\\\/outils-de-serrage\\\/cle-a-frapper\\\/\",\"url\":\"https:\\\/\\\/www.1bolting.com\\\/fr\\\/outils-de-serrage\\\/cle-a-frapper\\\/\",\"name\":\"Cl\u00e9 \u00e0 Frapper \u00e0 Usage Industriel - 1st Bolting\",\"isPartOf\":{\"@id\":\"https:\\\/\\\/www.1bolting.com\\\/fr\\\/#website\"},\"datePublished\":\"2023-10-08T19:13:55+00:00\",\"dateModified\":\"2023-10-29T21:24:37+00:00\",\"description\":\"Les cl\u00e9s \u00e0 frapper Ega Master sont disponibles chez First Bolting. Elles sont con\u00e7ues pour un usage en milieu industriel. Contactez-nous.\",\"breadcrumb\":{\"@id\":\"https:\\\/\\\/www.1bolting.com\\\/fr\\\/outils-de-serrage\\\/cle-a-frapper\\\/#breadcrumb\"},\"inLanguage\":\"fr-FR\",\"potentialAction\":[{\"@type\":\"ReadAction\",\"target\":[\"https:\\\/\\\/www.1bolting.com\\\/fr\\\/outils-de-serrage\\\/cle-a-frapper\\\/\"]}]},{\"@type\":\"BreadcrumbList\",\"@id\":\"https:\\\/\\\/www.1bolting.com\\\/fr\\\/outils-de-serrage\\\/cle-a-frapper\\\/#breadcrumb\",\"itemListElement\":[{\"@type\":\"ListItem\",\"position\":1,\"name\":\"Accueil\",\"item\":\"https:\\\/\\\/www.1bolting.com\\\/fr\\\/\"},{\"@type\":\"ListItem\",\"position\":2,\"name\":\"Outils de Serrage\",\"item\":\"https:\\\/\\\/www.1bolting.com\\\/fr\\\/outils-de-serrage\\\/\"},{\"@type\":\"ListItem\",\"position\":3,\"name\":\"Cl\u00e9 \u00e0 frapper\"}]},{\"@type\":\"WebSite\",\"@id\":\"https:\\\/\\\/www.1bolting.com\\\/fr\\\/#website\",\"url\":\"https:\\\/\\\/www.1bolting.com\\\/fr\\\/\",\"name\":\"1st Bolting\",\"description\":\"Sp\u00e9cialiste en solutions de serrage\",\"publisher\":{\"@id\":\"https:\\\/\\\/www.1bolting.com\\\/fr\\\/#organization\"},\"potentialAction\":[{\"@type\":\"SearchAction\",\"target\":{\"@type\":\"EntryPoint\",\"urlTemplate\":\"https:\\\/\\\/www.1bolting.com\\\/fr\\\/?s={search_term_string}\"},\"query-input\":{\"@type\":\"PropertyValueSpecification\",\"valueRequired\":true,\"valueName\":\"search_term_string\"}}],\"inLanguage\":\"fr-FR\"},{\"@type\":\"Organization\",\"@id\":\"https:\\\/\\\/www.1bolting.com\\\/fr\\\/#organization\",\"name\":\"First Bolting\",\"url\":\"https:\\\/\\\/www.1bolting.com\\\/fr\\\/\",\"logo\":{\"@type\":\"ImageObject\",\"inLanguage\":\"fr-FR\",\"@id\":\"https:\\\/\\\/www.1bolting.com\\\/fr\\\/#\\\/schema\\\/logo\\\/image\\\/\",\"url\":\"https:\\\/\\\/www.1bolting.com\\\/wp-content\\\/uploads\\\/2020\\\/11\\\/logo-flyer.png\",\"contentUrl\":\"https:\\\/\\\/www.1bolting.com\\\/wp-content\\\/uploads\\\/2020\\\/11\\\/logo-flyer.png\",\"width\":300,\"height\":180,\"caption\":\"First Bolting\"},\"image\":{\"@id\":\"https:\\\/\\\/www.1bolting.com\\\/fr\\\/#\\\/schema\\\/logo\\\/image\\\/\"}}]}<\/script>\n<!-- \/ Yoast SEO plugin. -->","yoast_head_json":{"title":"Cl\u00e9 \u00e0 Frapper \u00e0 Usage Industriel - 1st Bolting","description":"Les cl\u00e9s \u00e0 frapper Ega Master sont disponibles chez First Bolting. Elles sont con\u00e7ues pour un usage en milieu industriel. Contactez-nous.","robots":{"index":"index","follow":"follow","max-snippet":"max-snippet:-1","max-image-preview":"max-image-preview:large","max-video-preview":"max-video-preview:-1"},"canonical":"https:\/\/www.1bolting.com\/fr\/outils-de-serrage\/cle-a-frapper\/","og_locale":"fr_FR","og_type":"article","og_title":"Cl\u00e9 \u00e0 Frapper \u00e0 Usage Industriel - 1st Bolting","og_description":"Les cl\u00e9s \u00e0 frapper Ega Master sont disponibles chez First Bolting. Elles sont con\u00e7ues pour un usage en milieu industriel. Contactez-nous.","og_url":"https:\/\/www.1bolting.com\/fr\/outils-de-serrage\/cle-a-frapper\/","og_site_name":"1st Bolting","article_modified_time":"2023-10-29T21:24:37+00:00","twitter_card":"summary_large_image","twitter_misc":{"Dur\u00e9e de lecture estim\u00e9e":"1 minute"},"schema":{"@context":"https:\/\/schema.org","@graph":[{"@type":"WebPage","@id":"https:\/\/www.1bolting.com\/fr\/outils-de-serrage\/cle-a-frapper\/","url":"https:\/\/www.1bolting.com\/fr\/outils-de-serrage\/cle-a-frapper\/","name":"Cl\u00e9 \u00e0 Frapper \u00e0 Usage Industriel - 1st Bolting","isPartOf":{"@id":"https:\/\/www.1bolting.com\/fr\/#website"},"datePublished":"2023-10-08T19:13:55+00:00","dateModified":"2023-10-29T21:24:37+00:00","description":"Les cl\u00e9s \u00e0 frapper Ega Master sont disponibles chez First Bolting. Elles sont con\u00e7ues pour un usage en milieu industriel. Contactez-nous.","breadcrumb":{"@id":"https:\/\/www.1bolting.com\/fr\/outils-de-serrage\/cle-a-frapper\/#breadcrumb"},"inLanguage":"fr-FR","potentialAction":[{"@type":"ReadAction","target":["https:\/\/www.1bolting.com\/fr\/outils-de-serrage\/cle-a-frapper\/"]}]},{"@type":"BreadcrumbList","@id":"https:\/\/www.1bolting.com\/fr\/outils-de-serrage\/cle-a-frapper\/#breadcrumb","itemListElement":[{"@type":"ListItem","position":1,"name":"Accueil","item":"https:\/\/www.1bolting.com\/fr\/"},{"@type":"ListItem","position":2,"name":"Outils de Serrage","item":"https:\/\/www.1bolting.com\/fr\/outils-de-serrage\/"},{"@type":"ListItem","position":3,"name":"Cl\u00e9 \u00e0 frapper"}]},{"@type":"WebSite","@id":"https:\/\/www.1bolting.com\/fr\/#website","url":"https:\/\/www.1bolting.com\/fr\/","name":"1st Bolting","description":"Sp\u00e9cialiste en solutions de serrage","publisher":{"@id":"https:\/\/www.1bolting.com\/fr\/#organization"},"potentialAction":[{"@type":"SearchAction","target":{"@type":"EntryPoint","urlTemplate":"https:\/\/www.1bolting.com\/fr\/?s={search_term_string}"},"query-input":{"@type":"PropertyValueSpecification","valueRequired":true,"valueName":"search_term_string"}}],"inLanguage":"fr-FR"},{"@type":"Organization","@id":"https:\/\/www.1bolting.com\/fr\/#organization","name":"First Bolting","url":"https:\/\/www.1bolting.com\/fr\/","logo":{"@type":"ImageObject","inLanguage":"fr-FR","@id":"https:\/\/www.1bolting.com\/fr\/#\/schema\/logo\/image\/","url":"https:\/\/www.1bolting.com\/wp-content\/uploads\/2020\/11\/logo-flyer.png","contentUrl":"https:\/\/www.1bolting.com\/wp-content\/uploads\/2020\/11\/logo-flyer.png","width":300,"height":180,"caption":"First Bolting"},"image":{"@id":"https:\/\/www.1bolting.com\/fr\/#\/schema\/logo\/image\/"}}]}},"_links":{"self":[{"href":"https:\/\/www.1bolting.com\/fr\/wp-json\/wp\/v2\/pages\/6758","targetHints":{"allow":["GET"]}}],"collection":[{"href":"https:\/\/www.1bolting.com\/fr\/wp-json\/wp\/v2\/pages"}],"about":[{"href":"https:\/\/www.1bolting.com\/fr\/wp-json\/wp\/v2\/types\/page"}],"author":[{"embeddable":true,"href":"https:\/\/www.1bolting.com\/fr\/wp-json\/wp\/v2\/users\/6"}],"replies":[{"embeddable":true,"href":"https:\/\/www.1bolting.com\/fr\/wp-json\/wp\/v2\/comments?post=6758"}],"version-history":[{"count":6,"href":"https:\/\/www.1bolting.com\/fr\/wp-json\/wp\/v2\/pages\/6758\/revisions"}],"predecessor-version":[{"id":6844,"href":"https:\/\/www.1bolting.com\/fr\/wp-json\/wp\/v2\/pages\/6758\/revisions\/6844"}],"up":[{"embeddable":true,"href":"https:\/\/www.1bolting.com\/fr\/wp-json\/wp\/v2\/pages\/7"}],"wp:attachment":[{"href":"https:\/\/www.1bolting.com\/fr\/wp-json\/wp\/v2\/media?parent=6758"}],"curies":[{"name":"wp","href":"https:\/\/api.w.org\/{rel}","templated":true}]}}