{"id":948,"date":"2016-07-12T08:39:51","date_gmt":"2016-07-12T07:39:51","guid":{"rendered":"https:\/\/www.1bolting.com\/?page_id=948"},"modified":"2021-05-18T12:51:03","modified_gmt":"2021-05-18T11:51:03","slug":"visseuse-dynamometrique","status":"publish","type":"page","link":"https:\/\/www.1bolting.com\/fr\/outils-de-serrage\/visseuse-dynamometrique\/","title":{"rendered":"Visseuse \u00e9lectrique dynamome\u0301trique"},"content":{"rendered":"<h1>Visseuse \u00e9lectrique dynamome\u0301trique couple &amp; angle<\/h1>\n<div class=\"fiche-vente-location\">\n<div class=\"fiche-vente\">Disponible \u00e0 la vente<\/div>\n<div class=\"fiche-location\">Disponible \u00e0 la location<\/div>\n<\/div>\n<h2>Le serrage contr\u00f4l\u00e9 \u00e0 port\u00e9e de vos doigts ! Quelle que\u00a0soit votre industrie, si vos op\u00e9rations consistent \u00e0 serrer des tiges et vis jusque 8000 Nm, les visseuses l\u00e9g\u00e8res et compactes Elektro Master vous aideront \u00e0 augmenter votre productivit\u00e9<\/h2>\n<p>Nous proposons les mod\u00e8les EMEG et EMEGW, des <strong>visseuses dynamom\u00e9triques<\/strong> de qualit\u00e9 allemande destin\u00e9es au serrage au couple dans un contexte industriel.<br \/>\nCes versions filaires sont tr\u00e8s pratiques, gr\u00e2ce au r\u00e9glage couple\/angle qui s&rsquo;effectue via l&rsquo;\u00e9cran LED, int\u00e9gr\u00e9 \u00e0 la visseuse. Par ailleurs, elles sont tr\u00e8s simples \u00e0 utiliser &#8211; il ne faut pas plus d&rsquo;une minute pour la prise en main.<\/p>\n<h3>Principales caract\u00e9ristiques de nos visseuses dynamom\u00e9triques couple et angle<\/h3>\n<ul>\n<li>Mod\u00e8les droits et \u00e0 renvoi d\u2019angle<\/li>\n<li>Mod\u00e8le sp\u00e9cial pour \u00e9changeurs \u00e0 plaques<\/li>\n<li>R\u00e9glage couple\/angle via \u00e9cran LED directement sur la visseuse<\/li>\n<li>Pr\u00e9-s\u00e9lections programmables<\/li>\n<li>Excellente accessibilit\u00e9, haute pr\u00e9cision<\/li>\n<li>Flexible et s\u00fbre<\/li>\n<li>Ergonomique et facile d\u2019utilisation<\/li>\n<\/ul>\n<p>En compl\u00e9ment, nous pouvons \u00e9galement vous fournir des <a href=\"https:\/\/www.1bolting.com\/fr\/outils-de-serrage\/douilles-a-chocs\/\">douilles \u00e0 chocs<\/a>.<\/p>\n","protected":false},"excerpt":{"rendered":"<p>Visseuse \u00e9lectrique dynamome\u0301trique couple &amp; angle Disponible \u00e0 la vente Disponible \u00e0 la location Le serrage contr\u00f4l\u00e9 \u00e0 port\u00e9e de vos doigts ! Quelle que\u00a0soit votre industrie, si vos op\u00e9rations consistent \u00e0 serrer des tiges et vis jusque 8000 Nm, les visseuses l\u00e9g\u00e8res et compactes Elektro Master vous aideront \u00e0 augmenter votre productivit\u00e9 Nous proposons &hellip; <a href=\"https:\/\/www.1bolting.com\/fr\/outils-de-serrage\/visseuse-dynamometrique\/\">Continued<\/a><\/p>\n","protected":false},"author":6,"featured_media":0,"parent":7,"menu_order":0,"comment_status":"closed","ping_status":"closed","template":"sub-nav-page-produit.php","meta":{"_acf_changed":false,"footnotes":""},"class_list":["post-948","page","type-page","status-publish","hentry","product_type-product"],"acf":[],"yoast_head":"<!-- This site is optimized with the Yoast SEO plugin v27.4 - https:\/\/yoast.com\/product\/yoast-seo-wordpress\/ -->\n<title>Visseuse Electrique Dynamome\u0301trique - Sp\u00e9cialistes en Serrage Industriel<\/title>\n<meta name=\"description\" content=\"Nos visseuses dynamom\u00e9triques sont tr\u00e8s simples d&#039;utilisation, notamment gr\u00e2ce \u00e0 l&#039;\u00e9cran LED int\u00e9gr\u00e9 permettant les r\u00e9glages. Disponibles en vente et location.\" \/>\n<meta name=\"robots\" content=\"index, follow, max-snippet:-1, max-image-preview:large, max-video-preview:-1\" \/>\n<link rel=\"canonical\" href=\"https:\/\/www.1bolting.com\/fr\/outils-de-serrage\/visseuse-dynamometrique\/\" \/>\n<meta property=\"og:locale\" content=\"fr_FR\" \/>\n<meta property=\"og:type\" content=\"article\" \/>\n<meta property=\"og:title\" content=\"Visseuse Electrique Dynamome\u0301trique - Sp\u00e9cialistes en Serrage Industriel\" \/>\n<meta property=\"og:description\" content=\"Nos visseuses dynamom\u00e9triques sont tr\u00e8s simples d&#039;utilisation, notamment gr\u00e2ce \u00e0 l&#039;\u00e9cran LED int\u00e9gr\u00e9 permettant les r\u00e9glages. Disponibles en vente et location.\" \/>\n<meta property=\"og:url\" content=\"https:\/\/www.1bolting.com\/fr\/outils-de-serrage\/visseuse-dynamometrique\/\" \/>\n<meta property=\"og:site_name\" content=\"1st Bolting\" \/>\n<meta property=\"article:modified_time\" content=\"2021-05-18T11:51:03+00:00\" \/>\n<meta name=\"twitter:card\" content=\"summary_large_image\" \/>\n<meta name=\"twitter:label1\" content=\"Dur\u00e9e de lecture estim\u00e9e\" \/>\n\t<meta name=\"twitter:data1\" content=\"1 minute\" \/>\n<script type=\"application\/ld+json\" class=\"yoast-schema-graph\">{\"@context\":\"https:\\\/\\\/schema.org\",\"@graph\":[{\"@type\":\"WebPage\",\"@id\":\"https:\\\/\\\/www.1bolting.com\\\/fr\\\/outils-de-serrage\\\/visseuse-dynamometrique\\\/\",\"url\":\"https:\\\/\\\/www.1bolting.com\\\/fr\\\/outils-de-serrage\\\/visseuse-dynamometrique\\\/\",\"name\":\"Visseuse Electrique Dynamome\u0301trique - Sp\u00e9cialistes en Serrage Industriel\",\"isPartOf\":{\"@id\":\"https:\\\/\\\/www.1bolting.com\\\/fr\\\/#website\"},\"datePublished\":\"2016-07-12T07:39:51+00:00\",\"dateModified\":\"2021-05-18T11:51:03+00:00\",\"description\":\"Nos visseuses dynamom\u00e9triques sont tr\u00e8s simples d'utilisation, notamment gr\u00e2ce \u00e0 l'\u00e9cran LED int\u00e9gr\u00e9 permettant les r\u00e9glages. Disponibles en vente et location.\",\"breadcrumb\":{\"@id\":\"https:\\\/\\\/www.1bolting.com\\\/fr\\\/outils-de-serrage\\\/visseuse-dynamometrique\\\/#breadcrumb\"},\"inLanguage\":\"fr-FR\",\"potentialAction\":[{\"@type\":\"ReadAction\",\"target\":[\"https:\\\/\\\/www.1bolting.com\\\/fr\\\/outils-de-serrage\\\/visseuse-dynamometrique\\\/\"]}]},{\"@type\":\"BreadcrumbList\",\"@id\":\"https:\\\/\\\/www.1bolting.com\\\/fr\\\/outils-de-serrage\\\/visseuse-dynamometrique\\\/#breadcrumb\",\"itemListElement\":[{\"@type\":\"ListItem\",\"position\":1,\"name\":\"Accueil\",\"item\":\"https:\\\/\\\/www.1bolting.com\\\/fr\\\/\"},{\"@type\":\"ListItem\",\"position\":2,\"name\":\"Outils de Serrage\",\"item\":\"https:\\\/\\\/www.1bolting.com\\\/fr\\\/outils-de-serrage\\\/\"},{\"@type\":\"ListItem\",\"position\":3,\"name\":\"Visseuse \u00e9lectrique dynamome\u0301trique\"}]},{\"@type\":\"WebSite\",\"@id\":\"https:\\\/\\\/www.1bolting.com\\\/fr\\\/#website\",\"url\":\"https:\\\/\\\/www.1bolting.com\\\/fr\\\/\",\"name\":\"1st Bolting\",\"description\":\"Sp\u00e9cialiste en solutions de serrage\",\"publisher\":{\"@id\":\"https:\\\/\\\/www.1bolting.com\\\/fr\\\/#organization\"},\"potentialAction\":[{\"@type\":\"SearchAction\",\"target\":{\"@type\":\"EntryPoint\",\"urlTemplate\":\"https:\\\/\\\/www.1bolting.com\\\/fr\\\/?s={search_term_string}\"},\"query-input\":{\"@type\":\"PropertyValueSpecification\",\"valueRequired\":true,\"valueName\":\"search_term_string\"}}],\"inLanguage\":\"fr-FR\"},{\"@type\":\"Organization\",\"@id\":\"https:\\\/\\\/www.1bolting.com\\\/fr\\\/#organization\",\"name\":\"First Bolting\",\"url\":\"https:\\\/\\\/www.1bolting.com\\\/fr\\\/\",\"logo\":{\"@type\":\"ImageObject\",\"inLanguage\":\"fr-FR\",\"@id\":\"https:\\\/\\\/www.1bolting.com\\\/fr\\\/#\\\/schema\\\/logo\\\/image\\\/\",\"url\":\"https:\\\/\\\/www.1bolting.com\\\/wp-content\\\/uploads\\\/2020\\\/11\\\/logo-flyer.png\",\"contentUrl\":\"https:\\\/\\\/www.1bolting.com\\\/wp-content\\\/uploads\\\/2020\\\/11\\\/logo-flyer.png\",\"width\":300,\"height\":180,\"caption\":\"First Bolting\"},\"image\":{\"@id\":\"https:\\\/\\\/www.1bolting.com\\\/fr\\\/#\\\/schema\\\/logo\\\/image\\\/\"}}]}<\/script>\n<!-- \/ Yoast SEO plugin. -->","yoast_head_json":{"title":"Visseuse Electrique Dynamome\u0301trique - Sp\u00e9cialistes en Serrage Industriel","description":"Nos visseuses dynamom\u00e9triques sont tr\u00e8s simples d'utilisation, notamment gr\u00e2ce \u00e0 l'\u00e9cran LED int\u00e9gr\u00e9 permettant les r\u00e9glages. Disponibles en vente et location.","robots":{"index":"index","follow":"follow","max-snippet":"max-snippet:-1","max-image-preview":"max-image-preview:large","max-video-preview":"max-video-preview:-1"},"canonical":"https:\/\/www.1bolting.com\/fr\/outils-de-serrage\/visseuse-dynamometrique\/","og_locale":"fr_FR","og_type":"article","og_title":"Visseuse Electrique Dynamome\u0301trique - Sp\u00e9cialistes en Serrage Industriel","og_description":"Nos visseuses dynamom\u00e9triques sont tr\u00e8s simples d'utilisation, notamment gr\u00e2ce \u00e0 l'\u00e9cran LED int\u00e9gr\u00e9 permettant les r\u00e9glages. Disponibles en vente et location.","og_url":"https:\/\/www.1bolting.com\/fr\/outils-de-serrage\/visseuse-dynamometrique\/","og_site_name":"1st Bolting","article_modified_time":"2021-05-18T11:51:03+00:00","twitter_card":"summary_large_image","twitter_misc":{"Dur\u00e9e de lecture estim\u00e9e":"1 minute"},"schema":{"@context":"https:\/\/schema.org","@graph":[{"@type":"WebPage","@id":"https:\/\/www.1bolting.com\/fr\/outils-de-serrage\/visseuse-dynamometrique\/","url":"https:\/\/www.1bolting.com\/fr\/outils-de-serrage\/visseuse-dynamometrique\/","name":"Visseuse Electrique Dynamome\u0301trique - Sp\u00e9cialistes en Serrage Industriel","isPartOf":{"@id":"https:\/\/www.1bolting.com\/fr\/#website"},"datePublished":"2016-07-12T07:39:51+00:00","dateModified":"2021-05-18T11:51:03+00:00","description":"Nos visseuses dynamom\u00e9triques sont tr\u00e8s simples d'utilisation, notamment gr\u00e2ce \u00e0 l'\u00e9cran LED int\u00e9gr\u00e9 permettant les r\u00e9glages. Disponibles en vente et location.","breadcrumb":{"@id":"https:\/\/www.1bolting.com\/fr\/outils-de-serrage\/visseuse-dynamometrique\/#breadcrumb"},"inLanguage":"fr-FR","potentialAction":[{"@type":"ReadAction","target":["https:\/\/www.1bolting.com\/fr\/outils-de-serrage\/visseuse-dynamometrique\/"]}]},{"@type":"BreadcrumbList","@id":"https:\/\/www.1bolting.com\/fr\/outils-de-serrage\/visseuse-dynamometrique\/#breadcrumb","itemListElement":[{"@type":"ListItem","position":1,"name":"Accueil","item":"https:\/\/www.1bolting.com\/fr\/"},{"@type":"ListItem","position":2,"name":"Outils de Serrage","item":"https:\/\/www.1bolting.com\/fr\/outils-de-serrage\/"},{"@type":"ListItem","position":3,"name":"Visseuse \u00e9lectrique dynamome\u0301trique"}]},{"@type":"WebSite","@id":"https:\/\/www.1bolting.com\/fr\/#website","url":"https:\/\/www.1bolting.com\/fr\/","name":"1st Bolting","description":"Sp\u00e9cialiste en solutions de serrage","publisher":{"@id":"https:\/\/www.1bolting.com\/fr\/#organization"},"potentialAction":[{"@type":"SearchAction","target":{"@type":"EntryPoint","urlTemplate":"https:\/\/www.1bolting.com\/fr\/?s={search_term_string}"},"query-input":{"@type":"PropertyValueSpecification","valueRequired":true,"valueName":"search_term_string"}}],"inLanguage":"fr-FR"},{"@type":"Organization","@id":"https:\/\/www.1bolting.com\/fr\/#organization","name":"First Bolting","url":"https:\/\/www.1bolting.com\/fr\/","logo":{"@type":"ImageObject","inLanguage":"fr-FR","@id":"https:\/\/www.1bolting.com\/fr\/#\/schema\/logo\/image\/","url":"https:\/\/www.1bolting.com\/wp-content\/uploads\/2020\/11\/logo-flyer.png","contentUrl":"https:\/\/www.1bolting.com\/wp-content\/uploads\/2020\/11\/logo-flyer.png","width":300,"height":180,"caption":"First Bolting"},"image":{"@id":"https:\/\/www.1bolting.com\/fr\/#\/schema\/logo\/image\/"}}]}},"_links":{"self":[{"href":"https:\/\/www.1bolting.com\/fr\/wp-json\/wp\/v2\/pages\/948","targetHints":{"allow":["GET"]}}],"collection":[{"href":"https:\/\/www.1bolting.com\/fr\/wp-json\/wp\/v2\/pages"}],"about":[{"href":"https:\/\/www.1bolting.com\/fr\/wp-json\/wp\/v2\/types\/page"}],"author":[{"embeddable":true,"href":"https:\/\/www.1bolting.com\/fr\/wp-json\/wp\/v2\/users\/6"}],"replies":[{"embeddable":true,"href":"https:\/\/www.1bolting.com\/fr\/wp-json\/wp\/v2\/comments?post=948"}],"version-history":[{"count":25,"href":"https:\/\/www.1bolting.com\/fr\/wp-json\/wp\/v2\/pages\/948\/revisions"}],"predecessor-version":[{"id":4958,"href":"https:\/\/www.1bolting.com\/fr\/wp-json\/wp\/v2\/pages\/948\/revisions\/4958"}],"up":[{"embeddable":true,"href":"https:\/\/www.1bolting.com\/fr\/wp-json\/wp\/v2\/pages\/7"}],"wp:attachment":[{"href":"https:\/\/www.1bolting.com\/fr\/wp-json\/wp\/v2\/media?parent=948"}],"curies":[{"name":"wp","href":"https:\/\/api.w.org\/{rel}","templated":true}]}}