{"id":6829,"date":"2023-10-01T19:00:06","date_gmt":"2023-10-01T18:00:06","guid":{"rendered":"https:\/\/www.1bolting.com\/gereedschap\/torcflex-hydraulic-torque-wrenches\/"},"modified":"2023-10-29T22:38:56","modified_gmt":"2023-10-29T21:38:56","slug":"torcflex-hydraulische-momentsleutels","status":"publish","type":"page","link":"https:\/\/www.1bolting.com\/nl\/gereedschap\/torcflex-hydraulische-momentsleutels\/","title":{"rendered":"Torcflex TF &#038; TFX hydraulische momentsleutels"},"content":{"rendered":"<h1>Torcflex TF &amp; TFX hydraulische momentsleutels<\/h1>\n<div class=\"fiche-vente\">Verkrijgbaar voor verkoop<\/div>\n<p><\/p>\n<h2>Ontdek de nieuwe Torcflex hydraulische momentsleutels van Atlas Copco<\/h2>\n<div class=\"fiche-partenaire\"><center>Partner van<\/center><img decoding=\"async\" class=\"aligncenter size-full wp-image-2995\" src=\"https:\/\/www.1bolting.com\/wp-content\/uploads\/2020\/11\/logo-atlas-cop-co-partenaire-first-bolting.png\" alt=\"Atlas Copco logo First Bolting partner\" width=\"100\" height=\"48\" \/><\/div>\n<p>First Bolting biedt u de gloednieuwe Torcflex hydraulische momentsleutels, de nieuwste innovatie van Atlas Copco. Ze zijn ontworpen voor multi-industri\u00eble toepassingen en innoveren op verschillende gebieden om snelheid, veiligheid en intelligentie in de werkzaamheden van gebruikers te brengen.<\/p>\n<h3>Snellere hydraulische momentsleutels<\/h3>\n<p>Dankzij de coaxiale aansluiting en het slangsysteem kunnen de werkzaamheden sneller worden uitgevoerd, terwijl er minder inspanning nodig is. In het bijzonder betekent deze nieuwe functie dat de assemblage bijna vier keer sneller verloopt dan met conventionele systemen, waardoor de productiviteit toeneemt en de operator minder vermoeid raakt.<\/p>\n<p><img decoding=\"async\" class=\"alignnone size-full wp-image-6705\" src=\"https:\/\/www.1bolting.com\/wp-content\/uploads\/2023\/09\/cle-atlas-copco-torcflex-connexion.jpg\" alt=\"Torcflex coaxiaal slang- en connectorsysteem\" width=\"550\" height=\"176\" srcset=\"https:\/\/www.1bolting.com\/wp-content\/uploads\/2023\/09\/cle-atlas-copco-torcflex-connexion.jpg 550w, https:\/\/www.1bolting.com\/wp-content\/uploads\/2023\/09\/cle-atlas-copco-torcflex-connexion-300x96.jpg 300w\" sizes=\"(max-width: 550px) 100vw, 550px\" \/><\/p>\n<h3>Veiligere sleutels<\/h3>\n<p>De reactiearm is bevestigd aan de sleutel. Geen risico meer om te vallen! Bovendien verminderen coaxiale fittingen en slangen het risico op lekken en vastklemmen, terwijl je tijd bespaart doordat je minder tijd kwijt bent aan het hanteren van boutverbindingen.<\/p>\n<h3>Met vierkante aandrijving (TF) of laag profiel (TFX), de keuze is aan u<\/h3>\n<p>Torcflex hydraulische momentsleutels zijn verkrijgbaar in twee versies: haaks aangedreven (TF-modellen) en met laag profiel (TFX-modellen).<\/p>\n<p>Torcflex TF momentsleutels met vierkante aandrijving zijn ontworpen voor de meest veeleisende toepassingen. Ze bieden kracht, vermogen en precisie voor multi-industri\u00eble toepassingen.<\/p>\n<p>Torcflex TFX moersleutels met laag profiel worden aanbevolen voor toepassingen met een lage doorlaat die een hoge nauwkeurigheid vereisen. RTX ratelschakels zijn compatibel met dit nieuwe model.<\/p>\n<h3>De voordelen van Torcflex sleutels in \u00e9\u00e9n oogopslag<\/h3>\n<ul>\n<li style=\"padding: 7px;\"><b>Grote veiligheid (voorkomen van vallen en ongelukken)<\/b>: reactiearm verbonden met de moersleutel, vasthoudinrichting ge\u00efntegreerd in de haakse aandrijving, coaxiale aansluiting en slangsysteem<\/li>\n<li style=\"padding: 7px;\"><b>Geoptimaliseerde bediening<\/b>: coaxiale slang (geen dubbele slangen meer, maar \u00e9\u00e9n), ergonomische handgreep met twaalf indexeerposities om aan te passen aan de toepassing, ge\u00efntegreerde borgpen (effici\u00ebnter wisselen van de ratel)<\/li>\n<li style=\"padding: 7px;\"><strong>Twee manieren om te bouten:<\/strong>moersleutel met vierkante aandrijving of met laag profiel<\/li>\n<\/ul>\n","protected":false},"excerpt":{"rendered":"<p>Torcflex TF &amp; TFX hydraulische momentsleutels Verkrijgbaar voor verkoop Ontdek de nieuwe Torcflex hydraulische momentsleutels van Atlas Copco Partner van First Bolting biedt u de gloednieuwe Torcflex hydraulische momentsleutels, de nieuwste innovatie van Atlas Copco. Ze zijn ontworpen voor multi-industri\u00eble toepassingen en innoveren op verschillende gebieden om snelheid, veiligheid en intelligentie in de werkzaamheden van &hellip; <a href=\"https:\/\/www.1bolting.com\/nl\/gereedschap\/torcflex-hydraulische-momentsleutels\/\">Continued<\/a><\/p>\n","protected":false},"author":6,"featured_media":0,"parent":582,"menu_order":0,"comment_status":"closed","ping_status":"closed","template":"sub-nav-page-produit.php","meta":{"_acf_changed":false,"footnotes":""},"class_list":["post-6829","page","type-page","status-publish","hentry","product_type-product-nl"],"acf":[],"yoast_head":"<!-- This site is optimized with the Yoast SEO plugin v27.4 - https:\/\/yoast.com\/product\/yoast-seo-wordpress\/ -->\n<title>Torcflex TF &amp; TFX Hydraulische Momentsleutels - Industri\u00eble Klemming<\/title>\n<meta name=\"description\" content=\"Koop de nieuwe Torcflex hydraulische momentsleutels van Atlas Copco bij First Bolting. Beschikbaar voor verkoop. Offerte op aanvraag.\" \/>\n<meta name=\"robots\" content=\"index, follow, max-snippet:-1, max-image-preview:large, max-video-preview:-1\" \/>\n<link rel=\"canonical\" href=\"https:\/\/www.1bolting.com\/nl\/gereedschap\/torcflex-hydraulische-momentsleutels\/\" \/>\n<meta property=\"og:locale\" content=\"nl_NL\" \/>\n<meta property=\"og:type\" content=\"article\" \/>\n<meta property=\"og:title\" content=\"Torcflex TF &amp; TFX Hydraulische Momentsleutels - Industri\u00eble Klemming\" \/>\n<meta property=\"og:description\" content=\"Koop de nieuwe Torcflex hydraulische momentsleutels van Atlas Copco bij First Bolting. Beschikbaar voor verkoop. Offerte op aanvraag.\" \/>\n<meta property=\"og:url\" content=\"https:\/\/www.1bolting.com\/nl\/gereedschap\/torcflex-hydraulische-momentsleutels\/\" \/>\n<meta property=\"og:site_name\" content=\"1st Bolting\" \/>\n<meta property=\"article:modified_time\" content=\"2023-10-29T21:38:56+00:00\" \/>\n<meta property=\"og:image\" content=\"https:\/\/www.1bolting.com\/wp-content\/uploads\/2020\/11\/logo-atlas-cop-co-partenaire-first-bolting.png\" \/>\n<meta name=\"twitter:card\" content=\"summary_large_image\" \/>\n<meta name=\"twitter:label1\" content=\"Est. reading time\" \/>\n\t<meta name=\"twitter:data1\" content=\"2 minutes\" \/>\n<script type=\"application\/ld+json\" class=\"yoast-schema-graph\">{\"@context\":\"https:\\\/\\\/schema.org\",\"@graph\":[{\"@type\":\"WebPage\",\"@id\":\"https:\\\/\\\/www.1bolting.com\\\/nl\\\/gereedschap\\\/torcflex-hydraulische-momentsleutels\\\/\",\"url\":\"https:\\\/\\\/www.1bolting.com\\\/nl\\\/gereedschap\\\/torcflex-hydraulische-momentsleutels\\\/\",\"name\":\"Torcflex TF & TFX Hydraulische Momentsleutels - Industri\u00eble Klemming\",\"isPartOf\":{\"@id\":\"https:\\\/\\\/www.1bolting.com\\\/nl\\\/#website\"},\"primaryImageOfPage\":{\"@id\":\"https:\\\/\\\/www.1bolting.com\\\/nl\\\/gereedschap\\\/torcflex-hydraulische-momentsleutels\\\/#primaryimage\"},\"image\":{\"@id\":\"https:\\\/\\\/www.1bolting.com\\\/nl\\\/gereedschap\\\/torcflex-hydraulische-momentsleutels\\\/#primaryimage\"},\"thumbnailUrl\":\"https:\\\/\\\/www.1bolting.com\\\/wp-content\\\/uploads\\\/2020\\\/11\\\/logo-atlas-cop-co-partenaire-first-bolting.png\",\"datePublished\":\"2023-10-01T18:00:06+00:00\",\"dateModified\":\"2023-10-29T21:38:56+00:00\",\"description\":\"Koop de nieuwe Torcflex hydraulische momentsleutels van Atlas Copco bij First Bolting. Beschikbaar voor verkoop. Offerte op aanvraag.\",\"breadcrumb\":{\"@id\":\"https:\\\/\\\/www.1bolting.com\\\/nl\\\/gereedschap\\\/torcflex-hydraulische-momentsleutels\\\/#breadcrumb\"},\"inLanguage\":\"nl-NL\",\"potentialAction\":[{\"@type\":\"ReadAction\",\"target\":[\"https:\\\/\\\/www.1bolting.com\\\/nl\\\/gereedschap\\\/torcflex-hydraulische-momentsleutels\\\/\"]}]},{\"@type\":\"ImageObject\",\"inLanguage\":\"nl-NL\",\"@id\":\"https:\\\/\\\/www.1bolting.com\\\/nl\\\/gereedschap\\\/torcflex-hydraulische-momentsleutels\\\/#primaryimage\",\"url\":\"https:\\\/\\\/www.1bolting.com\\\/wp-content\\\/uploads\\\/2020\\\/11\\\/logo-atlas-cop-co-partenaire-first-bolting.png\",\"contentUrl\":\"https:\\\/\\\/www.1bolting.com\\\/wp-content\\\/uploads\\\/2020\\\/11\\\/logo-atlas-cop-co-partenaire-first-bolting.png\"},{\"@type\":\"BreadcrumbList\",\"@id\":\"https:\\\/\\\/www.1bolting.com\\\/nl\\\/gereedschap\\\/torcflex-hydraulische-momentsleutels\\\/#breadcrumb\",\"itemListElement\":[{\"@type\":\"ListItem\",\"position\":1,\"name\":\"Accueil\",\"item\":\"https:\\\/\\\/www.1bolting.com\\\/nl\\\/\"},{\"@type\":\"ListItem\",\"position\":2,\"name\":\"Producten\",\"item\":\"https:\\\/\\\/www.1bolting.com\\\/nl\\\/gereedschap\\\/\"},{\"@type\":\"ListItem\",\"position\":3,\"name\":\"Torcflex TF &#038; TFX hydraulische momentsleutels\"}]},{\"@type\":\"WebSite\",\"@id\":\"https:\\\/\\\/www.1bolting.com\\\/nl\\\/#website\",\"url\":\"https:\\\/\\\/www.1bolting.com\\\/nl\\\/\",\"name\":\"1st Bolting\",\"description\":\"Sp\u00e9cialiste en solutions de serrage\",\"publisher\":{\"@id\":\"https:\\\/\\\/www.1bolting.com\\\/nl\\\/#organization\"},\"potentialAction\":[{\"@type\":\"SearchAction\",\"target\":{\"@type\":\"EntryPoint\",\"urlTemplate\":\"https:\\\/\\\/www.1bolting.com\\\/nl\\\/?s={search_term_string}\"},\"query-input\":{\"@type\":\"PropertyValueSpecification\",\"valueRequired\":true,\"valueName\":\"search_term_string\"}}],\"inLanguage\":\"nl-NL\"},{\"@type\":\"Organization\",\"@id\":\"https:\\\/\\\/www.1bolting.com\\\/nl\\\/#organization\",\"name\":\"First Bolting\",\"url\":\"https:\\\/\\\/www.1bolting.com\\\/nl\\\/\",\"logo\":{\"@type\":\"ImageObject\",\"inLanguage\":\"nl-NL\",\"@id\":\"https:\\\/\\\/www.1bolting.com\\\/nl\\\/#\\\/schema\\\/logo\\\/image\\\/\",\"url\":\"https:\\\/\\\/www.1bolting.com\\\/wp-content\\\/uploads\\\/2020\\\/11\\\/logo-flyer.png\",\"contentUrl\":\"https:\\\/\\\/www.1bolting.com\\\/wp-content\\\/uploads\\\/2020\\\/11\\\/logo-flyer.png\",\"width\":300,\"height\":180,\"caption\":\"First Bolting\"},\"image\":{\"@id\":\"https:\\\/\\\/www.1bolting.com\\\/nl\\\/#\\\/schema\\\/logo\\\/image\\\/\"}}]}<\/script>\n<!-- \/ Yoast SEO plugin. -->","yoast_head_json":{"title":"Torcflex TF & TFX Hydraulische Momentsleutels - Industri\u00eble Klemming","description":"Koop de nieuwe Torcflex hydraulische momentsleutels van Atlas Copco bij First Bolting. Beschikbaar voor verkoop. Offerte op aanvraag.","robots":{"index":"index","follow":"follow","max-snippet":"max-snippet:-1","max-image-preview":"max-image-preview:large","max-video-preview":"max-video-preview:-1"},"canonical":"https:\/\/www.1bolting.com\/nl\/gereedschap\/torcflex-hydraulische-momentsleutels\/","og_locale":"nl_NL","og_type":"article","og_title":"Torcflex TF & TFX Hydraulische Momentsleutels - Industri\u00eble Klemming","og_description":"Koop de nieuwe Torcflex hydraulische momentsleutels van Atlas Copco bij First Bolting. Beschikbaar voor verkoop. Offerte op aanvraag.","og_url":"https:\/\/www.1bolting.com\/nl\/gereedschap\/torcflex-hydraulische-momentsleutels\/","og_site_name":"1st Bolting","article_modified_time":"2023-10-29T21:38:56+00:00","og_image":[{"url":"https:\/\/www.1bolting.com\/wp-content\/uploads\/2020\/11\/logo-atlas-cop-co-partenaire-first-bolting.png","type":"","width":"","height":""}],"twitter_card":"summary_large_image","twitter_misc":{"Est. reading time":"2 minutes"},"schema":{"@context":"https:\/\/schema.org","@graph":[{"@type":"WebPage","@id":"https:\/\/www.1bolting.com\/nl\/gereedschap\/torcflex-hydraulische-momentsleutels\/","url":"https:\/\/www.1bolting.com\/nl\/gereedschap\/torcflex-hydraulische-momentsleutels\/","name":"Torcflex TF & TFX Hydraulische Momentsleutels - Industri\u00eble Klemming","isPartOf":{"@id":"https:\/\/www.1bolting.com\/nl\/#website"},"primaryImageOfPage":{"@id":"https:\/\/www.1bolting.com\/nl\/gereedschap\/torcflex-hydraulische-momentsleutels\/#primaryimage"},"image":{"@id":"https:\/\/www.1bolting.com\/nl\/gereedschap\/torcflex-hydraulische-momentsleutels\/#primaryimage"},"thumbnailUrl":"https:\/\/www.1bolting.com\/wp-content\/uploads\/2020\/11\/logo-atlas-cop-co-partenaire-first-bolting.png","datePublished":"2023-10-01T18:00:06+00:00","dateModified":"2023-10-29T21:38:56+00:00","description":"Koop de nieuwe Torcflex hydraulische momentsleutels van Atlas Copco bij First Bolting. Beschikbaar voor verkoop. Offerte op aanvraag.","breadcrumb":{"@id":"https:\/\/www.1bolting.com\/nl\/gereedschap\/torcflex-hydraulische-momentsleutels\/#breadcrumb"},"inLanguage":"nl-NL","potentialAction":[{"@type":"ReadAction","target":["https:\/\/www.1bolting.com\/nl\/gereedschap\/torcflex-hydraulische-momentsleutels\/"]}]},{"@type":"ImageObject","inLanguage":"nl-NL","@id":"https:\/\/www.1bolting.com\/nl\/gereedschap\/torcflex-hydraulische-momentsleutels\/#primaryimage","url":"https:\/\/www.1bolting.com\/wp-content\/uploads\/2020\/11\/logo-atlas-cop-co-partenaire-first-bolting.png","contentUrl":"https:\/\/www.1bolting.com\/wp-content\/uploads\/2020\/11\/logo-atlas-cop-co-partenaire-first-bolting.png"},{"@type":"BreadcrumbList","@id":"https:\/\/www.1bolting.com\/nl\/gereedschap\/torcflex-hydraulische-momentsleutels\/#breadcrumb","itemListElement":[{"@type":"ListItem","position":1,"name":"Accueil","item":"https:\/\/www.1bolting.com\/nl\/"},{"@type":"ListItem","position":2,"name":"Producten","item":"https:\/\/www.1bolting.com\/nl\/gereedschap\/"},{"@type":"ListItem","position":3,"name":"Torcflex TF &#038; TFX hydraulische momentsleutels"}]},{"@type":"WebSite","@id":"https:\/\/www.1bolting.com\/nl\/#website","url":"https:\/\/www.1bolting.com\/nl\/","name":"1st Bolting","description":"Sp\u00e9cialiste en solutions de serrage","publisher":{"@id":"https:\/\/www.1bolting.com\/nl\/#organization"},"potentialAction":[{"@type":"SearchAction","target":{"@type":"EntryPoint","urlTemplate":"https:\/\/www.1bolting.com\/nl\/?s={search_term_string}"},"query-input":{"@type":"PropertyValueSpecification","valueRequired":true,"valueName":"search_term_string"}}],"inLanguage":"nl-NL"},{"@type":"Organization","@id":"https:\/\/www.1bolting.com\/nl\/#organization","name":"First Bolting","url":"https:\/\/www.1bolting.com\/nl\/","logo":{"@type":"ImageObject","inLanguage":"nl-NL","@id":"https:\/\/www.1bolting.com\/nl\/#\/schema\/logo\/image\/","url":"https:\/\/www.1bolting.com\/wp-content\/uploads\/2020\/11\/logo-flyer.png","contentUrl":"https:\/\/www.1bolting.com\/wp-content\/uploads\/2020\/11\/logo-flyer.png","width":300,"height":180,"caption":"First Bolting"},"image":{"@id":"https:\/\/www.1bolting.com\/nl\/#\/schema\/logo\/image\/"}}]}},"_links":{"self":[{"href":"https:\/\/www.1bolting.com\/nl\/wp-json\/wp\/v2\/pages\/6829","targetHints":{"allow":["GET"]}}],"collection":[{"href":"https:\/\/www.1bolting.com\/nl\/wp-json\/wp\/v2\/pages"}],"about":[{"href":"https:\/\/www.1bolting.com\/nl\/wp-json\/wp\/v2\/types\/page"}],"author":[{"embeddable":true,"href":"https:\/\/www.1bolting.com\/nl\/wp-json\/wp\/v2\/users\/6"}],"replies":[{"embeddable":true,"href":"https:\/\/www.1bolting.com\/nl\/wp-json\/wp\/v2\/comments?post=6829"}],"version-history":[{"count":5,"href":"https:\/\/www.1bolting.com\/nl\/wp-json\/wp\/v2\/pages\/6829\/revisions"}],"predecessor-version":[{"id":6853,"href":"https:\/\/www.1bolting.com\/nl\/wp-json\/wp\/v2\/pages\/6829\/revisions\/6853"}],"up":[{"embeddable":true,"href":"https:\/\/www.1bolting.com\/nl\/wp-json\/wp\/v2\/pages\/582"}],"wp:attachment":[{"href":"https:\/\/www.1bolting.com\/nl\/wp-json\/wp\/v2\/media?parent=6829"}],"curies":[{"name":"wp","href":"https:\/\/api.w.org\/{rel}","templated":true}]}}